{"id":11580,"date":"2026-03-18T07:51:58","date_gmt":"2026-03-18T07:51:58","guid":{"rendered":"https:\/\/soydeaqui.ddns.net\/pachuca\/index.php\/producto\/jumper-de-fibra-ptica-multimodo-50-125-xglo-om3-lc-sc-duplex-ofnr-color-aqua-2-metros-6-56-pies\/"},"modified":"2026-03-18T07:51:59","modified_gmt":"2026-03-18T07:51:59","slug":"jumper-de-fibra-ptica-multimodo-50-125-xglo-om3-lc-sc-duplex-ofnr-color-aqua-2-metros-6-56-pies","status":"publish","type":"product","link":"https:\/\/soydeaqui.ddns.net\/pachuca\/index.php\/producto\/jumper-de-fibra-ptica-multimodo-50-125-xglo-om3-lc-sc-duplex-ofnr-color-aqua-2-metros-6-56-pies\/","title":{"rendered":"Jumper de Fibra ?ptica Multimodo 50\/125 XGLO OM3, LC-SC Duplex, OFNR, Color Aqua, 2 Metros (6.56 Pies)"},"content":{"rendered":"<div style='width: 100%; max-width: 1200px; margin: 0 auto; font-family: sans-serif; line-height: 1.6; color: inherit; background-color: transparent;'> <!-- Secci\u00f3n principal --> <\/p>\n<div style='display: flex; flex-wrap: wrap; gap: 30px; margin-bottom: 30px;'>\n<div style='flex: 1 1 300px; min-width: 280px;'>\n<h3 style='font-size: 22px; border-bottom: 2px solid currentColor; padding-bottom: 5px; margin-top: 0; color: inherit; opacity: 0.8;'>Caracter\u00edsticas Principales<\/h3>\n<ul style='padding-left: 20px; font-size: 15px; color: inherit;'>\n<li style='margin-bottom: 5px;'>Soporte para 10 Gbps en largas distancias<\/li>\n<li style='margin-bottom: 5px;'>Cumple con est\u00e1ndar IEEE 802.3 para gigabit<\/li>\n<li style='margin-bottom: 5px;'>Compatible con normas IEC-60793-2-10 y TIA-492AAAC (OM3)&comma; TIA-492AAAD (OM4)<\/li>\n<li style='margin-bottom: 5px;'>Dise\u00f1o para redes troncales de pr\u00f3xima generaci\u00f3n<\/li>\n<li style='margin-bottom: 5px;'>Fibra \u00f3ptica OM3 y OM4 de alto rendimiento<\/li>\n<li style='margin-bottom: 5px;'>Conectores LC a SC Duplex<\/li>\n<li style='margin-bottom: 5px;'>Jacket color Aqua (OFNR)<\/li>\n<li style='margin-bottom: 5px;'>2 metros de longitud<\/li>\n<li style='margin-bottom: 5px;'>Conectores con pulido superior que cumple con especificaciones Telcordia e ISO\/IEC<\/li>\n<li style='margin-bottom: 5px;'>Carcasa de fibra multimodo 50\/125\u00b5m OM3<\/li>\n<\/ul><\/div>\n<div style='flex: 1 1 300px; min-width: 280px;'>\n<h3 style='font-size: 22px; border-bottom: 2px solid currentColor; padding-bottom: 5px; margin-top: 0; color: inherit; opacity: 0.8;'>Especificaciones de Rendimiento<\/h3>\n<ul style='padding-left: 20px; font-size: 15px; color: inherit;'>\n<li style='margin-bottom: 5px;'><strong>Longitud de onda:<\/strong> 850nm<\/li>\n<li style='margin-bottom: 5px;'><strong>Ancho de banda m\u00ednimo (MHz.km):<\/strong> 1500 (OFL)&comma; 3500 (EMB)<\/li>\n<li style='margin-bottom: 5px;'><strong>P\u00e9rdida de inserci\u00f3n m\u00e1xima (dB):<\/strong> 0.25 (0.10 t\u00edpico)<\/li>\n<li style='margin-bottom: 5px;'><strong>P\u00e9rdida de retorno m\u00ednima (dB):<\/strong> 30 (35 t\u00edpico)<\/li>\n<li style='margin-bottom: 5px;'><strong>Clasificaci\u00f3n de fuego:<\/strong> OFNR (Riser)<\/li>\n<li style='margin-bottom: 5px;'><strong>Est\u00e1ndares cumplidos:<\/strong> IEEE 802.3&comma; IEC-60793-2-10&comma; TIA-492AAAC (OM3)&comma; TIA-492AAAD (OM4)<\/li>\n<li style='margin-bottom: 5px;'><strong>Garant\u00eda:<\/strong> 20 a\u00f1os<\/li>\n<\/ul><\/div>\n<\/p><\/div>\n<p> <!-- Secci\u00f3n de construcci\u00f3n --> <\/p>\n<div style='margin-bottom: 30px;'>\n<h3 style='font-size: 22px; border-bottom: 2px solid currentColor; padding-bottom: 5px; margin-top: 0; color: inherit; opacity: 0.8;'>Construcci\u00f3n y Dise\u00f1o<\/h3>\n<ul style='padding-left: 20px; font-size: 15px; color: inherit;'>\n<li style='margin-bottom: 5px;'>Fibra optimizada para ancho de banda l\u00e1ser reduce impurezas en el n\u00facleo de la fibra<\/li>\n<li style='margin-bottom: 5px;'>Conectores multimodo con carcasa beige y chaqueta color aqua<\/li>\n<li style='margin-bottom: 5px;'>Tapa de polvo incluida para proteger los conectores de la suciedad y da\u00f1o<\/li>\n<li style='margin-bottom: 5px;'>Clip d\u00faplex SC permite correcci\u00f3n de polaridad<\/li>\n<li style='margin-bottom: 5px;'>Excede los requisitos de TIA\/EIA e ISO\/IEC para envejecimiento&comma; exposici\u00f3n a humedad&comma; extremos de temperatura&comma; impacto&comma; vibraci\u00f3n&comma; fuerza de acoplamiento y resistencia del cable a estr\u00e9s y tensi\u00f3n<\/li>\n<li style='margin-bottom: 5px;'>Cumple con especificaciones Telcordia e ISO\/IEC para geometr\u00eda de extremo del ferrule &#8211; incluyendo radio de curvatura&comma; offset del \u00e1pice y undercut esf\u00e9rico<\/li>\n<\/ul><\/div>\n<p> <!-- Secci\u00f3n de aplicaciones --> <\/p>\n<div style='margin-bottom: 30px;'>\n<h3 style='font-size: 22px; border-bottom: 2px solid currentColor; padding-bottom: 5px; margin-top: 0; color: inherit; opacity: 0.8;'>Aplicaciones<\/h3>\n<ul style='padding-left: 20px; font-size: 15px; color: inherit;'>\n<li style='margin-bottom: 5px;'>Redes de backbone de pr\u00f3xima generaci\u00f3n<\/li>\n<li style='margin-bottom: 5px;'>Aplicaciones de fibra con soporte de 10 Gigabits<\/li>\n<li style='margin-bottom: 5px;'>Redes de datos de alta velocidad<\/li>\n<li style='margin-bottom: 5px;'>Instalaciones que requieren cumplimiento con est\u00e1ndares industriales estrictos<\/li>\n<\/ul><\/div>\n<p> <!-- Secci\u00f3n de compatibilidad --> <\/p>\n<div style='margin-bottom: 30px;'>\n<h3 style='font-size: 22px; border-bottom: 2px solid currentColor; padding-bottom: 5px; margin-top: 0; color: inherit; opacity: 0.8;'>Compatibilidad<\/h3>\n<ul style='padding-left: 20px; font-size: 15px; color: inherit;'>\n<li style='margin-bottom: 5px;'>Compatible con sistemas certificados XGLO<\/li>\n<li style='margin-bottom: 5px;'>Funciona con transceptores de fibra \u00f3ptica est\u00e1ndar<\/li>\n<\/ul><\/div>\n<p> <!-- Secci\u00f3n de opciones de empaque --> <\/p>\n<div style='margin-bottom: 30px;'>\n<h3 style='font-size: 22px; border-bottom: 2px solid currentColor; padding-bottom: 5px; margin-top: 0; color: inherit; opacity: 0.8;'>Opciones de Empaque<\/h3>\n<ul style='padding-left: 20px; font-size: 15px; color: inherit;'>\n<li style='margin-bottom: 5px;'>Empaque est\u00e1ndar: 1 jumper por empaque<\/li>\n<li style='margin-bottom: 5px;'>Opci\u00f3n de empaque bulk: 100 jumpers (10 por bolsa) &#8211; Agregar &#8216;B&#8217; al final del n\u00famero de parte<\/li>\n<\/ul><\/div>\n<p> <!-- Secci\u00f3n de identificaci\u00f3n de modelo --> <\/p>\n<div style='margin-bottom: 30px;'>\n<h3 style='font-size: 22px; border-bottom: 2px solid currentColor; padding-bottom: 5px; margin-top: 0; color: inherit; opacity: 0.8;'>Identificaci\u00f3n del Modelo<\/h3>\n<p style='font-size: 15px; color: inherit; margin-bottom: 15px;'>Modelo: FJ2-LCSC5L-02AQ<\/p>\n<ul style='padding-left: 20px; font-size: 15px; color: inherit;'>\n<li style='margin-bottom: 5px;'><strong>FJ2:<\/strong> Familia XGLO&comma; cable d\u00faplex<\/li>\n<li style='margin-bottom: 5px;'><strong>LCSC:<\/strong> Tipo de conectores &#8211; LC a SC<\/li>\n<li style='margin-bottom: 5px;'><strong>5L:<\/strong> Fibra multimodo 50\/125\u00b5m<\/li>\n<li style='margin-bottom: 5px;'><strong>02:<\/strong> Longitud de 2 metros<\/li>\n<li style='margin-bottom: 5px;'><strong>AQ:<\/strong> Color aqua (OFNR)<\/li>\n<\/ul><\/div>\n<p> <!-- Secci\u00f3n de est\u00e1ndares --> <\/p>\n<div style='margin-bottom: 30px;'>\n<h3 style='font-size: 22px; border-bottom: 2px solid currentColor; padding-bottom: 5px; margin-top: 0; color: inherit; opacity: 0.8;'>Est\u00e1ndares Cumplidos<\/h3>\n<ul style='padding-left: 20px; font-size: 15px; color: inherit;'>\n<li style='margin-bottom: 5px;'>IEEE 802.3 10 Gigabit Ethernet<\/li>\n<li style='margin-bottom: 5px;'>IEC-60793-2-10<\/li>\n<li style='margin-bottom: 5px;'>TIA-492AAAC (OM3)<\/li>\n<li style='margin-bottom: 5px;'>TIA-492AAAD (OM4)<\/li>\n<li style='margin-bottom: 5px;'>Telcordia GR-326-CORE<\/li>\n<li style='margin-bottom: 5px;'>ISO\/IEC 11801<\/li>\n<li style='margin-bottom: 5px;'>ANSI\/TIA-568-C.3<\/li>\n<\/ul><\/div>\n<p> <!-- Secci\u00f3n de garant\u00eda --> <\/p>\n<div style='margin-bottom: 30px;'>\n<h3 style='font-size: 22px; border-bottom: 2px solid currentColor; padding-bottom: 5px; margin-top: 0; color: inherit; opacity: 0.8;'>Garant\u00eda<\/h3>\n<p style='font-size: 15px; color: inherit; margin-bottom: 15px;'>20 a\u00f1os de garant\u00eda cuando se instala en un sistema XGLO calificado<\/p>\n<\/p><\/div>\n<p> <!-- Secci\u00f3n de imagen --> <\/p>\n<div style='margin-bottom: 30px;'>\n<h3 style='font-size: 22px; border-bottom: 2px solid currentColor; padding-bottom: 5px; margin-top: 0; color: inherit; opacity: 0.8;'>Imagen del producto<\/h3>\n<p> <img style='width: 100%; height: auto; border: 1px solid rgba(150&comma;150&comma;150&comma;0.3); border-radius: 8px; margin-top: 15px;' src='http:\/\/ftp3.syscom.mx\/usuarios\/fotos\/FJ2LCLC5L02AQ\/88313-foto.jpg' alt='Jumper de Fibra \u00d3ptica Multimodo 50\/125 XGLO OM3'> <\/div>\n<\/p><\/div>\n","protected":false},"excerpt":{"rendered":"<p>Jumper de Fibra ?ptica Multimodo 50\/125 XGLO OM3, LC-SC Duplex, OFNR, Color Aqua, 2 Metros (6.56 Pies)<\/p>\n","protected":false},"featured_media":11579,"comment_status":"open","ping_status":"closed","template":"","meta":[],"product_brand":[],"product_cat":[617],"product_tag":[611,618,600],"class_list":{"0":"post-11580","1":"product","2":"type-product","3":"status-publish","4":"has-post-thumbnail","6":"product_cat-jumpers-y-pigtails","7":"product_tag-fibra-optica","8":"product_tag-jumpers-y-pigtails","9":"product_tag-siemon","11":"first","12":"instock","13":"sale","14":"shipping-taxable","15":"purchasable","16":"product-type-simple"},"_links":{"self":[{"href":"https:\/\/soydeaqui.ddns.net\/pachuca\/index.php\/wp-json\/wp\/v2\/product\/11580","targetHints":{"allow":["GET"]}}],"collection":[{"href":"https:\/\/soydeaqui.ddns.net\/pachuca\/index.php\/wp-json\/wp\/v2\/product"}],"about":[{"href":"https:\/\/soydeaqui.ddns.net\/pachuca\/index.php\/wp-json\/wp\/v2\/types\/product"}],"replies":[{"embeddable":true,"href":"https:\/\/soydeaqui.ddns.net\/pachuca\/index.php\/wp-json\/wp\/v2\/comments?post=11580"}],"wp:featuredmedia":[{"embeddable":true,"href":"https:\/\/soydeaqui.ddns.net\/pachuca\/index.php\/wp-json\/wp\/v2\/media\/11579"}],"wp:attachment":[{"href":"https:\/\/soydeaqui.ddns.net\/pachuca\/index.php\/wp-json\/wp\/v2\/media?parent=11580"}],"wp:term":[{"taxonomy":"product_brand","embeddable":true,"href":"https:\/\/soydeaqui.ddns.net\/pachuca\/index.php\/wp-json\/wp\/v2\/product_brand?post=11580"},{"taxonomy":"product_cat","embeddable":true,"href":"https:\/\/soydeaqui.ddns.net\/pachuca\/index.php\/wp-json\/wp\/v2\/product_cat?post=11580"},{"taxonomy":"product_tag","embeddable":true,"href":"https:\/\/soydeaqui.ddns.net\/pachuca\/index.php\/wp-json\/wp\/v2\/product_tag?post=11580"}],"curies":[{"name":"wp","href":"https:\/\/api.w.org\/{rel}","templated":true}]}}