{"id":115775,"date":"2026-03-24T01:39:19","date_gmt":"2026-03-24T01:39:19","guid":{"rendered":"https:\/\/soydeaqui.ddns.net\/pachuca\/index.php\/producto\/taquete-de-1-4-plastico-paquete-de-100-piezas-para-fijar-objetos-con-tornillo-en-muros-y-techos-de-concreto-o-superficies-solidas-compatible-con-tornillo-th10x-de-10-x-1-1-2-1103-03100\/"},"modified":"2026-03-24T01:39:38","modified_gmt":"2026-03-24T01:39:38","slug":"taquete-de-1-4-plastico-paquete-de-100-piezas-para-fijar-objetos-con-tornillo-en-muros-y-techos-de-concreto-o-superficies-solidas-compatible-con-tornillo-th10x-de-10-x-1-1-2-1103-03100","status":"publish","type":"product","link":"https:\/\/soydeaqui.ddns.net\/pachuca\/index.php\/producto\/taquete-de-1-4-plastico-paquete-de-100-piezas-para-fijar-objetos-con-tornillo-en-muros-y-techos-de-concreto-o-superficies-solidas-compatible-con-tornillo-th10x-de-10-x-1-1-2-1103-03100\/","title":{"rendered":"Taquete de 1\/4  pl\u00e1stico paquete de 100 piezas para fijar objetos con tornillo en muros y techos de concreto o superficies s\u00f3lidas, compatible con tornillo TH10X de 10 x 1 1\/2&#8243;  (1103-03100)"},"content":{"rendered":"<div style='width: 100%; max-width: 1200px; margin: 0 auto; font-family: sans-serif; line-height: 1.6; color: inherit; background-color: transparent;'>\n<div style='width: 100%;'> <img style='width: 100%; height: auto; border: 1px solid rgba(150&comma;150&comma;150&comma;0.3); border-radius: 8px;' src='https:\/\/ftp3.syscom.mx\/usuarios\/fotos\/TP2X\/76692-thorsmanarriba.jpg' alt=''> <\/div>\n<div style='display: flex; flex-wrap: wrap; gap: 30px; margin-bottom: 30px;'>\n<div style='flex: 1 1 300px; min-width: 280px;'>\n<h3 style='font-size: 22px; border-bottom: 2px solid currentColor; padding-bottom: 5px; margin-top: 0; color: inherit; opacity: 0.8;'>Caracter\u00edsticas<\/h3>\n<ul style='padding-left: 20px; font-size: 15px; color: inherit;'>\n<li style='margin-bottom: 5px;'>Taquetes para fijar objetos con tornillo en muros y techos de concreto o superficies s\u00f3lidas.<\/li>\n<li style='margin-bottom: 5px;'>Color Rojo.<\/li>\n<li style='margin-bottom: 5px;'>Realiza una doble expansi\u00f3n&comma; es decir que abre hacia los cuatro puntos cardinales.<\/li>\n<li style='margin-bottom: 5px;'>Consta de 2 aletas que no permiten que el taquete gire dentro del orificio cuando se introduce el tornillo.<\/li>\n<li style='margin-bottom: 5px;'>Posee un cuello que impide que el taquete se hunda&comma; a\u00fan cuando la perforaci\u00f3n sea m\u00e1s profunda.<\/li>\n<li style='margin-bottom: 5px;'>Tiene una gu\u00eda que permite que el tornillo se introduzca correctamente.<\/li>\n<li style='margin-bottom: 5px;'>Libre de rebaba que impida la doble expansi\u00f3n&comma; prueba con tornillo 10 x 1 1\/2&#8242; (38mm)<\/li>\n<li style='margin-bottom: 5px;'>Temperaturas de operaci\u00f3n -50\u00b0 C a +80\u00b0 C<\/li>\n<li style='margin-bottom: 5px;'>Carga recomendada: 60 Kg en concreto&comma; 50 Kg en Tabique.<\/li>\n<li style='margin-bottom: 5px;'>Resistencia a la extracci\u00f3n: 40 Kg en concreto&comma; 40 Kg en Tabique.<\/li>\n<li style='margin-bottom: 5px;'>Compatible con tornillo (pija): <a style='color: inherit; text-decoration: underline;' href='https:\/\/www.syscom.mx\/principal\/searchcont?route=TH-TP-2X-THORSMAN-78558&#038;autodetect=thtp2x'>TH-TP-2X<\/a> (se vende por separado).<\/li>\n<li style='margin-bottom: 5px;'>Modelo alternativo de taquete + tornillo (pija): <a style='color: inherit; text-decoration: underline;' href='https:\/\/www.syscom.mx\/principal\/searchcont?route=TP-2X-KIT-THORSMAN-78360&#038;autodetect=tp2xkit'>TP-2X-KIT<\/a><\/li>\n<\/ul><\/div>\n<\/p><\/div>\n<div style='display: flex; flex-wrap: wrap; gap: 30px; margin-bottom: 30px;'>\n<div style='flex: 1 1 300px; min-width: 280px;'>\n<h3 style='font-size: 22px; border-bottom: 2px solid currentColor; padding-bottom: 5px; margin-top: 0; color: inherit; opacity: 0.8;'>Materiales<\/h3>\n<ul style='padding-left: 20px; font-size: 15px; color: inherit;'>\n<li style='margin-bottom: 5px;'>Color Rojo<\/li>\n<li style='margin-bottom: 5px;'>Elaborado con polietileno de alta densidad<\/li>\n<li style='margin-bottom: 5px;'>Flexible<\/li>\n<li style='margin-bottom: 5px;'>Resistente al impacto y extracci\u00f3n<\/li>\n<\/ul><\/div>\n<\/p><\/div>\n<div style='width: 100%; margin: 30px 0;'> <img style='width: 100px; height: auto; border: 1px solid rgba(150&comma;150&comma;150&comma;0.3); border-radius: 8px;' src='http:\/\/ftp3.syscom.mx\/usuarios\/egomez\/Hecho%20en%20Mexico.jpg' alt=''> <\/div>\n<div style='width: 100%; margin: 30px 0; display: flex; flex-direction: column; align-items: center;'>\n<p style='font-size: 15px; margin: 15px 0;'><strong>Dimensiones (Acotaci\u00f3n en mm):<\/strong><\/p>\n<div style='width: 100%; max-width: 800px; margin: 15px 0;'> <img style='width: 100%; height: auto; border: 1px solid rgba(150&comma;150&comma;150&comma;0.3); border-radius: 8px;' src='http:\/\/ftp3.syscom.mx\/usuarios\/jdelafuente\/THORSMAN\/Productos\/FIJACION\/TP2X.PNG' alt=''> <\/div>\n<div style='width: 100%; max-width: 800px; margin: 15px 0;'> <img style='width: 100%; height: auto; border: 1px solid rgba(150&comma;150&comma;150&comma;0.3); border-radius: 8px;' src='http:\/\/ftp3.syscom.mx\/usuarios\/jdelafuente\/THORSMAN\/Productos\/FIJACION\/THORQUETES.PNG' alt=''> <\/div>\n<div style='width: 100%; max-width: 800px; margin: 15px 0;'> <img style='width: 100%; height: auto; border: 1px solid rgba(150&comma;150&comma;150&comma;0.3); border-radius: 8px;' src='http:\/\/ftp3.syscom.mx\/usuarios\/jdelafuente\/THORSMAN\/Productos\/FIJACION\/TABLA%20THORQUETES.PNG' alt=''> <\/div>\n<div style='width: 100%; max-width: 800px; margin: 15px 0;'> <img style='width: 100%; height: auto; border: 1px solid rgba(150&comma;150&comma;150&comma;0.3); border-radius: 8px;' src='https:\/\/ftp3.syscom.mx\/usuarios\/fotos\/TP2X\/76692-thorsmanabajo.png' alt=''> <\/div>\n<\/p><\/div>\n<\/p><\/div>\n","protected":false},"excerpt":{"rendered":"<p>Taquete de 1\/4  pl\u00e1stico paquete de 100 piezas para fijar objetos con tornillo en muros y techos de concreto o superficies s\u00f3lidas, compatible con tornillo TH10X de 10 x 1 1\/2&#8243;  (1103-03100)<\/p>\n","protected":false},"featured_media":115774,"comment_status":"open","ping_status":"closed","template":"","meta":[],"product_brand":[],"product_cat":[574],"product_tag":[572,575,583],"class_list":{"0":"post-115775","1":"product","2":"type-product","3":"status-publish","4":"has-post-thumbnail","6":"product_cat-fijacion","7":"product_tag-canalizacion","8":"product_tag-fijacion","9":"product_tag-thorsman","11":"first","12":"instock","13":"sale","14":"shipping-taxable","15":"purchasable","16":"product-type-simple"},"_links":{"self":[{"href":"https:\/\/soydeaqui.ddns.net\/pachuca\/index.php\/wp-json\/wp\/v2\/product\/115775","targetHints":{"allow":["GET"]}}],"collection":[{"href":"https:\/\/soydeaqui.ddns.net\/pachuca\/index.php\/wp-json\/wp\/v2\/product"}],"about":[{"href":"https:\/\/soydeaqui.ddns.net\/pachuca\/index.php\/wp-json\/wp\/v2\/types\/product"}],"replies":[{"embeddable":true,"href":"https:\/\/soydeaqui.ddns.net\/pachuca\/index.php\/wp-json\/wp\/v2\/comments?post=115775"}],"wp:featuredmedia":[{"embeddable":true,"href":"https:\/\/soydeaqui.ddns.net\/pachuca\/index.php\/wp-json\/wp\/v2\/media\/115774"}],"wp:attachment":[{"href":"https:\/\/soydeaqui.ddns.net\/pachuca\/index.php\/wp-json\/wp\/v2\/media?parent=115775"}],"wp:term":[{"taxonomy":"product_brand","embeddable":true,"href":"https:\/\/soydeaqui.ddns.net\/pachuca\/index.php\/wp-json\/wp\/v2\/product_brand?post=115775"},{"taxonomy":"product_cat","embeddable":true,"href":"https:\/\/soydeaqui.ddns.net\/pachuca\/index.php\/wp-json\/wp\/v2\/product_cat?post=115775"},{"taxonomy":"product_tag","embeddable":true,"href":"https:\/\/soydeaqui.ddns.net\/pachuca\/index.php\/wp-json\/wp\/v2\/product_tag?post=115775"}],"curies":[{"name":"wp","href":"https:\/\/api.w.org\/{rel}","templated":true}]}}