{"id":115761,"date":"2026-03-24T01:38:36","date_gmt":"2026-03-24T01:38:36","guid":{"rendered":"https:\/\/soydeaqui.ddns.net\/pachuca\/index.php\/producto\/cincho-de-nylon-color-natural-4-8-x-310mm-100pzs-4200-04000\/"},"modified":"2026-03-24T01:38:37","modified_gmt":"2026-03-24T01:38:37","slug":"cincho-de-nylon-color-natural-4-8-x-310mm-100pzs-4200-04000","status":"publish","type":"product","link":"https:\/\/soydeaqui.ddns.net\/pachuca\/index.php\/producto\/cincho-de-nylon-color-natural-4-8-x-310mm-100pzs-4200-04000\/","title":{"rendered":"Cincho de nylon color natural 4.8 x 310mm (100pzs) (4200-04000)"},"content":{"rendered":"<div style='width: 100%; max-width: 1200px; margin: 0 auto; font-family: sans-serif; line-height: 1.6; color: inherit; background-color: transparent;'> <!-- Logo --> <\/p>\n<div style='text-align: center; margin: 30px 0;'> <img style='width: 412px; height: auto; max-width: 100%; border: 1px solid rgba(150&comma;150&comma;150&comma;0.3); border-radius: 8px;' src='http:\/\/ftp3.syscom.mx\/usuarios\/jdelafuente\/THORSMAN\/THORSMAN%20logo.jpg' alt='Logo THORSMAN'> <\/div>\n<p> <!-- Caracter\u00edsticas --> <\/p>\n<div style='display: flex; flex-wrap: wrap; gap: 30px; margin-bottom: 30px;'>\n<div style='flex: 1 1 300px; min-width: 280px;'>\n<h3 style='font-size: 22px; border-bottom: 2px solid currentColor; padding-bottom: 5px; margin-top: 0; color: inherit; opacity: 0.8;'>Caracter\u00edsticas<\/h3>\n<ul style='padding-left: 20px; font-size: 15px; color: inherit;'>\n<li style='margin-bottom: 5px;'>Cinturones de nylon para sujetar&comma; amarrar y ordenar conductores a soportes en instalaciones u otro tipo de objetos.<\/li>\n<li style='margin-bottom: 5px;'>Temperatura de operaci\u00f3n: -40\u00b0C ~ 80\u00b0C<\/li>\n<li style='margin-bottom: 5px;'>Aprobaciones: ASTM B-117<\/li>\n<\/ul><\/div>\n<p> <!-- Materiales --> <\/p>\n<div style='flex: 1 1 300px; min-width: 280px;'>\n<h3 style='font-size: 22px; border-bottom: 2px solid currentColor; padding-bottom: 5px; margin-top: 0; color: inherit; opacity: 0.8;'>Materiales<\/h3>\n<ul style='padding-left: 20px; font-size: 15px; color: inherit;'>\n<li style='margin-bottom: 5px;'>Color natural<\/li>\n<li style='margin-bottom: 5px;'>Fabricado en Poliamida (Nylon 66)<\/li>\n<li style='margin-bottom: 5px;'>Grado de flamabilidad UL 94 V-2<\/li>\n<\/ul><\/div>\n<\/p><\/div>\n<p> <!-- Dimensiones --> <\/p>\n<div style='margin-bottom: 30px;'>\n<h3 style='font-size: 22px; border-bottom: 2px solid currentColor; padding-bottom: 5px; margin-top: 0; color: inherit; opacity: 0.8; margin-bottom: 15px;'>Dimensiones (Acotaci\u00f3n en mm)<\/h3>\n<div style='text-align: center; margin: 20px 0;'> <img style='width: 100%; height: auto; max-width: 100%; border: 1px solid rgba(150&comma;150&comma;150&comma;0.3); border-radius: 8px;' src='http:\/\/ftp3.syscom.mx\/usuarios\/jdelafuente\/THORSMAN\/Productos\/FIJACION\/TH300.PNG' alt='Dimensiones'> <\/div>\n<div style='text-align: center; margin: 20px 0;'> <img style='width: 100%; height: auto; max-width: 100%; border: 1px solid rgba(150&comma;150&comma;150&comma;0.3); border-radius: 8px;' src='http:\/\/ftp3.syscom.mx\/usuarios\/jdelafuente\/THORSMAN\/Productos\/FIJACION\/TH100%20INST.PNG' alt='Instalaci\u00f3n'> <\/div>\n<div style='text-align: center; margin-top: 20px;'> <img style='width: 79px; height: auto; border: 1px solid rgba(150&comma;150&comma;150&comma;0.3); border-radius: 8px;' src='http:\/\/ftp3.syscom.mx\/usuarios\/egomez\/Hecho%20en%20Mexico.jpg' alt='Hecho en M\u00e9xico'> <\/div>\n<\/p><\/div>\n<p> <!-- Im\u00e1genes adicionales --> <\/p>\n<div style='display: grid; grid-template-columns: repeat(auto-fit&comma; minmax(280px&comma; 1fr)); gap: 30px; margin-bottom: 30px;'>\n<div style='text-align: center;'> <img style='width: 100%; height: auto; border: 1px solid rgba(150&comma;150&comma;150&comma;0.3); border-radius: 8px;' src='https:\/\/ftp3.syscom.mx\/usuarios\/ftp\/single_page\/thorsman\/Thorsman1-02.jpg' alt='Imagen 1'> <\/div>\n<div style='text-align: center;'> <img style='width: 100%; height: auto; border: 1px solid rgba(150&comma;150&comma;150&comma;0.3); border-radius: 8px;' src='https:\/\/ftp3.syscom.mx\/usuarios\/ftp\/single_page\/thorsman\/Thorsman1-01.jpg' alt='Imagen 2'> <\/div>\n<\/p><\/div>\n<p> <!-- Banner Thorsman --> <\/p>\n<div style='background-color: #2a397a; color: white; text-align: center; padding: 20px; margin: 30px 0; border-radius: 8px;'>\n<h1 style='font-size: 22px; font-family: roboto; font-weight: 300; margin: 0;'>Thorsman es la Marca L\u00edder en M\u00e9xico Reconocida por Productos de Canalizaci\u00f3n y Fijaci\u00f3n<\/h1>\n<\/p><\/div>\n<p> <!-- Im\u00e1genes con descripciones --> <\/p>\n<div style='display: grid; grid-template-columns: repeat(auto-fit&comma; minmax(280px&comma; 1fr)); gap: 30px; margin-bottom: 30px;'>\n<div style='text-align: center; padding: 15px;'> <img style='width: 100%; height: auto; max-width: 200px; margin: 0 auto;' src='https:\/\/ftp3.syscom.mx\/usuarios\/ftp\/single_page\/thorsman\/thorsman1-04.png' alt='Hospital'> <\/p>\n<p style='margin-top: 15px; font-size: 16px; color: inherit;'>Cuenta con amplia gama de soluciones para instalaciones el\u00e9ctricas y de cableado estructurado&comma; brindan funcionalidad&comma; distribuci\u00f3n&comma; protecci\u00f3n y est\u00e9tica.<\/p>\n<\/p><\/div>\n<div style='text-align: center; padding: 15px;'> <img style='width: 100%; height: auto; max-width: 200px; margin: 0 auto;' src='https:\/\/ftp3.syscom.mx\/usuarios\/ftp\/single_page\/thorsman\/thorsman1-05.png' alt='Capacidad'> <\/p>\n<p style='margin-top: 15px; font-size: 16px; color: inherit;'>El 40% de la capacidad es la m\u00e1xima recomendada por EIA\/TIA-569-A para dise\u00f1ar sistemas de cableado estructurado.<\/p>\n<\/p><\/div>\n<div style='text-align: center; padding: 15px;'> <img style='width: 100%; height: auto; max-width: 200px; margin: 0 auto;' src='https:\/\/ftp3.syscom.mx\/usuarios\/ftp\/single_page\/thorsman\/thorsman1-06.png' alt='Fijaci\u00f3n'> <\/p>\n<p style='margin-top: 15px; font-size: 16px; color: inherit;'>Encuentre los sistemas de fijaci\u00f3n de Thorsman&comma; como las grapas para cable&comma; fleje&comma; cinchos de nylon y acero inoxidable&comma; que son fundamentales para la seguridad en cualquier instalaci\u00f3n.<\/p>\n<\/p><\/div>\n<div style='text-align: center; padding: 15px;'> <img style='width: 100%; height: auto; max-width: 200px; margin: 0 auto;' src='https:\/\/ftp3.syscom.mx\/usuarios\/ftp\/single_page\/thorsman\/thorsman1-07.png' alt='Conectividad'> <\/p>\n<p style='margin-top: 15px; font-size: 16px; color: inherit;'>Los sistemas thelecom de Thorsman&comma; como las mini cajas de piso de energ\u00eda y voz\/datos&comma; as\u00ed como las cajas de piso de 2 y 4 m\u00f3dulos configurables&comma; brindan la soluci\u00f3n completa en conectividad para centros de entretenimiento como lo son casinos&comma; ferias&comma; museos&comma; plazas comerciales&comma; entre otros.<\/p>\n<\/p><\/div>\n<div style='text-align: center; padding: 15px;'> <img style='width: 100%; height: auto; max-width: 200px; margin: 0 auto;' src='https:\/\/ftp3.syscom.mx\/usuarios\/ftp\/single_page\/thorsman\/thorsman1-08.png' alt='Hogar'> <\/p>\n<p style='margin-top: 15px; font-size: 16px; color: inherit;'>Hogar<\/p>\n<\/p><\/div>\n<div style='text-align: center; padding: 15px;'> <img style='width: 100%; height: auto; max-width: 200px; margin: 0 auto;' src='https:\/\/ftp3.syscom.mx\/usuarios\/ftp\/single_page\/thorsman\/thorsman1-09.png' alt='Hospital'> <\/p>\n<p style='margin-top: 15px; font-size: 16px; color: inherit;'>Hospital<\/p>\n<\/p><\/div>\n<div style='text-align: center; padding: 15px;'> <img style='width: 100%; height: auto; max-width: 200px; margin: 0 auto;' src='https:\/\/ftp3.syscom.mx\/usuarios\/ftp\/single_page\/thorsman\/thorsman1-10.png' alt='Industria'> <\/p>\n<p style='margin-top: 15px; font-size: 16px; color: inherit;'>Industria<\/p>\n<\/p><\/div>\n<div style='text-align: center; padding: 15px;'> <img style='width: 100%; height: auto; max-width: 200px; margin: 0 auto;' src='https:\/\/ftp3.syscom.mx\/usuarios\/ftp\/single_page\/thorsman\/thorsman1-11.png' alt='Oficina'> <\/p>\n<p style='margin-top: 15px; font-size: 16px; color: inherit;'>Oficina<\/p>\n<\/p><\/div>\n<\/p><\/div>\n<p> <!-- Sistemas que cubren todas las necesidades --> <\/p>\n<div style='background-color: #2a397a; color: white; text-align: center; padding: 20px; margin: 30px 0; border-radius: 8px;'>\n<h3 style='font-size: 20px; margin: 0 0 15px 0; padding-top: 10px;'>Sistemas que cubren todas las necesidades<\/h3>\n<div style='display: grid; grid-template-columns: repeat(auto-fit&comma; minmax(150px&comma; 1fr)); gap: 20px;'>\n<div style='text-align: center; padding: 15px 0;'> <img style='width: 100%; height: auto; max-width: 100px; margin: 0 auto;' src='https:\/\/ftp3.syscom.mx\/usuarios\/ftp\/single_page\/thorsman\/thorsman1-09.png' alt='Hospital'> <\/p>\n<p style='margin-top: 10px; font-size: 16px; color: white;'>Hospital<\/p>\n<\/p><\/div>\n<div style='text-align: center; padding: 15px 0;'> <img style='width: 100%; height: auto; max-width: 100px; margin: 0 auto;' src='https:\/\/ftp3.syscom.mx\/usuarios\/ftp\/single_page\/thorsman\/thorsman1-08.png' alt='Hogar'> <\/p>\n<p style='margin-top: 10px; font-size: 16px; color: white;'>Hogar<\/p>\n<\/p><\/div>\n<div style='text-align: center; padding: 15px 0;'> <img style='width: 100%; height: auto; max-width: 100px; margin: 0 auto;' src='https:\/\/ftp3.syscom.mx\/usuarios\/ftp\/single_page\/thorsman\/thorsman1-10.png' alt='Industria'> <\/p>\n<p style='margin-top: 10px; font-size: 16px; color: white;'>Industria<\/p>\n<\/p><\/div>\n<div style='text-align: center; padding: 15px 0;'> <img style='width: 100%; height: auto; max-width: 100px; margin: 0 auto;' src='https:\/\/ftp3.syscom.mx\/usuarios\/ftp\/single_page\/thorsman\/thorsman1-11.png' alt='Oficina'> <\/p>\n<p style='margin-top: 10px; font-size: 16px; color: white;'>Oficina<\/p>\n<\/p><\/div>\n<\/p><\/div>\n<\/p><\/div>\n<p> <!-- Banner final --> <\/p>\n<div style='background-image: url('https:\/\/ftp3.syscom.mx\/usuarios\/ftp\/single_page\/thorsman\/Thorsman1-03.jpg'); background-size: cover; background-position: center; padding: 40px 20px; color: white; border-radius: 8px; margin: 30px 0;'>\n<div style='max-width: 800px; margin: 0 auto;'> <img style='width: 100%; max-width: 300px; height: auto; display: block; margin: 0 auto 15px;' src='https:\/\/ftp3.syscom.mx\/usuarios\/ftp\/single_page\/thorsman\/thorsman1-04.png' alt='Thorsman'> <\/p>\n<h2 style='font-size: 24px; font-family: roboto; font-weight: 300; text-align: center; margin-top: 20px;'>Thorsman<\/h2>\n<p style='font-size: 16px; text-align: center; margin-top: 15px;'>Cuenta con amplia gama de soluciones para instalaciones el\u00e9ctricas y de cableado estructurado&comma; voz y datos; brindan funcionalidad&comma; distribuci\u00f3n&comma; protecci\u00f3n y est\u00e9tica&comma; tambi\u00e9n lo puede encontrar como: mesa de capacidades para eletrocalhas&comma; capacidad de carga de canaletas aparentes.<\/p>\n<\/p><\/div>\n<\/p><\/div>\n<\/p><\/div>\n","protected":false},"excerpt":{"rendered":"<p>Cincho de nylon color natural 4.8 x 310mm (100pzs) (4200-04000)<\/p>\n","protected":false},"featured_media":115760,"comment_status":"open","ping_status":"closed","template":"","meta":[],"product_brand":[],"product_cat":[574],"product_tag":[572,575,583],"class_list":{"0":"post-115761","1":"product","2":"type-product","3":"status-publish","4":"has-post-thumbnail","6":"product_cat-fijacion","7":"product_tag-canalizacion","8":"product_tag-fijacion","9":"product_tag-thorsman","11":"first","12":"instock","13":"sale","14":"shipping-taxable","15":"purchasable","16":"product-type-simple"},"_links":{"self":[{"href":"https:\/\/soydeaqui.ddns.net\/pachuca\/index.php\/wp-json\/wp\/v2\/product\/115761","targetHints":{"allow":["GET"]}}],"collection":[{"href":"https:\/\/soydeaqui.ddns.net\/pachuca\/index.php\/wp-json\/wp\/v2\/product"}],"about":[{"href":"https:\/\/soydeaqui.ddns.net\/pachuca\/index.php\/wp-json\/wp\/v2\/types\/product"}],"replies":[{"embeddable":true,"href":"https:\/\/soydeaqui.ddns.net\/pachuca\/index.php\/wp-json\/wp\/v2\/comments?post=115761"}],"wp:featuredmedia":[{"embeddable":true,"href":"https:\/\/soydeaqui.ddns.net\/pachuca\/index.php\/wp-json\/wp\/v2\/media\/115760"}],"wp:attachment":[{"href":"https:\/\/soydeaqui.ddns.net\/pachuca\/index.php\/wp-json\/wp\/v2\/media?parent=115761"}],"wp:term":[{"taxonomy":"product_brand","embeddable":true,"href":"https:\/\/soydeaqui.ddns.net\/pachuca\/index.php\/wp-json\/wp\/v2\/product_brand?post=115761"},{"taxonomy":"product_cat","embeddable":true,"href":"https:\/\/soydeaqui.ddns.net\/pachuca\/index.php\/wp-json\/wp\/v2\/product_cat?post=115761"},{"taxonomy":"product_tag","embeddable":true,"href":"https:\/\/soydeaqui.ddns.net\/pachuca\/index.php\/wp-json\/wp\/v2\/product_tag?post=115761"}],"curies":[{"name":"wp","href":"https:\/\/api.w.org\/{rel}","templated":true}]}}