{"id":115728,"date":"2026-03-24T01:36:53","date_gmt":"2026-03-24T01:36:53","guid":{"rendered":"https:\/\/soydeaqui.ddns.net\/pachuca\/index.php\/producto\/microfono-louroe-bidireccional-en-caja-para-aplicaciones-en-entrevistas\/"},"modified":"2026-03-24T01:36:55","modified_gmt":"2026-03-24T01:36:55","slug":"microfono-louroe-bidireccional-en-caja-para-aplicaciones-en-entrevistas","status":"publish","type":"product","link":"https:\/\/soydeaqui.ddns.net\/pachuca\/index.php\/producto\/microfono-louroe-bidireccional-en-caja-para-aplicaciones-en-entrevistas\/","title":{"rendered":"Micr\u00f3fono Louroe bidireccional en caja para aplicaciones en entrevistas"},"content":{"rendered":"<div style='width: 100%; max-width: 1200px; margin: 0 auto; font-family: sans-serif; line-height: 1.6; color: inherit; background-color: transparent;'>\n<div style='display: flex; flex-wrap: wrap; gap: 30px; margin-bottom: 30px;'>\n<div style='flex: 1 1 300px; min-width: 280px;'>\n<h3 style='font-size: 22px; border-bottom: 2px solid currentColor; padding-bottom: 5px; margin-top: 0; color: inherit; opacity: 0.8;'>Descripci\u00f3n<\/h3>\n<p style='font-size: 15px; color: inherit; margin-bottom: 15px;'>Verifact\u00ae LTD es un micr\u00f3fono bidireccional donde el sonido captado esta por el lado frontal y posterior. La parte inferior antideslizante se adhiere al escritorio o superficies horizontales planas. El micr\u00f3fono ofrece una durabilidad excepcional gracias a su s\u00f3lido dise\u00f1o y es f\u00e1cil de instalar. El micr\u00f3fono tiene la distancia de cobertura hasta 3 metros desde el elemento del micr\u00f3fono.<\/p>\n<\/p><\/div>\n<\/p><\/div>\n<div style='display: flex; flex-wrap: wrap; gap: 20px; margin-bottom: 30px;'>\n<div style='flex: 1 1 250px; border: 1px solid rgba(150&comma; 150&comma; 150&comma; 0.4); border-radius: 8px; overflow: hidden; display: flex; flex-direction: column;'>\n<div style='padding: 15px; border-bottom: 1px solid rgba(150&comma; 150&comma; 150&comma; 0.2); font-weight: bold; font-size: 18px; color: inherit;'>Aplicaciones<\/div>\n<div style='padding: 15px; color: inherit;'>\n<ul style='padding-left: 20px; margin: 0; font-size: 14px; list-style-type: disc;'>\n<li style='margin-bottom: 5px;'>En aplicaciones de CCTV.<\/li>\n<li style='margin-bottom: 5px;'>Tiendas de comida r\u00e1pida.<\/li>\n<li style='margin-bottom: 5px;'>Centros de desorden del sue\u00f1o.<\/li>\n<li style='margin-bottom: 5px;'>Laboratorios de terapia.<\/li>\n<li style='margin-bottom: 5px;'>Cuartos de interrogaci\u00f3n.<\/li>\n<li style='margin-bottom: 5px;'>Escuelas&comma; negocios&comma; cajeros.<\/li>\n<li style='margin-bottom: 5px;'>Tiendas departamentales.<\/li>\n<li style='margin-bottom: 5px;'>Montable en cielo \u00f3 en pared.<\/li>\n<\/ul><\/div>\n<\/p><\/div>\n<div style='flex: 1 1 250px; border: 1px solid rgba(150&comma; 150&comma; 150&comma; 0.4); border-radius: 8px; overflow: hidden; display: flex; flex-direction: column;'>\n<div style='padding: 15px; border-bottom: 1px solid rgba(150&comma; 150&comma; 150&comma; 0.2); font-weight: bold; font-size: 18px; color: inherit;'>Caracter\u00edsticas<\/div>\n<div style='padding: 15px; color: inherit;'>\n<ul style='padding-left: 20px; margin: 0; font-size: 14px; list-style-type: disc;'>\n<li style='margin-bottom: 5px;'>2 microfonos opuestos interconstruidos.<\/li>\n<li style='margin-bottom: 5px;'>Compatible con bases e interfaces LOUROE.<\/li>\n<li style='margin-bottom: 5px;'>Cableados hasta de 300 metros respecto a la base e interface.<\/li>\n<li style='margin-bottom: 5px;'>Montajes para cielo \u00f3 superficies planas.<\/li>\n<li style='margin-bottom: 5px;'>Alimentaci\u00f3n a trav\u00e9s de la base o interface.<\/li>\n<li style='margin-bottom: 5px;'>Housing ABS para mayor duraci\u00f3n.<\/li>\n<li style='margin-bottom: 5px;'>Parte inferior antideslizante para una adherencia m\u00e1s firme.<\/li>\n<\/ul><\/div>\n<\/p><\/div>\n<div style='flex: 1 1 250px; border: 1px solid rgba(150&comma; 150&comma; 150&comma; 0.4); border-radius: 8px; overflow: hidden; display: flex; flex-direction: column;'>\n<div style='padding: 15px; border-bottom: 1px solid rgba(150&comma; 150&comma; 150&comma; 0.2); font-weight: bold; font-size: 18px; color: inherit;'>Especificaciones<\/div>\n<div style='padding: 15px; color: inherit;'>\n<ul style='padding-left: 20px; margin: 0; font-size: 14px; list-style-type: disc;'>\n<li style='margin-bottom: 5px;'><strong>Sensibilidad:<\/strong> 80 dB.<\/li>\n<li style='margin-bottom: 5px;'><strong>Patr\u00f3n Polar:<\/strong> Omnidireccional modificado.<\/li>\n<li style='margin-bottom: 5px;'><strong>Salida:<\/strong> Line Level (0dB @ 1k ohm)<\/li>\n<li style='margin-bottom: 5px;'><strong>Frecuencia de respuesta:<\/strong> 40 Hz a 15 kHz +\/- 1 dB<\/li>\n<li style='margin-bottom: 5px;'><strong>Corriente de operaci\u00f3n:<\/strong> 4 mA<\/li>\n<li style='margin-bottom: 5px;'><strong>Voltaje de operaci\u00f3n:<\/strong> 12 Vcc&comma; 500 mA.<\/li>\n<li style='margin-bottom: 5px;'><strong>Dimensiones:<\/strong> Ancho 4 3\/4&#8242; L x 3&#8242; W x 1 3\/4&#8242; H ; 12 cm largo x 7.6 cm Ancho x 4.5 cm Altura.<\/li>\n<li style='margin-bottom: 5px;'><strong>Peso:<\/strong> 0.20 kg.<\/li>\n<li style='margin-bottom: 5px;'><strong>Cableado recomendado:<\/strong> Cable blindado para audio \u00f3 equivalente&comma; requiere blindado ya que es el m\u00e1s adecuado para las aplicaciones de audio. Modelos sugeridos 9261&comma; TI21<\/li>\n<\/ul><\/div>\n<\/p><\/div>\n<\/p><\/div>\n<div style='display: flex; flex-wrap: wrap; gap: 30px; margin-bottom: 30px;'>\n<div style='flex: 1 1 300px; min-width: 280px;'>\n<h3 style='font-size: 22px; border-bottom: 2px solid currentColor; padding-bottom: 5px; margin-top: 0; color: inherit; opacity: 0.8;'>V\u00eddeos<\/h3>\n<div style='display: flex; flex-wrap: wrap; gap: 15px;'>\n<div style='flex: 1 1 100%; min-width: 300px; max-width: 560px;'>\n<div style='position: relative; padding-bottom: 56.25%; height: 0; overflow: hidden; margin-bottom: 30px;'>   <\/div>\n<\/p><\/div>\n<div style='flex: 1 1 100%; min-width: 300px; max-width: 560px;'>\n<div style='position: relative; padding-bottom: 56.25%; height: 0; overflow: hidden; margin-bottom: 30px;'>   <\/div>\n<\/p><\/div>\n<div style='flex: 1 1 100%; min-width: 300px; max-width: 560px;'>\n<div style='position: relative; padding-bottom: 56.25%; height: 0; overflow: hidden; margin-bottom: 30px;'>   <\/div>\n<\/p><\/div>\n<div style='flex: 1 1 100%; min-width: 300px; max-width: 560px;'>\n<div style='position: relative; padding-bottom: 56.25%; height: 0; overflow: hidden; margin-bottom: 30px;'>   <\/div>\n<\/p><\/div>\n<\/p><\/div>\n<\/p><\/div>\n<\/p><\/div>\n<hr style='border: 0; border-top: 1px solid rgba(150&comma; 150&comma; 150&comma; 0.3); margin: 30px 0;'> <\/div>\n","protected":false},"excerpt":{"rendered":"<p>Micr\u00f3fono Louroe bidireccional en caja para aplicaciones en entrevistas<\/p>\n","protected":false},"featured_media":115727,"comment_status":"open","ping_status":"closed","template":"","meta":[],"product_brand":[],"product_cat":[2301],"product_tag":[417,975,2302],"class_list":{"0":"post-115728","1":"product","2":"type-product","3":"status-publish","4":"has-post-thumbnail","6":"product_cat-microfonos","7":"product_tag-accesorios-generales","8":"product_tag-louroe-electronics","9":"product_tag-microfonos","11":"first","12":"outofstock","13":"sale","14":"shipping-taxable","15":"purchasable","16":"product-type-simple"},"_links":{"self":[{"href":"https:\/\/soydeaqui.ddns.net\/pachuca\/index.php\/wp-json\/wp\/v2\/product\/115728","targetHints":{"allow":["GET"]}}],"collection":[{"href":"https:\/\/soydeaqui.ddns.net\/pachuca\/index.php\/wp-json\/wp\/v2\/product"}],"about":[{"href":"https:\/\/soydeaqui.ddns.net\/pachuca\/index.php\/wp-json\/wp\/v2\/types\/product"}],"replies":[{"embeddable":true,"href":"https:\/\/soydeaqui.ddns.net\/pachuca\/index.php\/wp-json\/wp\/v2\/comments?post=115728"}],"wp:featuredmedia":[{"embeddable":true,"href":"https:\/\/soydeaqui.ddns.net\/pachuca\/index.php\/wp-json\/wp\/v2\/media\/115727"}],"wp:attachment":[{"href":"https:\/\/soydeaqui.ddns.net\/pachuca\/index.php\/wp-json\/wp\/v2\/media?parent=115728"}],"wp:term":[{"taxonomy":"product_brand","embeddable":true,"href":"https:\/\/soydeaqui.ddns.net\/pachuca\/index.php\/wp-json\/wp\/v2\/product_brand?post=115728"},{"taxonomy":"product_cat","embeddable":true,"href":"https:\/\/soydeaqui.ddns.net\/pachuca\/index.php\/wp-json\/wp\/v2\/product_cat?post=115728"},{"taxonomy":"product_tag","embeddable":true,"href":"https:\/\/soydeaqui.ddns.net\/pachuca\/index.php\/wp-json\/wp\/v2\/product_tag?post=115728"}],"curies":[{"name":"wp","href":"https:\/\/api.w.org\/{rel}","templated":true}]}}