{"id":115723,"date":"2026-03-24T01:36:33","date_gmt":"2026-03-24T01:36:33","guid":{"rendered":"https:\/\/soydeaqui.ddns.net\/pachuca\/index.php\/producto\/cable-para-conectar-camaras-convencionales-en-xmr-epcom\/"},"modified":"2026-03-24T01:36:46","modified_gmt":"2026-03-24T01:36:46","slug":"cable-para-conectar-camaras-convencionales-en-xmr-epcom","status":"publish","type":"product","link":"https:\/\/soydeaqui.ddns.net\/pachuca\/index.php\/producto\/cable-para-conectar-camaras-convencionales-en-xmr-epcom\/","title":{"rendered":"Cable para Conectar C\u00e1maras Convencionales en XMR EPCOM"},"content":{"rendered":"<div style='width: 100%; max-width: 1200px; margin: 0 auto; font-family: sans-serif; line-height: 1.6; color: inherit; background-color: transparent;'>\n<div style='width: 100%;'>\n<h3 style='margin: 0 0 15px 0; font-size: 24px; color: inherit;'> <img style='width: 100%; height: auto; border: 1px solid rgba(150&comma;150&comma;150&comma;0.3); border-radius: 8px;' src='http:\/\/ftp3.syscom.mx\/usuarios\/aberumen\/bannerxmr.jpg' alt='Banner XMR'> <\/h3>\n<p style='color: inherit; opacity: 0.5; margin: 15px 0;'>\n<p style='color: inherit; opacity: 0.5; margin: 15px 0;'><strong>Seguridad Sobre Ruedas<\/strong><\/p>\n<p style='margin: 15px 0;'><strong>Cable adaptador con conector tipo aviaci\u00f3n de 4 pines a conector tipo BNC<\/strong><\/p>\n<p style='margin: 15px 0;'>\n<div style='display: flex; flex-wrap: wrap; gap: 30px; margin-bottom: 30px;'>\n<div style='flex: 1 1 300px; min-width: 280px;'>\n<div style='border-left: 5px solid #080808; border-radius: 5px; padding: 5px; box-shadow: 2px 2px 10px rgba(216&comma;216&comma;216&comma;0.4); background-color: rgba(128&comma;128&comma;128&comma;0.16);'> <strong style='font-size: 18px; color: inherit; display: block; margin-bottom: 10px;'>Caracter\u00edsticas principales:<\/strong> <\/p>\n<ul style='padding-left: 20px; font-size: 15px; color: inherit; list-style-type: disc;'>\n<li style='margin-bottom: 5px;'>Adapte cualquier tipo de c\u00e1mara&comma; tipo domo o bala al MDVR<strong>.<\/strong><\/li>\n<li style='margin-bottom: 5px;'>Entrada con conector tipo Aviaci\u00f3n.<\/li>\n<li style='margin-bottom: 5px;'>Entrada con conector tipo BNC para Video<\/li>\n<li style='margin-bottom: 5px;'>Conexi\u00f3n tipo BNC para Audio.<\/li>\n<li style='margin-bottom: 5px;'>Conexi\u00f3n para alimentaci\u00f3n de la c\u00e1mara<\/li>\n<\/ul><\/div>\n<\/p><\/div>\n<div style='flex: 1 1 300px; min-width: 280px;'>\n<div style='border-left: 5px solid #080808; border-radius: 5px; padding: 5px; box-shadow: 2px 2px 10px rgba(216&comma;216&comma;216&comma;0.4); background-color: rgba(128&comma;128&comma;128&comma;0.16);'> <strong style='font-size: 18px; color: inherit; display: block; margin-bottom: 10px;'>Caracter\u00edsticas F\u00edsicas:<\/strong> <\/p>\n<ul style='padding-left: 20px; font-size: 15px; color: inherit; list-style-type: disc;'>\n<li style='margin-bottom: 5px;'>Longitud de 40 cm.<\/li>\n<\/ul><\/div>\n<\/p><\/div>\n<div style='flex: 1 1 300px; min-width: 280px;'>\n<div style='border-left: 5px solid #080808; border-radius: 5px; padding: 5px; box-shadow: 2px 2px 10px rgba(216&comma;216&comma;216&comma;0.4); background-color: rgba(128&comma;128&comma;128&comma;0.16);'> <strong style='font-size: 18px; color: inherit; display: block; margin-bottom: 10px;'>Caracter\u00edsticas Destacadas:<\/strong> <\/p>\n<ul style='padding-left: 20px; font-size: 15px; color: inherit; list-style-type: disc;'>\n<li style='margin-bottom: 5px;'><strong>Es necesario que la c\u00e1mara que vaya a adaptar sea compatible con el tipo de tecnolog\u00eda que soporte el modelo del MDVR.<\/strong><\/li>\n<\/ul><\/div>\n<\/p><\/div>\n<\/p><\/div>\n<p style='margin: 30px 0;'>\n<p style='margin: 30px 0;'>\n<div style='display: flex; flex-wrap: wrap; gap: 20px; margin-bottom: 30px;'>\n<div style='flex: 1 1 500px; min-width: 300px;'>\n<div style='position: relative; padding-bottom: 56.25%; height: 0; overflow: hidden; margin-bottom: 30px;'>   <\/div>\n<\/p><\/div>\n<div style='flex: 1 1 500px; min-width: 300px;'> <\/div>\n<\/p><\/div>\n<div style='display: flex; flex-wrap: wrap; gap: 20px; margin-top: 30px;'>\n<div style='flex: 1 1 400px; min-width: 300px;'> <img style='width: 100%; height: auto; border: 1px solid rgba(150&comma;150&comma;150&comma;0.3); border-radius: 8px;' src='http:\/\/ftp3.syscom.mx\/usuarios\/fotos\/TRANSFERCABLE\/DSC_0204.png' alt=''> <\/div>\n<div style='flex: 1 1 400px; min-width: 300px;'> <img style='width: 100%; height: auto; border: 1px solid rgba(150&comma;150&comma;150&comma;0.3); border-radius: 8px;' src='http:\/\/ftp3.syscom.mx\/usuarios\/fotos\/TRANSFERCABLE\/DSC_0205.png' alt=''> <\/div>\n<\/p><\/div>\n<p style='margin: 30px 0;'>\n<p style='margin: 30px 0;'>\n<p style='margin: 30px 0;'>\n<\/p><\/div>\n","protected":false},"excerpt":{"rendered":"<p>Cable para Conectar C\u00e1maras Convencionales en XMR EPCOM<\/p>\n","protected":false},"featured_media":115722,"comment_status":"open","ping_status":"closed","template":"","meta":[],"product_brand":[],"product_cat":[1408,1406],"product_tag":[93,1409,1474,1345],"class_list":{"0":"post-115723","1":"product","2":"type-product","3":"status-publish","4":"has-post-thumbnail","6":"product_cat-accesorios-dash-cams-y-body-cams","7":"product_cat-videograbadoras-moviles-videovigilancia","8":"product_tag-accesorios","9":"product_tag-dash-cams-y-body-cams","10":"product_tag-streamax","11":"product_tag-videograbadoras-moviles","13":"first","14":"instock","15":"sale","16":"shipping-taxable","17":"purchasable","18":"product-type-simple"},"_links":{"self":[{"href":"https:\/\/soydeaqui.ddns.net\/pachuca\/index.php\/wp-json\/wp\/v2\/product\/115723","targetHints":{"allow":["GET"]}}],"collection":[{"href":"https:\/\/soydeaqui.ddns.net\/pachuca\/index.php\/wp-json\/wp\/v2\/product"}],"about":[{"href":"https:\/\/soydeaqui.ddns.net\/pachuca\/index.php\/wp-json\/wp\/v2\/types\/product"}],"replies":[{"embeddable":true,"href":"https:\/\/soydeaqui.ddns.net\/pachuca\/index.php\/wp-json\/wp\/v2\/comments?post=115723"}],"wp:featuredmedia":[{"embeddable":true,"href":"https:\/\/soydeaqui.ddns.net\/pachuca\/index.php\/wp-json\/wp\/v2\/media\/115722"}],"wp:attachment":[{"href":"https:\/\/soydeaqui.ddns.net\/pachuca\/index.php\/wp-json\/wp\/v2\/media?parent=115723"}],"wp:term":[{"taxonomy":"product_brand","embeddable":true,"href":"https:\/\/soydeaqui.ddns.net\/pachuca\/index.php\/wp-json\/wp\/v2\/product_brand?post=115723"},{"taxonomy":"product_cat","embeddable":true,"href":"https:\/\/soydeaqui.ddns.net\/pachuca\/index.php\/wp-json\/wp\/v2\/product_cat?post=115723"},{"taxonomy":"product_tag","embeddable":true,"href":"https:\/\/soydeaqui.ddns.net\/pachuca\/index.php\/wp-json\/wp\/v2\/product_tag?post=115723"}],"curies":[{"name":"wp","href":"https:\/\/api.w.org\/{rel}","templated":true}]}}