{"id":115719,"date":"2026-03-24T01:36:22","date_gmt":"2026-03-24T01:36:22","guid":{"rendered":"https:\/\/soydeaqui.ddns.net\/pachuca\/index.php\/producto\/microfono-louroe-para-aplicaciones-en-exterior-y-con-control-automatico-de-ganancia-para-regular-el-volumen-de-audio\/"},"modified":"2026-03-24T01:36:24","modified_gmt":"2026-03-24T01:36:24","slug":"microfono-louroe-para-aplicaciones-en-exterior-y-con-control-automatico-de-ganancia-para-regular-el-volumen-de-audio","status":"publish","type":"product","link":"https:\/\/soydeaqui.ddns.net\/pachuca\/index.php\/producto\/microfono-louroe-para-aplicaciones-en-exterior-y-con-control-automatico-de-ganancia-para-regular-el-volumen-de-audio\/","title":{"rendered":"Micr\u00f3fono LOUROE  para aplicaciones en exterior y con control autom\u00e1tico de ganancia para regular el volumen de audio"},"content":{"rendered":"<div style='width: 100%; max-width: 1200px; margin: 0 auto; font-family: sans-serif; line-height: 1.6; color: inherit; background-color: transparent;'> <!-- Secci\u00f3n principal --> <\/p>\n<div style='margin-bottom: 30px;'>\n<p style='font-size: 16px; color: inherit; margin-bottom: 15px;'>Verifact\u00ae EGC es un micr\u00f3fono omnidireccional dise\u00f1ado para <span style='font-weight: bold; color: inherit;'>usos exteriores<\/span> y es resistente a la intemperie. El Verifact\u00ae EGC tiene la caracter\u00edstica adicional de control autom\u00e1tico de ganancia que proporciona la amplitud de la se\u00f1al controlada en la salida a pesar de la variaci\u00f3n de la amplitud de la se\u00f1al de entrada. Como resultado&comma; el Verifact\u00ae EGC autom\u00e1ticamente puede regular el volumen de la se\u00f1al&comma; reduciendo los niveles de decibelios si la se\u00f1al es fuerte y levanta si la se\u00f1al es d\u00e9bil. El micr\u00f3fono tiene la capacidad de escuchar hasta dentro de <span style='font-weight: bold; color: inherit;'>9 metros<\/span> di\u00e1metros alrededor y es alimentado por 12 Vdc y produce se\u00f1al nivel de l\u00ednea.<\/p>\n<\/p><\/div>\n<p> <!-- Secci\u00f3n de aplicaciones --> <\/p>\n<div style='display: flex; flex-wrap: wrap; gap: 30px; margin-bottom: 30px;'>\n<div style='flex: 1 1 300px; min-width: 280px;'>\n<h3 style='font-size: 22px; border-bottom: 2px solid currentColor; padding-bottom: 5px; margin-top: 0; color: inherit; opacity: 0.8;'>Aplicaciones<\/h3>\n<ul style='padding-left: 20px; font-size: 15px; color: inherit;'>\n<li style='margin-bottom: 5px;'>En aplicaciones de CCTV<\/li>\n<li style='margin-bottom: 5px;'>Tiendas de comida r\u00e1pida<\/li>\n<li style='margin-bottom: 5px;'>Centros de desorden del sue\u00f1o<\/li>\n<li style='margin-bottom: 5px;'>Laboratorios de terapia<\/li>\n<li style='margin-bottom: 5px;'>Cuartos de interrogaci\u00f3n<\/li>\n<li style='margin-bottom: 5px;'>Escuelas&comma; negocios&comma; cajeros<\/li>\n<li style='margin-bottom: 5px;'>Tiendas departamentales<\/li>\n<\/ul><\/div>\n<\/p><\/div>\n<p> <!-- Secci\u00f3n de caracter\u00edsticas --> <\/p>\n<div style='display: flex; flex-wrap: wrap; gap: 30px; margin-bottom: 30px;'>\n<div style='flex: 1 1 300px; min-width: 280px;'>\n<h3 style='font-size: 22px; border-bottom: 2px solid currentColor; padding-bottom: 5px; margin-top: 0; color: inherit; opacity: 0.8;'>Caracter\u00edsticas<\/h3>\n<ul style='padding-left: 20px; font-size: 15px; color: inherit;'>\n<li style='margin-bottom: 5px;'>Captaci\u00f3n de sonidos normales de 3.5 metros de separaci\u00f3n<\/li>\n<li style='margin-bottom: 5px;'>Compatible con bases e interfaces LOUROE<\/li>\n<li style='margin-bottom: 5px;'>Cableados hasta de 300 metros respecto a la base e interface<\/li>\n<li style='margin-bottom: 5px;'>Montajes para cielo \u00f3 superficies planas<\/li>\n<li style='margin-bottom: 5px;'>Alimentaci\u00f3n a trav\u00e9s de la base o interface<\/li>\n<\/ul><\/div>\n<\/p><\/div>\n<p> <!-- Secci\u00f3n de especificaciones --> <\/p>\n<div style='display: flex; flex-wrap: wrap; gap: 20px; margin-bottom: 30px;'>\n<div style='flex: 1 1 250px; border: 1px solid rgba(150&comma; 150&comma; 150&comma; 0.4); border-radius: 8px; overflow: hidden; display: flex; flex-direction: column;'>\n<div style='padding: 15px; border-bottom: 1px solid rgba(150&comma; 150&comma; 150&comma; 0.2); font-weight: bold; font-size: 18px; color: inherit;'>Especificaciones<\/div>\n<div style='padding: 15px; color: inherit;'>\n<ul style='padding-left: 20px; margin: 0; font-size: 14px; list-style-type: disc;'>\n<li style='margin-bottom: 5px;'><strong style='color: inherit;'>Sensibilidad:<\/strong> -45 dB<\/li>\n<li style='margin-bottom: 5px;'><strong style='color: inherit;'>Salida:<\/strong> Line Level (0dB @ 1k ohm)<\/li>\n<li style='margin-bottom: 5px;'><strong style='color: inherit;'>Impedancia de salida:<\/strong> 600 ohm<\/li>\n<li style='margin-bottom: 5px;'><strong style='color: inherit;'>Frecuencia de respuesta:<\/strong> 40 kHz +\/- 1 dB<\/li>\n<li style='margin-bottom: 5px;'><strong style='color: inherit;'>Corriente de operaci\u00f3n:<\/strong> 10 mA<\/li>\n<li style='margin-bottom: 5px;'><strong style='color: inherit;'>Voltaje de operaci\u00f3n:<\/strong> 12 Vcc&comma; 500 mA<\/li>\n<li style='margin-bottom: 5px;'><strong style='color: inherit;'>Dimensiones:<\/strong> 4 1\/2&#8242; H x 2 3\/4&#8242; W x 2 3\/16&#8242; D; 11.4 cm alto x 6.9 cm Ancho x 5.5 cm de profundidad<\/li>\n<li style='margin-bottom: 5px;'><strong style='color: inherit;'>Peso:<\/strong> 0.32 kg<\/li>\n<li style='margin-bottom: 5px;'><strong style='color: inherit;'>Cable requerido:<\/strong> Cable blindado para audio o equivalente&comma; requiere blindado ya que es el m\u00e1s adecuado para las aplicaciones de audio. Modelos sugeridos 9261&comma; TI21<\/li>\n<\/ul><\/div>\n<\/p><\/div>\n<\/p><\/div>\n<p> <!-- Separador --> <\/p>\n<hr style='border: 0; border-top: 1px solid rgba(150&comma; 150&comma; 150&comma; 0.3); margin: 30px 0;'> <!-- Secci\u00f3n de videos --> <\/p>\n<div style='display: grid; grid-template-columns: repeat(auto-fill&comma; minmax(300px&comma; 1fr)); gap: 20px; margin-bottom: 30px;'> <!-- Video 1 --> <\/p>\n<div style='position: relative; padding-bottom: 56.25%; height: 0; overflow: hidden;'>   <\/div>\n<p> <!-- Video 2 --> <\/p>\n<div style='position: relative; padding-bottom: 56.25%; height: 0; overflow: hidden;'>   <\/div>\n<p> <!-- Video 3 --> <\/p>\n<div style='position: relative; padding-bottom: 56.25%; height: 0; overflow: hidden;'>   <\/div>\n<p> <!-- Video 4 --> <\/p>\n<div style='position: relative; padding-bottom: 56.25%; height: 0; overflow: hidden;'>   <\/div>\n<\/p><\/div>\n<\/p><\/div>\n","protected":false},"excerpt":{"rendered":"<p>Micr\u00f3fono LOUROE  para aplicaciones en exterior y con control autom\u00e1tico de ganancia para regular el volumen de audio<\/p>\n","protected":false},"featured_media":115718,"comment_status":"open","ping_status":"closed","template":"","meta":[],"product_brand":[],"product_cat":[2301],"product_tag":[417,975,2302],"class_list":{"0":"post-115719","1":"product","2":"type-product","3":"status-publish","4":"has-post-thumbnail","6":"product_cat-microfonos","7":"product_tag-accesorios-generales","8":"product_tag-louroe-electronics","9":"product_tag-microfonos","11":"first","12":"outofstock","13":"sale","14":"shipping-taxable","15":"purchasable","16":"product-type-simple"},"_links":{"self":[{"href":"https:\/\/soydeaqui.ddns.net\/pachuca\/index.php\/wp-json\/wp\/v2\/product\/115719","targetHints":{"allow":["GET"]}}],"collection":[{"href":"https:\/\/soydeaqui.ddns.net\/pachuca\/index.php\/wp-json\/wp\/v2\/product"}],"about":[{"href":"https:\/\/soydeaqui.ddns.net\/pachuca\/index.php\/wp-json\/wp\/v2\/types\/product"}],"replies":[{"embeddable":true,"href":"https:\/\/soydeaqui.ddns.net\/pachuca\/index.php\/wp-json\/wp\/v2\/comments?post=115719"}],"wp:featuredmedia":[{"embeddable":true,"href":"https:\/\/soydeaqui.ddns.net\/pachuca\/index.php\/wp-json\/wp\/v2\/media\/115718"}],"wp:attachment":[{"href":"https:\/\/soydeaqui.ddns.net\/pachuca\/index.php\/wp-json\/wp\/v2\/media?parent=115719"}],"wp:term":[{"taxonomy":"product_brand","embeddable":true,"href":"https:\/\/soydeaqui.ddns.net\/pachuca\/index.php\/wp-json\/wp\/v2\/product_brand?post=115719"},{"taxonomy":"product_cat","embeddable":true,"href":"https:\/\/soydeaqui.ddns.net\/pachuca\/index.php\/wp-json\/wp\/v2\/product_cat?post=115719"},{"taxonomy":"product_tag","embeddable":true,"href":"https:\/\/soydeaqui.ddns.net\/pachuca\/index.php\/wp-json\/wp\/v2\/product_tag?post=115719"}],"curies":[{"name":"wp","href":"https:\/\/api.w.org\/{rel}","templated":true}]}}