{"id":115660,"date":"2026-03-24T01:33:09","date_gmt":"2026-03-24T01:33:09","guid":{"rendered":"https:\/\/soydeaqui.ddns.net\/pachuca\/index.php\/producto\/charola-tipo-malla-66-150-mm-acabado-electro-zinc-hasta-158-cables-cat6-tramo-de-3-metros\/"},"modified":"2026-03-24T01:33:20","modified_gmt":"2026-03-24T01:33:20","slug":"charola-tipo-malla-66-150-mm-acabado-electro-zinc-hasta-158-cables-cat6-tramo-de-3-metros","status":"publish","type":"product","link":"https:\/\/soydeaqui.ddns.net\/pachuca\/index.php\/producto\/charola-tipo-malla-66-150-mm-acabado-electro-zinc-hasta-158-cables-cat6-tramo-de-3-metros\/","title":{"rendered":"Charola Tipo Malla 66\/150 mm, Acabado Electro Zinc, Hasta 158 Cables Cat6, Tramo de 3 Metros"},"content":{"rendered":"<div style='width: 100%; max-width: 1200px; margin: 0 auto; font-family: sans-serif; line-height: 1.6; color: inherit; background-color: transparent;'> <!-- Imagen principal --> <\/p>\n<div style='margin-bottom: 30px;'> <img style='width: 100%; height: auto; border: 1px solid rgba(150&comma;150&comma;150&comma;0.3); border-radius: 8px;' src='https:\/\/ftp3.syscom.mx\/usuarios\/fotos\/MG50432EZ\/77199-banner_arriba_charofil.jpg' alt=''> <\/div>\n<p> <!-- Descripci\u00f3n --> <\/p>\n<div style='margin-bottom: 30px;'>\n<p style='font-size: 16px; color: inherit;'> Descubra la mejor manera para dise\u00f1ar su cableado estructurado de manera impecable y organizado: con las charolas tipo malla CHAROFIL. Estas maravillas met\u00e1licas no solo mantienen tus cables en l\u00ednea&comma; sino que tambi\u00e9n ofrecen acceso f\u00e1cil para cambios y reparaciones. Imagina una red de orden en tus techos y paredes&comma; proporcionando ventilaci\u00f3n para mantener todo fresco. \u00a1Haz del caos de cables una cosa del pasado con estilo y eficiencia gracias a las charolas tipo malla de CHAROFIL! <\/p>\n<\/p><\/div>\n<p> <!-- Caracter\u00edsticas Generales --> <\/p>\n<div style='margin-bottom: 30px;'>\n<h3 style='font-size: 22px; border-bottom: 2px solid currentColor; padding-bottom: 5px; margin-top: 0; color: inherit; opacity: 0.8;'>Caracter\u00edsticas Generales<\/h3>\n<ul style='padding-left: 20px; font-size: 15px; color: inherit;'>\n<li style='margin-bottom: 5px;'>Ancho: 150 mm.<\/li>\n<li style='margin-bottom: 5px;'>Peralte: 66 mm.<\/li>\n<li style='margin-bottom: 5px;'>Longitud de tramo: 3 m.<\/li>\n<\/ul><\/div>\n<p> <!-- Imagen dimensiones --> <\/p>\n<div style='margin-bottom: 30px;'> <img style='width: 100%; height: auto; border: 1px solid rgba(150&comma;150&comma;150&comma;0.3); border-radius: 8px;' src='https:\/\/ftp3.syscom.mx\/usuarios\/fotos\/MG50420EZ\/77199-peralte_ancho_y_largo.png' alt=''> <\/div>\n<p> <!-- Acabado Electro Zinc --> <\/p>\n<div style='margin-bottom: 30px;'>\n<h3 style='font-size: 22px; border-bottom: 2px solid currentColor; padding-bottom: 5px; margin-top: 0; color: inherit; opacity: 0.8;'>Acabado Electro Zinc (EZ) de 15 a 20 micras<\/h3>\n<p style='font-size: 15px; color: inherit;'> El Electro Zinc es un proceso por el cual se deposita sobre piezas met\u00e1licas una capa de zinc&comma; mediante corriente el\u00e9ctrica continua. Uso recomendado para interior. <\/p>\n<\/p><\/div>\n<p> <!-- Imagen carga de cables --> <\/p>\n<div style='margin-bottom: 30px; text-align: center;'>\n<p style='font-size: 15px; font-weight: bold; margin-bottom: 15px; color: inherit;'> Cantidad de carga de cables&comma; con Peralte 66 mm. <\/p>\n<p> <img style='width: 100%; height: auto; border: 1px solid rgba(150&comma;150&comma;150&comma;0.3); border-radius: 8px;' src='https:\/\/ftp3.syscom.mx\/usuarios\/fotos\/MG50430EZ\/77213-peralte_66_normal.jpg' alt=''> <\/div>\n<p> <!-- Cuantificador CHAROFIL --> <\/p>\n<div style='margin-bottom: 30px; text-align: center;'>\n<p style='font-size: 15px; color: inherit;'> Si Desea Calcular su material puede hacer click <a href='https:\/\/www.cuantificador.charofil-apps.com\/home' target='_blank' rel='noopener' style='color: inherit; text-decoration: underline; font-weight: bold;'>AQU\u00cd<\/a> para ir al Cuantificador CHAROFIL <\/p>\n<\/p><\/div>\n<p> <!-- Imagen cuantificador --> <\/p>\n<div style='margin-bottom: 30px;'> <img style='width: 100%; height: auto; border: 1px solid rgba(150&comma;150&comma;150&comma;0.3); border-radius: 8px;' src='https:\/\/ftp3.syscom.mx\/usuarios\/fotos\/MG50420EZ\/77199-imagen_cuantificador.jpg' alt=''> <\/div>\n<p> <!-- Ventajas competitivas --> <\/p>\n<div style='margin-bottom: 30px;'> <img style='width: 100%; height: auto; border: 1px solid rgba(150&comma;150&comma;150&comma;0.3); border-radius: 8px;' src='https:\/\/ftp3.syscom.mx\/usuarios\/fotos\/MG50420EZ\/77199-banner_medio_charofil_(ventajas_competitivas).jpg' alt=''> <\/div>\n<p> <!-- Banner final --> <\/p>\n<div style='margin-bottom: 30px;'> <img style='width: 100%; height: auto; border: 1px solid rgba(150&comma;150&comma;150&comma;0.3); border-radius: 8px;' src='https:\/\/ftp3.syscom.mx\/usuarios\/fotos\/MG50420EZ\/77199-banner_abajo_charofil.png' alt=''> <\/div>\n<\/p><\/div>\n","protected":false},"excerpt":{"rendered":"<p>Charola Tipo Malla 66\/150 mm, Acabado Electro Zinc, Hasta 158 Cables Cat6, Tramo de 3 Metros<\/p>\n","protected":false},"featured_media":115659,"comment_status":"open","ping_status":"closed","template":"","meta":[],"product_brand":[],"product_cat":[628],"product_tag":[580,593,629],"class_list":{"0":"post-115660","1":"product","2":"type-product","3":"status-publish","4":"has-post-thumbnail","6":"product_cat-charolas-tipo-malla","7":"product_tag-charofil","8":"product_tag-charola","9":"product_tag-charolas-tipo-malla","11":"first","12":"instock","13":"sale","14":"shipping-taxable","15":"purchasable","16":"product-type-simple"},"_links":{"self":[{"href":"https:\/\/soydeaqui.ddns.net\/pachuca\/index.php\/wp-json\/wp\/v2\/product\/115660","targetHints":{"allow":["GET"]}}],"collection":[{"href":"https:\/\/soydeaqui.ddns.net\/pachuca\/index.php\/wp-json\/wp\/v2\/product"}],"about":[{"href":"https:\/\/soydeaqui.ddns.net\/pachuca\/index.php\/wp-json\/wp\/v2\/types\/product"}],"replies":[{"embeddable":true,"href":"https:\/\/soydeaqui.ddns.net\/pachuca\/index.php\/wp-json\/wp\/v2\/comments?post=115660"}],"wp:featuredmedia":[{"embeddable":true,"href":"https:\/\/soydeaqui.ddns.net\/pachuca\/index.php\/wp-json\/wp\/v2\/media\/115659"}],"wp:attachment":[{"href":"https:\/\/soydeaqui.ddns.net\/pachuca\/index.php\/wp-json\/wp\/v2\/media?parent=115660"}],"wp:term":[{"taxonomy":"product_brand","embeddable":true,"href":"https:\/\/soydeaqui.ddns.net\/pachuca\/index.php\/wp-json\/wp\/v2\/product_brand?post=115660"},{"taxonomy":"product_cat","embeddable":true,"href":"https:\/\/soydeaqui.ddns.net\/pachuca\/index.php\/wp-json\/wp\/v2\/product_cat?post=115660"},{"taxonomy":"product_tag","embeddable":true,"href":"https:\/\/soydeaqui.ddns.net\/pachuca\/index.php\/wp-json\/wp\/v2\/product_tag?post=115660"}],"curies":[{"name":"wp","href":"https:\/\/api.w.org\/{rel}","templated":true}]}}