{"id":115576,"date":"2026-03-24T01:28:44","date_gmt":"2026-03-24T01:28:44","guid":{"rendered":"https:\/\/soydeaqui.ddns.net\/pachuca\/index.php\/producto\/charola-tipo-malla-66-200-mm-acabado-electro-zinc-hasta-210-cables-cat6-tramo-de-3-metros\/"},"modified":"2026-03-24T01:28:55","modified_gmt":"2026-03-24T01:28:55","slug":"charola-tipo-malla-66-200-mm-acabado-electro-zinc-hasta-210-cables-cat6-tramo-de-3-metros","status":"publish","type":"product","link":"https:\/\/soydeaqui.ddns.net\/pachuca\/index.php\/producto\/charola-tipo-malla-66-200-mm-acabado-electro-zinc-hasta-210-cables-cat6-tramo-de-3-metros\/","title":{"rendered":"Charola Tipo Malla 66\/200 mm, Acabado Electro Zinc, Hasta 210 Cables Cat6, Tramo de 3 Metros"},"content":{"rendered":"<div style='width: 100%; max-width: 1200px; margin: 0 auto; font-family: sans-serif; line-height: 1.6; color: inherit;'>\n<div style='width: 100%; margin-bottom: 30px;'> <img style='width: 100%; height: auto; border: 1px solid rgba(150&comma;150&comma;150&comma;0.3); border-radius: 8px;' src='https:\/\/ftp3.syscom.mx\/usuarios\/fotos\/MG50420EZ\/77199-banner_arriba_charofil.jpg' alt=''> <\/div>\n<div style='margin-bottom: 30px;'>\n<p style='font-size: 16px; color: inherit;'>Descubra la mejor manera para dise\u00f1ar su cableado estructurado de manera impecable y organizado: con las charolas tipo malla CHAROFIL. Estas maravillas met\u00e1licas no solo mantienen tus cables en l\u00ednea&comma; sino que tambi\u00e9n ofrecen acceso f\u00e1cil para cambios y reparaciones. Imagina una red de orden en tus techos y paredes&comma; proporcionando ventilaci\u00f3n para mantener todo fresco. \u00a1Haz del caos de cables una cosa del pasado con estilo y eficiencia gracias a las charolas tipo malla de CHAROFIL!<\/p>\n<\/p><\/div>\n<div style='display: flex; flex-wrap: wrap; gap: 30px; margin-bottom: 30px;'>\n<div style='flex: 1 1 300px; min-width: 280px;'>\n<h3 style='font-size: 22px; border-bottom: 2px solid currentColor; padding-bottom: 5px; margin-top: 0; color: inherit; opacity: 0.8;'>Caracter\u00edsticas Generales<\/h3>\n<ul style='padding-left: 20px; font-size: 15px; color: inherit;'>\n<li style='margin-bottom: 5px;'>Ancho: 200 mm<\/li>\n<li style='margin-bottom: 5px;'>Peralte: 66 mm<\/li>\n<li style='margin-bottom: 5px;'>Longitud de tramo: 3 m<\/li>\n<\/ul><\/div>\n<\/p><\/div>\n<div style='width: 100%; margin-bottom: 30px;'> <img style='width: 100%; height: auto; border: 1px solid rgba(150&comma;150&comma;150&comma;0.3); border-radius: 8px;' src='https:\/\/ftp3.syscom.mx\/usuarios\/fotos\/MG50420EZ\/77199-peralte_ancho_y_largo.png' alt=''> <\/div>\n<div style='display: flex; flex-wrap: wrap; gap: 30px; margin-bottom: 30px;'>\n<div style='flex: 1 1 300px; min-width: 280px;'>\n<h3 style='font-size: 22px; border-bottom: 2px solid currentColor; padding-bottom: 5px; margin-top: 0; color: inherit; opacity: 0.8;'>Normas de Referencia y Certificaciones<\/h3>\n<div style='display: flex; flex-wrap: wrap; gap: 10px; justify-content: center; margin-top: 15px;'> <img style='width: auto; height: 100px; border: 1px solid rgba(150&comma;150&comma;150&comma;0.3); border-radius: 8px;' src='https:\/\/lh7-us.googleusercontent.com\/vI6iXNozuXsW64gF9Zsbn4SXxH61KGeaaHfodkbSLuHSLCJcu5zBsrJR9Rx1nFvXZGLIBBeF7XGmc8EqTW7PV8U3ZExvFPQzvo7di_IuGojI--uTn43HzqBWO4KkguqymnYe9lt5EjIcAFWdUDRYvOr_tA=s2048' alt='Resultado de imagen para ance logo png'> <img style='width: auto; height: 100px; border: 1px solid rgba(150&comma;150&comma;150&comma;0.3); border-radius: 8px;' src='https:\/\/lh7-us.googleusercontent.com\/UA82Ohw0wljdS3tGYLzdQdpgW8R5D50522_GZXTtmUzcedxJITLz6qdoGpyVHYy7WGczkhyma3vIaRMixa9DnmhS9ZnYEcFea6C_gNGKyIikQ6xYT9_568elFd6cekjW0ddo1-GjoIBDjSDBl9NbmmoMRA=s2048' alt='Imagen relacionada'> <img style='width: auto; height: 100px; border: 1px solid rgba(150&comma;150&comma;150&comma;0.3); border-radius: 8px;' src='https:\/\/lh7-us.googleusercontent.com\/I6OuoMlDENTNGpBkZ_5tH9OkEECAFgQLrwsum1JQloDI_OQFKrKtsmKCFAmPmkoAbNOkps20WZRvVOBbEEi6bQKmYQAaMyECIzO2m2VtWvTPM1ZFWU9aFMP7dcxyls3FMJkOsw6iPG61BZFkay6rkW0zIQ=s2048' alt=''> <img style='width: auto; height: 100px; border: 1px solid rgba(150&comma;150&comma;150&comma;0.3); border-radius: 8px;' src='https:\/\/lh7-us.googleusercontent.com\/ebIBBTTaQWk3DQ3gjAl0eYCUPdnEYeoZHSbGg7VRJvnVpASRErI7V03XMhJ1LnvYI6gr16Xk2Iz0cJfMuE9Zq1Gk5tDlwa6Zgf0mXYcoDcWAHsOMO5fmV18WpvJVsITV981NUVrmfGZU4qRP5o3bv3P31g=s2048' alt=''> <img style='width: auto; height: 100px; border: 1px solid rgba(150&comma;150&comma;150&comma;0.3); border-radius: 8px;' src='https:\/\/lh7-us.googleusercontent.com\/Gszgd9rwvH8wTxEPNhQAAlE9Mygws6MTlIYl11g9VKix3uKzXStf0sSijU3rZMlsx6hzrNEXXly4BCYqCB_TTSi58lz5Lsprct5uWH2FUimCXj7p-WyZ3OWqwDz4cKhAWABVFJa0c9B3Syb88AruR9fSJw=s2048' alt=''> <img style='width: auto; height: 100px; border: 1px solid rgba(150&comma;150&comma;150&comma;0.3); border-radius: 8px;' src='https:\/\/lh7-us.googleusercontent.com\/SQxHquTgDdDarsiPU1OWu7ueFpRrTXcapAClJlOVBs-OLfgYzWZUeEGVK116rh2Fj9Y8Xzz-V2BCNQfrVBXzgyWkB_bJT23YppTXhDOdXkrEow8aD5sbZOmVNcC72KVpvqJaqgAaMnQBhIsxUU5SO1wnSQ=s2048' alt=''> <img style='width: auto; height: 100px; border: 1px solid rgba(150&comma;150&comma;150&comma;0.3); border-radius: 8px;' src='https:\/\/lh7-us.googleusercontent.com\/KCBzXcscfnca95X8uZfqYOIqS4hNd_BaZUTptMJOjX0kRXOYykJHllblw_iaQQVueTdU8m2_2nNhkAHe7xu9f157Zu8VsfuC0A7MpMj34MDq3Cg7_1TVrxYjht4OLcctvL3tP7Fywpa3YGdc8kNlaeGAfw=s2048' alt=''> <\/div>\n<\/p><\/div>\n<\/p><\/div>\n<div style='margin-bottom: 30px;'>\n<h3 style='font-size: 22px; border-bottom: 2px solid currentColor; padding-bottom: 5px; margin-top: 0; color: inherit; opacity: 0.8;'>Acabado Electro Zinc (EZ)<\/h3>\n<p style='font-size: 15px; color: inherit;'>El Electro Zinc es un proceso por el cual se deposita sobre piezas met\u00e1licas una capa de zinc&comma; mediante corriente el\u00e9ctrica continua. Uso recomendado para interior.<\/p>\n<\/p><\/div>\n<div style='width: 100%; margin-bottom: 30px;'>\n<h3 style='font-size: 22px; border-bottom: 2px solid currentColor; padding-bottom: 5px; margin-top: 0; color: inherit; opacity: 0.8; text-align: center;'>Cantidad de carga de cables&comma; con Peralte 66 mm<\/h3>\n<p> <img style='width: 100%; height: auto; border: 1px solid rgba(150&comma;150&comma;150&comma;0.3); border-radius: 8px;' src='https:\/\/ftp3.syscom.mx\/usuarios\/fotos\/MG50430EZ\/77213-peralte_66_normal.jpg' alt=''> <\/div>\n<div style='margin-bottom: 30px; text-align: center;'>\n<p style='font-size: 15px; color: inherit;'>Si Desea Calcular su material puede hacer click <a href='https:\/\/www.cuantificador.charofil-apps.com\/home' target='_blank' rel='noopener' style='color: inherit; text-decoration: underline;'>AQU\u00cd<\/a> para ir al Cuantificador CHAROFIL<\/p>\n<\/p><\/div>\n<div style='width: 100%; margin-bottom: 30px;'> <img style='width: 100%; height: auto; border: 1px solid rgba(150&comma;150&comma;150&comma;0.3); border-radius: 8px;' src='https:\/\/ftp3.syscom.mx\/usuarios\/fotos\/MG50420EZ\/77199-imagen_cuantificador.jpg' alt=''> <\/div>\n<div style='width: 100%; margin-bottom: 30px;'> <img style='width: 100%; height: auto; border: 1px solid rgba(150&comma;150&comma;150&comma;0.3); border-radius: 8px;' src='https:\/\/ftp3.syscom.mx\/usuarios\/fotos\/MG50420EZ\/77199-banner_medio_charofil_(ventajas_competitivas).jpg' alt=''> <\/div>\n<div style='width: 100%; margin-bottom: 0;'> <img style='width: 100%; height: auto; border: 1px solid rgba(150&comma;150&comma;150&comma;0.3); border-radius: 8px;' src='https:\/\/ftp3.syscom.mx\/usuarios\/fotos\/MG50420EZ\/77199-banner_abajo_charofil.png' alt=''> <\/div>\n<\/p><\/div>\n","protected":false},"excerpt":{"rendered":"<p>Charola Tipo Malla 66\/200 mm, Acabado Electro Zinc, Hasta 210 Cables Cat6, Tramo de 3 Metros<\/p>\n","protected":false},"featured_media":115575,"comment_status":"open","ping_status":"closed","template":"","meta":[],"product_brand":[],"product_cat":[628],"product_tag":[580,593,629],"class_list":{"0":"post-115576","1":"product","2":"type-product","3":"status-publish","4":"has-post-thumbnail","6":"product_cat-charolas-tipo-malla","7":"product_tag-charofil","8":"product_tag-charola","9":"product_tag-charolas-tipo-malla","11":"first","12":"instock","13":"sale","14":"shipping-taxable","15":"purchasable","16":"product-type-simple"},"_links":{"self":[{"href":"https:\/\/soydeaqui.ddns.net\/pachuca\/index.php\/wp-json\/wp\/v2\/product\/115576","targetHints":{"allow":["GET"]}}],"collection":[{"href":"https:\/\/soydeaqui.ddns.net\/pachuca\/index.php\/wp-json\/wp\/v2\/product"}],"about":[{"href":"https:\/\/soydeaqui.ddns.net\/pachuca\/index.php\/wp-json\/wp\/v2\/types\/product"}],"replies":[{"embeddable":true,"href":"https:\/\/soydeaqui.ddns.net\/pachuca\/index.php\/wp-json\/wp\/v2\/comments?post=115576"}],"wp:featuredmedia":[{"embeddable":true,"href":"https:\/\/soydeaqui.ddns.net\/pachuca\/index.php\/wp-json\/wp\/v2\/media\/115575"}],"wp:attachment":[{"href":"https:\/\/soydeaqui.ddns.net\/pachuca\/index.php\/wp-json\/wp\/v2\/media?parent=115576"}],"wp:term":[{"taxonomy":"product_brand","embeddable":true,"href":"https:\/\/soydeaqui.ddns.net\/pachuca\/index.php\/wp-json\/wp\/v2\/product_brand?post=115576"},{"taxonomy":"product_cat","embeddable":true,"href":"https:\/\/soydeaqui.ddns.net\/pachuca\/index.php\/wp-json\/wp\/v2\/product_cat?post=115576"},{"taxonomy":"product_tag","embeddable":true,"href":"https:\/\/soydeaqui.ddns.net\/pachuca\/index.php\/wp-json\/wp\/v2\/product_tag?post=115576"}],"curies":[{"name":"wp","href":"https:\/\/api.w.org\/{rel}","templated":true}]}}