{"id":115552,"date":"2026-03-24T01:27:26","date_gmt":"2026-03-24T01:27:26","guid":{"rendered":"https:\/\/soydeaqui.ddns.net\/pachuca\/index.php\/producto\/bobina-de-1000-metros-3280-84-pies-cable-cat6-calibre-23-alto-desempeo-etl-ul-color-azul-super-flexible-de-1000-metros-3280-84-pies-para-aplicaciones-de-cctv-video-hd-y-redes-de-datos\/"},"modified":"2026-03-24T01:27:40","modified_gmt":"2026-03-24T01:27:40","slug":"bobina-de-1000-metros-3280-84-pies-cable-cat6-calibre-23-alto-desempeo-etl-ul-color-azul-super-flexible-de-1000-metros-3280-84-pies-para-aplicaciones-de-cctv-video-hd-y-redes-de-datos","status":"publish","type":"product","link":"https:\/\/soydeaqui.ddns.net\/pachuca\/index.php\/producto\/bobina-de-1000-metros-3280-84-pies-cable-cat6-calibre-23-alto-desempeo-etl-ul-color-azul-super-flexible-de-1000-metros-3280-84-pies-para-aplicaciones-de-cctv-video-hd-y-redes-de-datos\/","title":{"rendered":"Bobina de 1000 Metros (3280.84 Pies) Cable Cat6+ Calibre 23 Alto Desempe?o, ETL, UL, Color Azul, Super Flexible, de 1000 Metros (3280.84 Pies), para Aplicaciones de CCTV, Video HD, y Redes de Datos"},"content":{"rendered":"<div style='width: 100%; max-width: 1200px; margin: 0 auto; font-family: sans-serif; line-height: 1.6; color: inherit; background-color: transparent;'>\n<h2 style='font-size: 24px; color: inherit; margin-top: 0; margin-bottom: 15px; border-bottom: 2px solid currentColor; padding-bottom: 5px; opacity: 0.9;'>Cable de alto desempe\u00f1o super flexible<\/h2>\n<div style='display: flex; flex-wrap: wrap; gap: 30px; margin-bottom: 30px;'>\n<div style='flex: 1 1 300px; min-width: 280px;'>\n<h3 style='font-size: 20px; border-bottom: 2px solid currentColor; padding-bottom: 5px; margin-top: 0; color: inherit; opacity: 0.8;'>Caracter\u00edsticas<\/h3>\n<ul style='padding-left: 20px; font-size: 15px; color: inherit;'>\n<li style='margin-bottom: 5px;'>CCTV IP Megapixel \/ Instalaciones de video an\u00e1logo \/ Redes locales de alta velocidad<\/li>\n<li style='margin-bottom: 5px;'>Redes inal\u00e1mbricas<\/li>\n<li style='margin-bottom: 5px;'>Para aplicaciones de alta velocidad de datos&comma; Fast Ethernet y Gigabit Ethernet.<\/li>\n<li style='margin-bottom: 5px;'>Instalaciones Gigabit de voz\/datos.<\/li>\n<\/ul><\/div>\n<div style='flex: 1 1 300px; min-width: 280px;'>\n<h3 style='font-size: 20px; border-bottom: 2px solid currentColor; padding-bottom: 5px; margin-top: 0; color: inherit; opacity: 0.8;'>Caracter\u00edsticas F\u00edsicas y El\u00e9ctricas<\/h3>\n<ul style='padding-left: 20px; font-size: 15px; color: inherit;'>\n<li style='margin-bottom: 5px;'><strong>Conductor:<\/strong> 100% Cobre.<\/li>\n<li style='margin-bottom: 5px;'><strong>Aplicaci\u00f3n:<\/strong> Interior<\/li>\n<li style='margin-bottom: 5px;'><strong>Color Exterior:<\/strong> Azul.<\/li>\n<li style='margin-bottom: 5px;'><strong>Calibre:<\/strong> 23 ALTO RENDIMIENTO.<\/li>\n<li style='margin-bottom: 5px;'><strong>Aislamiento:<\/strong> PVC (CM)<\/li>\n<li style='margin-bottom: 5px;'><strong>Blindaje:<\/strong> Sin blindaje.<\/li>\n<li style='margin-bottom: 5px;'><strong>Di\u00e1metro:<\/strong> 6.1 mm.<\/li>\n<li style='margin-bottom: 5px;'><strong>Frecuencia:<\/strong> 250 MHz<\/li>\n<\/ul><\/div>\n<div style='flex: 1 1 300px; min-width: 280px;'>\n<h3 style='font-size: 20px; border-bottom: 2px solid currentColor; padding-bottom: 5px; margin-top: 0; color: inherit; opacity: 0.8;'>Estandares y certificaciones<\/h3>\n<ul style='padding-left: 20px; font-size: 15px; color: inherit;'>\n<li style='margin-bottom: 5px;'>UL: E488955<\/li>\n<li style='margin-bottom: 5px;'>ANSI\/TIA-568-C.2<\/li>\n<li style='margin-bottom: 5px;'>ISO\/IEC<\/li>\n<li style='margin-bottom: 5px;'>CENELEC EN.<\/li>\n<li style='margin-bottom: 5px;'>RoHS<\/li>\n<li style='margin-bottom: 5px;'>Cumple con las Pruebas de Rendimiento para Enlace Permanente a 90 metros<\/li>\n<\/ul><\/div>\n<\/p><\/div>\n<div style='text-align: center; margin: 30px 0;'> <img style='width: 100%; max-width: 500px; height: auto; border: 1px solid rgba(150&comma;150&comma;150&comma;0.3); border-radius: 8px;' src='https:\/\/ftp3.syscom.mx\/usuarios\/jmolinar\/JonathanMolinar\/Camaras\/Ocultas\/LINKEDPROUL.jpg' alt=''> <\/div>\n<div style='text-align: center; margin: 30px 0;'> <img style='width: 100%; max-width: 800px; height: auto; border: 1px solid rgba(150&comma;150&comma;150&comma;0.3); border-radius: 8px;' src='https:\/\/ftp3.syscom.mx\/usuarios\/ccasares\/CCTV\/Guia%20rapida%20de%20seleccion%20de%20cable.jpg' alt=''> <\/div>\n<div style='margin: 30px 0; text-align: center; font-size: 16px; font-weight: bold; color: inherit;'> *Precio por bobina de 1000 mts <\/div>\n<div style='display: flex; flex-wrap: wrap; gap: 30px; justify-content: center; margin-top: 30px;'>\n<div style='width: 100%; max-width: 560px; aspect-ratio: 16 \/ 9; position: relative;'>   <\/div>\n<div style='width: 100%; max-width: 560px; aspect-ratio: 16 \/ 9; position: relative;'>   <\/div>\n<\/p><\/div>\n<hr style='border: 0; border-top: 1px solid rgba(150&comma; 150&comma; 150&comma; 0.3); margin: 30px 0;'> <\/div>\n","protected":false},"excerpt":{"rendered":"<p>Bobina de 1000 Metros (3280.84 Pies) Cable Cat6+ Calibre 23 Alto Desempe?o, ETL, UL, Color Azul, Super Flexible, de 1000 Metros (3280.84 Pies), para Aplicaciones de CCTV, Video HD, y Redes de Datos<\/p>\n","protected":false},"featured_media":115551,"comment_status":"open","ping_status":"closed","template":"","meta":[],"product_brand":[],"product_cat":[576],"product_tag":[488,577,435],"class_list":{"0":"post-115552","1":"product","2":"type-product","3":"status-publish","4":"has-post-thumbnail","6":"product_cat-categoria-6","7":"product_tag-cables-y-conectores","8":"product_tag-categoria-6","9":"product_tag-linkedpro-by-epcom","11":"first","12":"outofstock","13":"sale","14":"shipping-taxable","15":"purchasable","16":"product-type-simple"},"_links":{"self":[{"href":"https:\/\/soydeaqui.ddns.net\/pachuca\/index.php\/wp-json\/wp\/v2\/product\/115552","targetHints":{"allow":["GET"]}}],"collection":[{"href":"https:\/\/soydeaqui.ddns.net\/pachuca\/index.php\/wp-json\/wp\/v2\/product"}],"about":[{"href":"https:\/\/soydeaqui.ddns.net\/pachuca\/index.php\/wp-json\/wp\/v2\/types\/product"}],"replies":[{"embeddable":true,"href":"https:\/\/soydeaqui.ddns.net\/pachuca\/index.php\/wp-json\/wp\/v2\/comments?post=115552"}],"wp:featuredmedia":[{"embeddable":true,"href":"https:\/\/soydeaqui.ddns.net\/pachuca\/index.php\/wp-json\/wp\/v2\/media\/115551"}],"wp:attachment":[{"href":"https:\/\/soydeaqui.ddns.net\/pachuca\/index.php\/wp-json\/wp\/v2\/media?parent=115552"}],"wp:term":[{"taxonomy":"product_brand","embeddable":true,"href":"https:\/\/soydeaqui.ddns.net\/pachuca\/index.php\/wp-json\/wp\/v2\/product_brand?post=115552"},{"taxonomy":"product_cat","embeddable":true,"href":"https:\/\/soydeaqui.ddns.net\/pachuca\/index.php\/wp-json\/wp\/v2\/product_cat?post=115552"},{"taxonomy":"product_tag","embeddable":true,"href":"https:\/\/soydeaqui.ddns.net\/pachuca\/index.php\/wp-json\/wp\/v2\/product_tag?post=115552"}],"curies":[{"name":"wp","href":"https:\/\/api.w.org\/{rel}","templated":true}]}}