{"id":11545,"date":"2026-03-18T07:51:26","date_gmt":"2026-03-18T07:51:26","guid":{"rendered":"https:\/\/soydeaqui.ddns.net\/pachuca\/index.php\/producto\/jumper-de-fibra-ptica-multimodo-50-125-xglo-om3-lc-sc-duplex-ofnr-color-aqua-1-metro-3-28-pies\/"},"modified":"2026-03-18T07:51:27","modified_gmt":"2026-03-18T07:51:27","slug":"jumper-de-fibra-ptica-multimodo-50-125-xglo-om3-lc-sc-duplex-ofnr-color-aqua-1-metro-3-28-pies","status":"publish","type":"product","link":"https:\/\/soydeaqui.ddns.net\/pachuca\/index.php\/producto\/jumper-de-fibra-ptica-multimodo-50-125-xglo-om3-lc-sc-duplex-ofnr-color-aqua-1-metro-3-28-pies\/","title":{"rendered":"Jumper de Fibra ?ptica Multimodo 50\/125 XGLO OM3, LC-SC Duplex, OFNR, Color Aqua, 1 Metro (3.28 Pies)"},"content":{"rendered":"<div style='width: 100%; max-width: 1200px; margin: 0 auto; font-family: sans-serif; line-height: 1.6; color: inherit; background-color: transparent;'> <!-- Descripci\u00f3n general --> <\/p>\n<div style='margin-bottom: 30px;'>\n<h2 style='font-size: 20px; border-bottom: 2px solid currentColor; padding-bottom: 8px; margin-top: 0; color: inherit; opacity: 0.85;'>Descripci\u00f3n General<\/h2>\n<p style='font-size: 15px; color: inherit; margin-bottom: 15px;'> Los cables de Fibra \u00d3ptica XGLO son ideales para aplicaciones de fibra con soporte de 10 Gigabits a trav\u00e9s de distancias extendidas y redes troncales de pr\u00f3xima generaci\u00f3n. La fibra \u00f3ptica cumple con los est\u00e1ndares IEEE 802.3 para Ethernet 10 Gigabit&comma; IEC-60793-2-10 y TIA-492AAAC (OM3)&comma; TIA-492AAAD (OM4) para especificaciones de ancho de banda diferencial de modo (DMD). Ofrece un pulido de conector superior que cumple con especificaciones estrictas de Telcordia y ISO\/IEC para geometr\u00eda de extremo y excede todos los requisitos ANSI\/TIA e ISO\/IEC de p\u00e9rdida de inserci\u00f3n y p\u00e9rdida de retorno. <\/p>\n<\/p><\/div>\n<p> <!-- Caracter\u00edsticas principales --> <\/p>\n<div style='margin-bottom: 30px;'>\n<h2 style='font-size: 20px; border-bottom: 2px solid currentColor; padding-bottom: 8px; margin-top: 0; color: inherit; opacity: 0.85;'>Caracter\u00edsticas Principales<\/h2>\n<ul style='padding-left: 20px; font-size: 15px; color: inherit; list-style-type: disc;'>\n<li style='margin-bottom: 8px;'>Soporte para 10 Gigabits en distancias extendidas<\/li>\n<li style='margin-bottom: 8px;'>Cumple con est\u00e1ndar IEEE 802.3 para fibra \u00f3ptica<\/li>\n<li style='margin-bottom: 8px;'>Compatible con IEC-60793-2-10 y TIA-492AAAC (OM3)&comma; TIA-492AAAD (OM4)<\/li>\n<li style='margin-bottom: 8px;'>Optimizado para redes troncales de pr\u00f3xima generaci\u00f3n<\/li>\n<li style='margin-bottom: 8px;'>Especificaciones de alto rendimiento OM3 y OM4<\/li>\n<li style='margin-bottom: 8px;'>Cable con n\u00facleo optimizado para reducir impurezas&comma; asegurando transmisi\u00f3n robusta de Ethernet 10 Gigabit<\/li>\n<li style='margin-bottom: 8px;'>Cumple con requisitos de envejecimiento&comma; exposici\u00f3n a humedad&comma; temperaturas extremas&comma; impacto&comma; vibraci\u00f3n&comma; resistencia de acoplamiento y resistencia al estr\u00e9s<\/li>\n<li style='margin-bottom: 8px;'>Conectores multimodo con color beige y chaqueta color aqua<\/li>\n<li style='margin-bottom: 8px;'>Capuchones de polvo incluidos para proteger el pulido de los conectores<\/li>\n<\/ul><\/div>\n<p> <!-- Especificaciones t\u00e9cnicas --> <\/p>\n<div style='margin-bottom: 30px;'>\n<h2 style='font-size: 20px; border-bottom: 2px solid currentColor; padding-bottom: 8px; margin-top: 0; color: inherit; opacity: 0.85;'>Especificaciones T\u00e9cnicas<\/h2>\n<div style='display: flex; flex-wrap: wrap; gap: 20px; margin-top: 20px;'> <!-- OM3 --> <\/p>\n<div style='flex: 1 1 300px; border: 1px solid rgba(150&comma; 150&comma; 150&comma; 0.4); border-radius: 8px; overflow: hidden;'>\n<div style='padding: 15px; border-bottom: 1px solid rgba(150&comma; 150&comma; 150&comma; 0.2); font-weight: bold; font-size: 18px; color: inherit;'>Multimodo OM3<\/div>\n<div style='padding: 15px; color: inherit;'>\n<ul style='padding-left: 20px; margin: 0; font-size: 14px; list-style-type: disc;'>\n<li style='margin-bottom: 5px;'><strong>Longitud de onda:<\/strong> 850nm<\/li>\n<li style='margin-bottom: 5px;'><strong>Ancho de banda m\u00ednimo (MHz.km):<\/strong> 1500 (OFL)<\/li>\n<li style='margin-bottom: 5px;'><strong>P\u00e9rdida de inserci\u00f3n m\u00e1xima (dB):<\/strong> 0.25 (0.10 t\u00edpico)<\/li>\n<li style='margin-bottom: 5px;'><strong>P\u00e9rdida de retorno m\u00ednima (dB):<\/strong> 30 (35 t\u00edpico)<\/li>\n<\/ul><\/div>\n<\/p><\/div>\n<p> <!-- OM4 --> <\/p>\n<div style='flex: 1 1 300px; border: 1px solid rgba(150&comma; 150&comma; 150&comma; 0.4); border-radius: 8px; overflow: hidden;'>\n<div style='padding: 15px; border-bottom: 1px solid rgba(150&comma; 150&comma; 150&comma; 0.2); font-weight: bold; font-size: 18px; color: inherit;'>Multimodo OM4<\/div>\n<div style='padding: 15px; color: inherit;'>\n<ul style='padding-left: 20px; margin: 0; font-size: 14px; list-style-type: disc;'>\n<li style='margin-bottom: 5px;'><strong>Longitud de onda:<\/strong> 850nm (Laser Bandwidth)<\/li>\n<li style='margin-bottom: 5px;'><strong>Ancho de banda m\u00ednimo (MHz.km):<\/strong> 2000 (EMB)<\/li>\n<li style='margin-bottom: 5px;'><strong>P\u00e9rdida de inserci\u00f3n m\u00e1xima (dB):<\/strong> 0.40 (0.10 t\u00edpico)<\/li>\n<li style='margin-bottom: 5px;'><strong>P\u00e9rdida de retorno m\u00ednima (dB):<\/strong> 30 (35 t\u00edpico)<\/li>\n<\/ul><\/div>\n<\/p><\/div>\n<p> <!-- OS2 --> <\/p>\n<div style='flex: 1 1 300px; border: 1px solid rgba(150&comma; 150&comma; 150&comma; 0.4); border-radius: 8px; overflow: hidden;'>\n<div style='padding: 15px; border-bottom: 1px solid rgba(150&comma; 150&comma; 150&comma; 0.2); font-weight: bold; font-size: 18px; color: inherit;'>Monomodo OS2<\/div>\n<div style='padding: 15px; color: inherit;'>\n<ul style='padding-left: 20px; margin: 0; font-size: 14px; list-style-type: disc;'>\n<li style='margin-bottom: 5px;'><strong>Longitud de onda:<\/strong> 1310\/1550nm<\/li>\n<li style='margin-bottom: 5px;'><strong>Ancho de banda m\u00ednimo (MHz.km):<\/strong> N\/A<\/li>\n<li style='margin-bottom: 5px;'><strong>P\u00e9rdida de inserci\u00f3n m\u00e1xima (dB):<\/strong> 0.25 (0.10 t\u00edpico)<\/li>\n<li style='margin-bottom: 5px;'><strong>P\u00e9rdida de retorno m\u00ednima (dB):<\/strong> 55 (60 t\u00edpico)<\/li>\n<\/ul><\/div>\n<\/p><\/div>\n<\/p><\/div>\n<\/p><\/div>\n<p> <!-- Detalles del producto --> <\/p>\n<div style='margin-bottom: 30px;'>\n<h2 style='font-size: 20px; border-bottom: 2px solid currentColor; padding-bottom: 8px; margin-top: 0; color: inherit; opacity: 0.85;'>Detalles del Producto<\/h2>\n<div style='display: flex; flex-wrap: wrap; gap: 20px; margin-top: 20px;'>\n<div style='flex: 1 1 300px; min-width: 250px;'>\n<ul style='padding-left: 20px; font-size: 15px; color: inherit; list-style-type: disc;'>\n<li style='margin-bottom: 8px;'><strong>Est\u00e1ndares:<\/strong> IEEE 802.3&comma; IEC-60793-2-10&comma; TIA-492AAAC (OM3)&comma; TIA-492AAAD (OM4)<\/li>\n<li style='margin-bottom: 8px;'><strong>Clasificaci\u00f3n de cable:<\/strong> OFNR (Riser)<\/li>\n<li style='margin-bottom: 8px;'><strong>Material del conector:<\/strong> Zirconia<\/li>\n<li style='margin-bottom: 8px;'><strong>Garant\u00eda:<\/strong> 20 a\u00f1os<\/li>\n<\/ul><\/div>\n<div style='flex: 1 1 300px; min-width: 250px;'>\n<ul style='padding-left: 20px; font-size: 15px; color: inherit; list-style-type: disc;'>\n<li style='margin-bottom: 8px;'><strong>Di\u00e1metro de fibra:<\/strong> 50\/125\u00b5m<\/li>\n<li style='margin-bottom: 8px;'><strong>Color de chaqueta:<\/strong> Aqua (multimodo)&comma; Amarillo (monomodo)<\/li>\n<li style='margin-bottom: 8px;'><strong>Tipos de conectores:<\/strong> LC&comma; SC&comma; ST<\/li>\n<li style='margin-bottom: 8px;'><strong>Longitudes disponibles:<\/strong> 1m&comma; 2m&comma; 3m&comma; 5m<\/li>\n<\/ul><\/div>\n<\/p><\/div>\n<\/p><\/div>\n<p> <!-- Aplicaciones --> <\/p>\n<div style='margin-bottom: 30px;'>\n<h2 style='font-size: 20px; border-bottom: 2px solid currentColor; padding-bottom: 8px; margin-top: 0; color: inherit; opacity: 0.85;'>Aplicaciones<\/h2>\n<ul style='padding-left: 20px; font-size: 15px; color: inherit; list-style-type: disc;'>\n<li style='margin-bottom: 8px;'>Redes de datos de alta velocidad<\/li>\n<li style='margin-bottom: 8px;'>Centros de datos y redes troncales<\/li>\n<li style='margin-bottom: 8px;'>Sistemas de telecomunicaciones<\/li>\n<li style='margin-bottom: 8px;'>Redes empresariales de nueva generaci\u00f3n<\/li>\n<\/ul><\/div>\n<p> <!-- Informaci\u00f3n de empaque --> <\/p>\n<div style='margin-bottom: 30px;'>\n<h2 style='font-size: 20px; border-bottom: 2px solid currentColor; padding-bottom: 8px; margin-top: 0; color: inherit; opacity: 0.85;'>Informaci\u00f3n de Empaque<\/h2>\n<p style='font-size: 15px; color: inherit; margin-bottom: 15px;'> <strong>Empaque est\u00e1ndar:<\/strong> Los jumpers est\u00e1n disponibles en empaque individual. Para opciones de empaque en bulk&comma; eliminar los guiones &#8216;-&#8216; y agregar &#8216;B&#8217; al final del n\u00famero de parte para obtener un paquete de 100 jumpers (10 por bolsa). <\/p>\n<\/p><\/div>\n<p> <!-- Notas importantes --> <\/p>\n<div style='margin-bottom: 30px;'>\n<h2 style='font-size: 20px; border-bottom: 2px solid currentColor; padding-bottom: 8px; margin-top: 0; color: inherit; opacity: 0.85;'>Notas Importantes<\/h2>\n<ul style='padding-left: 20px; font-size: 15px; color: inherit; list-style-type: disc;'>\n<li style='margin-bottom: 8px;'>La informaci\u00f3n t\u00e9cnica est\u00e1 sujeta a cambios sin previo aviso<\/li>\n<li style='margin-bottom: 8px;'>Para longitudes personalizadas y colores de chaqueta&comma; contactar al departamento de servicio al cliente<\/li>\n<li style='margin-bottom: 8px;'>Los jumpers SC y LC est\u00e1n disponibles en empaque bulk<\/li>\n<li style='margin-bottom: 8px;'>S\u00f3lo disponible en longitudes de 5 metros o menos<\/li>\n<\/ul><\/div>\n<p> <!-- Imagen del producto --> <\/p>\n<div style='margin-bottom: 30px;'>\n<h2 style='font-size: 20px; border-bottom: 2px solid currentColor; padding-bottom: 8px; margin-top: 0; color: inherit; opacity: 0.85;'>Imagen del Producto<\/h2>\n<div style='margin-top: 15px;'> <img style='width: 100%; height: auto; border: 1px solid rgba(150&comma;150&comma;150&comma;0.3); border-radius: 8px;' src='http:\/\/ftp3.syscom.mx\/usuarios\/fotos\/FJ2LCLC5L02AQ\/88313-foto.jpg' alt=''> <\/div>\n<\/p><\/div>\n<\/p><\/div>\n","protected":false},"excerpt":{"rendered":"<p>Jumper de Fibra ?ptica Multimodo 50\/125 XGLO OM3, LC-SC Duplex, OFNR, Color Aqua, 1 Metro (3.28 Pies)<\/p>\n","protected":false},"featured_media":11544,"comment_status":"open","ping_status":"closed","template":"","meta":[],"product_brand":[],"product_cat":[617],"product_tag":[611,618,600],"class_list":{"0":"post-11545","1":"product","2":"type-product","3":"status-publish","4":"has-post-thumbnail","6":"product_cat-jumpers-y-pigtails","7":"product_tag-fibra-optica","8":"product_tag-jumpers-y-pigtails","9":"product_tag-siemon","11":"first","12":"instock","13":"sale","14":"shipping-taxable","15":"purchasable","16":"product-type-simple"},"_links":{"self":[{"href":"https:\/\/soydeaqui.ddns.net\/pachuca\/index.php\/wp-json\/wp\/v2\/product\/11545","targetHints":{"allow":["GET"]}}],"collection":[{"href":"https:\/\/soydeaqui.ddns.net\/pachuca\/index.php\/wp-json\/wp\/v2\/product"}],"about":[{"href":"https:\/\/soydeaqui.ddns.net\/pachuca\/index.php\/wp-json\/wp\/v2\/types\/product"}],"replies":[{"embeddable":true,"href":"https:\/\/soydeaqui.ddns.net\/pachuca\/index.php\/wp-json\/wp\/v2\/comments?post=11545"}],"wp:featuredmedia":[{"embeddable":true,"href":"https:\/\/soydeaqui.ddns.net\/pachuca\/index.php\/wp-json\/wp\/v2\/media\/11544"}],"wp:attachment":[{"href":"https:\/\/soydeaqui.ddns.net\/pachuca\/index.php\/wp-json\/wp\/v2\/media?parent=11545"}],"wp:term":[{"taxonomy":"product_brand","embeddable":true,"href":"https:\/\/soydeaqui.ddns.net\/pachuca\/index.php\/wp-json\/wp\/v2\/product_brand?post=11545"},{"taxonomy":"product_cat","embeddable":true,"href":"https:\/\/soydeaqui.ddns.net\/pachuca\/index.php\/wp-json\/wp\/v2\/product_cat?post=11545"},{"taxonomy":"product_tag","embeddable":true,"href":"https:\/\/soydeaqui.ddns.net\/pachuca\/index.php\/wp-json\/wp\/v2\/product_tag?post=11545"}],"curies":[{"name":"wp","href":"https:\/\/api.w.org\/{rel}","templated":true}]}}