{"id":115428,"date":"2026-03-24T01:20:35","date_gmt":"2026-03-24T01:20:35","guid":{"rendered":"https:\/\/soydeaqui.ddns.net\/pachuca\/index.php\/producto\/cincho-de-contacto-color-amarillo-210-x-16mm-5pzs-4400-02022\/"},"modified":"2026-03-24T01:20:38","modified_gmt":"2026-03-24T01:20:38","slug":"cincho-de-contacto-color-amarillo-210-x-16mm-5pzs-4400-02022","status":"publish","type":"product","link":"https:\/\/soydeaqui.ddns.net\/pachuca\/index.php\/producto\/cincho-de-contacto-color-amarillo-210-x-16mm-5pzs-4400-02022\/","title":{"rendered":"Cincho de contacto color amarillo, 210 x 16mm (5pzs) (4400-02022)"},"content":{"rendered":"<div style='width: 100%; max-width: 1200px; margin: 0 auto; font-family: sans-serif; line-height: 1.6; color: inherit; background-color: transparent;'> <!-- Logo --> <\/p>\n<div style='margin-bottom: 30px; text-align: center;'> <img style='width: 100%; max-width: 412px; height: auto; border: 1px solid rgba(150&comma;150&comma;150&comma;0.3); border-radius: 8px;' src='http:\/\/ftp3.syscom.mx\/usuarios\/jdelafuente\/THORSMAN\/THORSMAN%20logo.jpg' alt=''> <\/div>\n<p> <!-- Caracter\u00edsticas --> <\/p>\n<div style='display: flex; flex-wrap: wrap; gap: 30px; margin-bottom: 30px;'>\n<div style='flex: 1 1 300px; min-width: 280px;'>\n<h3 style='font-size: 22px; border-bottom: 2px solid currentColor; padding-bottom: 5px; margin-top: 0; color: inherit; opacity: 0.8;'>Caracter\u00edsticas<\/h3>\n<ul style='padding-left: 20px; font-size: 15px; color: inherit;'>\n<li style='margin-bottom: 5px;'>Cinturones de contacto&comma; es una banda fina con hebilla de sujeci\u00f3n&comma; disponible en varios colores para identificar&comma; ordenar y sujetar conductores a cualquier tipo de instalaciones.<\/li>\n<li style='margin-bottom: 5px;'>Son reutilizables.<\/li>\n<\/ul><\/div>\n<\/p><\/div>\n<p> <!-- Materiales --> <\/p>\n<div style='display: flex; flex-wrap: wrap; gap: 30px; margin-bottom: 30px;'>\n<div style='flex: 1 1 300px; min-width: 280px;'>\n<h3 style='font-size: 22px; border-bottom: 2px solid currentColor; padding-bottom: 5px; margin-top: 0; color: inherit; opacity: 0.8;'>Materiales<\/h3>\n<ul style='padding-left: 20px; font-size: 15px; color: inherit;'>\n<li style='margin-bottom: 5px;'>Color amarillo<\/li>\n<li style='margin-bottom: 5px;'>Nylon y p.p<\/li>\n<\/ul><\/div>\n<\/p><\/div>\n<p> <!-- Imagen de Hecho en Mexico --> <\/p>\n<div style='margin-bottom: 30px; text-align: center;'> <img style='width: 100%; max-width: 79px; height: auto; border: 1px solid rgba(150&comma;150&comma;150&comma;0.3); border-radius: 8px;' src='http:\/\/ftp3.syscom.mx\/usuarios\/egomez\/Hecho%20en%20Mexico.jpg' alt=''> <\/div>\n<p> <!-- Dimensiones --> <\/p>\n<div style='display: flex; flex-wrap: wrap; gap: 20px; margin-bottom: 30px;'>\n<div style='flex: 1 1 250px; border: 1px solid rgba(150&comma; 150&comma; 150&comma; 0.4); border-radius: 8px; overflow: hidden; display: flex; flex-direction: column;'>\n<div style='padding: 15px; border-bottom: 1px solid rgba(150&comma; 150&comma; 150&comma; 0.2); font-weight: bold; font-size: 18px; color: inherit;'>Dimensiones (Acotaci\u00f3n en mm):<\/div>\n<div style='padding: 15px; color: inherit;'>\n<div style='margin-bottom: 15px; text-align: center;'> <img style='width: 100%; height: auto; border: 1px solid rgba(150&comma;150&comma;150&comma;0.3); border-radius: 8px;' src='http:\/\/ftp3.syscom.mx\/usuarios\/jdelafuente\/THORSMAN\/Productos\/FIJACION\/CINTHO210.PNG' alt=''> <\/div>\n<div style='margin-bottom: 15px; text-align: center;'> <img style='width: 100%; height: auto; border: 1px solid rgba(150&comma;150&comma;150&comma;0.3); border-radius: 8px;' src='http:\/\/ftp3.syscom.mx\/usuarios\/jdelafuente\/THORSMAN\/Productos\/FIJACION\/CINTHO%20DESCRIP.PNG' alt=''> <\/div>\n<div style='margin-bottom: 15px; text-align: center;'> <img style='width: 100%; height: auto; border: 1px solid rgba(150&comma;150&comma;150&comma;0.3); border-radius: 8px;' src='http:\/\/ftp3.syscom.mx\/usuarios\/jdelafuente\/THORSMAN\/Productos\/FIJACION\/CINTHO%20EJEM.PNG' alt=''> <\/div>\n<div style='margin-bottom: 15px; text-align: center;'> <img style='width: 100%; height: auto; border: 1px solid rgba(150&comma;150&comma;150&comma;0.3); border-radius: 8px;' src='http:\/\/ftp3.syscom.mx\/usuarios\/jdelafuente\/THORSMAN\/Productos\/FIJACION\/CINTHO%20INST.PNG' alt=''> <\/div>\n<\/p><\/div>\n<\/p><\/div>\n<\/p><\/div>\n<p> <!-- Im\u00e1genes adicionales --> <\/p>\n<div style='display: grid; grid-template-columns: repeat(auto-fill&comma; minmax(280px&comma; 1fr)); gap: 20px; margin-bottom: 30px;'>\n<div style='text-align: center;'> <img style='width: 100%; height: auto; border: 1px solid rgba(150&comma;150&comma;150&comma;0.3); border-radius: 8px;' src='https:\/\/ftp3.syscom.mx\/usuarios\/ftp\/single_page\/thorsman\/Thorsman1-02.jpg' alt=''> <\/div>\n<div style='text-align: center;'> <img style='width: 100%; height: auto; border: 1px solid rgba(150&comma;150&comma;150&comma;0.3); border-radius: 8px;' src='https:\/\/ftp3.syscom.mx\/usuarios\/ftp\/single_page\/thorsman\/Thorsman1-01.jpg' alt=''> <\/div>\n<\/p><\/div>\n<p> <!-- Sobre Thorsman --> <\/p>\n<div style='margin-bottom: 30px; padding: 20px; border: 1px solid rgba(150&comma;150&comma;150&comma;0.3); border-radius: 8px; background-color: rgba(42&comma;57&comma;122&comma;0.1); color: inherit;'>\n<h3 style='font-size: 22px; margin-top: 0; color: inherit; opacity: 0.8;'>Thorsman es la Marca L\u00edder en M\u00e9xico Reconocida por Productos de Canalizaci\u00f3n y Fijaci\u00f3n<\/h3>\n<p style='font-size: 15px; color: inherit;'>Cuenta con amplia gama de soluciones para instalaciones el\u00e9ctricas y de cableado estructurado&comma; voz y datos; brindan funcionalidad&comma; distribuci\u00f3n&comma; protecci\u00f3n y est\u00e9tica&comma; tambi\u00e9n lo puede encontrar como: mesa de capacidades para eletrocalhas&comma; capacidad de carga de canaletas aparentes.<\/p>\n<\/p><\/div>\n<p> <!-- Sistemas --> <\/p>\n<div style='margin-bottom: 30px; padding: 20px; border: 1px solid rgba(150&comma;150&comma;150&comma;0.3); border-radius: 8px; background-color: rgba(42&comma;57&comma;122&comma;0.1); color: inherit;'>\n<h3 style='font-size: 22px; margin-top: 0; color: inherit; opacity: 0.8; text-align: center;'>Sistemas que cubren todas las necesidades<\/h3>\n<div style='display: grid; grid-template-columns: repeat(auto-fill&comma; minmax(200px&comma; 1fr)); gap: 20px; margin-top: 20px;'>\n<div style='text-align: center;'> <img style='width: 100%; max-width: 100px; height: auto; border: 1px solid rgba(150&comma;150&comma;150&comma;0.3); border-radius: 8px;' src='https:\/\/ftp3.syscom.mx\/usuarios\/ftp\/single_page\/thorsman\/thorsman1-09.png' alt=''> <\/p>\n<p style='margin-top: 10px; font-size: 15px; color: inherit;'>Hospital<\/p>\n<\/p><\/div>\n<div style='text-align: center;'> <img style='width: 100%; max-width: 100px; height: auto; border: 1px solid rgba(150&comma;150&comma;150&comma;0.3); border-radius: 8px;' src='https:\/\/ftp3.syscom.mx\/usuarios\/ftp\/single_page\/thorsman\/thorsman1-08.png' alt=''> <\/p>\n<p style='margin-top: 10px; font-size: 15px; color: inherit;'>Hogar<\/p>\n<\/p><\/div>\n<div style='text-align: center;'> <img style='width: 100%; max-width: 100px; height: auto; border: 1px solid rgba(150&comma;150&comma;150&comma;0.3); border-radius: 8px;' src='https:\/\/ftp3.syscom.mx\/usuarios\/ftp\/single_page\/thorsman\/thorsman1-10.png' alt=''> <\/p>\n<p style='margin-top: 10px; font-size: 15px; color: inherit;'>Industria<\/p>\n<\/p><\/div>\n<div style='text-align: center;'> <img style='width: 100%; max-width: 100px; height: auto; border: 1px solid rgba(150&comma;150&comma;150&comma;0.3); border-radius: 8px;' src='https:\/\/ftp3.syscom.mx\/usuarios\/ftp\/single_page\/thorsman\/thorsman1-11.png' alt=''> <\/p>\n<p style='margin-top: 10px; font-size: 15px; color: inherit;'>Oficina<\/p>\n<\/p><\/div>\n<\/p><\/div>\n<\/p><\/div>\n<p> <!-- Aplicaciones --> <\/p>\n<div style='display: grid; grid-template-columns: repeat(auto-fill&comma; minmax(280px&comma; 1fr)); gap: 20px; margin-bottom: 30px;'>\n<div style='border: 1px solid rgba(150&comma;150&comma;150&comma;0.3); border-radius: 8px; overflow: hidden;'>\n<div style='text-align: center; padding: 15px;'> <img style='width: 100%; max-width: 150px; height: auto;' src='https:\/\/ftp3.syscom.mx\/usuarios\/ftp\/single_page\/thorsman\/thorsman1-05.png' alt=''> <\/div>\n<div style='padding: 15px; font-size: 15px; color: inherit;'> El 40% de la capacidad es la m\u00e1xima recomendada por EIA\/TIA-569-A para dise\u00f1ar sistemas de cableado estructurado. <\/div>\n<\/p><\/div>\n<div style='border: 1px solid rgba(150&comma;150&comma;150&comma;0.3); border-radius: 8px; overflow: hidden;'>\n<div style='text-align: center; padding: 15px;'> <img style='width: 100%; max-width: 150px; height: auto;' src='https:\/\/ftp3.syscom.mx\/usuarios\/ftp\/single_page\/thorsman\/thorsman1-06.png' alt=''> <\/div>\n<div style='padding: 15px; font-size: 15px; color: inherit;'> Encuentre los sistemas de fijaci\u00f3n de Thorsman&comma; como las grapas para cable&comma; fleje&comma; cinchos de nylon y acero inoxidable&comma; que son fundamentales para la seguridad en cualquier instalaci\u00f3n. <\/div>\n<\/p><\/div>\n<div style='border: 1px solid rgba(150&comma;150&comma;150&comma;0.3); border-radius: 8px; overflow: hidden;'>\n<div style='text-align: center; padding: 15px;'> <img style='width: 100%; max-width: 150px; height: auto;' src='https:\/\/ftp3.syscom.mx\/usuarios\/ftp\/single_page\/thorsman\/thorsman1-07.png' alt=''> <\/div>\n<div style='padding: 15px; font-size: 15px; color: inherit;'> Los sistemas thelecom de Thorsman&comma; como las mini cajas de piso de energ\u00eda y voz\/datos&comma; as\u00ed como las cajas de piso de 2 y 4 m\u00f3dulos configurables&comma; brindan la soluci\u00f3n completa en conectividad para centros de entretenimiento como lo son casinos&comma; ferias&comma; museos&comma; plazas comerciales&comma; entre otros. <\/div>\n<\/p><\/div>\n<\/p><\/div>\n<\/p><\/div>\n","protected":false},"excerpt":{"rendered":"<p>Cincho de contacto color amarillo, 210 x 16mm (5pzs) (4400-02022)<\/p>\n","protected":false},"featured_media":115427,"comment_status":"open","ping_status":"closed","template":"","meta":[],"product_brand":[],"product_cat":[574],"product_tag":[572,575,583],"class_list":{"0":"post-115428","1":"product","2":"type-product","3":"status-publish","4":"has-post-thumbnail","6":"product_cat-fijacion","7":"product_tag-canalizacion","8":"product_tag-fijacion","9":"product_tag-thorsman","11":"first","12":"outofstock","13":"sale","14":"shipping-taxable","15":"purchasable","16":"product-type-simple"},"_links":{"self":[{"href":"https:\/\/soydeaqui.ddns.net\/pachuca\/index.php\/wp-json\/wp\/v2\/product\/115428","targetHints":{"allow":["GET"]}}],"collection":[{"href":"https:\/\/soydeaqui.ddns.net\/pachuca\/index.php\/wp-json\/wp\/v2\/product"}],"about":[{"href":"https:\/\/soydeaqui.ddns.net\/pachuca\/index.php\/wp-json\/wp\/v2\/types\/product"}],"replies":[{"embeddable":true,"href":"https:\/\/soydeaqui.ddns.net\/pachuca\/index.php\/wp-json\/wp\/v2\/comments?post=115428"}],"wp:featuredmedia":[{"embeddable":true,"href":"https:\/\/soydeaqui.ddns.net\/pachuca\/index.php\/wp-json\/wp\/v2\/media\/115427"}],"wp:attachment":[{"href":"https:\/\/soydeaqui.ddns.net\/pachuca\/index.php\/wp-json\/wp\/v2\/media?parent=115428"}],"wp:term":[{"taxonomy":"product_brand","embeddable":true,"href":"https:\/\/soydeaqui.ddns.net\/pachuca\/index.php\/wp-json\/wp\/v2\/product_brand?post=115428"},{"taxonomy":"product_cat","embeddable":true,"href":"https:\/\/soydeaqui.ddns.net\/pachuca\/index.php\/wp-json\/wp\/v2\/product_cat?post=115428"},{"taxonomy":"product_tag","embeddable":true,"href":"https:\/\/soydeaqui.ddns.net\/pachuca\/index.php\/wp-json\/wp\/v2\/product_tag?post=115428"}],"curies":[{"name":"wp","href":"https:\/\/api.w.org\/{rel}","templated":true}]}}