{"id":115255,"date":"2026-03-24T01:10:52","date_gmt":"2026-03-24T01:10:52","guid":{"rendered":"https:\/\/soydeaqui.ddns.net\/pachuca\/index.php\/producto\/kit-de-4-canales-de-para-transmision-de-alimentacion-de-36-vcc-a-12vcc-y-video-hd-tvi-a-distancias-de-hasta-250-mts\/"},"modified":"2026-03-24T01:11:02","modified_gmt":"2026-03-24T01:11:02","slug":"kit-de-4-canales-de-para-transmision-de-alimentacion-de-36-vcc-a-12vcc-y-video-hd-tvi-a-distancias-de-hasta-250-mts","status":"publish","type":"product","link":"https:\/\/soydeaqui.ddns.net\/pachuca\/index.php\/producto\/kit-de-4-canales-de-para-transmision-de-alimentacion-de-36-vcc-a-12vcc-y-video-hd-tvi-a-distancias-de-hasta-250-mts\/","title":{"rendered":"Kit de 4 canales de para transmisi\u00f3n de ALIMENTACION ( de 36 Vcc a 12Vcc )  y VIDEO (HD-TVI) a distancias de hasta 250 mts."},"content":{"rendered":"<div style='width: 100%; max-width: 1200px; margin: 0 auto; font-family: sans-serif; line-height: 1.6; color: inherit; background-color: transparent;'>\n<div style='display: flex; flex-direction: column; align-items: center; text-align: center; margin-bottom: 30px;'>\n<h1 style='font-size: 28px; margin: 0; color: inherit;'><strong>KIT-TT-4-PV-TURBO<\/strong><\/h1>\n<h3 style='margin: 10px 0 20px 0; color: inherit;'>Kit de 4 canales de para transmisi\u00f3n de ALIMENTACION<\/h3>\n<p style='margin: 0 70px; font-size: 14px; color: inherit;'>No se pueden controlar PTZ&#8217;s ni lentes motorizados a trav\u00e9s de se\u00f1al de video (Para uso en tecnolog\u00eda coaxitr\u00f3n). TURBOHD \u00f3 HD-TVI es un protocolo de video en alta definici\u00f3n para videovigilancia. SYSCOM lo nombra TURBOHD&comma; usamos el chip HD-TVI de Techpoint en California&comma; USA. La l\u00ednea TURBOHD es un h\u00edbrido entre anal\u00f3gico e IP&comma; tiene calidad de IP pero a precios e instalaci\u00f3n de un sistema anal\u00f3gico.<\/p>\n<\/p><\/div>\n<div style='display: flex; flex-wrap: wrap; gap: 30px;'>\n<div style='flex: 1 1 300px; min-width: 280px;'>\n<div style='border: 1px solid rgba(150&comma; 150&comma; 150&comma; 0.3); border-radius: 8px; overflow: hidden; display: flex; flex-direction: column;'>\n<div style='background-color: rgba(238&comma; 238&comma; 238&comma; 0.8); padding: 15px; border-bottom: 5px solid #DF001D; color: inherit;'> <img style='width: 100%; height: auto; border: none; border-radius: 0;' src='https:\/\/ftp3.syscom.mx\/usuarios\/ahernandez\/Transceptores\/kit4canales\/1.png' alt=''> <\/div>\n<div style='padding: 15px; color: inherit;'>\n<h3 style='font-size: 20px; border-bottom: 2px solid currentColor; padding-bottom: 5px; margin-top: 0; margin-bottom: 15px; color: inherit; opacity: 0.8;'>Caracter\u00edsticas<\/h3>\n<ul style='padding-left: 20px; font-size: 14px; color: inherit; list-style-type: disc;'>\n<li style='margin-bottom: 5px;'><strong>Soporta hasta:<\/strong> <span style='color: #fa0000;'><strong>2MP (1080p)<\/strong><\/span><\/li>\n<li style='margin-bottom: 5px;'>Distancia maxima de conexion: 250 metros<\/li>\n<li style='margin-bottom: 5px;'>Instalaci\u00f3n f\u00e1cil y sencilla<\/li>\n<li style='margin-bottom: 5px;'>Recomendado para envio de se\u00f1al de video y voltaje de camaras&comma; <strong>NO recomendado para PTZ.<\/strong><\/li>\n<li style='margin-bottom: 5px;'>Transmisi\u00f3n en tiempo real<\/li>\n<li style='margin-bottom: 5px;'>El receptor envia 36Vcc de esta forma se garantiza que el voltaje llegue a 250 mts utilizando cable 100% COBRE. El tranceptor recibe los 36Vcc y regula a 12Vcc para alimentar la camara sin comprometer el funcionamiento.<\/li>\n<li style='margin-bottom: 5px;'>Si requiere de transmisores compatibles para est KIT&comma; recomendar el kit modelo <strong>TT4816PVTURBO.<\/strong><\/li>\n<\/ul><\/div>\n<\/p><\/div>\n<\/p><\/div>\n<div style='flex: 1 1 300px; min-width: 280px;'>\n<div style='border: 1px solid rgba(150&comma; 150&comma; 150&comma; 0.3); border-radius: 8px; overflow: hidden; display: flex; flex-direction: column;'>\n<div style='background-color: rgba(238&comma; 238&comma; 238&comma; 0.8); padding: 15px; border-bottom: 5px solid #DF001D;'> <img style='width: 100%; height: auto; border: none; border-radius: 0;' src='https:\/\/ftp3.syscom.mx\/usuarios\/ahernandez\/Transceptores\/kit4canales\/2.png' alt=''> <\/div>\n<div style='padding: 15px; color: inherit;'>\n<h3 style='font-size: 20px; border-bottom: 2px solid currentColor; padding-bottom: 5px; margin-top: 0; margin-bottom: 15px; color: inherit; opacity: 0.8;'>Especificaciones F\u00edsicas y El\u00e9ctricas<\/h3>\n<ul style='padding-left: 20px; font-size: 14px; color: inherit; list-style-type: disc;'>\n<li style='margin-bottom: 5px;'>Voltaje de entrada en el receptor : 110- 220 Vca; 50\/60 Hz<\/li>\n<li style='margin-bottom: 5px;'>Consumo de potencia : 150 W<\/li>\n<li style='margin-bottom: 5px;'>Salida de potencia por canal : 18.5 W<\/li>\n<li style='margin-bottom: 5px;'>Salida de voltaje del receptor: 36Vcc<\/li>\n<li style='margin-bottom: 5px;'>Salida de voltaje del tranceptor: 12Vcc.<\/li>\n<li style='margin-bottom: 5px;'>Conectores BNC y RJ45<\/li>\n<li style='margin-bottom: 5px;'>Dimensiones : 351 x 183 x 44.5 mm ( Sin incluir montaje )<\/li>\n<li style='margin-bottom: 5px;'>Peso: 2.060 Kgs.<\/li>\n<\/ul><\/div>\n<\/p><\/div>\n<\/p><\/div>\n<div style='flex: 1 1 300px; min-width: 280px;'>\n<div style='border: 1px solid rgba(150&comma; 150&comma; 150&comma; 0.3); border-radius: 8px; overflow: hidden; display: flex; flex-direction: column;'>\n<div style='background-color: rgba(238&comma; 238&comma; 238&comma; 0.8); padding: 15px; border-bottom: 5px solid #DF001D;'> <img style='width: 100%; height: auto; border: none; border-radius: 0;' src='https:\/\/ftp3.syscom.mx\/usuarios\/ahernandez\/Transceptores\/kit4canales\/3.png' alt=''> <\/div>\n<div style='padding: 15px; color: inherit;'>\n<h3 style='font-size: 20px; border-bottom: 2px solid currentColor; padding-bottom: 5px; margin-top: 0; margin-bottom: 15px; color: inherit; opacity: 0.8;'>Certificaciones<\/h3>\n<ul style='padding-left: 20px; font-size: 14px; color: inherit; list-style-type: disc;'>\n<li style='margin-bottom: 5px;'>CE<\/li>\n<li style='margin-bottom: 5px;'>FCC<\/li>\n<li style='margin-bottom: 5px;'>RoHS<\/li>\n<\/ul>\n<h3 style='font-size: 20px; border-bottom: 2px solid currentColor; padding-bottom: 5px; margin-top: 20px; margin-bottom: 15px; color: inherit; opacity: 0.8;'>El kit incluye:<\/h3>\n<ul style='padding-left: 20px; font-size: 14px; color: inherit; list-style-type: disc;'>\n<li style='margin-bottom: 5px;'>1 Receptor activo de 4 canales<\/li>\n<li style='margin-bottom: 5px;'>4 tranceptores de video \/ voltaje<\/li>\n<li style='margin-bottom: 5px;'>4 cables BNC para LOOP<\/li>\n<\/ul><\/div>\n<\/p><\/div>\n<\/p><\/div>\n<\/p><\/div>\n<div style='margin-top: 30px;'> <img style='width: 100%; height: auto; border: 1px solid rgba(150&comma;150&comma;150&comma;0.3); border-radius: 8px;' src='https:\/\/ftp3.syscom.mx\/usuarios\/ccasares\/CCTV\/Tabla%20new%20distancia%20de%20transceptores%20%28%2010-09-18%20%29\/Tabla%20distancias%20transceptores%20%28%20Espanol%20%29.png' alt=''> <\/div>\n<div style='margin-top: 30px;'> <img style='width: 100%; height: auto; border: 1px solid rgba(150&comma;150&comma;150&comma;0.3); border-radius: 8px;' src='http:\/\/ftp3.syscom.mx\/usuarios\/fotos\/KITTT4PVTURBO\/KITTT4PVTURBO.jpg' alt=''> <\/div>\n<div style='margin-top: 30px;'> <img style='width: 100%; height: auto; border: 1px solid rgba(150&comma;150&comma;150&comma;0.3); border-radius: 8px;' src='https:\/\/ftp3.syscom.mx\/usuarios\/ccasares\/CCTVS\/DISTANCIA%20DE%20TRANSCEPTORES-3.jpg' alt=''> <\/div>\n<\/p><\/div>\n","protected":false},"excerpt":{"rendered":"<p>Kit de 4 canales de para transmisi\u00f3n de ALIMENTACION ( de 36 Vcc a 12Vcc )  y VIDEO (HD-TVI) a distancias de hasta 250 mts.<\/p>\n","protected":false},"featured_media":115254,"comment_status":"open","ping_status":"closed","template":"","meta":[],"product_brand":[],"product_cat":[2327],"product_tag":[417,507,2328],"class_list":{"0":"post-115255","1":"product","2":"type-product","3":"status-publish","4":"has-post-thumbnail","6":"product_cat-transceptores-de-video","7":"product_tag-accesorios-generales","8":"product_tag-epcom-titanium","9":"product_tag-transceptores-de-video","11":"first","12":"outofstock","13":"sale","14":"shipping-taxable","15":"purchasable","16":"product-type-simple"},"_links":{"self":[{"href":"https:\/\/soydeaqui.ddns.net\/pachuca\/index.php\/wp-json\/wp\/v2\/product\/115255","targetHints":{"allow":["GET"]}}],"collection":[{"href":"https:\/\/soydeaqui.ddns.net\/pachuca\/index.php\/wp-json\/wp\/v2\/product"}],"about":[{"href":"https:\/\/soydeaqui.ddns.net\/pachuca\/index.php\/wp-json\/wp\/v2\/types\/product"}],"replies":[{"embeddable":true,"href":"https:\/\/soydeaqui.ddns.net\/pachuca\/index.php\/wp-json\/wp\/v2\/comments?post=115255"}],"wp:featuredmedia":[{"embeddable":true,"href":"https:\/\/soydeaqui.ddns.net\/pachuca\/index.php\/wp-json\/wp\/v2\/media\/115254"}],"wp:attachment":[{"href":"https:\/\/soydeaqui.ddns.net\/pachuca\/index.php\/wp-json\/wp\/v2\/media?parent=115255"}],"wp:term":[{"taxonomy":"product_brand","embeddable":true,"href":"https:\/\/soydeaqui.ddns.net\/pachuca\/index.php\/wp-json\/wp\/v2\/product_brand?post=115255"},{"taxonomy":"product_cat","embeddable":true,"href":"https:\/\/soydeaqui.ddns.net\/pachuca\/index.php\/wp-json\/wp\/v2\/product_cat?post=115255"},{"taxonomy":"product_tag","embeddable":true,"href":"https:\/\/soydeaqui.ddns.net\/pachuca\/index.php\/wp-json\/wp\/v2\/product_tag?post=115255"}],"curies":[{"name":"wp","href":"https:\/\/api.w.org\/{rel}","templated":true}]}}