{"id":115242,"date":"2026-03-24T01:10:10","date_gmt":"2026-03-24T01:10:10","guid":{"rendered":"https:\/\/soydeaqui.ddns.net\/pachuca\/index.php\/producto\/panel-de-control-dactilar-multifuncional-con-monitor-de-7-soporta-audio-de-dos-vias-compatible-con-dvrs-moviles-xmr-epcom\/"},"modified":"2026-03-24T01:10:23","modified_gmt":"2026-03-24T01:10:23","slug":"panel-de-control-dactilar-multifuncional-con-monitor-de-7-soporta-audio-de-dos-vias-compatible-con-dvrs-moviles-xmr-epcom","status":"publish","type":"product","link":"https:\/\/soydeaqui.ddns.net\/pachuca\/index.php\/producto\/panel-de-control-dactilar-multifuncional-con-monitor-de-7-soporta-audio-de-dos-vias-compatible-con-dvrs-moviles-xmr-epcom\/","title":{"rendered":"Panel de Control D\u00e1ctilar Multifuncional con Monitor de 7&#8243; \/ Soporta Audio de Dos V\u00edas \/ Compatible con DVR\u00b4s M\u00f3viles XMR Epcom"},"content":{"rendered":"<div style='width: 100%; max-width: 1200px; margin: 0 auto; font-family: sans-serif; line-height: 1.6; color: inherit; background-color: transparent;'>\n<div style='width: 100%;'> <img style='width: 100%; height: auto; border: 1px solid rgba(150&comma;150&comma;150&comma;0.3); border-radius: 8px;' src='http:\/\/ftp3.syscom.mx\/usuarios\/aberumen\/bannerxmr.jpg' alt='Banner XMR'> <\/div>\n<p style='margin: 15px 0; opacity: 0.7;'>\n<p style='margin: 15px 0; opacity: 0.7;'><strong>Seguridad Sobre Ruedas<\/strong><\/p>\n<p style='margin: 15px 0;'>Obtenga la mayor calidad de imagen con las c\u00e1maras para soluciones de videovigilancia m\u00f3vil XMR la cual ofrece nuevos dise\u00f1os en c\u00e1maras AHD con la mejor tecnolog\u00eda <strong>Anti-vibraci\u00f3n<\/strong> y <strong>alta fiabilidad.<\/strong><\/p>\n<div style='display: flex; flex-wrap: wrap; gap: 30px; margin: 30px 0;'>\n<div style='flex: 1 1 300px; min-width: 280px;'>\n<div style='border-left: 5px solid #080808; border-radius: 5px; padding: 15px; box-shadow: 2px 2px 10px rgba(150&comma;150&comma;150&comma;0.2); background-color: rgba(128&comma; 128&comma; 128&comma; 0.16);'>\n<h3 style='font-size: 18px; margin-top: 0; margin-bottom: 15px; color: inherit;'><strong>Caracter\u00edsticas principales:<\/strong><\/h3>\n<ul style='padding-left: 20px; font-size: 15px; color: inherit; list-style-type: disc;'>\n<li style='margin-bottom: 8px;'>Pantalla Touch de 7&#8242;.<\/li>\n<li style='margin-bottom: 8px;'>Longitud del cable de conexi\u00f3n es de 5 metros.<\/li>\n<li style='margin-bottom: 8px;'><strong>Incluye meg\u00e1fono para funci\u00f3n de audio de dos v\u00edas mediante el software de monitoreo.<\/strong><\/li>\n<\/ul><\/div>\n<\/p><\/div>\n<div style='flex: 1 1 300px; min-width: 280px;'>\n<div style='border-left: 5px solid #080808; border-radius: 5px; padding: 15px; box-shadow: 2px 2px 10px rgba(150&comma;150&comma;150&comma;0.2); background-color: rgba(128&comma; 128&comma; 128&comma; 0.16);'>\n<h3 style='font-size: 18px; margin-top: 0; margin-bottom: 15px; color: inherit;'><strong>Caracter\u00edsticas F\u00edsicas y El\u00e9ctricas:<\/strong><\/h3>\n<ul style='padding-left: 20px; font-size: 15px; color: inherit; list-style-type: disc;'>\n<li style='margin-bottom: 8px;'>Voltaje de operaci\u00f3n 12 Vcc (alimentaci\u00f3n proporcionada por el MDVR).<\/li>\n<li style='margin-bottom: 8px;'>Temperatura de operaci\u00f3n -20~70\u00b0C.<\/li>\n<\/ul><\/div>\n<\/p><\/div>\n<div style='flex: 1 1 300px; min-width: 280px;'>\n<div style='border-left: 5px solid #080808; border-radius: 5px; padding: 15px; box-shadow: 2px 2px 10px rgba(150&comma;150&comma;150&comma;0.2); background-color: rgba(128&comma; 128&comma; 128&comma; 0.16);'>\n<h3 style='font-size: 18px; margin-top: 0; margin-bottom: 15px; color: inherit;'><strong>Caracter\u00edsticas Destacadas:<\/strong><\/h3>\n<ul style='padding-left: 20px; font-size: 15px; color: inherit; list-style-type: disc;'>\n<li style='margin-bottom: 8px;'><strong>M\u00e9todo de configuraci\u00f3n.<\/strong><\/li>\n<li style='margin-bottom: 8px;'><strong>Para la integraci\u00f3n del monitor con los modelos XMR401NAHDS y XMR401NAHDS\/SM&comma; es necesario contar con el modelo de modulo de alarmas XMRSENSOR.<\/strong><\/li>\n<li style='margin-bottom: 8px;'><strong>Para integraci\u00f3n del monitor con el modelo XMR401NAHD es necesario contar con el modelo XMRCP4TRANSNSERIES.<\/strong><\/li>\n<li style='margin-bottom: 8px;'><strong>Reproducci\u00f3n de grabaciones.<\/strong><\/li>\n<li style='margin-bottom: 8px;'><strong>Brinda la opci\u00f3n de audio de dos v\u00edas y mensaje de texto v\u00eda centro de monitoreo.<\/strong><\/li>\n<\/ul><\/div>\n<\/p><\/div>\n<\/p><\/div>\n<div style='margin: 40px 0; display: flex; flex-wrap: wrap; gap: 30px; justify-content: center;'>\n<div style='width: 100%; max-width: 560px; position: relative; padding-bottom: 56.25%; height: 0; overflow: hidden;'>   <\/div>\n<div style='width: 100%; max-width: 560px; position: relative; padding-bottom: 56.25%; height: 0; overflow: hidden;'>   <\/div>\n<\/p><\/div>\n<\/p><\/div>\n","protected":false},"excerpt":{"rendered":"<p>Panel de Control D\u00e1ctilar Multifuncional con Monitor de 7&#8243; \/ Soporta Audio de Dos V\u00edas \/ Compatible con DVR\u00b4s M\u00f3viles XMR Epcom<\/p>\n","protected":false},"featured_media":115241,"comment_status":"open","ping_status":"closed","template":"","meta":[],"product_brand":[],"product_cat":[1408,1406],"product_tag":[93,1409,1474,1345],"class_list":{"0":"post-115242","1":"product","2":"type-product","3":"status-publish","4":"has-post-thumbnail","6":"product_cat-accesorios-dash-cams-y-body-cams","7":"product_cat-videograbadoras-moviles-videovigilancia","8":"product_tag-accesorios","9":"product_tag-dash-cams-y-body-cams","10":"product_tag-streamax","11":"product_tag-videograbadoras-moviles","13":"first","14":"instock","15":"sale","16":"shipping-taxable","17":"purchasable","18":"product-type-simple"},"_links":{"self":[{"href":"https:\/\/soydeaqui.ddns.net\/pachuca\/index.php\/wp-json\/wp\/v2\/product\/115242","targetHints":{"allow":["GET"]}}],"collection":[{"href":"https:\/\/soydeaqui.ddns.net\/pachuca\/index.php\/wp-json\/wp\/v2\/product"}],"about":[{"href":"https:\/\/soydeaqui.ddns.net\/pachuca\/index.php\/wp-json\/wp\/v2\/types\/product"}],"replies":[{"embeddable":true,"href":"https:\/\/soydeaqui.ddns.net\/pachuca\/index.php\/wp-json\/wp\/v2\/comments?post=115242"}],"wp:featuredmedia":[{"embeddable":true,"href":"https:\/\/soydeaqui.ddns.net\/pachuca\/index.php\/wp-json\/wp\/v2\/media\/115241"}],"wp:attachment":[{"href":"https:\/\/soydeaqui.ddns.net\/pachuca\/index.php\/wp-json\/wp\/v2\/media?parent=115242"}],"wp:term":[{"taxonomy":"product_brand","embeddable":true,"href":"https:\/\/soydeaqui.ddns.net\/pachuca\/index.php\/wp-json\/wp\/v2\/product_brand?post=115242"},{"taxonomy":"product_cat","embeddable":true,"href":"https:\/\/soydeaqui.ddns.net\/pachuca\/index.php\/wp-json\/wp\/v2\/product_cat?post=115242"},{"taxonomy":"product_tag","embeddable":true,"href":"https:\/\/soydeaqui.ddns.net\/pachuca\/index.php\/wp-json\/wp\/v2\/product_tag?post=115242"}],"curies":[{"name":"wp","href":"https:\/\/api.w.org\/{rel}","templated":true}]}}