{"id":115233,"date":"2026-03-24T01:09:39","date_gmt":"2026-03-24T01:09:39","guid":{"rendered":"https:\/\/soydeaqui.ddns.net\/pachuca\/index.php\/producto\/fuente-de-poder-con-ajuste-de-voltaje-de-11-15-vcc-10-a-9-salidas-capacidad-de-bateria-de-respaldo-requiere-bateria-voltaje-de-entrada-96-264-vca\/"},"modified":"2026-03-24T01:09:51","modified_gmt":"2026-03-24T01:09:51","slug":"fuente-de-poder-con-ajuste-de-voltaje-de-11-15-vcc-10-a-9-salidas-capacidad-de-bateria-de-respaldo-requiere-bateria-voltaje-de-entrada-96-264-vca","status":"publish","type":"product","link":"https:\/\/soydeaqui.ddns.net\/pachuca\/index.php\/producto\/fuente-de-poder-con-ajuste-de-voltaje-de-11-15-vcc-10-a-9-salidas-capacidad-de-bateria-de-respaldo-requiere-bateria-voltaje-de-entrada-96-264-vca\/","title":{"rendered":"Fuente de Poder con ajuste de voltaje de 11- 15 Vcc \/ 10 A \/ 9 Salidas \/ Capacidad de Bater\u00eda de Respaldo \/ Requiere Bater\u00eda \/ Voltaje de Entrada 96-264 Vca"},"content":{"rendered":"<div style='width: 100%; max-width: 1200px; margin: 0 auto; font-family: sans-serif; line-height: 1.6; color: inherit; background-color: transparent;'>\n<div style='display: flex; flex-direction: column; align-items: center; text-align: center; margin-bottom: 30px;'>\n<h1 style='font-size: 28px; color: inherit; margin: 0;'><strong>PLK12DC8ABK<\/strong><\/h1>\n<h3 style='font-size: 20px; color: inherit; margin: 10px 0 0;'>Fuente de 11-15 Vcc \/ 10 A \/ 9 Salidas<\/h3>\n<h4 style='font-size: 16px; color: inherit; margin: 15px 0 0; font-weight: normal; opacity: 0.8;'>Eficiencia en energ\u00eda&comma; con protecci\u00f3n contra sobretensi\u00f3n&comma; cortocircuitos&comma; circuitos de protecci\u00f3n contra anti-interferencia.<\/h4>\n<\/p><\/div>\n<div style='margin-bottom: 30px;'>\n<p style='text-align: center; font-size: 14px; color: inherit; margin: 0; padding: 0 20px;'>La luz verde enciende&comma; cuando la fuente cuenta con su entrada de alimentaci\u00f3n de 96-264 Vca&comma; suministrando as\u00ed tanto a la carga de la bater\u00eda como la requerida. Cuando falla la energ\u00eda&comma; la bater\u00eda proporciona el voltaje&comma; el led en rojo enciende&comma; y al mismo tiempo entra en la etapa de monitoreo del voltaje de la bater\u00eda&comma; cuando detecta que el voltaje de la bater\u00eda cae a 10.5 Volts&comma; el circuito cortar\u00e1 la carga&comma; la fuente de alimentaci\u00f3n ya no cargar\u00e1&comma; para evitar que la bater\u00eda se descargue&comma; protegiendo as\u00ed la vida \u00fatil de la bater\u00eda&comma; el sistema se reiniciar\u00e1 autom\u00e1ticamente cuando vuelva la alimentaci\u00f3n de la red&comma; a su estado normal.<\/p>\n<\/p><\/div>\n<div style='display: flex; flex-wrap: wrap; gap: 30px; margin-bottom: 30px;'>\n<div style='flex: 1 1 300px; min-width: 280px;'>\n<div style='border: 1px solid rgba(150&comma; 150&comma; 150&comma; 0.4); border-radius: 8px; overflow: hidden; display: flex; flex-direction: column;'>\n<div style='padding: 15px; border-bottom: 1px solid rgba(150&comma; 150&comma; 150&comma; 0.2); font-weight: bold; font-size: 18px; color: inherit;'>Caracter\u00edsticas<\/div>\n<div style='padding: 15px; color: inherit;'>\n<ul style='padding-left: 20px; margin: 0; font-size: 14px; list-style-type: disc;'>\n<li style='margin-bottom: 5px;'><strong>Voltaje de salida:<\/strong> 11-15 Vcc<\/li>\n<li style='margin-bottom: 5px;'><strong>Salida de corriente total:<\/strong> 10 A<\/li>\n<li style='margin-bottom: 5px;'><strong>N\u00famero de salidas:<\/strong> 9<\/li>\n<li style='margin-bottom: 5px;'><strong>Salida de corriente m\u00e1xima por canal:<\/strong> 2 A<\/li>\n<li style='margin-bottom: 5px;'>Capacidad de bater\u00edas de respaldo en 12 Vcd<\/li>\n<li style='margin-bottom: 5px;'><strong>No se incluye la bater\u00eda<\/strong><\/li>\n<\/ul><\/div>\n<\/p><\/div>\n<div style='margin-top: 20px;'> <img style='width: 100%; height: auto; border: 1px solid rgba(150&comma;150&comma;150&comma;0.3); border-radius: 8px;' src='https:\/\/ftp3.syscom.mx\/usuarios\/fotos\/BancoFotografiasSyscom\/EPCOMPOWERLINE\/PLK12DC8ABK\/PLK12DC8ABK-p.PNG' alt=''> <\/div>\n<\/p><\/div>\n<div style='flex: 1 1 300px; min-width: 280px;'>\n<div style='border: 1px solid rgba(150&comma; 150&comma; 150&comma; 0.4); border-radius: 8px; overflow: hidden; display: flex; flex-direction: column;'>\n<div style='padding: 15px; border-bottom: 1px solid rgba(150&comma; 150&comma; 150&comma; 0.2); font-weight: bold; font-size: 18px; color: inherit;'>Caracter\u00edsticas F\u00edsicas y El\u00e9ctricas<\/div>\n<div style='padding: 15px; color: inherit;'>\n<ul style='padding-left: 20px; margin: 0; font-size: 14px; list-style-type: disc;'>\n<li style='margin-bottom: 5px;'><strong>Voltaje de entrada:<\/strong> 96-264 Vca<\/li>\n<li style='margin-bottom: 5px;'>Temperatura de operaci\u00f3n: -20\u00b0C a 45 \u00b0C<\/li>\n<li style='margin-bottom: 5px;'>Dimensiones: 187 mm*193 mm*90 mm (L*W*H)<\/li>\n<li style='margin-bottom: 5px;'><strong>Garant\u00eda:<\/strong> 1 a\u00f1o.<\/li>\n<\/ul><\/div>\n<\/p><\/div>\n<div style='margin-top: 20px;'> <img style='width: 100%; height: auto; border: 1px solid rgba(150&comma;150&comma;150&comma;0.3); border-radius: 8px;' src='https:\/\/ftp3.syscom.mx\/usuarios\/fotos\/BancoFotografiasSyscom\/EPCOMPOWERLINE\/PLK12DC8ABK\/PLK12DC8ABK-AD-1-p.PNG' alt=''> <\/div>\n<\/p><\/div>\n<div style='flex: 1 1 300px; min-width: 280px;'>\n<div style='border: 1px solid rgba(150&comma; 150&comma; 150&comma; 0.4); border-radius: 8px; overflow: hidden; display: flex; flex-direction: column;'>\n<div style='padding: 15px; border-bottom: 1px solid rgba(150&comma; 150&comma; 150&comma; 0.2); font-weight: bold; font-size: 18px; color: inherit;'>Modelos Relacionados<\/div>\n<div style='padding: 15px; color: inherit;'>\n<ul style='padding-left: 20px; margin: 0; font-size: 14px; list-style-type: disc;'>\n<li style='margin-bottom: 5px;'><span style='color: #000000;'><strong>En CCTV (4.5-9.5 Ah):<\/strong><\/span><\/li>\n<li style='margin-bottom: 5px;'><strong><span style='color: #3598db;'>PS12DC4PBK.<\/span><\/strong><\/li>\n<li style='margin-bottom: 5px;'><strong><span style='color: #3598db;'>PLK12DC8ABK.<\/span><\/strong><\/li>\n<li style='margin-bottom: 5px;'><strong><span style='color: #3598db;'>PLK12DC4ABK.<\/span><\/strong><\/li>\n<li style='margin-bottom: 5px;'><strong><span style='color: #3598db;'>PLK12DC20ABK.<\/span><\/strong><\/li>\n<li style='margin-bottom: 5px;'><strong><span style='color: #3598db;'>PLK12DC16ABK<\/span><\/strong><\/li>\n<li style='margin-bottom: 5px;'><strong><span style='color: #3598db;'>P13DC3BK<\/span><\/strong><\/li>\n<li style='margin-bottom: 5px;'><strong><span style='color: #3598db;'>P13DC5BK<\/span><\/strong><\/li>\n<li style='margin-bottom: 5px;'><span style='color: #000000;'><strong>En Control de Acceso (4.5-9.5 Ah):<\/strong><\/span><\/li>\n<li style='margin-bottom: 5px;'><strong><span style='color: #3598db;'>PL12DC3ABK<\/span><\/strong><\/li>\n<li style='margin-bottom: 5px;'><strong><span style='color: #3598db;'>PL12DC5ABK<\/span><\/strong><\/li>\n<li style='margin-bottom: 5px;'><span style='color: #000000;'><strong>En CCTV \/ CA (4.5-18 Ah):<\/strong><\/span><\/li>\n<li style='margin-bottom: 5px;'><strong><span style='color: #3598db;'>XP15DC6BK<\/span><\/strong><\/li>\n<li style='margin-bottom: 5px;'><strong><span style='color: #3598db;'>XP15DC10BK<\/span><\/strong><\/li>\n<li style='margin-bottom: 5px;'><strong><span style='color: #3598db;'>XP15DC30BK<\/span><\/strong><\/li>\n<li style='margin-bottom: 5px;'><span style='color: #000000;'><strong>Requerimiento de gabinete para bater\u00eda:<\/strong><\/span><\/li>\n<li style='margin-bottom: 5px;'><strong><span style='color: #3598db;'>P24350BK<\/span><\/strong><\/li>\n<li style='margin-bottom: 5px;'><strong><span style='color: #3598db;'>PSR30A<\/span><\/strong><\/li>\n<\/ul><\/div>\n<\/p><\/div>\n<div style='margin-top: 20px;'> <img style='width: 100%; height: auto; border: 1px solid rgba(150&comma;150&comma;150&comma;0.3); border-radius: 8px;' src='https:\/\/ftp3.syscom.mx\/usuarios\/fotos\/BancoFotografiasSyscom\/EPCOMPOWERLINE\/PLK12DC8ABK\/PLK12DC8ABK-AD-2-p.PNG' alt=''> <\/div>\n<\/p><\/div>\n<\/p><\/div>\n<div style='margin-bottom: 30px;'>\n<div style='position: relative; padding-bottom: 56.25%; height: 0; overflow: hidden; margin-bottom: 30px;'>   <\/div>\n<\/p><\/div>\n<\/p><\/div>\n","protected":false},"excerpt":{"rendered":"<p>Fuente de Poder con ajuste de voltaje de 11- 15 Vcc \/ 10 A \/ 9 Salidas \/ Capacidad de Bater\u00eda de Respaldo \/ Requiere Bater\u00eda \/ Voltaje de Entrada 96-264 Vca<\/p>\n","protected":false},"featured_media":115232,"comment_status":"open","ping_status":"closed","template":"","meta":[],"product_brand":[],"product_cat":[558],"product_tag":[454,457,559],"class_list":{"0":"post-115233","1":"product","2":"type-product","3":"status-publish","4":"has-post-thumbnail","6":"product_cat-fuentes-de-respaldo","7":"product_tag-epcom-powerline","8":"product_tag-fuentes-de-alimentacion","9":"product_tag-fuentes-de-respaldo","11":"first","12":"instock","13":"sale","14":"shipping-taxable","15":"purchasable","16":"product-type-simple"},"_links":{"self":[{"href":"https:\/\/soydeaqui.ddns.net\/pachuca\/index.php\/wp-json\/wp\/v2\/product\/115233","targetHints":{"allow":["GET"]}}],"collection":[{"href":"https:\/\/soydeaqui.ddns.net\/pachuca\/index.php\/wp-json\/wp\/v2\/product"}],"about":[{"href":"https:\/\/soydeaqui.ddns.net\/pachuca\/index.php\/wp-json\/wp\/v2\/types\/product"}],"replies":[{"embeddable":true,"href":"https:\/\/soydeaqui.ddns.net\/pachuca\/index.php\/wp-json\/wp\/v2\/comments?post=115233"}],"wp:featuredmedia":[{"embeddable":true,"href":"https:\/\/soydeaqui.ddns.net\/pachuca\/index.php\/wp-json\/wp\/v2\/media\/115232"}],"wp:attachment":[{"href":"https:\/\/soydeaqui.ddns.net\/pachuca\/index.php\/wp-json\/wp\/v2\/media?parent=115233"}],"wp:term":[{"taxonomy":"product_brand","embeddable":true,"href":"https:\/\/soydeaqui.ddns.net\/pachuca\/index.php\/wp-json\/wp\/v2\/product_brand?post=115233"},{"taxonomy":"product_cat","embeddable":true,"href":"https:\/\/soydeaqui.ddns.net\/pachuca\/index.php\/wp-json\/wp\/v2\/product_cat?post=115233"},{"taxonomy":"product_tag","embeddable":true,"href":"https:\/\/soydeaqui.ddns.net\/pachuca\/index.php\/wp-json\/wp\/v2\/product_tag?post=115233"}],"curies":[{"name":"wp","href":"https:\/\/api.w.org\/{rel}","templated":true}]}}