{"id":115227,"date":"2026-03-24T01:09:17","date_gmt":"2026-03-24T01:09:17","guid":{"rendered":"https:\/\/soydeaqui.ddns.net\/pachuca\/index.php\/producto\/fuente-de-poder-profesional-de-12-vcc-20-a-soporta-18-camaras-capacidad-de-bateria-de-respaldo-no-incluida-voltaje-de-entrada-de-96-264-vca\/"},"modified":"2026-03-24T01:09:35","modified_gmt":"2026-03-24T01:09:35","slug":"fuente-de-poder-profesional-de-12-vcc-20-a-soporta-18-camaras-capacidad-de-bateria-de-respaldo-no-incluida-voltaje-de-entrada-de-96-264-vca","status":"publish","type":"product","link":"https:\/\/soydeaqui.ddns.net\/pachuca\/index.php\/producto\/fuente-de-poder-profesional-de-12-vcc-20-a-soporta-18-camaras-capacidad-de-bateria-de-respaldo-no-incluida-voltaje-de-entrada-de-96-264-vca\/","title":{"rendered":"Fuente de Poder Profesional de 12 Vcc @ 20 A \/ Soporta 18 C\u00e1maras \/ Capacidad de Bater\u00eda de Respaldo (No Incluida) \/ Voltaje de Entrada de 96-264 Vca"},"content":{"rendered":"<div style='width: 100%; max-width: 1200px; margin: 0 auto; font-family: sans-serif; line-height: 1.6; color: inherit; background-color: transparent;'>\n<div style='display: flex; flex-direction: column; align-items: center; text-align: center; margin-bottom: 30px;'>\n<h1 style='font-size: 28px; margin: 0; color: inherit;'><strong>PLK12DC20ABK<\/strong><\/h1>\n<h3 style='font-size: 20px; margin: 10px 0; color: inherit;'>Fuente de 11-15 Vcc \/ 20 A \/ 18 Salidas<\/h3>\n<h4 style='font-size: 16px; margin: 10px 0; color: inherit; opacity: 0.8;'><strong>Eficiencia en energ\u00eda&comma; con protecci\u00f3n contra sobretensi\u00f3n&comma; cortocircuitos&comma; circuitos de protecci\u00f3n contra anti-interferencia<\/strong><\/h4>\n<p style='font-size: 14px; margin-top: 15px; color: inherit;'><strong>La luz verde enciende&comma; cuando la fuente cuenta con su entrada de alimentaci\u00f3n de 96-264 Vca&comma; suministrando as\u00ed tanto a la carga de la bater\u00eda como la requerida. Cuando falla la energ\u00eda&comma; la bater\u00eda proporciona el voltaje&comma; el led en rojo enciende&comma; y al mismo tiempo entra en la etapa de monitoreo del voltaje de la bater\u00eda&comma; cuando detecta que el voltaje de la bater\u00eda cae a 10.5 Volts&comma; el circuito cortar\u00e1 la carga&comma; la fuente de alimentaci\u00f3n ya no cargar\u00e1&comma; para evitar que la bater\u00eda se descargue&comma; protegiendo as\u00ed la vida \u00fatil de la bater\u00eda&comma; el sistema se reiniciar\u00e1 autom\u00e1ticamente cuando vuelva la alimentaci\u00f3n de la red&comma; a su estado normal.<\/strong><\/p>\n<\/p><\/div>\n<div style='display: flex; flex-wrap: wrap; gap: 30px; margin-bottom: 40px;'>\n<div style='flex: 1 1 300px; min-width: 280px;'>\n<div style='border: 1px solid rgba(150&comma; 150&comma; 150&comma; 0.3); border-radius: 8px; overflow: hidden; display: flex; flex-direction: column; height: 100%;'> <img style='width: 100%; height: auto; border: 1px solid rgba(150&comma;150&comma;150&comma;0.3); border-radius: 8px;' src='https:\/\/ftp3.syscom.mx\/usuarios\/fotos\/BancoFotografiasSyscom\/EPCOMPOWERLINE\/PLK12DC20ABK\/PLK12DC20ABK-p.PNG' alt=''> <\/p>\n<div style='padding: 15px; border-bottom: 1px solid rgba(150&comma; 150&comma; 150&comma; 0.2); font-weight: bold; font-size: 18px; color: inherit; background-color: rgba(150&comma; 150&comma; 150&comma; 0.05);'>Caracter\u00edsticas<\/div>\n<div style='padding: 15px; color: inherit; flex: 1 1 auto;'>\n<ul style='padding-left: 20px; margin: 0; font-size: 14px; list-style-type: disc; color: inherit;'>\n<li style='margin-bottom: 5px;'><strong>Voltaje de salida:<\/strong> 11-15 Vcc<\/li>\n<li style='margin-bottom: 5px;'><strong>Salida de corriente total:<\/strong> 20 A<\/li>\n<li style='margin-bottom: 5px;'><strong>N\u00famero de canales de salida:<\/strong> 18<\/li>\n<li style='margin-bottom: 5px;'><strong>Salida de corriente m\u00e1xima por canal:<\/strong> 2 A<\/li>\n<li style='margin-bottom: 5px;'><strong>Capacidad de bater\u00edas de respaldo en:<\/strong> 12 Vcc<\/li>\n<li style='margin-bottom: 5px;'><strong>No se incluye la bater\u00eda<\/strong><\/li>\n<\/ul><\/div>\n<\/p><\/div>\n<\/p><\/div>\n<div style='flex: 1 1 300px; min-width: 280px;'>\n<div style='border: 1px solid rgba(150&comma; 150&comma; 150&comma; 0.3); border-radius: 8px; overflow: hidden; display: flex; flex-direction: column; height: 100%;'> <img style='width: 100%; height: auto; border: 1px solid rgba(150&comma;150&comma;150&comma;0.3); border-radius: 8px;' src='https:\/\/ftp3.syscom.mx\/usuarios\/fotos\/BancoFotografiasSyscom\/EPCOMPOWERLINE\/PLK12DC20ABK\/PLK12DC20ABK-AD-3-p.PNG' alt=''> <\/p>\n<div style='padding: 15px; border-bottom: 1px solid rgba(150&comma; 150&comma; 150&comma; 0.2); font-weight: bold; font-size: 18px; color: inherit; background-color: rgba(150&comma; 150&comma; 150&comma; 0.05);'>Caracter\u00edsticas F\u00edsicas y El\u00e9ctricas<\/div>\n<div style='padding: 15px; color: inherit; flex: 1 1 auto;'>\n<ul style='padding-left: 20px; margin: 0; font-size: 14px; list-style-type: disc; color: inherit;'>\n<li style='margin-bottom: 5px;'><strong>Voltaje de entrada:<\/strong> 96-264 Vca<\/li>\n<li style='margin-bottom: 5px;'><strong>Temperatura de operaci\u00f3n:<\/strong> -20\u00b0C a 45 \u00b0C<\/li>\n<li style='margin-bottom: 5px;'><strong>Dimensiones:<\/strong> 202 x 216.5 x 73 mm (L*W*H)<\/li>\n<li style='margin-bottom: 5px;'><strong>Garant\u00eda:<\/strong> 1 a\u00f1o.<\/li>\n<\/ul><\/div>\n<\/p><\/div>\n<\/p><\/div>\n<div style='flex: 1 1 300px; min-width: 280px;'>\n<div style='border: 1px solid rgba(150&comma; 150&comma; 150&comma; 0.3); border-radius: 8px; overflow: hidden; display: flex; flex-direction: column; height: 100%;'> <img style='width: 100%; height: auto; border: 1px solid rgba(150&comma;150&comma;150&comma;0.3); border-radius: 8px;' src='https:\/\/ftp3.syscom.mx\/usuarios\/fotos\/BancoFotografiasSyscom\/EPCOMPOWERLINE\/PLK12DC20ABK\/PLK12DC20ABK-AD-4-p.PNG' alt=''> <\/p>\n<div style='padding: 15px; border-bottom: 1px solid rgba(150&comma; 150&comma; 150&comma; 0.2); font-weight: bold; font-size: 18px; color: inherit; background-color: rgba(150&comma; 150&comma; 150&comma; 0.05);'>Modelos Relacionados<\/div>\n<div style='padding: 15px; color: inherit; flex: 1 1 auto;'>\n<ul style='padding-left: 20px; margin: 0; font-size: 14px; list-style-type: disc; color: inherit;'>\n<li style='margin-bottom: 5px;'><span style='color: inherit;'><strong>En CCTV (4.5 -9.5 Ah):<\/strong><\/span><\/li>\n<li style='margin-bottom: 5px;'><strong><span style='color: #3598db;'>PS12DC4PBK.<\/span><\/strong><\/li>\n<li style='margin-bottom: 5px;'><strong><span style='color: #3598db;'>PLK12DC8ABK.<\/span><\/strong><\/li>\n<li style='margin-bottom: 5px;'><strong><span style='color: #3598db;'>PLK12DC4ABK.<\/span><\/strong><\/li>\n<li style='margin-bottom: 5px;'><strong><span style='color: #3598db;'>PLK12DC20ABK.<\/span><\/strong><\/li>\n<li style='margin-bottom: 5px;'><strong><span style='color: #3598db;'>PLK12DC16ABK<\/span><\/strong><\/li>\n<li style='margin-bottom: 5px;'><strong><span style='color: #3598db;'>P13DC3BK<\/span><\/strong><\/li>\n<li style='margin-bottom: 5px;'><strong><span style='color: #3598db;'>P13DC5BK<\/span><\/strong><\/li>\n<li style='margin-bottom: 5px;'><span style='color: inherit;'><strong>En Control de Acceso (4.5 &#8211; 9.5 Ah):<\/strong><\/span><\/li>\n<li style='margin-bottom: 5px;'><strong><span style='color: #3598db;'>PL12DC3ABK<\/span><\/strong><\/li>\n<li style='margin-bottom: 5px;'><strong><span style='color: #3598db;'>PL12DC5ABK<\/span><\/strong><\/li>\n<li style='margin-bottom: 5px;'><span style='color: inherit;'><strong>En CCTV \/ CA (4.5 &#8211; 18 Ah):<\/strong><\/span><\/li>\n<li style='margin-bottom: 5px;'><strong><span style='color: #3598db;'>XP15DC6BK<\/span><\/strong><\/li>\n<li style='margin-bottom: 5px;'><strong><span style='color: #3598db;'>XP15DC10BK<\/span><\/strong><\/li>\n<li style='margin-bottom: 5px;'><strong><span style='color: #3598db;'>XP15DC30BK<\/span><\/strong><\/li>\n<li style='margin-bottom: 5px;'><span style='color: inherit;'><strong>Requerimiento de gabinete para bater\u00eda:<\/strong><\/span><\/li>\n<li style='margin-bottom: 5px;'><strong><span style='color: #3598db;'>P24350BK<\/span><\/strong><\/li>\n<li style='margin-bottom: 5px;'><strong><span style='color: #3598db;'>PSR30A<\/span><\/strong><\/li>\n<\/ul><\/div>\n<\/p><\/div>\n<\/p><\/div>\n<\/p><\/div>\n<div style='margin-top: 40px; margin-bottom: 40px;'>\n<div style='position: relative; padding-bottom: 56.25%; height: 0; overflow: hidden;'>   <\/div>\n<\/p><\/div>\n<\/p><\/div>\n","protected":false},"excerpt":{"rendered":"<p>Fuente de Poder Profesional de 12 Vcc @ 20 A \/ Soporta 18 C\u00e1maras \/ Capacidad de Bater\u00eda de Respaldo (No Incluida) \/ Voltaje de Entrada de 96-264 Vca<\/p>\n","protected":false},"featured_media":115226,"comment_status":"open","ping_status":"closed","template":"","meta":[],"product_brand":[],"product_cat":[558],"product_tag":[454,457,559],"class_list":{"0":"post-115227","1":"product","2":"type-product","3":"status-publish","4":"has-post-thumbnail","6":"product_cat-fuentes-de-respaldo","7":"product_tag-epcom-powerline","8":"product_tag-fuentes-de-alimentacion","9":"product_tag-fuentes-de-respaldo","11":"first","12":"instock","13":"sale","14":"shipping-taxable","15":"purchasable","16":"product-type-simple"},"_links":{"self":[{"href":"https:\/\/soydeaqui.ddns.net\/pachuca\/index.php\/wp-json\/wp\/v2\/product\/115227","targetHints":{"allow":["GET"]}}],"collection":[{"href":"https:\/\/soydeaqui.ddns.net\/pachuca\/index.php\/wp-json\/wp\/v2\/product"}],"about":[{"href":"https:\/\/soydeaqui.ddns.net\/pachuca\/index.php\/wp-json\/wp\/v2\/types\/product"}],"replies":[{"embeddable":true,"href":"https:\/\/soydeaqui.ddns.net\/pachuca\/index.php\/wp-json\/wp\/v2\/comments?post=115227"}],"wp:featuredmedia":[{"embeddable":true,"href":"https:\/\/soydeaqui.ddns.net\/pachuca\/index.php\/wp-json\/wp\/v2\/media\/115226"}],"wp:attachment":[{"href":"https:\/\/soydeaqui.ddns.net\/pachuca\/index.php\/wp-json\/wp\/v2\/media?parent=115227"}],"wp:term":[{"taxonomy":"product_brand","embeddable":true,"href":"https:\/\/soydeaqui.ddns.net\/pachuca\/index.php\/wp-json\/wp\/v2\/product_brand?post=115227"},{"taxonomy":"product_cat","embeddable":true,"href":"https:\/\/soydeaqui.ddns.net\/pachuca\/index.php\/wp-json\/wp\/v2\/product_cat?post=115227"},{"taxonomy":"product_tag","embeddable":true,"href":"https:\/\/soydeaqui.ddns.net\/pachuca\/index.php\/wp-json\/wp\/v2\/product_tag?post=115227"}],"curies":[{"name":"wp","href":"https:\/\/api.w.org\/{rel}","templated":true}]}}