{"id":115213,"date":"2026-03-24T01:08:32","date_gmt":"2026-03-24T01:08:32","guid":{"rendered":"https:\/\/soydeaqui.ddns.net\/pachuca\/index.php\/producto\/fuente-de-poder-de-12-vcc-regulada-2-amp-voltaje-de-entrada-de-100-240-vca-longitud-del-cable-96-cms\/"},"modified":"2026-03-24T01:08:40","modified_gmt":"2026-03-24T01:08:40","slug":"fuente-de-poder-de-12-vcc-regulada-2-amp-voltaje-de-entrada-de-100-240-vca-longitud-del-cable-96-cms","status":"publish","type":"product","link":"https:\/\/soydeaqui.ddns.net\/pachuca\/index.php\/producto\/fuente-de-poder-de-12-vcc-regulada-2-amp-voltaje-de-entrada-de-100-240-vca-longitud-del-cable-96-cms\/","title":{"rendered":"Fuente de Poder de 12 Vcc Regulada \/ 2 Amp \/ Voltaje de Entrada de 100 &#8211; 240 VCA \/ Longitud del cable 96 cms."},"content":{"rendered":"<div style='width: 100%; max-width: 1200px; margin: 0 auto; font-family: sans-serif; line-height: 1.6; color: inherit; background-color: transparent;'>\n<div style='display: flex; flex-direction: column; align-items: center; text-align: center; margin-bottom: 30px;'>\n<h1 style='font-size: 28px; color: inherit; margin: 0;'>PSD1202D<\/h1>\n<h3 style='font-size: 20px; color: inherit; margin: 0;'>Fuente de poder 12 Vcc regulado @ 2A<\/h3>\n<\/p><\/div>\n<div style='margin-bottom: 30px;'>\n<p style='text-align: center; font-size: 15px; color: inherit; opacity: 0.8;'> <strong>EPCOM POWER LINE marca lider en fuentes de poder con alta eficiencia en alimentaci\u00f3n para equipos de seguridad electr\u00f3nica por sus ventajas de aprobaciones&comma; certificaciones&comma; protecci\u00f3n contra sobretensiones&comma; y circuitos de protecci\u00f3n contra anti- interferencia&#8230;<\/strong> <\/p>\n<\/p><\/div>\n<p> <!-- CARACTERISTICAS Y ESPECIFICACIONES --> <\/p>\n<div style='display: flex; flex-wrap: wrap; gap: 30px;'> <!-- Card 1 --> <\/p>\n<div style='flex: 1 1 300px; min-width: 280px; display: flex; flex-direction: column;'>\n<div style='width: 100%; height: auto; border: 1px solid rgba(150&comma;150&comma;150&comma;0.3); border-radius: 8px; overflow: hidden; margin-bottom: 15px;'> <img style='width: 100%; height: auto; border: none;' src='https:\/\/ftp3.syscom.mx\/usuarios\/fotos\/BancoFotografiasSyscom\/EPCOMPOWERLINE\/PSD1202D\/PSD1202D-p.PNG' alt='Fuente de Poder PSD1202D'> <\/div>\n<div style='border: 1px solid rgba(150&comma; 150&comma; 150&comma; 0.4); border-radius: 8px; overflow: hidden; flex: 1; display: flex; flex-direction: column;'>\n<div style='padding: 15px; border-bottom: 1px solid rgba(150&comma; 150&comma; 150&comma; 0.2); font-weight: bold; font-size: 18px; color: inherit;'>Caracter\u00edsticas<\/div>\n<div style='padding: 15px; color: inherit; flex: 1;'>\n<ul style='padding-left: 20px; margin: 0; font-size: 14px; list-style-type: disc;'>\n<li style='margin-bottom: 5px;'><strong>Voltaje de entrada<\/strong>: 100-240 Vca.<\/li>\n<li style='margin-bottom: 5px;'><strong>Longitud del cable<\/strong>: 96 Cms<\/li>\n<li style='margin-bottom: 5px;'><strong>Voltaje de salida:<\/strong> 12 Vcc<\/li>\n<li style='margin-bottom: 5px;'><strong>Corriente de entrada:<\/strong> 0.8 A<\/li>\n<li style='margin-bottom: 5px;'><strong>Corriente de salida:<\/strong> 2 Amper<\/li>\n<li style='margin-bottom: 5px;'><strong>Dimensiones (W x H x D):<\/strong> 71.4 x 45.3 x 37.7 mm<\/li>\n<li style='margin-bottom: 5px;'><strong>Condiciones de operaci\u00f3n:<\/strong> -20\u00b0C- 45\u00b0C<\/li>\n<li style='margin-bottom: 5px;'><strong>Garant\u00eda<\/strong>: 3 a\u00f1os<\/li>\n<\/ul><\/div>\n<\/p><\/div>\n<\/p><\/div>\n<p> <!-- Card 2 --> <\/p>\n<div style='flex: 1 1 300px; min-width: 280px; display: flex; flex-direction: column;'>\n<div style='width: 100%; height: auto; border: 1px solid rgba(150&comma;150&comma;150&comma;0.3); border-radius: 8px; overflow: hidden; margin-bottom: 15px;'> <img style='width: 100%; height: auto; border: none;' src='https:\/\/ftp3.syscom.mx\/usuarios\/fotos\/BancoFotografiasSyscom\/EPCOMPOWERLINE\/PSD1202D\/PSD1202D-FRENTE-p.PNG' alt='Modelos Relacionados 1'> <\/div>\n<div style='border: 1px solid rgba(150&comma; 150&comma; 150&comma; 0.4); border-radius: 8px; overflow: hidden; flex: 1; display: flex; flex-direction: column;'>\n<div style='padding: 15px; border-bottom: 1px solid rgba(150&comma; 150&comma; 150&comma; 0.2); font-weight: bold; font-size: 18px; color: inherit;'>Modelos Relacionados<\/div>\n<div style='padding: 15px; color: inherit; flex: 1;'>\n<ul style='padding-left: 20px; margin: 0; font-size: 14px; list-style-type: disc;'>\n<li style='margin-bottom: 5px;'>P5DC1A &#8230;&#8230;&#8230;&#8230;&#8230;5 Vcc @ 1 A<\/li>\n<li style='margin-bottom: 5px;'>P5DC2A&#8230;&#8230;&#8230;&#8230;&#8230;.5 Vcc @ 2 A<\/li>\n<li style='margin-bottom: 5px;'>P6DC1A&#8230;&#8230;&#8230;&#8230;&#8230;6 Vcc @ 1 A<\/li>\n<li style='margin-bottom: 5px;'>P9DC1A&#8230;&#8230;&#8230;&#8230;&#8230;9 Vcc @ 1 A<\/li>\n<li style='margin-bottom: 5px;'>P9DC3A&#8230;&#8230;&#8230;&#8230;&#8230;9 Vcc @ 3 A<\/li>\n<li style='margin-bottom: 5px;'>PLDC500&#8230;&#8230;&#8230;&#8230;.12 Vcc @ 0.5 A<\/li>\n<\/ul><\/div>\n<\/p><\/div>\n<\/p><\/div>\n<p> <!-- Card 3 --> <\/p>\n<div style='flex: 1 1 300px; min-width: 280px; display: flex; flex-direction: column;'>\n<div style='width: 100%; height: auto; border: 1px solid rgba(150&comma;150&comma;150&comma;0.3); border-radius: 8px; overflow: hidden; margin-bottom: 15px;'> <img style='width: 100%; height: auto; border: none;' src='https:\/\/ftp3.syscom.mx\/usuarios\/fotos\/BancoFotografiasSyscom\/EPCOMPOWERLINE\/PSD1202D\/PSD1202D-LAT-IZQ-p.PNG' alt='Modelos Relacionados 2'> <\/div>\n<div style='border: 1px solid rgba(150&comma; 150&comma; 150&comma; 0.4); border-radius: 8px; overflow: hidden; flex: 1; display: flex; flex-direction: column;'>\n<div style='padding: 15px; border-bottom: 1px solid rgba(150&comma; 150&comma; 150&comma; 0.2); font-weight: bold; font-size: 18px; color: inherit;'>Modelos Relacionados<\/div>\n<div style='padding: 15px; color: inherit; flex: 1;'>\n<ul style='padding-left: 20px; margin: 0; font-size: 14px; list-style-type: disc;'>\n<li style='margin-bottom: 5px;'>PLDC100&#8230;&#8230;&#8230;&#8230;&#8230;.12 Vcc @ 1 A<\/li>\n<li style='margin-bottom: 5px;'>PSD1202D&#8230;&#8230;&#8230;&#8230;..12 Vcc @ 2 A<\/li>\n<li style='margin-bottom: 5px;'>PL12DC2AW&#8230;&#8230;&#8230;.12 Vcc @ 2 A Intemperie<\/li>\n<li style='margin-bottom: 5px;'>P12DC3A&#8230;&#8230;&#8230;&#8230;&#8230;.12 Vcc @ 3 A<\/li>\n<li style='margin-bottom: 5px;'>P24DC3A&#8230;&#8230;&#8230;&#8230;&#8230;.24 Vcc @ 1 A<\/li>\n<li style='margin-bottom: 5px;'>PL36V2A&#8230;&#8230;&#8230;&#8230;&#8230;.36 Vcc @ 1 A<\/li>\n<li style='margin-bottom: 5px;'>PLDC4830A&#8230;&#8230;&#8230;..48 Vcc @ 1 A<\/li>\n<li style='margin-bottom: 5px;'>PL53V3A&#8230;&#8230;&#8230;&#8230;&#8230;.53 Vcc @ 1 A<\/li>\n<\/ul><\/div>\n<\/p><\/div>\n<\/p><\/div>\n<\/p><\/div>\n<\/p><\/div>\n","protected":false},"excerpt":{"rendered":"<p>Fuente de Poder de 12 Vcc Regulada \/ 2 Amp \/ Voltaje de Entrada de 100 &#8211; 240 VCA \/ Longitud del cable 96 cms.<\/p>\n","protected":false},"featured_media":115212,"comment_status":"open","ping_status":"closed","template":"","meta":[],"product_brand":[],"product_cat":[1103],"product_tag":[142,454,457],"class_list":{"0":"post-115213","1":"product","2":"type-product","3":"status-publish","4":"has-post-thumbnail","6":"product_cat-fuentes-de-alimentacion-energia-videovigilancia","7":"product_tag-energia","8":"product_tag-epcom-powerline","9":"product_tag-fuentes-de-alimentacion","11":"first","12":"instock","13":"sale","14":"shipping-taxable","15":"purchasable","16":"product-type-simple"},"_links":{"self":[{"href":"https:\/\/soydeaqui.ddns.net\/pachuca\/index.php\/wp-json\/wp\/v2\/product\/115213","targetHints":{"allow":["GET"]}}],"collection":[{"href":"https:\/\/soydeaqui.ddns.net\/pachuca\/index.php\/wp-json\/wp\/v2\/product"}],"about":[{"href":"https:\/\/soydeaqui.ddns.net\/pachuca\/index.php\/wp-json\/wp\/v2\/types\/product"}],"replies":[{"embeddable":true,"href":"https:\/\/soydeaqui.ddns.net\/pachuca\/index.php\/wp-json\/wp\/v2\/comments?post=115213"}],"wp:featuredmedia":[{"embeddable":true,"href":"https:\/\/soydeaqui.ddns.net\/pachuca\/index.php\/wp-json\/wp\/v2\/media\/115212"}],"wp:attachment":[{"href":"https:\/\/soydeaqui.ddns.net\/pachuca\/index.php\/wp-json\/wp\/v2\/media?parent=115213"}],"wp:term":[{"taxonomy":"product_brand","embeddable":true,"href":"https:\/\/soydeaqui.ddns.net\/pachuca\/index.php\/wp-json\/wp\/v2\/product_brand?post=115213"},{"taxonomy":"product_cat","embeddable":true,"href":"https:\/\/soydeaqui.ddns.net\/pachuca\/index.php\/wp-json\/wp\/v2\/product_cat?post=115213"},{"taxonomy":"product_tag","embeddable":true,"href":"https:\/\/soydeaqui.ddns.net\/pachuca\/index.php\/wp-json\/wp\/v2\/product_tag?post=115213"}],"curies":[{"name":"wp","href":"https:\/\/api.w.org\/{rel}","templated":true}]}}