{"id":115087,"date":"2026-03-24T01:01:13","date_gmt":"2026-03-24T01:01:13","guid":{"rendered":"https:\/\/soydeaqui.ddns.net\/pachuca\/index.php\/producto\/caja-de-305-metros-1000-pies-4-x-24-awg-cable-telefnico-ek-tel-cmr-uso-interior\/"},"modified":"2026-03-24T01:01:17","modified_gmt":"2026-03-24T01:01:17","slug":"caja-de-305-metros-1000-pies-4-x-24-awg-cable-telefnico-ek-tel-cmr-uso-interior","status":"publish","type":"product","link":"https:\/\/soydeaqui.ddns.net\/pachuca\/index.php\/producto\/caja-de-305-metros-1000-pies-4-x-24-awg-cable-telefnico-ek-tel-cmr-uso-interior\/","title":{"rendered":"Caja de 305 Metros (1000 Pies) \/ 4 X 24 AWG \/ Cable Telef?nico EK-TEL-CMR \/ Uso Interior"},"content":{"rendered":"<div style='width: 100%; max-width: 1200px; margin: 0 auto; font-family: sans-serif; line-height: 1.6; color: inherit; background-color: transparent;'>\n<div style='width: 100%; text-align: center; margin-bottom: 20px;'> <img style='width: auto; max-width: 200px; height: auto; border: 1px solid rgba(150&comma;150&comma;150&comma;0.3); border-radius: 8px;' src='https:\/\/ftp3.syscom.mx\/usuarios\/fotos\/logotipos\/condumex.png' alt='Logo Condumex'> <\/div>\n<div style='display: flex; flex-wrap: wrap; gap: 30px; margin-bottom: 30px;'>\n<div style='flex: 1 1 300px; min-width: 280px;'>\n<h3 style='font-size: 22px; border-bottom: 2px solid currentColor; padding-bottom: 5px; margin-top: 0; color: inherit; opacity: 0.8;'>Caracter\u00edsticas<\/h3>\n<ul style='padding-left: 20px; font-size: 15px; color: inherit;'>\n<li style='margin-bottom: 5px;'>Instalaci\u00f3n en interiores para redes de voz y datos en baja velocidad.<\/li>\n<\/ul><\/div>\n<div style='flex: 1 1 300px; min-width: 280px;'>\n<h3 style='font-size: 22px; border-bottom: 2px solid currentColor; padding-bottom: 5px; margin-top: 0; color: inherit; opacity: 0.8;'>Caracter\u00edsticas f\u00edsicas y el\u00e9ctricas<\/h3>\n<ul style='padding-left: 20px; font-size: 15px; color: inherit;'>\n<li style='margin-bottom: 5px;'>Conductor de cobre s\u00f3lido<\/li>\n<li style='margin-bottom: 5px;'>Aislamiento de Cloruro de Polivinilo (PVC)<\/li>\n<li style='margin-bottom: 5px;'>Conductores pareados y cableados<\/li>\n<li style='margin-bottom: 5px;'>Cubierta exterior de PVC retardante a la flama<\/li>\n<li style='margin-bottom: 5px;'>Flamabilidad del cable: CMR<\/li>\n<li style='margin-bottom: 5px;'>Calibre del conductor: 24<\/li>\n<li style='margin-bottom: 5px;'>Di\u00e1metro sobre cubierta: 3.70 mm<\/li>\n<li style='margin-bottom: 5px;'>Peso: 6 kgs.<\/li>\n<li style='margin-bottom: 5px;'>N\u00famero de pares: 2<\/li>\n<\/ul><\/div>\n<div style='flex: 1 1 300px; min-width: 280px;'>\n<h3 style='font-size: 22px; border-bottom: 2px solid currentColor; padding-bottom: 5px; margin-top: 0; color: inherit; opacity: 0.8;'>Est\u00e1ndares<\/h3>\n<ul style='padding-left: 20px; font-size: 15px; color: inherit;'>\n<li style='margin-bottom: 5px;'>NMX &#8211; I- 236- NYCE<\/li>\n<li style='margin-bottom: 5px;'>ISO -9001<\/li>\n<\/ul><\/div>\n<\/p><\/div>\n<div style='margin-bottom: 30px; font-size: 14px; color: inherit;'>\n<p style='margin: 0;'><strong>* Precio por bobina de 305 metros.<\/strong><\/p>\n<\/p><\/div>\n<\/p><\/div>\n","protected":false},"excerpt":{"rendered":"<p>Caja de 305 Metros (1000 Pies) \/ 4 X 24 AWG \/ Cable Telef?nico EK-TEL-CMR \/ Uso Interior<\/p>\n","protected":false},"featured_media":115086,"comment_status":"open","ping_status":"closed","template":"","meta":[],"product_brand":[],"product_cat":[137],"product_tag":[138,538,62],"class_list":{"0":"post-115087","1":"product","2":"type-product","3":"status-publish","4":"has-post-thumbnail","6":"product_cat-todos-cables","7":"product_tag-cables","8":"product_tag-condumex","9":"product_tag-todos","11":"first","12":"instock","13":"sale","14":"shipping-taxable","15":"purchasable","16":"product-type-simple"},"_links":{"self":[{"href":"https:\/\/soydeaqui.ddns.net\/pachuca\/index.php\/wp-json\/wp\/v2\/product\/115087","targetHints":{"allow":["GET"]}}],"collection":[{"href":"https:\/\/soydeaqui.ddns.net\/pachuca\/index.php\/wp-json\/wp\/v2\/product"}],"about":[{"href":"https:\/\/soydeaqui.ddns.net\/pachuca\/index.php\/wp-json\/wp\/v2\/types\/product"}],"replies":[{"embeddable":true,"href":"https:\/\/soydeaqui.ddns.net\/pachuca\/index.php\/wp-json\/wp\/v2\/comments?post=115087"}],"wp:featuredmedia":[{"embeddable":true,"href":"https:\/\/soydeaqui.ddns.net\/pachuca\/index.php\/wp-json\/wp\/v2\/media\/115086"}],"wp:attachment":[{"href":"https:\/\/soydeaqui.ddns.net\/pachuca\/index.php\/wp-json\/wp\/v2\/media?parent=115087"}],"wp:term":[{"taxonomy":"product_brand","embeddable":true,"href":"https:\/\/soydeaqui.ddns.net\/pachuca\/index.php\/wp-json\/wp\/v2\/product_brand?post=115087"},{"taxonomy":"product_cat","embeddable":true,"href":"https:\/\/soydeaqui.ddns.net\/pachuca\/index.php\/wp-json\/wp\/v2\/product_cat?post=115087"},{"taxonomy":"product_tag","embeddable":true,"href":"https:\/\/soydeaqui.ddns.net\/pachuca\/index.php\/wp-json\/wp\/v2\/product_tag?post=115087"}],"curies":[{"name":"wp","href":"https:\/\/api.w.org\/{rel}","templated":true}]}}