{"id":115065,"date":"2026-03-24T00:59:59","date_gmt":"2026-03-24T00:59:59","guid":{"rendered":"https:\/\/soydeaqui.ddns.net\/pachuca\/index.php\/producto\/cable-usb-kvm-de-1-8-metros-5-91-pies\/"},"modified":"2026-03-24T01:00:08","modified_gmt":"2026-03-24T01:00:08","slug":"cable-usb-kvm-de-1-8-metros-5-91-pies","status":"publish","type":"product","link":"https:\/\/soydeaqui.ddns.net\/pachuca\/index.php\/producto\/cable-usb-kvm-de-1-8-metros-5-91-pies\/","title":{"rendered":"Cable USB KVM de 1.8 metros (5.91 pies)"},"content":{"rendered":"<div style='width: 100%; max-width: 1200px; margin: 0 auto; font-family: sans-serif; line-height: 1.6; color: inherit; background-color: transparent;'>\n<div style='display: flex; justify-content: center; flex-wrap: wrap; gap: 15px; margin-bottom: 30px;'> <img style='width: 100px; height: auto; border: 1px solid rgba(150&comma;150&comma;150&comma;0.3); border-radius: 8px;' src='https:\/\/planet.com.tw\/storage\/icons\/7icon_combo.png' alt='combinado'> <img style='width: 100px; height: auto; border: 1px solid rgba(150&comma;150&comma;150&comma;0.3); border-radius: 8px;' src='https:\/\/planet.com.tw\/storage\/icons\/2icon_USB_Mouse_Keyboard.png' alt='Teclado y rat\u00f3n USB'> <img style='width: 100px; height: auto; border: 1px solid rgba(150&comma;150&comma;150&comma;0.3); border-radius: 8px;' src='https:\/\/planet.com.tw\/storage\/icons\/7icon_VGA.png' alt='VGA'> <\/div>\n<div style='margin-bottom: 30px;'>\n<p style='font-size: 15px; color: inherit;'>El cable que conecta sus computadoras a su conmutador KVM determina la calidad de la comunicaci\u00f3n entre las CPU y el conmutador KVM. Nuestros cables hechos a medida est\u00e1n dise\u00f1ados para proporcionar la mayor capacidad de se\u00f1al con la menor p\u00e9rdida de se\u00f1al. Esta importante tecnolog\u00eda produce una salida de v\u00eddeo de la m\u00e1s alta calidad&comma; incluso despu\u00e9s de transmisiones a larga distancia o en los entornos con mayor ruido electr\u00f3nico&comma; como los gabinetes de servidores. Los cables KVM premium hechos a medida de Planet garantizan una integridad de se\u00f1al \u00f3ptima para las necesidades de servidores de alto nivel. Los cables del teclado y del mouse est\u00e1n hechos de alambre de calibre 28 con doble sellado y est\u00e1n cuidadosamente envueltos con un cable de video de alta resistencia para conexiones simplificadas.<\/p>\n<\/p><\/div>\n<div style='margin-bottom: 30px;'> <img style='width: 100%; height: auto; border: 1px solid rgba(150&comma;150&comma;150&comma;0.3); border-radius: 8px;' src='https:\/\/planet.com.tw\/storage\/products\/48970\/KVM-KC1-1.8_3_5v1.1-2.png' alt=''> <\/div>\n<div style='margin-bottom: 30px;'>\n<h3 style='font-size: 22px; border-bottom: 2px solid currentColor; padding-bottom: 5px; margin-top: 0; color: inherit; opacity: 0.8;'>Caracter\u00edsticas principales<\/h3>\n<ul style='padding-left: 20px; font-size: 15px; color: inherit; list-style-type: disc;'>\n<li style='margin-bottom: 5px;'><strong>Tipo:<\/strong> USB tipo A y conectores VGA<\/li>\n<li style='margin-bottom: 5px;'><strong>Longitud:<\/strong> 1.8 m<\/li>\n<li style='margin-bottom: 5px;'><strong>VGA:<\/strong> Cable coaxial blindado admite una imagen clara<\/li>\n<li style='margin-bottom: 5px;'><strong>Dise\u00f1o:<\/strong> N\u00facleos de ferrita para filtro de se\u00f1al y antiinterferencias<\/li>\n<li style='margin-bottom: 5px;'><strong>Peso:<\/strong> 0.18 kg<\/li>\n<\/ul><\/div>\n<\/p><\/div>\n","protected":false},"excerpt":{"rendered":"<p>Cable USB KVM de 1.8 metros (5.91 pies)<\/p>\n","protected":false},"featured_media":115064,"comment_status":"open","ping_status":"closed","template":"","meta":[],"product_brand":[],"product_cat":[2130],"product_tag":[488,2033,2131],"class_list":{"0":"post-115065","1":"product","2":"type-product","3":"status-publish","4":"has-post-thumbnail","6":"product_cat-vga-dvi-hdmi","7":"product_tag-cables-y-conectores","8":"product_tag-planet","9":"product_tag-vga-dvi-hdmi","11":"first","12":"instock","13":"sale","14":"shipping-taxable","15":"purchasable","16":"product-type-simple"},"_links":{"self":[{"href":"https:\/\/soydeaqui.ddns.net\/pachuca\/index.php\/wp-json\/wp\/v2\/product\/115065","targetHints":{"allow":["GET"]}}],"collection":[{"href":"https:\/\/soydeaqui.ddns.net\/pachuca\/index.php\/wp-json\/wp\/v2\/product"}],"about":[{"href":"https:\/\/soydeaqui.ddns.net\/pachuca\/index.php\/wp-json\/wp\/v2\/types\/product"}],"replies":[{"embeddable":true,"href":"https:\/\/soydeaqui.ddns.net\/pachuca\/index.php\/wp-json\/wp\/v2\/comments?post=115065"}],"wp:featuredmedia":[{"embeddable":true,"href":"https:\/\/soydeaqui.ddns.net\/pachuca\/index.php\/wp-json\/wp\/v2\/media\/115064"}],"wp:attachment":[{"href":"https:\/\/soydeaqui.ddns.net\/pachuca\/index.php\/wp-json\/wp\/v2\/media?parent=115065"}],"wp:term":[{"taxonomy":"product_brand","embeddable":true,"href":"https:\/\/soydeaqui.ddns.net\/pachuca\/index.php\/wp-json\/wp\/v2\/product_brand?post=115065"},{"taxonomy":"product_cat","embeddable":true,"href":"https:\/\/soydeaqui.ddns.net\/pachuca\/index.php\/wp-json\/wp\/v2\/product_cat?post=115065"},{"taxonomy":"product_tag","embeddable":true,"href":"https:\/\/soydeaqui.ddns.net\/pachuca\/index.php\/wp-json\/wp\/v2\/product_tag?post=115065"}],"curies":[{"name":"wp","href":"https:\/\/api.w.org\/{rel}","templated":true}]}}