{"id":115058,"date":"2026-03-24T00:59:36","date_gmt":"2026-03-24T00:59:36","guid":{"rendered":"https:\/\/soydeaqui.ddns.net\/pachuca\/index.php\/producto\/cable-usb-kvm-de-5-metros-16-40-pies\/"},"modified":"2026-03-24T00:59:48","modified_gmt":"2026-03-24T00:59:48","slug":"cable-usb-kvm-de-5-metros-16-40-pies","status":"publish","type":"product","link":"https:\/\/soydeaqui.ddns.net\/pachuca\/index.php\/producto\/cable-usb-kvm-de-5-metros-16-40-pies\/","title":{"rendered":"Cable USB KVM de 5 Metros (16.40 Pies)"},"content":{"rendered":"<div style='width: 100%; max-width: 1200px; margin: 0 auto; font-family: sans-serif; line-height: 1.6; color: inherit; background-color: transparent;'>\n<div style='display: flex; flex-wrap: wrap; gap: 30px; margin-bottom: 30px;'>\n<div style='flex: 1 1 300px; min-width: 280px;'>\n<h3 style='font-size: 22px; border-bottom: 2px solid currentColor; padding-bottom: 5px; margin-top: 0; color: inherit; opacity: 0.8;'>Caracter\u00edsticas<\/h3>\n<ul style='padding-left: 20px; font-size: 15px; color: inherit;'>\n<li style='margin-bottom: 5px;'><strong>Tipo:<\/strong> USB tipo A y conectores VGA<\/li>\n<li style='margin-bottom: 5px;'><strong>Longitud:<\/strong> 5 m<\/li>\n<li style='margin-bottom: 5px;'><strong>VGA:<\/strong> Coaxial blindado para imagen clara<\/li>\n<li style='margin-bottom: 5px;'><strong>Dise\u00f1o:<\/strong> N\u00facleos de ferrita para filtro de se\u00f1al y anti-interferencias<\/li>\n<li style='margin-bottom: 5px;'><strong>Peso:<\/strong> 0.33 kg<\/li>\n<\/ul><\/div>\n<\/p><\/div>\n<div style='display: flex; flex-wrap: wrap; gap: 20px; margin-bottom: 30px;'>\n<div style='flex: 1 1 250px; border: 1px solid rgba(150&comma; 150&comma; 150&comma; 0.4); border-radius: 8px; overflow: hidden; display: flex; flex-direction: column;'>\n<div style='padding: 15px; border-bottom: 1px solid rgba(150&comma; 150&comma; 150&comma; 0.2); font-weight: bold; font-size: 18px; color: inherit;'>Detalles t\u00e9cnicos<\/div>\n<div style='padding: 15px; color: inherit;'>\n<ul style='padding-left: 20px; margin: 0; font-size: 14px; list-style-type: disc;'>\n<li style='margin-bottom: 5px;'>Cable de alambre de calibre 28 con doble sellado<\/li>\n<li style='margin-bottom: 5px;'>Construcci\u00f3n duradera para entornos con alto ruido electr\u00f3nico<\/li>\n<li style='margin-bottom: 5px;'>Transmisi\u00f3n de se\u00f1al de alta calidad incluso a larga distancia<\/li>\n<\/ul><\/div>\n<\/p><\/div>\n<\/p><\/div>\n<div style='display: flex; flex-wrap: wrap; gap: 20px; margin-bottom: 30px;'>\n<div style='flex: 1 1 250px; min-width: 280px;'>\n<h3 style='font-size: 22px; border-bottom: 2px solid currentColor; padding-bottom: 5px; margin-top: 0; color: inherit; opacity: 0.8;'>Conectores<\/h3>\n<div style='display: flex; flex-wrap: wrap; gap: 10px; padding: 15px; background-color: rgba(150&comma;150&comma;150&comma;0.05); border-radius: 8px;'> <img style='width: 30px; height: auto; border: 1px solid rgba(150&comma;150&comma;150&comma;0.3); border-radius: 8px;' src='https:\/\/planet.com.tw\/storage\/icons\/7icon_combo.png' alt='combinado'> <img style='width: 30px; height: auto; border: 1px solid rgba(150&comma;150&comma;150&comma;0.3); border-radius: 8px;' src='https:\/\/planet.com.tw\/storage\/icons\/2icon_USB_Mouse_Keyboard.png' alt='Teclado y rat\u00f3n USB'> <img style='width: 30px; height: auto; border: 1px solid rgba(150&comma;150&comma;150&comma;0.3); border-radius: 8px;' src='https:\/\/planet.com.tw\/storage\/icons\/7icon_VGA.png' alt='VGA'> <\/div>\n<\/p><\/div>\n<\/p><\/div>\n<div style='display: flex; flex-wrap: wrap; gap: 20px; margin-bottom: 30px;'>\n<div style='flex: 1 1 250px; border: 1px solid rgba(150&comma; 150&comma; 150&comma; 0.4); border-radius: 8px; overflow: hidden; display: flex; flex-direction: column;'>\n<div style='padding: 15px; border-bottom: 1px solid rgba(150&comma; 150&comma; 150&comma; 0.2); font-weight: bold; font-size: 18px; color: inherit;'>Aplicaci\u00f3n<\/div>\n<div style='padding: 15px; color: inherit;'>\n<p style='margin: 0 0 15px 0;'>El cable KVM-KC1-1.8\/3\/5 de PLANET est\u00e1 dise\u00f1ado para garantizar una integridad de se\u00f1al \u00f3ptima en entornos de servidores de alto nivel. Su construcci\u00f3n especial con cable de video de alta resistencia y cables de teclado y mouse cuidadosamente envueltos permite conexiones simplificadas y confiables.<\/p>\n<p style='margin: 0;'>Ideal para gabinetes de servidores y entornos con alto ruido electr\u00f3nico donde se requiere transmisi\u00f3n de se\u00f1al estable y de alta calidad.<\/p>\n<\/p><\/div>\n<\/p><\/div>\n<\/p><\/div>\n<div style='display: flex; flex-wrap: wrap; gap: 20px; margin-bottom: 30px;'>\n<div style='flex: 1 1 250px;'> <img style='width: 100%; height: auto; border: 1px solid rgba(150&comma;150&comma;150&comma;0.3); border-radius: 8px;' src='https:\/\/planet.com.tw\/storage\/products\/48970\/KVM-KC1-1.8_3_5v1.1-2.png' alt=''> <\/div>\n<\/p><\/div>\n<\/p><\/div>\n","protected":false},"excerpt":{"rendered":"<p>Cable USB KVM de 5 Metros (16.40 Pies)<\/p>\n","protected":false},"featured_media":115057,"comment_status":"open","ping_status":"closed","template":"","meta":[],"product_brand":[],"product_cat":[2130],"product_tag":[488,2033,2131],"class_list":{"0":"post-115058","1":"product","2":"type-product","3":"status-publish","4":"has-post-thumbnail","6":"product_cat-vga-dvi-hdmi","7":"product_tag-cables-y-conectores","8":"product_tag-planet","9":"product_tag-vga-dvi-hdmi","11":"first","12":"instock","13":"sale","14":"shipping-taxable","15":"purchasable","16":"product-type-simple"},"_links":{"self":[{"href":"https:\/\/soydeaqui.ddns.net\/pachuca\/index.php\/wp-json\/wp\/v2\/product\/115058","targetHints":{"allow":["GET"]}}],"collection":[{"href":"https:\/\/soydeaqui.ddns.net\/pachuca\/index.php\/wp-json\/wp\/v2\/product"}],"about":[{"href":"https:\/\/soydeaqui.ddns.net\/pachuca\/index.php\/wp-json\/wp\/v2\/types\/product"}],"replies":[{"embeddable":true,"href":"https:\/\/soydeaqui.ddns.net\/pachuca\/index.php\/wp-json\/wp\/v2\/comments?post=115058"}],"wp:featuredmedia":[{"embeddable":true,"href":"https:\/\/soydeaqui.ddns.net\/pachuca\/index.php\/wp-json\/wp\/v2\/media\/115057"}],"wp:attachment":[{"href":"https:\/\/soydeaqui.ddns.net\/pachuca\/index.php\/wp-json\/wp\/v2\/media?parent=115058"}],"wp:term":[{"taxonomy":"product_brand","embeddable":true,"href":"https:\/\/soydeaqui.ddns.net\/pachuca\/index.php\/wp-json\/wp\/v2\/product_brand?post=115058"},{"taxonomy":"product_cat","embeddable":true,"href":"https:\/\/soydeaqui.ddns.net\/pachuca\/index.php\/wp-json\/wp\/v2\/product_cat?post=115058"},{"taxonomy":"product_tag","embeddable":true,"href":"https:\/\/soydeaqui.ddns.net\/pachuca\/index.php\/wp-json\/wp\/v2\/product_tag?post=115058"}],"curies":[{"name":"wp","href":"https:\/\/api.w.org\/{rel}","templated":true}]}}