{"id":115035,"date":"2026-03-24T00:58:15","date_gmt":"2026-03-24T00:58:15","guid":{"rendered":"https:\/\/soydeaqui.ddns.net\/pachuca\/index.php\/producto\/disco-duro-purple-de-1-tb-5400-rpm-optimizado-para-soluciones-de-videovigilancia-uso-24-7-3-anos-de-garantia-2\/"},"modified":"2026-03-24T00:58:28","modified_gmt":"2026-03-24T00:58:28","slug":"disco-duro-purple-de-1-tb-5400-rpm-optimizado-para-soluciones-de-videovigilancia-uso-24-7-3-anos-de-garantia-2","status":"publish","type":"product","link":"https:\/\/soydeaqui.ddns.net\/pachuca\/index.php\/producto\/disco-duro-purple-de-1-tb-5400-rpm-optimizado-para-soluciones-de-videovigilancia-uso-24-7-3-anos-de-garantia-2\/","title":{"rendered":"Disco Duro Purple de 1 TB \/ 5400 RPM \/ Optimizado para Soluciones de Videovigilancia \/ Uso 24-7 \/ 3 A\u00f1os de Garantia"},"content":{"rendered":"<div style='width: 100%; max-width: 1200px; margin: 0 auto; font-family: sans-serif; line-height: 1.6; color: inherit; background-color: transparent;'> <!-- Imagen principal --> <\/p>\n<div style='margin-bottom: 30px;'> <img style='width: 100%; height: auto; border: 1px solid rgba(150&comma;150&comma;150&comma;0.3); border-radius: 8px;' src='https:\/\/ftp3.syscom.mx\/usuarios\/xguereque\/wd\/imagenes\/Promocion-purple-Tabla.jpg' alt='Tabla comparativa WD Purple'> <\/div>\n<p> <!-- Secci\u00f3n principal --> <\/p>\n<div style='display: flex; flex-wrap: wrap; gap: 30px; margin-bottom: 30px;'>\n<div style='flex: 1 1 300px; min-width: 280px;'>\n<h3 style='font-size: 22px; border-bottom: 2px solid currentColor; padding-bottom: 5px; margin-top: 0; color: inherit; opacity: 0.8;'>Asegure el funcionamiento de su sistema<\/h3>\n<ul style='padding-left: 20px; font-size: 15px; color: inherit;'>\n<li style='margin-bottom: 5px;'>Creado para sistemas de seguridad de alta definici\u00f3n que operan de forma ininterrumpida (24\/7)<\/li>\n<li style='margin-bottom: 5px;'>Carga de trabajo de hasta 180TB\/a\u00f1o<\/li>\n<li style='margin-bottom: 5px;'>Soporta hasta 64 c\u00e1maras<\/li>\n<li style='margin-bottom: 5px;'>Optimizado para sistemas de videovigilancia<\/li>\n<\/ul><\/div>\n<div style='flex: 1 1 300px; min-width: 280px;'>\n<h3 style='font-size: 22px; border-bottom: 2px solid currentColor; padding-bottom: 5px; margin-top: 0; color: inherit; opacity: 0.8;'>Caracter\u00edsticas t\u00e9cnicas<\/h3>\n<ul style='padding-left: 20px; font-size: 15px; color: inherit;'>\n<li style='margin-bottom: 5px;'><strong>Capacidad:<\/strong> 1 TB<\/li>\n<li style='margin-bottom: 5px;'><strong>Factor de forma:<\/strong> 3.5 pulgadas<\/li>\n<li style='margin-bottom: 5px;'><strong>Velocidad de transferencia:<\/strong> 6Gb\/s (b\u00fafer a host)&comma; 110 MB\/s (host a\/desde disco)<\/li>\n<li style='margin-bottom: 5px;'><strong>Cache:<\/strong> 64 MB<\/li>\n<li style='margin-bottom: 5px;'><strong>Velocidad de rotaci\u00f3n:<\/strong> 5400 RPM<\/li>\n<li style='margin-bottom: 5px;'><strong>Interfaz:<\/strong> SATA III&comma; 6.0 Gb\/s<\/li>\n<li style='margin-bottom: 5px;'><strong>Cantidad de bah\u00edas:<\/strong> De 1 a 8<\/li>\n<li style='margin-bottom: 5px;'><strong>Cantidad de c\u00e1maras:<\/strong> De 1 a 64<\/li>\n<\/ul><\/div>\n<div style='flex: 1 1 300px; min-width: 280px;'>\n<h3 style='font-size: 22px; border-bottom: 2px solid currentColor; padding-bottom: 5px; margin-top: 0; color: inherit; opacity: 0.8;'>Caracter\u00edsticas f\u00edsicas y el\u00e9ctricas<\/h3>\n<ul style='padding-left: 20px; font-size: 15px; color: inherit;'>\n<li style='margin-bottom: 5px;'><strong>Temperatura de operaci\u00f3n:<\/strong> 0 &#8211; 65 \u00baC (en funcionamiento)&comma; -40 &#8211; 70 \u00baC (inactivo)<\/li>\n<li style='margin-bottom: 5px;'><strong>Consumo el\u00e9ctrico:<\/strong> 3.3W (lectura\/escritura)&comma; 2.9W (inactivo)&comma; 0.4W (espera y suspensi\u00f3n)<\/li>\n<li style='margin-bottom: 5px;'><strong>Dimensiones:<\/strong> 25.4 x 147 x 101.6mm<\/li>\n<li style='margin-bottom: 5px;'><strong>Peso:<\/strong> 450g<\/li>\n<\/ul><\/div>\n<\/p><\/div>\n<p> <!-- Secci\u00f3n de especificaciones en cards --> <\/p>\n<div style='display: flex; flex-wrap: wrap; gap: 20px; margin-bottom: 30px;'>\n<div style='flex: 1 1 250px; border: 1px solid rgba(150&comma; 150&comma; 150&comma; 0.4); border-radius: 8px; overflow: hidden; display: flex; flex-direction: column;'>\n<div style='padding: 15px; border-bottom: 1px solid rgba(150&comma; 150&comma; 150&comma; 0.2); font-weight: bold; font-size: 18px; color: inherit;'>Dise\u00f1o especializado<\/div>\n<div style='padding: 15px; color: inherit;'>\n<ul style='padding-left: 20px; margin: 0; font-size: 14px; list-style-type: disc;'>\n<li style='margin-bottom: 5px;'>Dise\u00f1ado espec\u00edficamente para sistemas de videovigilancia 24\/7<\/li>\n<li style='margin-bottom: 5px;'>Tecnolog\u00eda AllFrame4k<sup>TM<\/sup> para mejor reproducci\u00f3n y rendimiento<\/li>\n<li style='margin-bottom: 5px;'>Soporta triple carga de trabajo vs. discos para PC<\/li>\n<\/ul><\/div>\n<\/p><\/div>\n<div style='flex: 1 1 250px; border: 1px solid rgba(150&comma; 150&comma; 150&comma; 0.4); border-radius: 8px; overflow: hidden; display: flex; flex-direction: column;'>\n<div style='padding: 15px; border-bottom: 1px solid rgba(150&comma; 150&comma; 150&comma; 0.2); font-weight: bold; font-size: 18px; color: inherit;'>Integraci\u00f3n y rendimiento<\/div>\n<div style='padding: 15px; color: inherit;'>\n<ul style='padding-left: 20px; margin: 0; font-size: 14px; list-style-type: disc;'>\n<li style='margin-bottom: 5px;'>Compatibilidad con amplia gama de dispositivos y chipsets<\/li>\n<li style='margin-bottom: 5px;'>Tecnolog\u00eda IntelliSeek para reducir vibraciones y ruido<\/li>\n<li style='margin-bottom: 5px;'>Dise\u00f1ado para operar a altas temperaturas<\/li>\n<\/ul><\/div>\n<\/p><\/div>\n<\/p><\/div>\n<p> <!-- Video de YouTube --> <\/p>\n<div style='position: relative; padding-bottom: 56.25%; height: 0; overflow: hidden; margin-bottom: 30px;'>   <\/div>\n<p> <!-- Secci\u00f3n de garant\u00eda --> <\/p>\n<div style='margin-top: 30px; padding: 20px; border: 1px solid rgba(150&comma; 150&comma; 150&comma; 0.3); border-radius: 8px; background-color: rgba(255&comma; 255&comma; 255&comma; 0.05);'>\n<h3 style='font-size: 22px; margin-top: 0; color: inherit; opacity: 0.8;'>Garant\u00eda<\/h3>\n<p style='margin: 0; font-size: 15px; color: inherit;'>3 a\u00f1os de garant\u00eda directa con SYSCOM&comma; \u00fanico distribuidor autorizado para ofrecer garant\u00eda de discos duros SIN COMPLICACIONES<\/p>\n<\/p><\/div>\n<p> <!-- Separador final --> <\/p>\n<hr style='border: 0; border-top: 1px solid rgba(150&comma; 150&comma; 150&comma; 0.3); margin: 30px 0;'> <\/div>\n","protected":false},"excerpt":{"rendered":"<p>Disco Duro Purple de 1 TB \/ 5400 RPM \/ Optimizado para Soluciones de Videovigilancia \/ Uso 24-7 \/ 3 A\u00f1os de Garantia<\/p>\n","protected":false},"featured_media":115034,"comment_status":"open","ping_status":"closed","template":"","meta":[],"product_brand":[],"product_cat":[2103],"product_tag":[2022,2065,2023],"class_list":{"0":"post-115035","1":"product","2":"type-product","3":"status-publish","4":"has-post-thumbnail","6":"product_cat-discos-duros-mecanicos-hdd-servidores-almacenamiento","7":"product_tag-discos-duros-mecanicos-hdd","8":"product_tag-servidores-almacenamiento","9":"product_tag-western-digital-wd","11":"first","12":"outofstock","13":"sale","14":"shipping-taxable","15":"purchasable","16":"product-type-simple"},"_links":{"self":[{"href":"https:\/\/soydeaqui.ddns.net\/pachuca\/index.php\/wp-json\/wp\/v2\/product\/115035","targetHints":{"allow":["GET"]}}],"collection":[{"href":"https:\/\/soydeaqui.ddns.net\/pachuca\/index.php\/wp-json\/wp\/v2\/product"}],"about":[{"href":"https:\/\/soydeaqui.ddns.net\/pachuca\/index.php\/wp-json\/wp\/v2\/types\/product"}],"replies":[{"embeddable":true,"href":"https:\/\/soydeaqui.ddns.net\/pachuca\/index.php\/wp-json\/wp\/v2\/comments?post=115035"}],"wp:featuredmedia":[{"embeddable":true,"href":"https:\/\/soydeaqui.ddns.net\/pachuca\/index.php\/wp-json\/wp\/v2\/media\/115034"}],"wp:attachment":[{"href":"https:\/\/soydeaqui.ddns.net\/pachuca\/index.php\/wp-json\/wp\/v2\/media?parent=115035"}],"wp:term":[{"taxonomy":"product_brand","embeddable":true,"href":"https:\/\/soydeaqui.ddns.net\/pachuca\/index.php\/wp-json\/wp\/v2\/product_brand?post=115035"},{"taxonomy":"product_cat","embeddable":true,"href":"https:\/\/soydeaqui.ddns.net\/pachuca\/index.php\/wp-json\/wp\/v2\/product_cat?post=115035"},{"taxonomy":"product_tag","embeddable":true,"href":"https:\/\/soydeaqui.ddns.net\/pachuca\/index.php\/wp-json\/wp\/v2\/product_tag?post=115035"}],"curies":[{"name":"wp","href":"https:\/\/api.w.org\/{rel}","templated":true}]}}