{"id":115012,"date":"2026-03-24T00:56:57","date_gmt":"2026-03-24T00:56:57","guid":{"rendered":"https:\/\/soydeaqui.ddns.net\/pachuca\/index.php\/producto\/camara-ip-tipo-domo-antivandalico-2mp-lente-varifocal-5-2-62-4-mm-ir-70m-h-265-h-264-wdr-150db-hlc-doble-sd-card-12vdc-24vac-poe-ip67-ik10\/"},"modified":"2026-03-24T00:56:59","modified_gmt":"2026-03-24T00:56:59","slug":"camara-ip-tipo-domo-antivandalico-2mp-lente-varifocal-5-2-62-4-mm-ir-70m-h-265-h-264-wdr-150db-hlc-doble-sd-card-12vdc-24vac-poe-ip67-ik10","status":"publish","type":"product","link":"https:\/\/soydeaqui.ddns.net\/pachuca\/index.php\/producto\/camara-ip-tipo-domo-antivandalico-2mp-lente-varifocal-5-2-62-4-mm-ir-70m-h-265-h-264-wdr-150db-hlc-doble-sd-card-12vdc-24vac-poe-ip67-ik10\/","title":{"rendered":"C\u00e1mara IP Tipo Domo Antivand\u00e1lico 2MP Lente Varifocal 5.2 &#8211; 62.4 MM IR 70M\/ H.265\/ H.264\/WDR 150DB\/ HLC\/ Doble SD CARD\/ 12VDC\/24VAC\/POE, IP67, IK10"},"content":{"rendered":"<div style='width: 100%; max-width: 1200px; margin: 0 auto; font-family: sans-serif; line-height: 1.6; color: inherit; background-color: transparent;'> <!-- Imagen principal --> <\/p>\n<div style='text-align: center; margin-bottom: 30px;'> <a href='https:\/\/syscom.mx\/principal\/consultarproductosazul?global_search=htasx&#038;ordenar=Relevancia&#038;pag=1' target='_blank' rel='noopener' style='display: inline-block;'> <img style='width: 100%; max-width: 483px; height: auto; border: 1px solid rgba(150&comma;150&comma;150&comma;0.3); border-radius: 8px;' src='https:\/\/ftp3.syscom.mx\/usuarios\/gmagos\/Hanwha\/fotos\/wisenet-X%5B1%5D%201.png' alt=''> <\/a> <\/div>\n<p> <!-- Secci\u00f3n 1 - WiseStream II --> <\/p>\n<div style='display: flex; flex-wrap: wrap; gap: 30px; margin-bottom: 30px; align-items: center;'>\n<div style='flex: 1 1 300px; min-width: 280px;'> <img style='width: 100%; height: auto; border: 1px solid rgba(150&comma;150&comma;150&comma;0.3); border-radius: 8px;' src='https:\/\/ftp3.syscom.mx\/usuarios\/imendez\/Hanwha\/Serie%20X\/GIF\/WiseStream.gif' alt=''> <\/div>\n<div style='flex: 1 1 300px; min-width: 280px;'>\n<h3 style='font-size: 22px; border-bottom: 2px solid currentColor; padding-bottom: 5px; margin-top: 0; color: inherit; opacity: 0.8;'>H.265 + <span style='color: #f37934;'>WiseStream II<\/span><\/h3>\n<p style='text-align: justify; font-size: 15px; color: inherit;'> Mediante WiseStream II&comma; la tecnolog\u00eda de compresi\u00f3n de v\u00eddeo de Hanwha Techwin&comma; la serie Wisenet X <span style='color: #f37934;'>reduce el almacenamiento de datos hasta un <strong>99%<\/strong><\/span> en comparaci\u00f3n con la actual tecnolog\u00eda H.264&comma; cuando se combina con la compresi\u00f3n H.265. Los costes del sistema se reducen enormemente sin comprometer la calidad de las im\u00e1genes. <\/p>\n<\/p><\/div>\n<\/p><\/div>\n<p> <!-- Secci\u00f3n 2 - WDR 150dB --> <\/p>\n<div style='display: flex; flex-wrap: wrap; gap: 30px; margin-bottom: 30px; align-items: center;'>\n<div style='flex: 1 1 300px; min-width: 280px;'>\n<h3 style='font-size: 22px; border-bottom: 2px solid currentColor; padding-bottom: 5px; margin-top: 0; color: inherit; opacity: 0.8;'>WDR <span style='color: #f37934;'>150 dB<\/span><\/h3>\n<p style='text-align: justify; font-size: 15px; color: inherit;'> Una imagen de amplio rango din\u00e1mico se forma combinando 2 capturas con distintas exposiciones. La serie Wisenet X con un amplio rango din\u00e1mico de <span style='color: #f37934;'>150 dB<\/span> utiliza 4 capturas para crear im\u00e1genes m\u00e1s naturales. Las zonas borrosas son un punto d\u00e9bil cr\u00edtico asociado al amplio rango din\u00e1mico&comma; pero esta nueva tecnolog\u00eda elimina todo tipo de movimientos&comma; proporcionando im\u00e1genes vistosas y claras. <\/p>\n<p style='text-align: justify; font-size: 15px; color: inherit; margin-top: 10px;'> * Las c\u00e1maras de la serie Wisenet X de 5MP tienen 120dB. <\/p>\n<\/p><\/div>\n<div style='flex: 1 1 300px; min-width: 280px;'> <img style='width: 100%; height: auto; border: 1px solid rgba(150&comma;150&comma;150&comma;0.3); border-radius: 8px;' src='https:\/\/ftp3.syscom.mx\/usuarios\/imendez\/Hanwha\/Serie%20X\/GIF\/WDR%20150dB%20GIF.gif' alt=''> <\/div>\n<\/p><\/div>\n<p> <!-- Secci\u00f3n 3 - Iluminaci\u00f3n a Color --> <\/p>\n<div style='display: flex; flex-wrap: wrap; gap: 30px; margin-bottom: 30px; align-items: center;'>\n<div style='flex: 1 1 300px; min-width: 280px;'> <img style='width: 100%; height: auto; border: 1px solid rgba(150&comma;150&comma;150&comma;0.3); border-radius: 8px;' src='https:\/\/ftp3.syscom.mx\/usuarios\/imendez\/Hanwha\/Serie%20X\/GIF\/Luz%20GIF.gif' alt=''> <\/div>\n<div style='flex: 1 1 300px; min-width: 280px;'>\n<h3 style='font-size: 22px; border-bottom: 2px solid currentColor; padding-bottom: 5px; margin-top: 0; color: inherit; opacity: 0.8;'>Iluminaci\u00f3n a Color<\/h3>\n<p style='text-align: justify; font-size: 15px; color: inherit;'> Con el potente nuevo chipset de la serie Wisenet X y la asombrosa tecnolog\u00eda de lentes de Hanwha Techwin&comma; se pueden supervisar im\u00e1genes en entornos de poca luz&comma; incluso en color sin utilizar LED IR. Ahora se pueden capturar im\u00e1genes vistosas con independencia de la zona y de la hora del d\u00eda. <\/p>\n<\/p><\/div>\n<\/p><\/div>\n<p> <!-- Secci\u00f3n de caracter\u00edsticas t\u00e9cnicas --> <\/p>\n<div style='display: flex; flex-wrap: wrap; gap: 20px; margin-bottom: 30px;'>\n<div style='flex: 1 1 300px; border: 1px solid rgba(150&comma; 150&comma; 150&comma; 0.4); border-radius: 8px; overflow: hidden; display: flex; flex-direction: column;'>\n<div style='padding: 15px; border-bottom: 1px solid rgba(150&comma; 150&comma; 150&comma; 0.2); font-weight: bold; font-size: 18px; color: inherit;'>Video<\/div>\n<div style='padding: 15px; color: inherit;'>\n<ul style='padding-left: 20px; margin: 0; font-size: 14px; list-style-type: disc;'>\n<li style='margin-bottom: 5px;'><strong>Compresi\u00f3n:<\/strong> H.265 &#038; WiseStream II hasta 99% de compresi\u00f3n \/ H.264 \/ High Profile \/ MJPEG<\/li>\n<li style='margin-bottom: 5px;'><strong>Resoluci\u00f3n m\u00e1xima:<\/strong> 2MP@60IPS<\/li>\n<li style='margin-bottom: 5px;'><strong>Dual Stream \/ Dual Codec Simult\u00e1neos<\/strong> con configuraciones diferentes<\/li>\n<\/ul>\n<h4 style='margin-top: 15px; margin-bottom: 10px; font-size: 16px; color: inherit; opacity: 0.9;'>Lente<\/h4>\n<ul style='padding-left: 20px; margin: 0; font-size: 14px; list-style-type: disc;'>\n<li style='margin-bottom: 5px;'><strong>Lente Motorizado<\/strong> de 5.2 -62.4 mm<\/li>\n<li style='margin-bottom: 5px;'><strong>IR:<\/strong> 70m<\/li>\n<\/ul>\n<h4 style='margin-top: 15px; margin-bottom: 10px; font-size: 16px; color: inherit; opacity: 0.9;'>Funciones<\/h4>\n<ul style='padding-left: 20px; margin: 0; font-size: 14px; list-style-type: disc;'>\n<li style='margin-bottom: 5px;'>Compensaci\u00f3n de luz: <strong>WDR 150dB<\/strong>&comma; BLC&comma; HLC<\/li>\n<\/ul><\/div>\n<\/p><\/div>\n<div style='flex: 1 1 300px; border: 1px solid rgba(150&comma; 150&comma; 150&comma; 0.4); border-radius: 8px; overflow: hidden; display: flex; flex-direction: column;'>\n<div style='padding: 15px; border-bottom: 1px solid rgba(150&comma; 150&comma; 150&comma; 0.2); font-weight: bold; font-size: 18px; color: inherit;'>Interfaces<\/div>\n<div style='padding: 15px; color: inherit;'>\n<ul style='padding-left: 20px; margin: 0; font-size: 14px; list-style-type: disc;'>\n<li style='margin-bottom: 5px;'>1 Puerto Ethernet RJ45 10\/100 Base-T<\/li>\n<li style='margin-bottom: 5px;'>1 Entrada \/ Salida Audio<\/li>\n<li style='margin-bottom: 5px;'>1 Entrada \/ Salida Alarma<\/li>\n<li style='margin-bottom: 5px;'>2 Slots para tarjetas SD de hasta 256GB (<strong>Hasta 512GB<\/strong> de almacenamiento)<\/li>\n<\/ul><\/div>\n<\/p><\/div>\n<div style='flex: 1 1 300px; border: 1px solid rgba(150&comma; 150&comma; 150&comma; 0.4); border-radius: 8px; overflow: hidden; display: flex; flex-direction: column;'>\n<div style='padding: 15px; border-bottom: 1px solid rgba(150&comma; 150&comma; 150&comma; 0.2); font-weight: bold; font-size: 18px; color: inherit;'>Caracter\u00edsticas F\u00edsicas y El\u00e9ctricas<\/div>\n<div style='padding: 15px; color: inherit;'>\n<ul style='padding-left: 20px; margin: 0; font-size: 14px; list-style-type: disc;'>\n<li style='margin-bottom: 5px;'>Protecci\u00f3n: IP66 \/ IP67 \/ IK10 \/ NEMA 4X<\/li>\n<li style='margin-bottom: 5px;'>Temperatura de Operaci\u00f3n: -50 a 60\u00b0C<\/li>\n<li style='margin-bottom: 5px;'>Alimentaci\u00f3n: 12 Vcc \/ 24V AC \/ PoE (802.3af)<\/li>\n<li style='margin-bottom: 5px;'>Consumo: Max. 12.95 W<\/li>\n<li style='margin-bottom: 5px;'>Dimensiones: \u00d8 160 x 128.45 mm<\/li>\n<li style='margin-bottom: 5px;'>Peso: 995 gr<\/li>\n<\/ul><\/div>\n<\/p><\/div>\n<\/p><\/div>\n<p> <!-- Enlace a datasheet --> <\/p>\n<div style='text-align: center; margin: 30px 0;'>\n<p style='font-size: 18px; font-weight: bold; color: inherit;'>Para m\u00e1s informaci\u00f3n sobre caracter\u00edsticas t\u00e9cnicas&comma; ingrese <a href='https:\/\/ftp3.syscom.mx\/usuarios\/ftp\/2017\/03\/27\/0fc4f\/XND-6080RV_datasheet_170223.pdf' target='_blank' rel='noopener' style='color: #f37934; text-decoration: underline;'>aqu\u00ed<\/a><\/p>\n<\/p><\/div>\n<p> <!-- Secci\u00f3n de caracter\u00edsticas adicionales --> <\/p>\n<div style='display: flex; flex-wrap: wrap; gap: 20px; margin-bottom: 30px;'>\n<div style='flex: 1 1 250px; border: 1px solid rgba(150&comma; 150&comma; 150&comma; 0.4); border-radius: 8px; overflow: hidden; display: flex; flex-direction: column; align-items: center; text-align: center; padding: 15px;'>\n<h4 style='margin: 0 0 10px 0; font-size: 18px; color: inherit; opacity: 0.8;'><strong>H.265 &#038; WiseStream II<\/strong><\/h4>\n<\/p><\/div>\n<div style='flex: 1 1 250px; border: 1px solid rgba(150&comma; 150&comma; 150&comma; 0.4); border-radius: 8px; overflow: hidden; display: flex; flex-direction: column; align-items: center; text-align: center; padding: 15px;'>\n<h4 style='margin: 0 0 10px 0; font-size: 18px; color: inherit; opacity: 0.8;'><strong>Anal\u00edticos de Audio<\/strong><\/h4>\n<\/p><\/div>\n<div style='flex: 1 1 250px; border: 1px solid rgba(150&comma; 150&comma; 150&comma; 0.4); border-radius: 8px; overflow: hidden; display: flex; flex-direction: column; align-items: center; text-align: center; padding: 15px;'>\n<h4 style='margin: 0 0 10px 0; font-size: 18px; color: inherit; opacity: 0.8;'><strong>Auto-Seguimiento Digital<\/strong><\/h4>\n<\/p><\/div>\n<\/p><\/div>\n<p> <!-- T\u00edtulo de videos --> <\/p>\n<div style='text-align: center; margin: 30px 0 20px 0;'>\n<h3 style='font-size: 20px; color: inherit; opacity: 0.8; margin: 0;'>V\u00eddeos Demostrativos<\/h3>\n<\/p><\/div>\n<p> <!-- Secci\u00f3n de videos --> <\/p>\n<div style='display: flex; flex-wrap: wrap; gap: 30px; justify-content: center; margin-bottom: 30px;'> <!-- Video 1 --> <\/p>\n<div style='flex: 1 1 300px; min-width: 280px;'>\n<div style='position: relative; padding-bottom: 56.25%; height: 0; overflow: hidden; margin-bottom: 15px;'>   <\/div>\n<div style='text-align: center; font-size: 16px; color: inherit; opacity: 0.8;'>Demostraci\u00f3n WDR 150dB<\/div>\n<\/p><\/div>\n<p> <!-- Video 2 --> <\/p>\n<div style='flex: 1 1 300px; min-width: 280px;'>\n<div style='position: relative; padding-bottom: 56.25%; height: 0; overflow: hidden; margin-bottom: 15px;'>   <\/div>\n<div style='text-align: center; font-size: 16px; color: inherit; opacity: 0.8;'>Detecci\u00f3n de Rostros<\/div>\n<\/p><\/div>\n<p> <!-- Video 3 --> <\/p>\n<div style='flex: 1 1 300px; min-width: 280px;'>\n<div style='position: relative; padding-bottom: 56.25%; height: 0; overflow: hidden; margin-bottom: 15px;'>   <\/div>\n<div style='text-align: center; font-size: 16px; color: inherit; opacity: 0.8;'>Funci\u00f3n Handover<\/div>\n<\/p><\/div>\n<p> <!-- Video 4 --> <\/p>\n<div style='flex: 1 1 300px; min-width: 280px;'>\n<div style='position: relative; padding-bottom: 56.25%; height: 0; overflow: hidden; margin-bottom: 15px;'>   <\/div>\n<div style='text-align: center; font-size: 16px; color: inherit; opacity: 0.8;'>Demostraci\u00f3n WDR 150dB<\/div>\n<\/p><\/div>\n<p> <!-- Video 5 --> <\/p>\n<div style='flex: 1 1 300px; min-width: 280px;'>\n<div style='position: relative; padding-bottom: 56.25%; height: 0; overflow: hidden; margin-bottom: 15px;'>   <\/div>\n<div style='text-align: center; font-size: 16px; color: inherit; opacity: 0.8;'>Detecci\u00f3n de Rostros<\/div>\n<\/p><\/div>\n<p> <!-- Video 6 --> <\/p>\n<div style='flex: 1 1 300px; min-width: 280px;'>\n<div style='position: relative; padding-bottom: 56.25%; height: 0; overflow: hidden; margin-bottom: 15px;'>   <\/div>\n<div style='text-align: center; font-size: 16px; color: inherit; opacity: 0.8;'>Funci\u00f3n Handover<\/div>\n<\/p><\/div>\n<\/p><\/div>\n<p> <!-- Secci\u00f3n de anal\u00edticos avanzados --> <\/p>\n<div style='border: 1px solid rgba(150&comma; 150&comma; 150&comma; 0.4); border-radius: 8px; padding: 20px; margin-bottom: 30px;'>\n<h3 style='font-size: 20px; border-bottom: 2px solid currentColor; padding-bottom: 5px; margin-top: 0; margin-bottom: 15px; color: inherit; opacity: 0.8;'>Video Anal\u00edticos Avanzados<\/h3>\n<div style='display: flex; flex-wrap: wrap; gap: 15px;'>\n<div style='flex: 1 1 200px; min-width: 150px;'>\n<ul style='padding-left: 20px; margin: 0; font-size: 14px; list-style-type: disc; color: inherit;'>\n<li style='margin-bottom: 5px;'>Manipulaci\u00f3n<\/li>\n<li style='margin-bottom: 5px;'>Merodeo<\/li>\n<li style='margin-bottom: 5px;'>Detecci\u00f3n de direcci\u00f3n<\/li>\n<li style='margin-bottom: 5px;'>Detecci\u00f3n de niebla<\/li>\n<li style='margin-bottom: 5px;'><strong>Cruce de l\u00ednea<\/strong><\/li>\n<li style='margin-bottom: 5px;'>Entrada \/ Salida<\/li>\n<\/ul><\/div>\n<div style='flex: 1 1 200px; min-width: 150px;'>\n<ul style='padding-left: 20px; margin: 0; font-size: 14px; list-style-type: disc; color: inherit;'>\n<li style='margin-bottom: 5px;'>Aparici\u00f3n \/ Desaparici\u00f3n<\/li>\n<li style='margin-bottom: 5px;'>Detecci\u00f3n de Audio<\/li>\n<li style='margin-bottom: 5px;'><strong>Detecci\u00f3n de Rostros<\/strong><\/li>\n<li style='margin-bottom: 5px;'>Detecci\u00f3n de Movimiento<\/li>\n<li style='margin-bottom: 5px;'><strong>Clasificaci\u00f3n de Sonido<\/strong><\/li>\n<li style='margin-bottom: 5px;'><strong>Detecci\u00f3n de Audio<\/strong><\/li>\n<\/ul><\/div>\n<\/p><\/div>\n<\/p><\/div>\n<\/p><\/div>\n","protected":false},"excerpt":{"rendered":"<p>C\u00e1mara IP Tipo Domo Antivand\u00e1lico 2MP Lente Varifocal 5.2 &#8211; 62.4 MM IR 70M\/ H.265\/ H.264\/WDR 150DB\/ HLC\/ Doble SD CARD\/ 12VDC\/24VAC\/POE, IP67, IK10<\/p>\n","protected":false},"featured_media":115011,"comment_status":"open","ping_status":"closed","template":"","meta":[],"product_brand":[],"product_cat":[2056],"product_tag":[122,2057,1055],"class_list":{"0":"post-115012","1":"product","2":"type-product","3":"status-publish","4":"has-post-thumbnail","6":"product_cat-domo-eyeball-turret","7":"product_tag-camaras-ip-y-nvrs","8":"product_tag-domo-eyeball-turret","9":"product_tag-hanwha-vision","11":"first","12":"outofstock","13":"sale","14":"shipping-taxable","15":"purchasable","16":"product-type-simple"},"_links":{"self":[{"href":"https:\/\/soydeaqui.ddns.net\/pachuca\/index.php\/wp-json\/wp\/v2\/product\/115012","targetHints":{"allow":["GET"]}}],"collection":[{"href":"https:\/\/soydeaqui.ddns.net\/pachuca\/index.php\/wp-json\/wp\/v2\/product"}],"about":[{"href":"https:\/\/soydeaqui.ddns.net\/pachuca\/index.php\/wp-json\/wp\/v2\/types\/product"}],"replies":[{"embeddable":true,"href":"https:\/\/soydeaqui.ddns.net\/pachuca\/index.php\/wp-json\/wp\/v2\/comments?post=115012"}],"wp:featuredmedia":[{"embeddable":true,"href":"https:\/\/soydeaqui.ddns.net\/pachuca\/index.php\/wp-json\/wp\/v2\/media\/115011"}],"wp:attachment":[{"href":"https:\/\/soydeaqui.ddns.net\/pachuca\/index.php\/wp-json\/wp\/v2\/media?parent=115012"}],"wp:term":[{"taxonomy":"product_brand","embeddable":true,"href":"https:\/\/soydeaqui.ddns.net\/pachuca\/index.php\/wp-json\/wp\/v2\/product_brand?post=115012"},{"taxonomy":"product_cat","embeddable":true,"href":"https:\/\/soydeaqui.ddns.net\/pachuca\/index.php\/wp-json\/wp\/v2\/product_cat?post=115012"},{"taxonomy":"product_tag","embeddable":true,"href":"https:\/\/soydeaqui.ddns.net\/pachuca\/index.php\/wp-json\/wp\/v2\/product_tag?post=115012"}],"curies":[{"name":"wp","href":"https:\/\/api.w.org\/{rel}","templated":true}]}}