{"id":114999,"date":"2026-03-24T00:56:09","date_gmt":"2026-03-24T00:56:09","guid":{"rendered":"https:\/\/soydeaqui.ddns.net\/pachuca\/index.php\/producto\/kit-de-videoportero-manos-libres-frente-de-calle-y-monitor-hasta-16-monitores-2-hilos\/"},"modified":"2026-03-24T00:56:10","modified_gmt":"2026-03-24T00:56:10","slug":"kit-de-videoportero-manos-libres-frente-de-calle-y-monitor-hasta-16-monitores-2-hilos","status":"publish","type":"product","link":"https:\/\/soydeaqui.ddns.net\/pachuca\/index.php\/producto\/kit-de-videoportero-manos-libres-frente-de-calle-y-monitor-hasta-16-monitores-2-hilos\/","title":{"rendered":"Kit de VideoPortero Manos libres: Frente de Calle y Monitor\/ Hasta 16 Monitores \/ 2 Hilos"},"content":{"rendered":"<div style='width: 100%; max-width: 1200px; margin: 0 auto; font-family: sans-serif; line-height: 1.6; color: inherit; background-color: transparent;'>\n<div style='display: flex; flex-wrap: wrap; gap: 30px; margin-bottom: 30px;'>\n<div style='flex: 1 1 300px; min-width: 280px;'>\n<h3 style='font-size: 22px; border-bottom: 2px solid currentColor; padding-bottom: 5px; margin-top: 0; color: inherit; opacity: 0.8;'>Tv Portero Intertouch<\/h3>\n<p style='font-style: italic; color: inherit; opacity: 0.8; margin: 15px 0;'>Intercomunicaci\u00f3n con un solo toque!!<\/p>\n<ul style='padding-left: 20px; font-size: 15px; color: inherit;'>\n<li style='margin-bottom: 5px;'><strong>Llamadas internas:<\/strong> Una llamada a todos los monitores&comma; s\u00f3lo 1 puede contestar.<\/li>\n<li style='margin-bottom: 5px;'><strong>Llamada guardia:<\/strong> Con un monitor guardia asignado&comma; un \u00edcono llama al monitor de guardia (disponible solo en el modelo <a href='https:\/\/www.syscom.mx\/producto\/80126-ASSA-ABLOY-95569.html' target='_blank' rel='noopener noreferrer' style='color: #085eb9; text-decoration: underline; font-weight: bold;'>80126<\/a>)<\/li>\n<li style='margin-bottom: 5px;'><strong>Funci\u00f3n de no molestar:<\/strong> El monitor queda desactivado al momento de recibir una llamada y el resto de los monitores suena una sola vez.<\/li>\n<\/ul><\/div>\n<\/p><\/div>\n<div style='display: flex; flex-wrap: wrap; gap: 30px; margin-bottom: 30px;'>\n<div style='flex: 1 1 300px; min-width: 280px;'>\n<h3 style='font-size: 22px; border-bottom: 2px solid currentColor; padding-bottom: 5px; margin-top: 0; color: inherit; opacity: 0.8;'>Caracter\u00edsticas Especiales<\/h3>\n<ul style='padding-left: 20px; font-size: 15px; color: inherit;'>\n<li style='margin-bottom: 5px;'>Pantalla Touch 7&#8242; RGB 800 x 480.<\/li>\n<li style='margin-bottom: 5px;'>Frente de Calle IP54<\/li>\n<li style='margin-bottom: 5px;'>Resoluci\u00f3n del frente de calle: 480 x 270.<\/li>\n<li style='margin-bottom: 5px;'>Protecci\u00f3n IP54 en el frente de calle.<\/li>\n<li style='margin-bottom: 5px;'>\u00c1ngulo de visi\u00f3n 110\u00b0<\/li>\n<li style='margin-bottom: 5px;'>LED para mejor visi\u00f3n con poca luz.<\/li>\n<li style='margin-bottom: 5px;'>Monitor color blanco.<\/li>\n<li style='margin-bottom: 5px;'>Foto instant\u00e1nea de quien toca la puerta.<\/li>\n<li style='margin-bottom: 5px;'>La memoria interna soporta hasta 100 fotos&comma; las cuales se sobre escriben al llenarse la memoria.<\/li>\n<li style='margin-bottom: 5px;'>Posibilidad de grabaci\u00f3n de v\u00eddeo solo con memoria SD.<\/li>\n<li style='margin-bottom: 5px;'>Grabaci\u00f3n de v\u00eddeo entre el inicio del timbre y llamada contestada.<\/li>\n<li style='margin-bottom: 5px;'>Soporta Micro SD hasta 32 GB (no incluida)<\/li>\n<li style='margin-bottom: 5px;'>Timbre personalizable (hasta 24 tonos).<\/li>\n<li style='margin-bottom: 5px;'>Soporta hasta 4 monitores (<a href='https:\/\/www.syscom.mx\/principal\/searchcont?route=89158-ASSA-ABLOY-95570&#038;autodetect=89158' style='color: #085eb9; text-decoration: underline; font-weight: bold;'>89158<\/a>).<\/li>\n<li style='margin-bottom: 5px;'>Crecimiento de 16 monitores usando el distribuidor <a href='https:\/\/www.syscom.mx\/principal\/searchcont?route=89079-ASSA-ABLOY-166719&#038;autodetect=89079' target='_blank' rel='noopener noreferrer' style='color: #085eb9; text-decoration: underline; font-weight: bold;'>89079<\/a> (2 monitores por cada distribuidor).<\/li>\n<li style='margin-bottom: 5px;'>Instalaci\u00f3n: 1 cable&comma; 2 l\u00edneas sin polaridad&comma; distancia m\u00e1xima en cascada con cable calibre 18 AWG es de 150 m.<\/li>\n<li style='margin-bottom: 5px;'>Alimentaci\u00f3n: 24V.<\/li>\n<li style='margin-bottom: 5px;'>Salida de voltaje de 12 Vcc&comma; 3A para conectar una 1 cerradura el\u00e9ctrica.<\/li>\n<li style='margin-bottom: 5px;'>Disponible en Espa\u00f1ol e Ingl\u00e9s.<\/li>\n<\/ul><\/div>\n<\/p><\/div>\n<div style='display: flex; flex-wrap: wrap; gap: 30px; margin-bottom: 30px;'>\n<div style='flex: 1 1 300px; min-width: 280px;'>\n<h3 style='font-size: 22px; border-bottom: 2px solid currentColor; padding-bottom: 5px; margin-top: 0; color: inherit; opacity: 0.8;'>V\u00eddeo<\/h3>\n<ul style='padding-left: 20px; font-size: 15px; color: inherit;'>\n<li style='margin-bottom: 5px;'><a href='https:\/\/youtu.be\/lHkWGE4MJK8' target='_blank' rel='noopener noreferrer' style='color: #085eb9; text-decoration: underline; font-weight: bold;'>V\u00eddeo Funci\u00f3n No Molestar<\/a><\/li>\n<\/ul><\/div>\n<\/p><\/div>\n<div style='display: flex; flex-wrap: wrap; gap: 30px; margin-bottom: 30px;'>\n<div style='flex: 1 1 300px; min-width: 280px;'>\n<h3 style='font-size: 22px; border-bottom: 2px solid currentColor; padding-bottom: 5px; margin-top: 0; color: inherit; opacity: 0.8;'>Notas Importantes<\/h3>\n<ul style='padding-left: 20px; font-size: 15px; color: inherit;'>\n<li style='margin-bottom: 5px;'><strong>Difusi\u00f3n interna:<\/strong> Un mensaje difundido en todos los monitores al mismo tiempo (<em style='color: inherit; opacity: 0.8;'>Funci\u00f3n no disponible para M\u00e9xico<\/em>).<\/li>\n<li style='margin-bottom: 5px;'><strong>Llamar contactos:<\/strong> Llamadas entre monitores por medio de una lista de contactos (<em style='color: inherit; opacity: 0.8;'>Funci\u00f3n no disponible para M\u00e9xico<\/em>).<\/li>\n<li style='margin-bottom: 5px;'>El m\u00f3dulo Branch para controlar m\u00e1s de una cerradura no est\u00e1 disponible para venta en M\u00e9xico.<\/li>\n<\/ul><\/div>\n<\/p><\/div>\n<hr style='border: 0; border-top: 1px solid rgba(150&comma; 150&comma; 150&comma; 0.3); margin: 30px 0;'> <\/div>\n","protected":false},"excerpt":{"rendered":"<p>Kit de VideoPortero Manos libres: Frente de Calle y Monitor\/ Hasta 16 Monitores \/ 2 Hilos<\/p>\n","protected":false},"featured_media":114998,"comment_status":"open","ping_status":"closed","template":"","meta":[],"product_brand":[],"product_cat":[974],"product_tag":[218,872,557],"class_list":{"0":"post-114999","1":"product","2":"type-product","3":"status-publish","4":"has-post-thumbnail","6":"product_cat-videoporteros-analogicos-videoporteros-e-interfonos","7":"product_tag-assa-abloy","8":"product_tag-videoporteros-analogicos","9":"product_tag-videoporteros-e-interfonos","11":"first","12":"instock","13":"sale","14":"shipping-taxable","15":"purchasable","16":"product-type-simple"},"_links":{"self":[{"href":"https:\/\/soydeaqui.ddns.net\/pachuca\/index.php\/wp-json\/wp\/v2\/product\/114999","targetHints":{"allow":["GET"]}}],"collection":[{"href":"https:\/\/soydeaqui.ddns.net\/pachuca\/index.php\/wp-json\/wp\/v2\/product"}],"about":[{"href":"https:\/\/soydeaqui.ddns.net\/pachuca\/index.php\/wp-json\/wp\/v2\/types\/product"}],"replies":[{"embeddable":true,"href":"https:\/\/soydeaqui.ddns.net\/pachuca\/index.php\/wp-json\/wp\/v2\/comments?post=114999"}],"wp:featuredmedia":[{"embeddable":true,"href":"https:\/\/soydeaqui.ddns.net\/pachuca\/index.php\/wp-json\/wp\/v2\/media\/114998"}],"wp:attachment":[{"href":"https:\/\/soydeaqui.ddns.net\/pachuca\/index.php\/wp-json\/wp\/v2\/media?parent=114999"}],"wp:term":[{"taxonomy":"product_brand","embeddable":true,"href":"https:\/\/soydeaqui.ddns.net\/pachuca\/index.php\/wp-json\/wp\/v2\/product_brand?post=114999"},{"taxonomy":"product_cat","embeddable":true,"href":"https:\/\/soydeaqui.ddns.net\/pachuca\/index.php\/wp-json\/wp\/v2\/product_cat?post=114999"},{"taxonomy":"product_tag","embeddable":true,"href":"https:\/\/soydeaqui.ddns.net\/pachuca\/index.php\/wp-json\/wp\/v2\/product_tag?post=114999"}],"curies":[{"name":"wp","href":"https:\/\/api.w.org\/{rel}","templated":true}]}}