{"id":114991,"date":"2026-03-24T00:55:43","date_gmt":"2026-03-24T00:55:43","guid":{"rendered":"https:\/\/soydeaqui.ddns.net\/pachuca\/index.php\/producto\/inyector-midspan-un-solo-puerto-hi-poe-para-desempeno-estandar-y-mejorado-de-energia-para-infraestuctura-de-red\/"},"modified":"2026-03-24T00:55:45","modified_gmt":"2026-03-24T00:55:45","slug":"inyector-midspan-un-solo-puerto-hi-poe-para-desempeno-estandar-y-mejorado-de-energia-para-infraestuctura-de-red","status":"publish","type":"product","link":"https:\/\/soydeaqui.ddns.net\/pachuca\/index.php\/producto\/inyector-midspan-un-solo-puerto-hi-poe-para-desempeno-estandar-y-mejorado-de-energia-para-infraestuctura-de-red\/","title":{"rendered":"Inyector Midspan un solo puerto Hi-PoE para desempe\u00f1o est\u00e1ndar y mejorado de energ\u00eda, para infraestuctura de red"},"content":{"rendered":"<div style='width: 100%; max-width: 1200px; margin: 0 auto; font-family: sans-serif; line-height: 1.6; color: inherit; background-color: transparent;'> <!-- Secci\u00f3n de descripci\u00f3n general --> <\/p>\n<div style='margin-bottom: 30px;'>\n<p style='margin-top: 0; margin-bottom: 15px;'>Inyector Midspan un solo puerto Hi-PoE para desempe\u00f1o est\u00e1ndar y mejorado de energ\u00eda. Para Infraestructura de red.<\/p>\n<p style='margin-bottom: 15px;'>El inyector midspan de un solo puerto para interiores NetWay1D de Altronix proporciona PoE (15W)&comma; PoE + (30W) y Hi-PoE (60W). La unidad tambi\u00e9n est\u00e1 equipada con una salida de potencia limitada de 56VDC Clase 2 para ser usada con receptores Altronix eBridge \u2122 Plus. NetWay1D funciona a 115 VCA o 230 VCA de entrada. Compatible IEEE 802.3af (15W)&comma; IEEE 802.3at (30W)&comma; y Hi-PoE (60W)<\/p>\n<\/p><\/div>\n<p> <!-- Secci\u00f3n de especificaciones --> <\/p>\n<div style='display: flex; flex-wrap: wrap; gap: 20px; margin-bottom: 30px;'>\n<div style='flex: 1 1 250px; border: 1px solid rgba(150&comma; 150&comma; 150&comma; 0.4); border-radius: 8px; overflow: hidden; display: flex; flex-direction: column;'>\n<div style='padding: 15px; border-bottom: 1px solid rgba(150&comma; 150&comma; 150&comma; 0.2); font-weight: bold; font-size: 18px; color: inherit;'>Especificaciones<\/div>\n<div style='padding: 15px; color: inherit;'>\n<div style='margin-bottom: 15px;'>\n<h4 style='margin-top: 0; margin-bottom: 8px; font-size: 16px; color: inherit; opacity: 0.8;'>Entrada<\/h4>\n<ul style='padding-left: 20px; margin: 0; font-size: 14px; list-style-type: disc;'>\n<li style='margin-bottom: 5px;'>115VAC&comma; 60 Hz&comma; 1.2A<\/li>\n<li style='margin-bottom: 5px;'>230VAC&comma; 50\/60 Hz&comma; 0.75 A<\/li>\n<\/ul><\/div>\n<div style='margin-bottom: 15px;'>\n<h4 style='margin-top: 0; margin-bottom: 8px; font-size: 16px; color: inherit; opacity: 0.8;'>Salida<\/h4>\n<ul style='padding-left: 20px; margin: 0; font-size: 14px; list-style-type: disc;'>\n<li style='margin-bottom: 5px;'>M\u00e1xima potencia Hi-PoE (60W)<\/li>\n<li style='margin-bottom: 5px;'>Compatible IEEE 802.3at (30W)&comma; IEEE 802.3af (15W) o Hi-PoE (60W)<\/li>\n<li style='margin-bottom: 5px;'>Salida de potencia auxiliar limitada a clase 2 @ 56 Vcc\/60W<\/li>\n<li style='margin-bottom: 5px;'>Protecci\u00f3n integral contra sobredescargas<\/li>\n<\/ul><\/div>\n<div style='margin-bottom: 15px;'>\n<h4 style='margin-top: 0; margin-bottom: 8px; font-size: 16px; color: inherit; opacity: 0.8;'>Ethernet<\/h4>\n<ul style='padding-left: 20px; margin: 0; font-size: 14px; list-style-type: disc;'>\n<li style='margin-bottom: 5px;'>Conectividad RJ45 auto-crossover<\/li>\n<li style='margin-bottom: 5px;'>Tipo de cable 4-par Cat5 o cable estructurado<\/li>\n<li style='margin-bottom: 5px;'>Distancia: hasta 100m<\/li>\n<li style='margin-bottom: 5px;'>Velocidad: 10\/100\/1000 Base T&comma; half\/full duplex&comma; autonegociaci\u00f3n<\/li>\n<\/ul><\/div>\n<div style='margin-bottom: 15px;'>\n<h4 style='margin-top: 0; margin-bottom: 8px; font-size: 16px; color: inherit; opacity: 0.8;'>Indicadores (LED)<\/h4>\n<ul style='padding-left: 20px; margin: 0; font-size: 14px; list-style-type: disc;'>\n<li style='margin-bottom: 5px;'>Rojo LED: PoE ON<\/li>\n<li style='margin-bottom: 5px;'>Rojo LED: Encendido<\/li>\n<li style='margin-bottom: 5px;'>Amarillo y Verde LED (por jack RJ45): Estado de enlace IP&comma; 10\/100 base-t \/ Activo<\/li>\n<\/ul><\/div>\n<div style='margin-bottom: 15px;'>\n<h4 style='margin-top: 0; margin-bottom: 8px; font-size: 16px; color: inherit; opacity: 0.8;'>Agencias<\/h4>\n<ul style='padding-left: 20px; margin: 0; font-size: 14px; list-style-type: disc;'>\n<li style='margin-bottom: 5px;'>UL\/cUL: UL60950-1<\/li>\n<li style='margin-bottom: 5px;'>CE Conformidad Europea<\/li>\n<\/ul><\/div>\n<div style='margin-bottom: 15px;'>\n<h4 style='margin-top: 0; margin-bottom: 8px; font-size: 16px; color: inherit; opacity: 0.8;'>F\u00edsica y ambiental<\/h4>\n<ul style='padding-left: 20px; margin: 0; font-size: 14px; list-style-type: disc;'>\n<li style='margin-bottom: 5px;'>Dimensiones: 1.7\u201d x 4.1\u201d x 7.2\u201d (44mm x 105mm x 183mm)<\/li>\n<li style='margin-bottom: 5px;'>Peso del producto: 2.2 lbs. (1.0 kg)<\/li>\n<li style='margin-bottom: 5px;'>Peso de env\u00edo: 3.2 lbs. (1.45 kg)<\/li>\n<\/ul><\/div>\n<div style='margin-bottom: 15px;'>\n<h4 style='margin-top: 0; margin-bottom: 8px; font-size: 16px; color: inherit; opacity: 0.8;'>Temperatura<\/h4>\n<ul style='padding-left: 20px; margin: 0; font-size: 14px; list-style-type: disc;'>\n<li style='margin-bottom: 5px;'>Operando 30W: -30\u00baC a 50\u00baC (-22\u00baF a 122\u00baF)<\/li>\n<li style='margin-bottom: 5px;'>Operando 60W: -30\u00baC a 40\u00baC (-22\u00baF a 104\u00baF)<\/li>\n<li style='margin-bottom: 5px;'>Almacenamiento: -30\u00baC a 85\u00baC (-22\u00baF a 185\u00baF)<\/li>\n<\/ul><\/div>\n<div style='margin-bottom: 15px;'>\n<h4 style='margin-top: 0; margin-bottom: 8px; font-size: 16px; color: inherit; opacity: 0.8;'>Condiciones ambientales<\/h4>\n<ul style='padding-left: 20px; margin: 0; font-size: 14px; list-style-type: disc;'>\n<li style='margin-bottom: 5px;'>Humedad relativa: 85% +\/-5%<\/li>\n<li style='margin-bottom: 5px;'>Altitud de operaci\u00f3n: -304.8m a 609.6m<\/li>\n<\/ul><\/div>\n<\/p><\/div>\n<\/p><\/div>\n<\/p><\/div>\n<p> <!-- Separador --> <\/p>\n<hr style='border: 0; border-top: 1px solid rgba(150&comma; 150&comma; 150&comma; 0.3); margin: 30px 0;'> <\/div>\n","protected":false},"excerpt":{"rendered":"<p>Inyector Midspan un solo puerto Hi-PoE para desempe\u00f1o est\u00e1ndar y mejorado de energ\u00eda, para infraestuctura de red<\/p>\n","protected":false},"featured_media":114990,"comment_status":"open","ping_status":"closed","template":"","meta":[],"product_brand":[],"product_cat":[2358],"product_tag":[495,142,1261],"class_list":{"0":"post-114991","1":"product","2":"type-product","3":"status-publish","4":"has-post-thumbnail","6":"product_cat-inyectores-poe-energia-videovigilancia","7":"product_tag-altronix","8":"product_tag-energia","9":"product_tag-inyectores-poe","11":"first","12":"outofstock","13":"sale","14":"shipping-taxable","15":"purchasable","16":"product-type-simple"},"_links":{"self":[{"href":"https:\/\/soydeaqui.ddns.net\/pachuca\/index.php\/wp-json\/wp\/v2\/product\/114991","targetHints":{"allow":["GET"]}}],"collection":[{"href":"https:\/\/soydeaqui.ddns.net\/pachuca\/index.php\/wp-json\/wp\/v2\/product"}],"about":[{"href":"https:\/\/soydeaqui.ddns.net\/pachuca\/index.php\/wp-json\/wp\/v2\/types\/product"}],"replies":[{"embeddable":true,"href":"https:\/\/soydeaqui.ddns.net\/pachuca\/index.php\/wp-json\/wp\/v2\/comments?post=114991"}],"wp:featuredmedia":[{"embeddable":true,"href":"https:\/\/soydeaqui.ddns.net\/pachuca\/index.php\/wp-json\/wp\/v2\/media\/114990"}],"wp:attachment":[{"href":"https:\/\/soydeaqui.ddns.net\/pachuca\/index.php\/wp-json\/wp\/v2\/media?parent=114991"}],"wp:term":[{"taxonomy":"product_brand","embeddable":true,"href":"https:\/\/soydeaqui.ddns.net\/pachuca\/index.php\/wp-json\/wp\/v2\/product_brand?post=114991"},{"taxonomy":"product_cat","embeddable":true,"href":"https:\/\/soydeaqui.ddns.net\/pachuca\/index.php\/wp-json\/wp\/v2\/product_cat?post=114991"},{"taxonomy":"product_tag","embeddable":true,"href":"https:\/\/soydeaqui.ddns.net\/pachuca\/index.php\/wp-json\/wp\/v2\/product_tag?post=114991"}],"curies":[{"name":"wp","href":"https:\/\/api.w.org\/{rel}","templated":true}]}}