{"id":114970,"date":"2026-03-24T00:54:34","date_gmt":"2026-03-24T00:54:34","guid":{"rendered":"https:\/\/soydeaqui.ddns.net\/pachuca\/index.php\/producto\/adaptador-para-domos-ptz-honeywell-interconecta-al-domo-con-montajes-de-pared-y-techo\/"},"modified":"2026-03-24T00:54:40","modified_gmt":"2026-03-24T00:54:40","slug":"adaptador-para-domos-ptz-honeywell-interconecta-al-domo-con-montajes-de-pared-y-techo","status":"publish","type":"product","link":"https:\/\/soydeaqui.ddns.net\/pachuca\/index.php\/producto\/adaptador-para-domos-ptz-honeywell-interconecta-al-domo-con-montajes-de-pared-y-techo\/","title":{"rendered":"Adaptador para Domos PTZ Honeywell (Interconecta al domo con Montajes de Pared y Techo)"},"content":{"rendered":"<div style='width: 100%; max-width: 1200px; margin: 0 auto; font-family: sans-serif; line-height: 1.6; color: inherit; background-color: transparent;'>\n<div style='display: flex; flex-wrap: wrap; gap: 30px; margin-bottom: 30px;'>\n<div style='flex: 1 1 300px; min-width: 280px;'>\n<h3 style='font-size: 22px; border-bottom: 2px solid currentColor; padding-bottom: 5px; margin-top: 0; color: inherit; opacity: 0.8;'>Descripci\u00f3n<\/h3>\n<p style='font-size: 15px; color: inherit;'> Adaptador dise\u00f1ado para interconectar domos PTZ Honeywell con montajes de pared y techo&comma; permitiendo la instalaci\u00f3n de c\u00e1maras PTZ IP de IR de 1080p en m\u00faltiples superficies. Su dise\u00f1o sencillo y robusto facilita la instalaci\u00f3n del cableado y permite ajustar y probar los domos sin modificar la posici\u00f3n de la carcasa. <\/p>\n<\/p><\/div>\n<\/p><\/div>\n<div style='display: flex; flex-wrap: wrap; gap: 30px; margin-bottom: 30px;'>\n<div style='flex: 1 1 300px; min-width: 280px;'>\n<h3 style='font-size: 22px; border-bottom: 2px solid currentColor; padding-bottom: 5px; margin-top: 0; color: inherit; opacity: 0.8;'>Caracter\u00edsticas Principales<\/h3>\n<ul style='padding-left: 20px; font-size: 15px; color: inherit;'>\n<li style='margin-bottom: 5px;'>Fabricado en aluminio fundido con recubrimiento en blanco<\/li>\n<li style='margin-bottom: 5px;'>Peso: 0.23 kg<\/li>\n<li style='margin-bottom: 5px;'>Dimensiones: 48.0 mm x 72.0 mm<\/li>\n<\/ul><\/div>\n<div style='flex: 1 1 300px; min-width: 280px;'>\n<h3 style='font-size: 22px; border-bottom: 2px solid currentColor; padding-bottom: 5px; margin-top: 0; color: inherit; opacity: 0.8;'>Caracter\u00edsticas T\u00e9cnicas<\/h3>\n<ul style='padding-left: 20px; font-size: 15px; color: inherit;'>\n<li style='margin-bottom: 5px;'>Material: Aluminio fundido\/recubrimiento en blanco<\/li>\n<li style='margin-bottom: 5px;'>Peso: 0.23 kg<\/li>\n<li style='margin-bottom: 5px;'>Dimensiones: 48.0 mm x 72.0 mm<\/li>\n<\/ul><\/div>\n<\/p><\/div>\n<div style='display: flex; flex-wrap: wrap; gap: 20px; margin-bottom: 30px;'>\n<div style='flex: 1 1 250px; border: 1px solid rgba(150&comma; 150&comma; 150&comma; 0.4); border-radius: 8px; overflow: hidden; display: flex; flex-direction: column;'>\n<div style='padding: 15px; border-bottom: 1px solid rgba(150&comma; 150&comma; 150&comma; 0.2); font-weight: bold; font-size: 18px; color: inherit;'>Especificaciones de Instalaci\u00f3n<\/div>\n<div style='padding: 15px; color: inherit;'>\n<ul style='padding-left: 20px; margin: 0; font-size: 14px; list-style-type: disc;'>\n<li style='margin-bottom: 5px;'>Compatible con montajes de pared y techo<\/li>\n<li style='margin-bottom: 5px;'>Permite instalaci\u00f3n&comma; ajuste y prueba sin modificar la carcasa<\/li>\n<li style='margin-bottom: 5px;'>Rosca G1.5 para instalaci\u00f3n en techo y postes de extensi\u00f3n<\/li>\n<\/ul><\/div>\n<\/p><\/div>\n<div style='flex: 1 1 250px; border: 1px solid rgba(150&comma; 150&comma; 150&comma; 0.4); border-radius: 8px; overflow: hidden; display: flex; flex-direction: column;'>\n<div style='padding: 15px; border-bottom: 1px solid rgba(150&comma; 150&comma; 150&comma; 0.2); font-weight: bold; font-size: 18px; color: inherit;'>Aplicaciones<\/div>\n<div style='padding: 15px; color: inherit;'>\n<ul style='padding-left: 20px; margin: 0; font-size: 14px; list-style-type: disc;'>\n<li style='margin-bottom: 5px;'>Instalaciones de interior<\/li>\n<li style='margin-bottom: 5px;'>Instalaciones de exterior<\/li>\n<li style='margin-bottom: 5px;'>Montaje en poste PTZ<\/li>\n<li style='margin-bottom: 5px;'>Montaje en esquina PTZ<\/li>\n<\/ul><\/div>\n<\/p><\/div>\n<div style='flex: 1 1 250px; border: 1px solid rgba(150&comma; 150&comma; 150&comma; 0.4); border-radius: 8px; overflow: hidden; display: flex; flex-direction: column;'>\n<div style='padding: 15px; border-bottom: 1px solid rgba(150&comma; 150&comma; 150&comma; 0.2); font-weight: bold; font-size: 18px; color: inherit;'>Caracter\u00edsticas de Dise\u00f1o<\/div>\n<div style='padding: 15px; color: inherit;'>\n<ul style='padding-left: 20px; margin: 0; font-size: 14px; list-style-type: disc;'>\n<li style='margin-bottom: 5px;'>Perfil bajo y estructura contempor\u00e1nea<\/li>\n<li style='margin-bottom: 5px;'>Dise\u00f1o econ\u00f3mico<\/li>\n<li style='margin-bottom: 5px;'>Cableado oculto<\/li>\n<li style='margin-bottom: 5px;'>Pintura en blanco para interior\/exterior<\/li>\n<\/ul><\/div>\n<\/p><\/div>\n<\/p><\/div>\n<hr style='border: 0; border-top: 1px solid rgba(150&comma; 150&comma; 150&comma; 0.3); margin: 30px 0;'>\n<div style='display: flex; flex-wrap: wrap; gap: 30px; margin-bottom: 30px;'>\n<div style='flex: 1 1 300px; min-width: 280px;'>\n<h3 style='font-size: 22px; border-bottom: 2px solid currentColor; padding-bottom: 5px; margin-top: 0; color: inherit; opacity: 0.8;'>Compatibilidad<\/h3>\n<ul style='padding-left: 20px; font-size: 15px; color: inherit;'>\n<li style='margin-bottom: 5px;'>HDZ302LIW<\/li>\n<li style='margin-bottom: 5px;'>HDZ302LIK<\/li>\n<li style='margin-bottom: 5px;'>HDZ302D<\/li>\n<li style='margin-bottom: 5px;'>HDZ302DE<\/li>\n<\/ul><\/div>\n<div style='flex: 1 1 300px; min-width: 280px;'>\n<h3 style='font-size: 22px; border-bottom: 2px solid currentColor; padding-bottom: 5px; margin-top: 0; color: inherit; opacity: 0.8;'>Aplicaciones Comunes<\/h3>\n<ul style='padding-left: 20px; font-size: 15px; color: inherit;'>\n<li style='margin-bottom: 5px;'>Montaje en techo PTZ<\/li>\n<li style='margin-bottom: 5px;'>Montaje de extensi\u00f3n para techo PTZ + 220 mm<\/li>\n<li style='margin-bottom: 5px;'>Montaje en pared PTZ<\/li>\n<li style='margin-bottom: 5px;'>Montaje en poste PTZ<\/li>\n<li style='margin-bottom: 5px;'>Montaje en esquina PTZ<\/li>\n<\/ul><\/div>\n<\/p><\/div>\n<div style='display: flex; flex-wrap: wrap; gap: 20px; margin-bottom: 30px;'>\n<div style='flex: 1 1 250px; border: 1px solid rgba(150&comma; 150&comma; 150&comma; 0.4); border-radius: 8px; overflow: hidden; display: flex; flex-direction: column;'>\n<div style='padding: 15px; border-bottom: 1px solid rgba(150&comma; 150&comma; 150&comma; 0.2); font-weight: bold; font-size: 18px; color: inherit;'>Dimensiones<\/div>\n<div style='padding: 15px; color: inherit;'>\n<ul style='padding-left: 20px; margin: 0; font-size: 14px; list-style-type: disc;'>\n<li style='margin-bottom: 5px;'>48.0 mm x 72.0 mm<\/li>\n<li style='margin-bottom: 5px;'>(1.9\u201d x 2.8\u201d)<\/li>\n<\/ul><\/div>\n<\/p><\/div>\n<div style='flex: 1 1 250px; border: 1px solid rgba(150&comma; 150&comma; 150&comma; 0.4); border-radius: 8px; overflow: hidden; display: flex; flex-direction: column;'>\n<div style='padding: 15px; border-bottom: 1px solid rgba(150&comma; 150&comma; 150&comma; 0.2); font-weight: bold; font-size: 18px; color: inherit;'>Construcci\u00f3n<\/div>\n<div style='padding: 15px; color: inherit;'>\n<ul style='padding-left: 20px; margin: 0; font-size: 14px; list-style-type: disc;'>\n<li style='margin-bottom: 5px;'>Aluminio fundido<\/li>\n<li style='margin-bottom: 5px;'>Recubrimiento en blanco<\/li>\n<\/ul><\/div>\n<\/p><\/div>\n<\/p><\/div>\n<hr style='border: 0; border-top: 1px solid rgba(150&comma; 150&comma; 150&comma; 0.3); margin: 30px 0;'>\n<div style='display: flex; flex-wrap: wrap; gap: 30px; margin-bottom: 30px;'>\n<div style='flex: 1 1 300px; min-width: 280px;'>\n<h3 style='font-size: 22px; border-bottom: 2px solid currentColor; padding-bottom: 5px; margin-top: 0; color: inherit; opacity: 0.8;'>Compatibilidad con Otros Accesorios<\/h3>\n<ul style='padding-left: 20px; font-size: 15px; color: inherit;'>\n<li style='margin-bottom: 5px;'>HDZCM1 &#8211; Montaje en techo PTZ<\/li>\n<li style='margin-bottom: 5px;'>HDZCM2 &#8211; Poste de extensi\u00f3n para montaje en techo (220 mm)<\/li>\n<li style='margin-bottom: 5px;'>HDZCM3 &#8211; Poste de extensi\u00f3n para montaje en techo (420 mm)<\/li>\n<li style='margin-bottom: 5px;'>HDZWM1 &#8211; Montaje en pared PTZ<\/li>\n<li style='margin-bottom: 5px;'>HDZWM2 &#8211; Montaje en pared PTZ con orificio de acceso<\/li>\n<li style='margin-bottom: 5px;'>HDZCMA &#8211; Adaptador de montaje PTZ de esquina para montaje en pared<\/li>\n<li style='margin-bottom: 5px;'>HDZPMA &#8211; Adaptador de montaje PTZ en poste para montaje en pared<\/li>\n<li style='margin-bottom: 5px;'>HDZINPL &#8211; Placa de soporte PTZ en techo (falso techo)<\/li>\n<\/ul><\/div>\n<div style='flex: 1 1 300px; min-width: 280px;'>\n<h3 style='font-size: 22px; border-bottom: 2px solid currentColor; padding-bottom: 5px; margin-top: 0; color: inherit; opacity: 0.8;'>Informaci\u00f3n de Pedido<\/h3>\n<ul style='padding-left: 20px; font-size: 15px; color: inherit;'>\n<li style='margin-bottom: 5px;'>HDZNPTA &#8211; Adaptador NPT 1&comma;5\u201d<\/li>\n<\/ul><\/div>\n<\/p><\/div>\n<\/p><\/div>\n","protected":false},"excerpt":{"rendered":"<p>Adaptador para Domos PTZ Honeywell (Interconecta al domo con Montajes de Pared y Techo)<\/p>\n","protected":false},"featured_media":114969,"comment_status":"open","ping_status":"closed","template":"","meta":[],"product_brand":[],"product_cat":[416],"product_tag":[417,2383,418],"class_list":{"0":"post-114970","1":"product","2":"type-product","3":"status-publish","4":"has-post-thumbnail","6":"product_cat-montajes-y-brackets-para-camaras","7":"product_tag-accesorios-generales","8":"product_tag-ademco-honeywell","9":"product_tag-montajes-y-brackets-para-camaras","11":"first","12":"outofstock","13":"sale","14":"shipping-taxable","15":"purchasable","16":"product-type-simple"},"_links":{"self":[{"href":"https:\/\/soydeaqui.ddns.net\/pachuca\/index.php\/wp-json\/wp\/v2\/product\/114970","targetHints":{"allow":["GET"]}}],"collection":[{"href":"https:\/\/soydeaqui.ddns.net\/pachuca\/index.php\/wp-json\/wp\/v2\/product"}],"about":[{"href":"https:\/\/soydeaqui.ddns.net\/pachuca\/index.php\/wp-json\/wp\/v2\/types\/product"}],"replies":[{"embeddable":true,"href":"https:\/\/soydeaqui.ddns.net\/pachuca\/index.php\/wp-json\/wp\/v2\/comments?post=114970"}],"wp:featuredmedia":[{"embeddable":true,"href":"https:\/\/soydeaqui.ddns.net\/pachuca\/index.php\/wp-json\/wp\/v2\/media\/114969"}],"wp:attachment":[{"href":"https:\/\/soydeaqui.ddns.net\/pachuca\/index.php\/wp-json\/wp\/v2\/media?parent=114970"}],"wp:term":[{"taxonomy":"product_brand","embeddable":true,"href":"https:\/\/soydeaqui.ddns.net\/pachuca\/index.php\/wp-json\/wp\/v2\/product_brand?post=114970"},{"taxonomy":"product_cat","embeddable":true,"href":"https:\/\/soydeaqui.ddns.net\/pachuca\/index.php\/wp-json\/wp\/v2\/product_cat?post=114970"},{"taxonomy":"product_tag","embeddable":true,"href":"https:\/\/soydeaqui.ddns.net\/pachuca\/index.php\/wp-json\/wp\/v2\/product_tag?post=114970"}],"curies":[{"name":"wp","href":"https:\/\/api.w.org\/{rel}","templated":true}]}}