{"id":11497,"date":"2026-03-18T07:50:39","date_gmt":"2026-03-18T07:50:39","guid":{"rendered":"https:\/\/soydeaqui.ddns.net\/pachuca\/index.php\/producto\/patch-panel-z-max-de-24-puertos-blindado-precargado-con-jacks-categora-6a-angulado-1ur\/"},"modified":"2026-03-18T07:50:42","modified_gmt":"2026-03-18T07:50:42","slug":"patch-panel-z-max-de-24-puertos-blindado-precargado-con-jacks-categora-6a-angulado-1ur","status":"publish","type":"product","link":"https:\/\/soydeaqui.ddns.net\/pachuca\/index.php\/producto\/patch-panel-z-max-de-24-puertos-blindado-precargado-con-jacks-categora-6a-angulado-1ur\/","title":{"rendered":"Patch Panel Z-MAX de 24 Puertos, Blindado, Precargado con Jacks Categor?a 6A, Angulado, 1UR"},"content":{"rendered":"<div style='width: 100%; max-width: 1200px; margin: 0 auto; font-family: sans-serif; line-height: 1.6; color: inherit; background-color: transparent;'> <!-- Secci\u00f3n de introducci\u00f3n --> <\/p>\n<div style='margin-bottom: 30px; font-size: 15px;'>\n<p>Los Patch Panels Z-MAX Vac\u00edos y Categor\u00eda 6A blindados de Siemon&comma; aprovechan el rendimiento y fiabilidad con una soluci\u00f3n modular de alta densidad. Estos Patch Panels facilitan la instalaci\u00f3n para centros de datos y salas de telecomunicaciones&comma; ofreciendo un aspecto atractivo y est\u00e9tico combinando con el etiquetado flexible y opciones de codificaci\u00f3n de colores.<\/p>\n<p>Versi\u00f3n de alta densidad que proporciona 48 puertos en solo una unidad de Rack para reducir el consumo de espacio.<\/p>\n<\/p><\/div>\n<p> <!-- Secci\u00f3n de caracter\u00edsticas principales --> <\/p>\n<div style='display: flex; flex-wrap: wrap; gap: 20px; margin-bottom: 30px;'>\n<div style='flex: 1 1 300px; min-width: 280px;'>\n<h3 style='font-size: 20px; border-bottom: 2px solid currentColor; padding-bottom: 5px; margin-top: 0; color: inherit; opacity: 0.8;'>Caracter\u00edsticas Principales<\/h3>\n<ul style='padding-left: 20px; font-size: 14px; color: inherit;'>\n<li style='margin-bottom: 5px;'>Alta densidad: 48 puertos en una unidad de rack<\/li>\n<li style='margin-bottom: 5px;'>Material: acero ligero&comma; acabado negro elegante<\/li>\n<li style='margin-bottom: 5px;'>F\u00e1cil instalaci\u00f3n con palancas de liberaci\u00f3n<\/li>\n<li style='margin-bottom: 5px;'>Modularidad con etiquetado y codificaci\u00f3n de colores<\/li>\n<li style='margin-bottom: 5px;'>Incluye herramienta Z-Tool para instalaci\u00f3n r\u00e1pida<\/li>\n<\/ul><\/div>\n<\/p><\/div>\n<p> <!-- Secci\u00f3n de especificaciones t\u00e9cnicas --> <\/p>\n<div style='display: flex; flex-wrap: wrap; gap: 20px; margin-bottom: 30px;'>\n<div style='flex: 1 1 300px; min-width: 280px;'>\n<h3 style='font-size: 20px; border-bottom: 2px solid currentColor; padding-bottom: 5px; margin-top: 0; color: inherit; opacity: 0.8;'>Especificaciones T\u00e9cnicas<\/h3>\n<ul style='padding-left: 20px; font-size: 14px; color: inherit;'>\n<li style='margin-bottom: 5px;'><strong>Temperatura de operaci\u00f3n:<\/strong> -10 a 60 \u00b0C<\/li>\n<li style='margin-bottom: 5px;'><strong>Clasificaci\u00f3n de inflamabilidad:<\/strong> UL 94 V-0<\/li>\n<li style='margin-bottom: 5px;'><strong>Caracter\u00edsticas ecol\u00f3gicas:<\/strong> RoHS&comma; sin plomo&comma; sin hal\u00f3genos&comma; sin PVC<\/li>\n<li style='margin-bottom: 5px;'><strong>Dimensiones:<\/strong> 109.2 mm x 482.6 mm x 44.2 mm<\/li>\n<li style='margin-bottom: 5px;'><strong>Material del panel:<\/strong> Acero laminado en fr\u00edo calibre 18&comma; acabado negro<\/li>\n<li style='margin-bottom: 5px;'><strong>Conexi\u00f3n de puesta a tierra:<\/strong> Tornillo de 3\/8&#8242; con una o dos perforaciones (espaciado de 1&#8242;)<\/li>\n<\/ul><\/div>\n<div style='flex: 1 1 300px; min-width: 280px;'>\n<h3 style='font-size: 20px; border-bottom: 2px solid currentColor; padding-bottom: 5px; margin-top: 0; color: inherit; opacity: 0.8;'>Caracter\u00edsticas Mec\u00e1nicas<\/h3>\n<ul style='padding-left: 20px; font-size: 14px; color: inherit;'>\n<li style='margin-bottom: 5px;'><strong>Estilo del panel:<\/strong> Angulado (A)<\/li>\n<li style='margin-bottom: 5px;'><strong>Incluye:<\/strong> Cable ties&comma; iconos\/soportes de etiquetas&comma; etiquetas&comma; tornillo de puesta a tierra #6 y hardware de montaje<\/li>\n<li style='margin-bottom: 5px;'><strong>Versiones disponibles:<\/strong> 24 y 48 puertos<\/li>\n<li style='margin-bottom: 5px;'><strong>Altura en rack:<\/strong> 1U (44.5 mm)<\/li>\n<li style='margin-bottom: 5px;'><strong>Material:<\/strong> Acero de peso ligero y acabado en color negro<\/li>\n<li style='margin-bottom: 5px;'><strong>Identificaci\u00f3n de puertos:<\/strong> Numeraci\u00f3n frontal visible<\/li>\n<\/ul><\/div>\n<\/p><\/div>\n<p> <!-- Secci\u00f3n de est\u00e1ndares de cumplimiento --> <\/p>\n<div style='display: flex; flex-wrap: wrap; gap: 20px; margin-bottom: 30px;'>\n<div style='flex: 1 1 300px; min-width: 280px;'>\n<h3 style='font-size: 20px; border-bottom: 2px solid currentColor; padding-bottom: 5px; margin-top: 0; color: inherit; opacity: 0.8;'>Est\u00e1ndares de Cumplimiento<\/h3>\n<ul style='padding-left: 20px; font-size: 14px; color: inherit;'>\n<li style='margin-bottom: 5px;'>ANSI\/TIA-568-C.2<\/li>\n<li style='margin-bottom: 5px;'>ISO\/IEC 11801 Ed 2.2<\/li>\n<li style='margin-bottom: 5px;'>ETL Tested<\/li>\n<li style='margin-bottom: 5px;'>IEC 60603-7<\/li>\n<li style='margin-bottom: 5px;'>IEC 60603-7-51<\/li>\n<li style='margin-bottom: 5px;'>IEEE 802.3an<\/li>\n<li style='margin-bottom: 5px;'>IEEE 802.3af (PoE)<\/li>\n<li style='margin-bottom: 5px;'>IEEE 802.3at (PoE+)<\/li>\n<li style='margin-bottom: 5px;'>ANSI\/TIA-1096-A<\/li>\n<\/ul><\/div>\n<div style='flex: 1 1 300px; min-width: 280px;'>\n<h3 style='font-size: 20px; border-bottom: 2px solid currentColor; padding-bottom: 5px; margin-top: 0; color: inherit; opacity: 0.8;'>Caracter\u00edsticas Adicionales<\/h3>\n<ul style='padding-left: 20px; font-size: 14px; color: inherit;'>\n<li style='margin-bottom: 5px;'>Dise\u00f1o de snap-in para acelerar la instalaci\u00f3n<\/li>\n<li style='margin-bottom: 5px;'>Puesta a tierra autom\u00e1tica de los m\u00f3dulos<\/li>\n<li style='margin-bottom: 5px;'>Soporte para manejo de cables en la parte trasera<\/li>\n<li style='margin-bottom: 5px;'>Compatibilidad con soluciones de conexi\u00f3n Z-MAX<\/li>\n<li style='margin-bottom: 5px;'>Protecci\u00f3n contra interferencias externas<\/li>\n<li style='margin-bottom: 5px;'>Mitigaci\u00f3n superior de crosstalk externo<\/li>\n<\/ul><\/div>\n<\/p><\/div>\n<p> <!-- Secci\u00f3n de imagen Z-Tool --> <\/p>\n<div style='margin-bottom: 30px;'>\n<h3 style='font-size: 20px; border-bottom: 2px solid currentColor; padding-bottom: 5px; margin-top: 0; color: inherit; opacity: 0.8;'>Herramienta Z-Tool<\/h3>\n<p style='margin-bottom: 15px;'><strong>Incluye herramienta Z-Tool:<\/strong><\/p>\n<p> <img style='width: 100%; height: auto; border: 1px solid rgba(150&comma;150&comma;150&comma;0.3); border-radius: 8px;' src='http:\/\/ftp3.syscom.mx\/usuarios\/fotos\/Z6ASPNL24K\/88346-z-tool.jpg' alt='Herramienta Z-Tool' \/> <\/div>\n<p> <!-- Separador final --> <\/p>\n<hr style='border: 0; border-top: 1px solid rgba(150&comma; 150&comma; 150&comma; 0.3); margin: 30px 0;'> <\/div>\n","protected":false},"excerpt":{"rendered":"<p>Patch Panel Z-MAX de 24 Puertos, Blindado, Precargado con Jacks Categor?a 6A, Angulado, 1UR<\/p>\n","protected":false},"featured_media":11496,"comment_status":"open","ping_status":"closed","template":"","meta":[],"product_brand":[],"product_cat":[613],"product_tag":[586,614,600],"class_list":{"0":"post-11497","1":"product","2":"type-product","3":"status-publish","4":"has-post-thumbnail","6":"product_cat-patch-panels","7":"product_tag-cableado-de-cobre","8":"product_tag-patch-panels","9":"product_tag-siemon","11":"first","12":"instock","13":"sale","14":"shipping-taxable","15":"purchasable","16":"product-type-simple"},"_links":{"self":[{"href":"https:\/\/soydeaqui.ddns.net\/pachuca\/index.php\/wp-json\/wp\/v2\/product\/11497","targetHints":{"allow":["GET"]}}],"collection":[{"href":"https:\/\/soydeaqui.ddns.net\/pachuca\/index.php\/wp-json\/wp\/v2\/product"}],"about":[{"href":"https:\/\/soydeaqui.ddns.net\/pachuca\/index.php\/wp-json\/wp\/v2\/types\/product"}],"replies":[{"embeddable":true,"href":"https:\/\/soydeaqui.ddns.net\/pachuca\/index.php\/wp-json\/wp\/v2\/comments?post=11497"}],"wp:featuredmedia":[{"embeddable":true,"href":"https:\/\/soydeaqui.ddns.net\/pachuca\/index.php\/wp-json\/wp\/v2\/media\/11496"}],"wp:attachment":[{"href":"https:\/\/soydeaqui.ddns.net\/pachuca\/index.php\/wp-json\/wp\/v2\/media?parent=11497"}],"wp:term":[{"taxonomy":"product_brand","embeddable":true,"href":"https:\/\/soydeaqui.ddns.net\/pachuca\/index.php\/wp-json\/wp\/v2\/product_brand?post=11497"},{"taxonomy":"product_cat","embeddable":true,"href":"https:\/\/soydeaqui.ddns.net\/pachuca\/index.php\/wp-json\/wp\/v2\/product_cat?post=11497"},{"taxonomy":"product_tag","embeddable":true,"href":"https:\/\/soydeaqui.ddns.net\/pachuca\/index.php\/wp-json\/wp\/v2\/product_tag?post=11497"}],"curies":[{"name":"wp","href":"https:\/\/api.w.org\/{rel}","templated":true}]}}