{"id":114953,"date":"2026-03-24T00:53:24","date_gmt":"2026-03-24T00:53:24","guid":{"rendered":"https:\/\/soydeaqui.ddns.net\/pachuca\/index.php\/producto\/switch-de-acceso-poe-stackeable-capa-3-24-puertos-10-100-mbps-2-sfp-rj45-combo-2-puertos-stacking-370-w\/"},"modified":"2026-03-24T00:53:27","modified_gmt":"2026-03-24T00:53:27","slug":"switch-de-acceso-poe-stackeable-capa-3-24-puertos-10-100-mbps-2-sfp-rj45-combo-2-puertos-stacking-370-w","status":"publish","type":"product","link":"https:\/\/soydeaqui.ddns.net\/pachuca\/index.php\/producto\/switch-de-acceso-poe-stackeable-capa-3-24-puertos-10-100-mbps-2-sfp-rj45-combo-2-puertos-stacking-370-w\/","title":{"rendered":"Switch de Acceso PoE+ Stackeable Capa 3, 24 Puertos 10\/100 Mbps + 2 SFP\/RJ45 Combo + 2 Puertos Stacking, 370 W"},"content":{"rendered":"<div style='width: 100%; max-width: 1200px; margin: 0 auto; font-family: sans-serif; line-height: 1.6; color: inherit; background-color: transparent;'>\n<div style='display: flex; flex-wrap: wrap; gap: 30px; margin-bottom: 30px;'>\n<div style='flex: 1 1 300px; min-width: 280px;'>\n<h3 style='font-size: 22px; border-bottom: 2px solid currentColor; padding-bottom: 5px; margin-top: 0; color: inherit; opacity: 0.8;'>Puertos<\/h3>\n<ul style='padding-left: 20px; font-size: 15px; color: inherit;'>\n<li style='margin-bottom: 5px;'>24 puertos 10\/100Mbps<\/li>\n<li style='margin-bottom: 5px;'>2 puertos SFP Combo<\/li>\n<li style='margin-bottom: 5px;'>2 puertos Gigabit Stacking<\/li>\n<li style='margin-bottom: 5px;'>Throughput: 9.5Mpps<\/li>\n<\/ul><\/div>\n<div style='flex: 1 1 300px; min-width: 280px;'>\n<h3 style='font-size: 22px; border-bottom: 2px solid currentColor; padding-bottom: 5px; margin-top: 0; color: inherit; opacity: 0.8;'>PoE<\/h3>\n<ul style='padding-left: 20px; font-size: 15px; color: inherit;'>\n<li style='margin-bottom: 5px;'>IEEE 802.3af Power Over Ethernet (PoE)<\/li>\n<li style='margin-bottom: 5px;'>IEEE 802.3at Power Over Ethernet plus (PoE+)<\/li>\n<li style='margin-bottom: 5px;'>Potencia total: 370W<\/li>\n<\/ul><\/div>\n<div style='flex: 1 1 300px; min-width: 280px;'>\n<h3 style='font-size: 22px; border-bottom: 2px solid currentColor; padding-bottom: 5px; margin-top: 0; color: inherit; opacity: 0.8;'>Sistema Operativo<\/h3>\n<ul style='padding-left: 20px; font-size: 15px; color: inherit;'>\n<li style='margin-bottom: 5px;'>AlliedWare Plus\u2122<\/li>\n<\/ul><\/div>\n<\/p><\/div>\n<div style='display: flex; flex-wrap: wrap; gap: 30px; margin-bottom: 30px;'>\n<div style='flex: 1 1 300px; min-width: 280px;'>\n<h3 style='font-size: 22px; border-bottom: 2px solid currentColor; padding-bottom: 5px; margin-top: 0; color: inherit; opacity: 0.8;'>Administraci\u00f3n<\/h3>\n<ul style='padding-left: 20px; font-size: 15px; color: inherit;'>\n<li style='margin-bottom: 5px;'>Interfaz de l\u00ednea de comandos (CLI)<\/li>\n<li style='margin-bottom: 5px;'>Interfaz gr\u00e1fica de usuario (GUI)<\/li>\n<li style='margin-bottom: 5px;'>Telnet<\/li>\n<li style='margin-bottom: 5px;'>SSH<\/li>\n<li style='margin-bottom: 5px;'>Monitoreo SNMP v1&comma; v2c &#038; v3<\/li>\n<\/ul><\/div>\n<div style='flex: 1 1 300px; min-width: 280px;'>\n<h3 style='font-size: 22px; border-bottom: 2px solid currentColor; padding-bottom: 5px; margin-top: 0; color: inherit; opacity: 0.8;'>Caracter\u00edsticas<\/h3>\n<ul style='padding-left: 20px; font-size: 15px; color: inherit;'>\n<li style='margin-bottom: 5px;'>Virtual Chassis Stacking (VCStack)<\/li>\n<li style='margin-bottom: 5px;'>Allied Telesis Management Framework (AMF)<\/li>\n<li style='margin-bottom: 5px;'>Ethernet Protection Switched Ring (EPSRing)<\/li>\n<li style='margin-bottom: 5px;'>Industry-leading Quality of Service (QoS)<\/li>\n<li style='margin-bottom: 5px;'>Access Control Lists (ACLs)<\/li>\n<li style='margin-bottom: 5px;'>VLAN ACLs<\/li>\n<li style='margin-bottom: 5px;'>Loop protection<\/li>\n<li style='margin-bottom: 5px;'>Voice VLAN<\/li>\n<li style='margin-bottom: 5px;'>Active Fiber Monitoring<\/li>\n<li style='margin-bottom: 5px;'>Link Aggregation<\/li>\n<li style='margin-bottom: 5px;'>Tri-authentication<\/li>\n<li style='margin-bottom: 5px;'>VLAN Mirroring (RSPAN)<\/li>\n<\/ul><\/div>\n<div style='flex: 1 1 300px; min-width: 280px;'>\n<h3 style='font-size: 22px; border-bottom: 2px solid currentColor; padding-bottom: 5px; margin-top: 0; color: inherit; opacity: 0.8;'>Caracter\u00edsticas F\u00edsicas y El\u00e9ctricas<\/h3>\n<ul style='padding-left: 20px; font-size: 15px; color: inherit;'>\n<li style='margin-bottom: 5px;'>Alimentaci\u00f3n: 90-260 VAC&comma; 47-63Hz<\/li>\n<li style='margin-bottom: 5px;'>Dimensiones: 1 U Rack&comma; 44 x 440 x 360 mm<\/li>\n<li style='margin-bottom: 5px;'>Peso: 5.4 Kg<\/li>\n<li style='margin-bottom: 5px;'>Temperatura de Operaci\u00f3n: 0\u00b0C a 40\u00b0C<\/li>\n<\/ul><\/div>\n<\/p><\/div>\n<div style='display: flex; flex-wrap: wrap; gap: 30px; margin-bottom: 30px;'>\n<div style='flex: 1 1 300px; min-width: 280px;'>\n<h3 style='font-size: 22px; border-bottom: 2px solid currentColor; padding-bottom: 5px; margin-top: 0; color: inherit; opacity: 0.8;'>Garant\u00eda<\/h3>\n<ul style='padding-left: 20px; font-size: 15px; color: inherit;'>\n<li style='margin-bottom: 5px;'>Allied Telesis garant\u00eda de por vida limitada<\/li>\n<\/ul><\/div>\n<\/p><\/div>\n<hr style='border: 0; border-top: 1px solid rgba(150&comma; 150&comma; 150&comma; 0.3); margin: 30px 0;'> <\/div>\n","protected":false},"excerpt":{"rendered":"<p>Switch de Acceso PoE+ Stackeable Capa 3, 24 Puertos 10\/100 Mbps + 2 SFP\/RJ45 Combo + 2 Puertos Stacking, 370 W<\/p>\n","protected":false},"featured_media":114952,"comment_status":"open","ping_status":"closed","template":"","meta":[],"product_brand":[],"product_cat":[1986],"product_tag":[1995,664,1987],"class_list":{"0":"post-114953","1":"product","2":"type-product","3":"status-publish","4":"has-post-thumbnail","6":"product_cat-switches-poe","7":"product_tag-allied-telesis","8":"product_tag-networking","9":"product_tag-switches-poe","11":"first","12":"outofstock","13":"sale","14":"shipping-taxable","15":"purchasable","16":"product-type-simple"},"_links":{"self":[{"href":"https:\/\/soydeaqui.ddns.net\/pachuca\/index.php\/wp-json\/wp\/v2\/product\/114953","targetHints":{"allow":["GET"]}}],"collection":[{"href":"https:\/\/soydeaqui.ddns.net\/pachuca\/index.php\/wp-json\/wp\/v2\/product"}],"about":[{"href":"https:\/\/soydeaqui.ddns.net\/pachuca\/index.php\/wp-json\/wp\/v2\/types\/product"}],"replies":[{"embeddable":true,"href":"https:\/\/soydeaqui.ddns.net\/pachuca\/index.php\/wp-json\/wp\/v2\/comments?post=114953"}],"wp:featuredmedia":[{"embeddable":true,"href":"https:\/\/soydeaqui.ddns.net\/pachuca\/index.php\/wp-json\/wp\/v2\/media\/114952"}],"wp:attachment":[{"href":"https:\/\/soydeaqui.ddns.net\/pachuca\/index.php\/wp-json\/wp\/v2\/media?parent=114953"}],"wp:term":[{"taxonomy":"product_brand","embeddable":true,"href":"https:\/\/soydeaqui.ddns.net\/pachuca\/index.php\/wp-json\/wp\/v2\/product_brand?post=114953"},{"taxonomy":"product_cat","embeddable":true,"href":"https:\/\/soydeaqui.ddns.net\/pachuca\/index.php\/wp-json\/wp\/v2\/product_cat?post=114953"},{"taxonomy":"product_tag","embeddable":true,"href":"https:\/\/soydeaqui.ddns.net\/pachuca\/index.php\/wp-json\/wp\/v2\/product_tag?post=114953"}],"curies":[{"name":"wp","href":"https:\/\/api.w.org\/{rel}","templated":true}]}}