{"id":114919,"date":"2026-03-24T00:51:19","date_gmt":"2026-03-24T00:51:19","guid":{"rendered":"https:\/\/soydeaqui.ddns.net\/pachuca\/index.php\/producto\/boton-de-panico-especial-para-soluciones-moviles-xmr-2\/"},"modified":"2026-03-24T00:51:28","modified_gmt":"2026-03-24T00:51:28","slug":"boton-de-panico-especial-para-soluciones-moviles-xmr-2","status":"publish","type":"product","link":"https:\/\/soydeaqui.ddns.net\/pachuca\/index.php\/producto\/boton-de-panico-especial-para-soluciones-moviles-xmr-2\/","title":{"rendered":"Bot\u00f3n de p\u00e1nico especial para soluciones m\u00f3viles XMR"},"content":{"rendered":"<div style='width: 100%; max-width: 1200px; margin: 0 auto; font-family: sans-serif; line-height: 1.6; color: inherit; background-color: transparent;'>\n<div style='display: flex; flex-wrap: wrap; gap: 30px; margin-bottom: 30px;'>\n<div style='flex: 1 1 300px; min-width: 280px;'>\n<h3 style='font-size: 22px; border-bottom: 2px solid currentColor; padding-bottom: 5px; margin-top: 0; color: inherit; opacity: 0.8;'>Caracter\u00edsticas principales<\/h3>\n<ul style='padding-left: 20px; font-size: 15px; color: inherit;'>\n<li style='margin-bottom: 5px;'>Bot\u00f3n de p\u00e1nico para emergencias cr\u00edticas<\/li>\n<li style='margin-bottom: 5px;'>Alerta directa al centro de monitoreo<\/li>\n<li style='margin-bottom: 5px;'>Reacci\u00f3n inmediata ante cualquier emergencia<\/li>\n<li style='margin-bottom: 5px;'>Sistema de alerta eficaz y confiable<\/li>\n<li style='margin-bottom: 5px;'>F\u00e1cil activaci\u00f3n en situaciones de emergencia<\/li>\n<\/ul><\/div>\n<div style='flex: 1 1 300px; min-width: 280px;'>\n<h3 style='font-size: 22px; border-bottom: 2px solid currentColor; padding-bottom: 5px; margin-top: 0; color: inherit; opacity: 0.8;'>Especificaciones t\u00e9cnicas<\/h3>\n<ul style='padding-left: 20px; font-size: 15px; color: inherit;'>\n<li style='margin-bottom: 5px;'><strong>C\u00f3digo:<\/strong> 3001 5<\/li>\n<li style='margin-bottom: 5px;'><strong>Referencia:<\/strong> ef 201 5(2X)<\/li>\n<li style='margin-bottom: 5px;'><strong>Cantidad de contactos:<\/strong> 9<\/li>\n<li style='margin-bottom: 5px;'><strong>Di\u00e1metro de cable:<\/strong> 0.5mm<\/li>\n<li style='margin-bottom: 5px;'><strong>Tolerancia:<\/strong> 0.05 mm<\/li>\n<li style='margin-bottom: 5px;'><strong>Resoluci\u00f3n:<\/strong> 0.2 mm<\/li>\n<li style='margin-bottom: 5px;'><strong>C\u00f3digo de norma:<\/strong> 01.05.01.04.06.61 -D SVT6.646.349<\/li>\n<li style='margin-bottom: 5px;'><strong>Especificaci\u00f3n:<\/strong> 1.(20AWG*2C)*1C&comma;PVC &comma;OD:5.01 0.2 mm&comma; ANT-CEIEC<\/li>\n<li style='margin-bottom: 5px;'><strong>Longitud del cable:<\/strong> 300mm CST<\/li>\n<li style='margin-bottom: 5px;'><strong>Tipo de se\u00f1al:<\/strong> PGM<\/li>\n<li style='margin-bottom: 5px;'><strong>Modelo:<\/strong> PB12-2-M-RX-N 13-01-21<\/li>\n<\/ul><\/div>\n<\/p><\/div>\n<div style='display: flex; flex-wrap: wrap; gap: 20px; margin-bottom: 30px;'>\n<div style='flex: 1 1 250px; border: 1px solid rgba(150&comma; 150&comma; 150&comma; 0.4); border-radius: 8px; overflow: hidden; display: flex; flex-direction: column;'>\n<div style='padding: 15px; border-bottom: 1px solid rgba(150&comma; 150&comma; 150&comma; 0.2); font-weight: bold; font-size: 18px; color: inherit;'>Tolerancias<\/div>\n<div style='padding: 15px; color: inherit;'>\n<ul style='padding-left: 20px; margin: 0; font-size: 14px; list-style-type: disc;'>\n<li style='margin-bottom: 5px;'>0-50mm: 1 3 500-1000mm: 1 15<\/li>\n<li style='margin-bottom: 5px;'>50-200mm: 1 5 1000-3000mm: 1 25<\/li>\n<li style='margin-bottom: 5px;'>200-500mm: 1 10 3000mm45 1 1.5%23<\/li>\n<\/ul><\/div>\n<\/p><\/div>\n<\/p><\/div>\n<div style='display: flex; flex-wrap: wrap; gap: 20px; margin-bottom: 30px;'>\n<div style='flex: 1 1 250px; border: 1px solid rgba(150&comma; 150&comma; 150&comma; 0.4); border-radius: 8px; overflow: hidden; display: flex; flex-direction: column;'>\n<div style='padding: 15px; border-bottom: 1px solid rgba(150&comma; 150&comma; 150&comma; 0.2); font-weight: bold; font-size: 18px; color: inherit;'>Aplicaciones<\/div>\n<div style='padding: 15px; color: inherit;'>\n<ul style='padding-left: 20px; margin: 0; font-size: 14px; list-style-type: disc;'>\n<li style='margin-bottom: 5px;'>Sistemas de seguridad en veh\u00edculos<\/li>\n<li style='margin-bottom: 5px;'>Monitoreo de emergencias<\/li>\n<li style='margin-bottom: 5px;'>Alertas de seguridad en transporte<\/li>\n<\/ul><\/div>\n<\/p><\/div>\n<\/p><\/div>\n<div style='display: flex; flex-wrap: wrap; gap: 20px; margin-bottom: 30px;'>\n<div style='flex: 1 1 100%;'>\n<h3 style='font-size: 22px; border-bottom: 2px solid currentColor; padding-bottom: 5px; margin-top: 0; color: inherit; opacity: 0.8;'>Contenido del paquete<\/h3>\n<ul style='padding-left: 20px; font-size: 15px; color: inherit;'>\n<li style='margin-bottom: 5px;'>1 Bot\u00f3n de p\u00e1nico XMRPANIC<\/li>\n<li style='margin-bottom: 5px;'>1 Manual de instalaci\u00f3n<\/li>\n<li style='margin-bottom: 5px;'>Kit de accesorios para montaje<\/li>\n<\/ul><\/div>\n<\/p><\/div>\n<div style='display: flex; flex-wrap: wrap; gap: 20px; margin-bottom: 30px;'>\n<div style='flex: 1 1 100%;'>\n<h3 style='font-size: 22px; border-bottom: 2px solid currentColor; padding-bottom: 5px; margin-top: 0; color: inherit; opacity: 0.8;'>Descripci\u00f3n<\/h3>\n<p style='font-size: 15px; color: inherit; margin-top: 0;'>Con esta soluci\u00f3n de bot\u00f3n de p\u00e1nico&comma; se puede enviar una alerta directamente al centro de monitoreo para poder alertar cualquier tipo de emergencia para obtener una reacci\u00f3n inmediata.<\/p>\n<\/p><\/div>\n<\/p><\/div>\n<div style='display: flex; flex-wrap: wrap; gap: 20px; margin-bottom: 30px;'>\n<div style='flex: 1 1 100%;'>\n<h3 style='font-size: 22px; border-bottom: 2px solid currentColor; padding-bottom: 5px; margin-top: 0; color: inherit; opacity: 0.8;'>Recursos<\/h3>\n<ul style='padding-left: 20px; font-size: 15px; color: inherit;'>\n<li style='margin-bottom: 5px;'><a href='https:\/\/ftp3.syscom.mx\/usuarios\/fotos\/XMRDOMEAHD\/90721-banner_(1).jpg' style='color: inherit; text-decoration: underline;'>Ficha t\u00e9cnica<\/a><\/li>\n<\/ul><\/div>\n<\/p><\/div>\n<div style='display: flex; flex-wrap: wrap; gap: 20px; margin-bottom: 30px;'>\n<div style='flex: 1 1 100%;'>\n<h3 style='font-size: 22px; border-bottom: 2px solid currentColor; padding-bottom: 5px; margin-top: 0; color: inherit; opacity: 0.8;'>Video de producto<\/h3>\n<div style='position: relative; padding-bottom: 56.25%; height: 0; overflow: hidden; margin-bottom: 30px;'>   <\/div>\n<\/p><\/div>\n<\/p><\/div>\n<\/p><\/div>\n","protected":false},"excerpt":{"rendered":"<p>Bot\u00f3n de p\u00e1nico especial para soluciones m\u00f3viles XMR<\/p>\n","protected":false},"featured_media":114918,"comment_status":"open","ping_status":"closed","template":"","meta":[],"product_brand":[],"product_cat":[1408,1406],"product_tag":[93,1409,935,1345],"class_list":{"0":"post-114919","1":"product","2":"type-product","3":"status-publish","4":"has-post-thumbnail","6":"product_cat-accesorios-dash-cams-y-body-cams","7":"product_cat-videograbadoras-moviles-videovigilancia","8":"product_tag-accesorios","9":"product_tag-dash-cams-y-body-cams","10":"product_tag-epcom","11":"product_tag-videograbadoras-moviles","13":"first","14":"instock","15":"sale","16":"shipping-taxable","17":"purchasable","18":"product-type-simple"},"_links":{"self":[{"href":"https:\/\/soydeaqui.ddns.net\/pachuca\/index.php\/wp-json\/wp\/v2\/product\/114919","targetHints":{"allow":["GET"]}}],"collection":[{"href":"https:\/\/soydeaqui.ddns.net\/pachuca\/index.php\/wp-json\/wp\/v2\/product"}],"about":[{"href":"https:\/\/soydeaqui.ddns.net\/pachuca\/index.php\/wp-json\/wp\/v2\/types\/product"}],"replies":[{"embeddable":true,"href":"https:\/\/soydeaqui.ddns.net\/pachuca\/index.php\/wp-json\/wp\/v2\/comments?post=114919"}],"wp:featuredmedia":[{"embeddable":true,"href":"https:\/\/soydeaqui.ddns.net\/pachuca\/index.php\/wp-json\/wp\/v2\/media\/114918"}],"wp:attachment":[{"href":"https:\/\/soydeaqui.ddns.net\/pachuca\/index.php\/wp-json\/wp\/v2\/media?parent=114919"}],"wp:term":[{"taxonomy":"product_brand","embeddable":true,"href":"https:\/\/soydeaqui.ddns.net\/pachuca\/index.php\/wp-json\/wp\/v2\/product_brand?post=114919"},{"taxonomy":"product_cat","embeddable":true,"href":"https:\/\/soydeaqui.ddns.net\/pachuca\/index.php\/wp-json\/wp\/v2\/product_cat?post=114919"},{"taxonomy":"product_tag","embeddable":true,"href":"https:\/\/soydeaqui.ddns.net\/pachuca\/index.php\/wp-json\/wp\/v2\/product_tag?post=114919"}],"curies":[{"name":"wp","href":"https:\/\/api.w.org\/{rel}","templated":true}]}}