{"id":114878,"date":"2026-03-24T00:48:51","date_gmt":"2026-03-24T00:48:51","guid":{"rendered":"https:\/\/soydeaqui.ddns.net\/pachuca\/index.php\/producto\/pdu-administrable-ip-12-salidas-para-brakers-no-incluidos-control-de-energia-remoto-doble-bus-inteligente-de-distribucion-cd-aplicaciones-1224-y-48-vcc\/"},"modified":"2026-03-24T00:49:09","modified_gmt":"2026-03-24T00:49:09","slug":"pdu-administrable-ip-12-salidas-para-brakers-no-incluidos-control-de-energia-remoto-doble-bus-inteligente-de-distribucion-cd-aplicaciones-1224-y-48-vcc","status":"publish","type":"product","link":"https:\/\/soydeaqui.ddns.net\/pachuca\/index.php\/producto\/pdu-administrable-ip-12-salidas-para-brakers-no-incluidos-control-de-energia-remoto-doble-bus-inteligente-de-distribucion-cd-aplicaciones-1224-y-48-vcc\/","title":{"rendered":"PDU Administrable IP, 12 Salidas para Brakers (No incluidos), Control de Energ\u00eda Remoto, Doble Bus Inteligente de Distribuci\u00f3n CD, Aplicaciones 12,24 y 48 Vcc."},"content":{"rendered":"<div style='width: 100%; max-width: 1200px; margin: 0 auto; font-family: sans-serif; line-height: 1.6; color: inherit; background-color: transparent;'>\n<div style='display: flex; justify-content: center; flex-wrap: wrap; gap: 20px; margin-bottom: 30px;'> <img style='width: auto; max-width: 300px; height: auto; border: 1px solid rgba(150&comma;150&comma;150&comma;0.3); border-radius: 8px;' src='https:\/\/ftp3.syscom.mx\/usuarios\/sapodaca\/ICT\/Logo_Black_with%20theme-1.tif' alt=''> <img style='width: auto; max-width: 500px; height: auto; border: 1px solid rgba(150&comma;150&comma;150&comma;0.3); border-radius: 8px;' src='https:\/\/ftp3.syscom.mx\/usuarios\/sapodaca\/ICT\/LOGO ICT.png' alt=''> <\/div>\n<div style='text-align: center; margin: 30px 0;'>\n<h2 style='font-size: 22px; color: inherit; opacity: 0.9;'>PANELES DE DISTRIBUCI\u00d3N DE CARGA CC DOBLE BUS<\/h2>\n<\/p><\/div>\n<div style='margin-bottom: 30px;'>\n<p style='text-align: justify; font-size: 15px; color: inherit;'>La serie <strong>DISTRIBUTION 3<\/strong> de ICT ofrece capacidad de doble bus independientes para sistemas redundantes o para conexi\u00f3n de distintas fuentes o voltajes al mismo panel. Cada bus soporta hasta 100 Amperes pico y ofrece hasta 6 salidas protegidas por interruptores hidr\u00e1ulicos que se encuentran montados en la parte frontal del panel para un r\u00e1pido y f\u00e1cil manejo.<\/p>\n<p style='text-align: justify; font-size: 15px; color: inherit; margin-top: 15px;'>Existen modelos est\u00e1ndar para aplicaciones b\u00e1sicas&comma; adem\u00e1s de modelos inteligentes que incluyen las funciones de control de potencia y gesti\u00f3n remota TCP\/IP.<\/p>\n<\/p><\/div>\n<div style='margin-bottom: 30px;'>\n<h3 style='font-size: 18px; border-bottom: 2px solid currentColor; padding-bottom: 5px; margin-top: 0; color: inherit; opacity: 0.8;'>Monitoreo Remoto<\/h3>\n<p style='text-align: justify; font-size: 15px; color: inherit; margin-top: 15px;'>Los modelos inteligentes admiten TCP\/IP y utilizan un conector Ethernet incorporado con un servidor web integrado que permite a los usuarios monitorear a distancia las condiciones de carga del panel. Es posible monitorear la tensi\u00f3n y la intensidad del sistema&comma; adem\u00e1s de la lectura actual de cada salida.<\/p>\n<\/p><\/div>\n<div style='margin-bottom: 30px;'>\n<h3 style='font-size: 18px; border-bottom: 2px solid currentColor; padding-bottom: 5px; margin-top: 0; color: inherit; opacity: 0.8;'>Control de Energ\u00eda Remoto por Ethernet<\/h3>\n<p style='text-align: justify; font-size: 15px; color: inherit; margin-top: 15px;'>Permite encender y\/o apagar de manera remota e individual cada una de las salidas del panel mediante la conexi\u00f3n Ethernet. \u00c9sto permite encender&comma; apagar o reiniciar sus equipos en caso de falla o mantenimiento.<\/p>\n<p style='text-align: justify; font-size: 15px; color: inherit; margin-top: 15px;'>Adicionalmente cuenta con la funci\u00f3n &#8216;Watchdog&#8217; la cual realiza un ping a una IP espec\u00edfica para reiniciar de forma espec\u00edfica equipos especiales como routers para evitar p\u00e9rdida de comunicaciones.<\/p>\n<p style='text-align: center; margin: 20px 0;'> <a style='font-size: 16px; color: inherit; text-decoration: none; border-bottom: 1px dotted currentColor; padding-bottom: 2px;' href='http:\/\/www.ict-power.com\/demos\/ict200db-12irc\/' target='_blank' rel='noopener'>Simulador del Monitoreo Remoto<\/a> <\/p>\n<\/p><\/div>\n<div style='display: flex; flex-wrap: wrap; justify-content: center; gap: 20px; margin: 30px 0;'> <img style='width: 100%; max-width: 400px; height: auto; border: 1px solid rgba(150&comma;150&comma;150&comma;0.3); border-radius: 8px;' src='https:\/\/ftp3.syscom.mx\/usuarios\/sapodaca\/ICT\/1.png' alt=''> <img style='width: 100%; max-width: 400px; height: auto; border: 1px solid rgba(150&comma;150&comma;150&comma;0.3); border-radius: 8px;' src='https:\/\/ftp3.syscom.mx\/usuarios\/sapodaca\/ICT\/2.png' alt=''> <\/div>\n<div style='margin: 30px 0;'>\n<div style='border-left: 5px solid #0091ff; border-radius: 5px; padding: 15px; box-shadow: 2px 2px 10px rgba(0&comma;0&comma;0&comma;0.1); color: inherit; background-color: rgba(0&comma; 145&comma; 255&comma; 0.05);'> <strong style='font-size: 16px; color: inherit;'>Caracter\u00edsticas principales:<\/strong> <\/p>\n<ul style='padding-left: 20px; margin: 15px 0 0 20px; font-size: 14px; color: inherit;'>\n<li style='margin-bottom: 8px;'>Doble bus de conexiones&comma; 6 circuitos de salida protegidos por bus. (12 Salidas en Total)<\/li>\n<li style='margin-bottom: 8px;'><strong>Sistema Inteligente Monitoreable v\u00eda WEB<\/strong><\/li>\n<li style='margin-bottom: 8px;'>Rango de voltaje de operaci\u00f3n: 12-60 Vcc<\/li>\n<li style='margin-bottom: 8px;'>Corriente total de Sistema: 200A\/160A (Pico\/Continuo)<\/li>\n<li style='margin-bottom: 8px;'>Corriente por bus: 100A\/80A (Pico\/Continuo)<\/li>\n<li style='margin-bottom: 8px;'><strong>Interruptores Magn\u00e9ticos \/ Hidr\u00e1ulicos compatibles a 12&comma; 24 y 48 Vcc.<\/strong><\/li>\n<li style='margin-bottom: 8px;'>Indicadores LED y contactos de alarmas para detecci\u00f3n de fallas.<\/li>\n<li style='margin-bottom: 8px;'>Dise\u00f1o de 1UR para un m\u00e1ximo ahorro de espacio en racks de 19 pulgadas<\/li>\n<\/ul><\/div>\n<\/p><\/div>\n<div style='margin: 30px 0;'>\n<p style='font-size: 14px; color: inherit; border-left: 4px solid #ff6b6b; padding-left: 15px; background-color: rgba(255&comma; 107&comma; 107&comma; 0.05);'> <strong>NOTA:<\/strong> No incluye Breakers (Disyuntores)&comma; solicitar de acuerdo a la capacidad de corriente requerida por circuito. <\/p>\n<\/p><\/div>\n<\/p><\/div>\n","protected":false},"excerpt":{"rendered":"<p>PDU Administrable IP, 12 Salidas para Brakers (No incluidos), Control de Energ\u00eda Remoto, Doble Bus Inteligente de Distribuci\u00f3n CD, Aplicaciones 12,24 y 48 Vcc.<\/p>\n","protected":false},"featured_media":114877,"comment_status":"open","ping_status":"closed","template":"","meta":[],"product_brand":[],"product_cat":[604],"product_tag":[606,1340,605],"class_list":{"0":"post-114878","1":"product","2":"type-product","3":"status-publish","4":"has-post-thumbnail","6":"product_cat-accesorios-para-racks-y-gabinetes","7":"product_tag-accesorios-para-racks-y-gabinetes","8":"product_tag-ict","9":"product_tag-racks-y-gabinetes","11":"first","12":"outofstock","13":"sale","14":"shipping-taxable","15":"purchasable","16":"product-type-simple"},"_links":{"self":[{"href":"https:\/\/soydeaqui.ddns.net\/pachuca\/index.php\/wp-json\/wp\/v2\/product\/114878","targetHints":{"allow":["GET"]}}],"collection":[{"href":"https:\/\/soydeaqui.ddns.net\/pachuca\/index.php\/wp-json\/wp\/v2\/product"}],"about":[{"href":"https:\/\/soydeaqui.ddns.net\/pachuca\/index.php\/wp-json\/wp\/v2\/types\/product"}],"replies":[{"embeddable":true,"href":"https:\/\/soydeaqui.ddns.net\/pachuca\/index.php\/wp-json\/wp\/v2\/comments?post=114878"}],"wp:featuredmedia":[{"embeddable":true,"href":"https:\/\/soydeaqui.ddns.net\/pachuca\/index.php\/wp-json\/wp\/v2\/media\/114877"}],"wp:attachment":[{"href":"https:\/\/soydeaqui.ddns.net\/pachuca\/index.php\/wp-json\/wp\/v2\/media?parent=114878"}],"wp:term":[{"taxonomy":"product_brand","embeddable":true,"href":"https:\/\/soydeaqui.ddns.net\/pachuca\/index.php\/wp-json\/wp\/v2\/product_brand?post=114878"},{"taxonomy":"product_cat","embeddable":true,"href":"https:\/\/soydeaqui.ddns.net\/pachuca\/index.php\/wp-json\/wp\/v2\/product_cat?post=114878"},{"taxonomy":"product_tag","embeddable":true,"href":"https:\/\/soydeaqui.ddns.net\/pachuca\/index.php\/wp-json\/wp\/v2\/product_tag?post=114878"}],"curies":[{"name":"wp","href":"https:\/\/api.w.org\/{rel}","templated":true}]}}