{"id":114842,"date":"2026-03-21T00:00:01","date_gmt":"2026-03-21T00:00:01","guid":{"rendered":"https:\/\/soydeaqui.ddns.net\/pachuca\/index.php\/producto\/microfono-omnidireccional-tipo-cuadro-con-distancia-de-recepcion-de-10-100-m-cuadrados\/"},"modified":"2026-03-21T00:00:13","modified_gmt":"2026-03-21T00:00:13","slug":"microfono-omnidireccional-tipo-cuadro-con-distancia-de-recepcion-de-10-100-m-cuadrados","status":"publish","type":"product","link":"https:\/\/soydeaqui.ddns.net\/pachuca\/index.php\/producto\/microfono-omnidireccional-tipo-cuadro-con-distancia-de-recepcion-de-10-100-m-cuadrados\/","title":{"rendered":"Micr\u00f3fono omnidireccional, tipo cuadro, con distancia de recepci\u00f3n de 10 &#8211; 100 m cuadrados"},"content":{"rendered":"<div style='width: 100%; max-width: 1200px; margin: 0 auto; font-family: sans-serif; line-height: 1.6; color: inherit; background-color: transparent;'>\n<div style='display: flex; flex-direction: column; align-items: center; text-align: center; margin-bottom: 30px;'>\n<h1 style='color: inherit; font-size: 28px; margin: 0;'><strong>MIC-502<\/strong><\/h1>\n<h3 style='color: inherit; font-size: 18px; margin: 10px 0;'>Micr\u00f3fono omnidireccional&comma; tipo cuadro&comma; a prueba de explosi\u00f3n&comma; con distancia de recepci\u00f3n de 10 &#8211; 100 m cuadrados<\/h3>\n<p style='color: inherit; margin: 10px 70px 50px 70px; font-size: 15px;'>Los micr\u00f3fonos de la serie MIC son de alta fidelidad con cancelaci\u00f3n de ruido. Con ajuste autom\u00e1tico de nivel de entrada. Se aplican en varios lugares para el control de audio oculto&comma; en monitoreo de audio tales como bancos&comma; escuelas&comma; prisiones&comma; hospitales&comma; mercados&comma; f\u00e1bricas y sistemas de reuni\u00f3n. Pueden incorporarse en la pared&comma; en el techo o en equipos de CCTV.<\/p>\n<\/p><\/div>\n<div style='display: flex; flex-wrap: wrap; gap: 30px; margin-bottom: 30px;'>\n<div style='flex: 1 1 300px; min-width: 280px;'>\n<div style='width: 100%; border: 1px solid rgba(150&comma; 150&comma; 150&comma; 0.3); border-radius: 8px; overflow: hidden; display: flex; flex-direction: column; height: 100%;'>\n<div style='width: 100%;'> <img style='width: 100%; height: auto; border: 1px solid rgba(150&comma;150&comma;150&comma;0.3); border-radius: 0;' src='https:\/\/ftp3.syscom.mx\/usuarios\/fotos\/BancoFotografiasSyscom\/EPCOMTITANIUM\/MIC502\/MIC502-AD-3-l.PNG' alt=''> <\/div>\n<div style='padding: 15px; flex: 1 1 auto; display: flex; flex-direction: column;'>\n<h3 style='font-size: 22px; border-bottom: 2px solid currentColor; padding-bottom: 5px; margin-top: 0; color: inherit; opacity: 0.8;'>Caracter\u00edsticas Principales<\/h3>\n<div style='flex: 1 1 auto;'>\n<h4 style='color: inherit; opacity: 0.7; font-size: 16px; margin-top: 0;'>Micr\u00f3fono de Alta Definici\u00f3n<\/h4>\n<ul style='padding-left: 20px; font-size: 14px; color: inherit; list-style-type: disc;'>\n<li style='margin-bottom: 5px;'>Chip procesador de ruido echo de Metal a prueba de explosi\u00f3n<\/li>\n<li style='margin-bottom: 5px;'>Circuito de protecci\u00f3n de polaridad en la alimentaci\u00f3n<\/li>\n<li style='margin-bottom: 5px;'>Conectores DC+RCA<\/li>\n<li style='margin-bottom: 5px;'>Cobertura: 10~100 \u00e3\u017d\u00a1<\/li>\n<li style='margin-bottom: 5px;'>Recomendado utilizar conector: <a href='https:\/\/www.syscom.mx\/producto\/PCON3-EPCOM-POWERLINE-193097.html' style='color: inherit; text-decoration: underline;'>PCON3<\/a><\/li>\n<li style='margin-bottom: 5px; color: #e74c3c;'>Nota: Se recomienda el uso de cables de audio de alta calidad como el modelo PRO-AUDIO para la mejor calidad de sonido.<\/li>\n<\/ul><\/div>\n<\/p><\/div>\n<\/p><\/div>\n<\/p><\/div>\n<div style='flex: 1 1 300px; min-width: 280px;'>\n<div style='width: 100%; border: 1px solid rgba(150&comma; 150&comma; 150&comma; 0.3); border-radius: 8px; overflow: hidden; display: flex; flex-direction: column; height: 100%;'>\n<div style='width: 100%;'> <img style='width: 100%; height: auto; border: 1px solid rgba(150&comma;150&comma;150&comma;0.3); border-radius: 0;' src='https:\/\/ftp3.syscom.mx\/usuarios\/fotos\/BancoFotografiasSyscom\/EPCOMTITANIUM\/MIC502\/MIC502-l.PNG' alt=''> <\/div>\n<div style='padding: 15px; flex: 1 1 auto; display: flex; flex-direction: column;'>\n<h3 style='font-size: 22px; border-bottom: 2px solid currentColor; padding-bottom: 5px; margin-top: 0; color: inherit; opacity: 0.8;'>Caracter\u00edsticas F\u00edsicas y El\u00e9ctricas<\/h3>\n<div style='flex: 1 1 auto;'>\n<h4 style='color: inherit; opacity: 0.7; font-size: 16px; margin-top: 0;'>Especificaciones T\u00e9cnicas<\/h4>\n<ul style='padding-left: 20px; font-size: 14px; color: inherit; list-style-type: disc;'>\n<li style='margin-bottom: 5px;'>Impedancia: 600 ohms<\/li>\n<li style='margin-bottom: 5px;'>Frecuencia: 200 ~ 10Khz<\/li>\n<li style='margin-bottom: 5px;'>Alimentaci\u00f3n: 9 ~ 14 Vcc<\/li>\n<li style='margin-bottom: 5px;'>Dimensiones: 45*45*19mm<\/li>\n<\/ul><\/div>\n<\/p><\/div>\n<\/p><\/div>\n<\/p><\/div>\n<div style='flex: 1 1 300px; min-width: 280px;'>\n<div style='width: 100%; border: 1px solid rgba(150&comma; 150&comma; 150&comma; 0.3); border-radius: 8px; overflow: hidden; display: flex; flex-direction: column; height: 100%;'>\n<div style='width: 100%;'> <img style='width: 100%; height: auto; border: 1px solid rgba(150&comma;150&comma;150&comma;0.3); border-radius: 0;' src='https:\/\/ftp3.syscom.mx\/usuarios\/fotos\/BancoFotografiasSyscom\/EPCOMTITANIUM\/MIC502\/MIC502-AD-5-l.PNG' alt=''> <\/div>\n<div style='padding: 15px; flex: 1 1 auto; display: flex; flex-direction: column;'>\n<h3 style='font-size: 22px; border-bottom: 2px solid currentColor; padding-bottom: 5px; margin-top: 0; color: inherit; opacity: 0.8;'>Caracter\u00edsticas Destacadas<\/h3>\n<div style='flex: 1 1 auto;'>\n<h4 style='color: inherit; opacity: 0.7; font-size: 16px; margin-top: 0;'>Uso Recomendado<\/h4>\n<ul style='padding-left: 20px; font-size: 14px; color: inherit; list-style-type: disc;'>\n<li style='margin-bottom: 5px;'>Dise\u00f1ado para capturar el audio de un \u00e1rea espec\u00edfica<\/li>\n<li style='margin-bottom: 5px;'>Funciona muy bien en oficinas&comma; cajas registradoras&comma; almacenes&comma; consultorios&comma; etc.<\/li>\n<li style='margin-bottom: 5px;'>Conecta el Micr\u00f3fono de alta definici\u00f3n con tecnolog\u00eda de cancelaci\u00f3n de ruido a tu grabador (Tu equipo debe de contar con canales de audio)<\/li>\n<\/ul><\/div>\n<\/p><\/div>\n<\/p><\/div>\n<\/p><\/div>\n<\/p><\/div>\n<\/p><\/div>\n","protected":false},"excerpt":{"rendered":"<p>Micr\u00f3fono omnidireccional, tipo cuadro, con distancia de recepci\u00f3n de 10 &#8211; 100 m cuadrados<\/p>\n","protected":false},"featured_media":114841,"comment_status":"open","ping_status":"closed","template":"","meta":[],"product_brand":[],"product_cat":[2301],"product_tag":[417,507,2302],"class_list":{"0":"post-114842","1":"product","2":"type-product","3":"status-publish","4":"has-post-thumbnail","6":"product_cat-microfonos","7":"product_tag-accesorios-generales","8":"product_tag-epcom-titanium","9":"product_tag-microfonos","11":"first","12":"instock","13":"sale","14":"shipping-taxable","15":"purchasable","16":"product-type-simple"},"_links":{"self":[{"href":"https:\/\/soydeaqui.ddns.net\/pachuca\/index.php\/wp-json\/wp\/v2\/product\/114842","targetHints":{"allow":["GET"]}}],"collection":[{"href":"https:\/\/soydeaqui.ddns.net\/pachuca\/index.php\/wp-json\/wp\/v2\/product"}],"about":[{"href":"https:\/\/soydeaqui.ddns.net\/pachuca\/index.php\/wp-json\/wp\/v2\/types\/product"}],"replies":[{"embeddable":true,"href":"https:\/\/soydeaqui.ddns.net\/pachuca\/index.php\/wp-json\/wp\/v2\/comments?post=114842"}],"wp:featuredmedia":[{"embeddable":true,"href":"https:\/\/soydeaqui.ddns.net\/pachuca\/index.php\/wp-json\/wp\/v2\/media\/114841"}],"wp:attachment":[{"href":"https:\/\/soydeaqui.ddns.net\/pachuca\/index.php\/wp-json\/wp\/v2\/media?parent=114842"}],"wp:term":[{"taxonomy":"product_brand","embeddable":true,"href":"https:\/\/soydeaqui.ddns.net\/pachuca\/index.php\/wp-json\/wp\/v2\/product_brand?post=114842"},{"taxonomy":"product_cat","embeddable":true,"href":"https:\/\/soydeaqui.ddns.net\/pachuca\/index.php\/wp-json\/wp\/v2\/product_cat?post=114842"},{"taxonomy":"product_tag","embeddable":true,"href":"https:\/\/soydeaqui.ddns.net\/pachuca\/index.php\/wp-json\/wp\/v2\/product_tag?post=114842"}],"curies":[{"name":"wp","href":"https:\/\/api.w.org\/{rel}","templated":true}]}}