{"id":114818,"date":"2026-03-20T23:58:30","date_gmt":"2026-03-20T23:58:30","guid":{"rendered":"https:\/\/soydeaqui.ddns.net\/pachuca\/index.php\/producto\/nvr-12-megapixel-4k-128-canales-ip-16-bahias-de-disco-duro-4-puertos-de-red-soporta-raid-con-hot-swap-nvr-de-alto-desempeno\/"},"modified":"2026-03-20T23:58:51","modified_gmt":"2026-03-20T23:58:51","slug":"nvr-12-megapixel-4k-128-canales-ip-16-bahias-de-disco-duro-4-puertos-de-red-soporta-raid-con-hot-swap-nvr-de-alto-desempeno","status":"publish","type":"product","link":"https:\/\/soydeaqui.ddns.net\/pachuca\/index.php\/producto\/nvr-12-megapixel-4k-128-canales-ip-16-bahias-de-disco-duro-4-puertos-de-red-soporta-raid-con-hot-swap-nvr-de-alto-desempeno\/","title":{"rendered":"NVR 12 Megapixel (4K) \/ 128 canales IP \/ 16 Bahias de Disco Duro \/ 4 Puertos de Red \/ Soporta RAID con Hot Swap \/ NVR de Alto Desempe\u00f1o"},"content":{"rendered":"<div style='width: 100%; max-width: 1200px; margin: 0 auto; font-family: sans-serif; line-height: 1.6; color: inherit; background-color: transparent;'> <!-- Imagen de logo --> <\/p>\n<div style='text-align: center; margin: 30px 0;'> <img style='width: 45%; height: auto; border: 1px solid rgba(150&comma;150&comma;150&comma;0.3); border-radius: 8px;' src='https:\/\/ftp3.syscom.mx\/usuarios\/jsosa\/HIKVISION\/imagenes\/logo\/hikvision%20see%20far.png' alt='Logo Hikvision'> <\/div>\n<p> <!-- Secci\u00f3n de caracter\u00edsticas principales --> <\/p>\n<div style='display: flex; flex-wrap: wrap; gap: 30px; margin-bottom: 30px;'>\n<div style='flex: 1 1 300px; min-width: 280px;'>\n<h3 style='font-size: 22px; border-bottom: 2px solid currentColor; padding-bottom: 5px; margin-top: 0; color: inherit; opacity: 0.8;'>Caracter\u00edsticas principales<\/h3>\n<ul style='padding-left: 20px; font-size: 15px; color: inherit;'>\n<li style='margin-bottom: 5px;'>Compresi\u00f3n: H.265+ \/ H.265 \/ H.264+ \/ H.264<\/li>\n<li style='margin-bottom: 5px;'>Soporta mouse USB para operar el NVR<\/li>\n<li style='margin-bottom: 5px;'>Soporta PTZ<\/li>\n<li style='margin-bottom: 5px;'>Soporta grabaci\u00f3n redundante<\/li>\n<li style='margin-bottom: 5px;'>Soporta Hot Swap con RAID: 0&comma;1&comma;5&comma;6&comma;10. (Capacidad de disco duro m\u00ednima de 4 TB para RAID)<\/li>\n<li style='margin-bottom: 5px;'>Soporta tecnolog\u00eda ANR con c\u00e1mara IP HIKVISION cuando la red est\u00e1 desconectada<\/li>\n<li style='margin-bottom: 5px;'>Soporta Hot Spare para que nunca se pierda la grabaci\u00f3n en caso de que el NVR est\u00e9 fallando (se requiere otro NVR que tambi\u00e9n soporte la funci\u00f3n)<\/li>\n<li style='margin-bottom: 5px;'>Soporta acceso remoto v\u00eda tel\u00e9fono: Android&comma; iPhone&comma; iPad (app IVMS-4500 \/ Hik-Connect)<\/li>\n<li style='margin-bottom: 5px; font-weight: bold;'>Cuenta con sistema DAS de 16 bah\u00edas internas de hasta 10 TB c\/u (160 TB en total)<\/li>\n<li style='margin-bottom: 5px;'>Soporta ONVIF (Versi\u00f3n 2.5)<\/li>\n<li style='margin-bottom: 5px;'>Soporta m\u00faltiples marcas como: HIKVISION&comma; ACTi&comma; ARECONT&comma; AXIS&comma; BOSCH&comma; BRICKCOM&comma; CANON&comma; HUNT&comma; PANASONIC&comma; PELCO&comma; PSIA&comma; RTSP&comma; SAMSUNG&comma; SONY&comma; VIVOTEK&comma; ZAVIO<\/li>\n<\/ul><\/div>\n<p> <!-- Secci\u00f3n de caracter\u00edsticas f\u00edsicas y el\u00e9ctricas --> <\/p>\n<div style='flex: 1 1 300px; min-width: 280px;'>\n<h3 style='font-size: 22px; border-bottom: 2px solid currentColor; padding-bottom: 5px; margin-top: 0; color: inherit; opacity: 0.8;'>Caracter\u00edsticas F\u00edsicas y El\u00e9ctricas<\/h3>\n<ul style='padding-left: 20px; font-size: 15px; color: inherit;'>\n<li style='margin-bottom: 5px;'>Soporta fuentes redundantes y ventilador para enfriamiento (incluidos)<\/li>\n<li style='margin-bottom: 5px;'>Dimensiones: 447 \u00d7 528 \u00d7 172mm (4U rack)<\/li>\n<li style='margin-bottom: 5px;'>Consumo: 140 W sin discos duros<\/li>\n<li style='margin-bottom: 5px;'>Alimentaci\u00f3n: 100 a 240 Vca&comma; 550 W<\/li>\n<li style='margin-bottom: 5px;'>Temperatura de operaci\u00f3n: 0 a 50 \u00b0C<\/li>\n<li style='margin-bottom: 5px;'>Peso: 23 Kg sin discos duros<\/li>\n<\/ul>\n<h4 style='font-size: 18px; margin-top: 25px; margin-bottom: 15px; color: inherit; opacity: 0.8;'>Interfaces Entradas \/ Salidas<\/h4>\n<ul style='padding-left: 20px; font-size: 15px; color: inherit;'>\n<li style='margin-bottom: 5px;'>HDMI 1 y HDMI 2 (salidas independientes):4K \/ 1080p \/ 720p<\/li>\n<li style='margin-bottom: 5px;'>Entradas de alarma: 16<\/li>\n<li style='margin-bottom: 5px;'>Salidas de alarma: 8<\/li>\n<li style='margin-bottom: 5px;'>Soporta entrada y salida de audio en RCA (audio bidireccional)<\/li>\n<\/ul><\/div>\n<p> <!-- Secci\u00f3n de capacidad de procesamiento y funciones de red --> <\/p>\n<div style='flex: 1 1 300px; min-width: 280px;'>\n<h3 style='font-size: 22px; border-bottom: 2px solid currentColor; padding-bottom: 5px; margin-top: 0; color: inherit; opacity: 0.8;'>Capacidad de procesamiento y funciones de red<\/h3>\n<ul style='padding-left: 20px; font-size: 15px; color: inherit;'>\n<li style='margin-bottom: 5px;'>Throughput entrada: 576 Mbps (576 Mbps en modo RAID)<\/li>\n<li style='margin-bottom: 5px;'>Throughput salida: 512 Mbps (512 Mbps en modo RAID)<\/li>\n<li style='margin-bottom: 5px;'>Soporta 4 tarjetas de red 10 \/ 100 \/ 1000 Mbps<\/li>\n<li style='margin-bottom: 5px;'>Soporta Fail over (tolerancia a fallos)&comma; Multi address y Balanceo de cargas<\/li>\n<li style='margin-bottom: 5px;'>Protocolos: IPv6&comma; HTTPS&comma; UPnP&comma; SNMP&comma; NTP&comma; SADP&comma; SMTP&comma; NFS&comma; iSCSI&comma; PPPoE<\/li>\n<li style='margin-bottom: 5px;'>Soporta DDNS: DynDNS&comma; No-IP<\/li>\n<li style='margin-bottom: 5px;'>Resoluci\u00f3n de grabaci\u00f3n por canal (recomendado con H.265):<\/li>\n<li style='margin-bottom: 5px;'>1 Megapixel: 128 canales @ 30 IPS<\/li>\n<li style='margin-bottom: 5px;'>2 Megapixel: 128 canales @ 30 IPS<\/li>\n<li style='margin-bottom: 5px;'>5 Megapixel: 128 canales @ 15 IPS<\/li>\n<li style='margin-bottom: 5px;'>8 Megapixel (4K): 128 canales @ 10IPS<\/li>\n<li style='margin-bottom: 5px; font-weight: bold;'>Nota: El n\u00famero de canales en grabaci\u00f3n puede variar dependiendo de la resoluci\u00f3n de las c\u00e1maras&comma; IPS y bit rate&comma; para mayor informaci\u00f3n consulte con el departamento de Ingenier\u00eda SYSCOM<\/li>\n<\/ul><\/div>\n<\/p><\/div>\n<p> <!-- Secci\u00f3n de funciones de grabaci\u00f3n y visualizaci\u00f3n --> <\/p>\n<div style='display: flex; flex-wrap: wrap; margin-bottom: 30px;'>\n<div style='flex: 1 1 100%;'>\n<h3 style='font-size: 22px; border-bottom: 2px solid currentColor; padding-bottom: 5px; margin-top: 0; color: inherit; opacity: 0.8;'>Funciones de Grabaci\u00f3n y Visualizaci\u00f3n<\/h3>\n<ul style='padding-left: 20px; font-size: 15px; color: inherit;'>\n<li style='margin-bottom: 5px;'>Detecci\u00f3n de movimiento multi zona<\/li>\n<li style='margin-bottom: 5px;'>Zoom digital en visualizaci\u00f3n y grabaci\u00f3n<\/li>\n<li style='margin-bottom: 5px;'>Soporta m\u00faltiples tipos de grabaci\u00f3n&comma; incluyendo tiempo real&comma; grabaci\u00f3n manual&comma; video sensor&comma; alarma externa&comma; video sensor y alarma&comma; video sensor o alarma<\/li>\n<li style='margin-bottom: 5px;'>Reproducci\u00f3n de grabaci\u00f3n hasta 16 canales simult\u00e1neos<\/li>\n<li style='margin-bottom: 5px;'>Soporta grabaci\u00f3n de hasta 12 MP por canal<\/li>\n<\/ul><\/div>\n<\/p><\/div>\n<p> <!-- Separador --> <\/p>\n<hr style='border: 0; border-top: 1px solid rgba(150&comma; 150&comma; 150&comma; 0.3); margin: 30px 0;'> <!-- Secci\u00f3n de recursos --> <\/p>\n<div style='margin-bottom: 30px;'>\n<h2 style='font-size: 20px; text-align: center; margin-bottom: 20px; color: inherit; opacity: 0.8;'>Recursos<\/h2>\n<div style='display: flex; flex-wrap: wrap; gap: 20px; justify-content: center;'>\n<div style='flex: 1 1 250px; min-width: 200px;'> <a href='https:\/\/www.hikvision.com\/es-la\/support\/download\/software\/ivms4200-series\/?q=serie%20ivms4200&#038;position=1' target='_blank' rel='noopener' style='text-decoration: none; color: inherit;'> <img style='width: 100%; height: auto; border: 1px solid rgba(150&comma;150&comma;150&comma;0.3); border-radius: 8px; margin-bottom: 10px;' src='https:\/\/ftp3.syscom.mx\/usuarios\/gmagos\/HIK\/IP\/IPC\/Imagenes%20pagina\/Descargas%20IVMS4200.jpg' alt='IVMS 4200'> <\/a> <\/div>\n<div style='flex: 1 1 250px; min-width: 200px;'> <a href='https:\/\/appstore.hikvision.com\/' target='_blank' rel='noopener' style='text-decoration: none; color: inherit;'> <img style='width: 100%; height: auto; border: 1px solid rgba(150&comma;150&comma;150&comma;0.3); border-radius: 8px; margin-bottom: 10px;' src='https:\/\/ftp3.syscom.mx\/usuarios\/gmagos\/HIK\/IP\/IPC\/Imagenes%20pagina\/Descargas%20de%20app.jpg' alt='App Store Hikvision'> <\/a> <\/div>\n<div style='flex: 1 1 250px; min-width: 200px;'> <a href='https:\/\/ftp3.syscom.mx\/usuarios\/gmagos\/HIK\/IP\/NVR\/DS9000NI-I16\/Especificaciones%20Tecnicas%20DS-96000NI-I16.pdf' target='_blank' rel='noopener' style='text-decoration: none; color: inherit;'> <img style='width: 100%; height: auto; border: 1px solid rgba(150&comma;150&comma;150&comma;0.3); border-radius: 8px; margin-bottom: 10px;' src='https:\/\/ftp3.syscom.mx\/usuarios\/gmagos\/HIK\/IP\/IPC\/Imagenes%20pagina\/Descarga%20de%20PDF.jpg' alt='Especificaciones t\u00e9cnicas'> <\/a> <\/div>\n<\/p><\/div>\n<\/p><\/div>\n<p> <!-- Nota final --> <\/p>\n<div style='margin-bottom: 30px;'>\n<p style='font-weight: bold; font-size: 15px; color: inherit;'> Nota: La serie de grabadores DS96XXX trabaja bajo una arquitectura cliente servidor&comma; por lo que es necesario workstation para su correcto funcionamiento&comma; cualquier duda favor de comunicarse al departamento de ingenier\u00eda seguridad. <\/p>\n<\/p><\/div>\n<p> <!-- Imagen final --> <\/p>\n<div style='text-align: center; margin: 30px 0;'> <img style='width: 100%; height: auto; border: 1px solid rgba(150&comma;150&comma;150&comma;0.3); border-radius: 8px;' src='https:\/\/ftp3.syscom.mx\/usuarios\/jsosa\/HIKVISION\/imagenes\/banners\/solution%20complete.png' alt='Soluci\u00f3n completa'> <\/div>\n<\/p><\/div>\n","protected":false},"excerpt":{"rendered":"<p>NVR 12 Megapixel (4K) \/ 128 canales IP \/ 16 Bahias de Disco Duro \/ 4 Puertos de Red \/ Soporta RAID con Hot Swap \/ NVR de Alto Desempe\u00f1o<\/p>\n","protected":false},"featured_media":114817,"comment_status":"open","ping_status":"closed","template":"","meta":[],"product_brand":[],"product_cat":[2234],"product_tag":[122,54,2235],"class_list":{"0":"post-114818","1":"product","2":"type-product","3":"status-publish","4":"has-post-thumbnail","6":"product_cat-nvrs-network-video-recorders","7":"product_tag-camaras-ip-y-nvrs","8":"product_tag-hikvision","9":"product_tag-nvrs-network-video-recorders","11":"first","12":"outofstock","13":"sale","14":"shipping-taxable","15":"purchasable","16":"product-type-simple"},"_links":{"self":[{"href":"https:\/\/soydeaqui.ddns.net\/pachuca\/index.php\/wp-json\/wp\/v2\/product\/114818","targetHints":{"allow":["GET"]}}],"collection":[{"href":"https:\/\/soydeaqui.ddns.net\/pachuca\/index.php\/wp-json\/wp\/v2\/product"}],"about":[{"href":"https:\/\/soydeaqui.ddns.net\/pachuca\/index.php\/wp-json\/wp\/v2\/types\/product"}],"replies":[{"embeddable":true,"href":"https:\/\/soydeaqui.ddns.net\/pachuca\/index.php\/wp-json\/wp\/v2\/comments?post=114818"}],"wp:featuredmedia":[{"embeddable":true,"href":"https:\/\/soydeaqui.ddns.net\/pachuca\/index.php\/wp-json\/wp\/v2\/media\/114817"}],"wp:attachment":[{"href":"https:\/\/soydeaqui.ddns.net\/pachuca\/index.php\/wp-json\/wp\/v2\/media?parent=114818"}],"wp:term":[{"taxonomy":"product_brand","embeddable":true,"href":"https:\/\/soydeaqui.ddns.net\/pachuca\/index.php\/wp-json\/wp\/v2\/product_brand?post=114818"},{"taxonomy":"product_cat","embeddable":true,"href":"https:\/\/soydeaqui.ddns.net\/pachuca\/index.php\/wp-json\/wp\/v2\/product_cat?post=114818"},{"taxonomy":"product_tag","embeddable":true,"href":"https:\/\/soydeaqui.ddns.net\/pachuca\/index.php\/wp-json\/wp\/v2\/product_tag?post=114818"}],"curies":[{"name":"wp","href":"https:\/\/api.w.org\/{rel}","templated":true}]}}