{"id":114812,"date":"2026-03-20T23:58:08","date_gmt":"2026-03-20T23:58:08","guid":{"rendered":"https:\/\/soydeaqui.ddns.net\/pachuca\/index.php\/producto\/microfono-omnidireccional-tipo-pelota-de-golf-con-distancia-de-recepcion-de-10-100-m-cuadrados\/"},"modified":"2026-03-20T23:58:18","modified_gmt":"2026-03-20T23:58:18","slug":"microfono-omnidireccional-tipo-pelota-de-golf-con-distancia-de-recepcion-de-10-100-m-cuadrados","status":"publish","type":"product","link":"https:\/\/soydeaqui.ddns.net\/pachuca\/index.php\/producto\/microfono-omnidireccional-tipo-pelota-de-golf-con-distancia-de-recepcion-de-10-100-m-cuadrados\/","title":{"rendered":"Micr\u00f3fono omnidireccional, tipo pelota de golf, con distancia de recepci\u00f3n de 10 &#8211; 100 m cuadrados"},"content":{"rendered":"<div style='width: 100%; max-width: 1200px; margin: 0 auto; font-family: sans-serif; line-height: 1.6; color: inherit; background-color: transparent;'> <!-- T\u00edtulos y descripci\u00f3n general --> <\/p>\n<div style='width: 100%; margin-bottom: 40px;'>\n<h1 style='font-size: 28px; text-align: center; margin: 0 0 10px 0; color: inherit;'><strong>MIC-302<\/strong><\/h1>\n<h3 style='font-size: 18px; text-align: center; margin: 0 0 20px 0; color: inherit; opacity: 0.9;'> Micr\u00f3fono omnidireccional&comma; tipo pelota de golf&comma; a prueba de explosi\u00f3n&comma; con distancia de recepci\u00f3n de 10 &#8211; 100 m cuadrados <\/h3>\n<p style='text-align: center; margin: 0 70px; font-size: 15px; color: inherit;'> Los micr\u00f3fonos de la serie MIC son de alta fidelidad con cancelaci\u00f3n de ruido. Con ajuste autom\u00e1tico de nivel de entrada. Se aplican en varios lugares para el control de audio oculto&comma; en monitoreo de audio tales como bancos&comma; escuelas&comma; prisiones&comma; hospitales&comma; mercados&comma; f\u00e1bricas y sistemas de reuni\u00f3n. Pueden incorporarse en la pared&comma; en el techo o en equipos de CCTV. <\/p>\n<\/p><\/div>\n<p> <!-- Secci\u00f3n de cards con caracter\u00edsticas --> <\/p>\n<div style='display: flex; flex-wrap: wrap; gap: 30px; margin-bottom: 40px;'> <!-- Card 1: Caracter\u00edsticas Principales --> <\/p>\n<div style='flex: 1 1 300px; min-width: 280px;'>\n<div style='border: 1px solid rgba(150&comma; 150&comma; 150&comma; 0.3); border-radius: 8px; overflow: hidden; display: flex; flex-direction: column; height: 100%;'>\n<div style='background-color: rgba(238&comma; 238&comma; 238&comma; 0.8); padding: 0;'> <img style='width: 100%; height: auto; border: none; border-radius: 0;' src='http:\/\/ftp3.syscom.mx\/usuarios\/hallende\/Familia%20Joy\/MIC302\/MIC302-h.png' alt=''> <\/div>\n<div style='border-top: 5px solid #DF001D; padding: 15px; flex-grow: 1; display: flex; flex-direction: column;'>\n<h3 style='font-size: 20px; margin-top: 0; margin-bottom: 15px; color: inherit; opacity: 0.8;'>Caracter\u00edsticas Principales:<\/h3>\n<ul style='padding-left: 20px; margin: 0 0 15px 0; font-size: 14px; color: inherit; flex-grow: 1; display: flex; flex-direction: column; justify-content: space-between;'>\n<li style='margin-bottom: 8px;'><span style='display: block; color: inherit;'>Chip procesador de ruido echo de Metal a prueba de explosi\u00f3n<\/span><\/li>\n<li style='margin-bottom: 8px;'><span style='display: block; color: inherit;'>Circuito de protecci\u00f3n de polaridad en la alimentaci\u00f3n<\/span><\/li>\n<li style='margin-bottom: 8px;'><span style='display: block; color: inherit;'>Conectores DC+RCA<\/span><\/li>\n<li style='margin-bottom: 8px;'><span style='display: block; color: inherit;'>Cobertura : 10~100 \u00e3\u017d\u00a1<\/span><\/li>\n<\/ul>\n<p style='margin: 0; font-size: 14px; color: inherit;'> <span style='font-weight: bold; color: #e74c3c;'>Nota:<\/span> <span style='color: inherit;'> Para obtener la mejor calidad de sonido&comma; se recomienda el uso de cables de audio de alta calidad como el modelo PRO-AUDIO.<\/span> <\/p>\n<\/p><\/div>\n<\/p><\/div>\n<\/p><\/div>\n<p> <!-- Card 2: Caracter\u00edsticas F\u00edsicas y El\u00e9ctricas --> <\/p>\n<div style='flex: 1 1 300px; min-width: 280px;'>\n<div style='border: 1px solid rgba(150&comma; 150&comma; 150&comma; 0.3); border-radius: 8px; overflow: hidden; display: flex; flex-direction: column; height: 100%;'>\n<div style='background-color: rgba(238&comma; 238&comma; 238&comma; 0.8); padding: 0;'> <img style='width: 100%; height: auto; border: none; border-radius: 0;' src='http:\/\/ftp3.syscom.mx\/usuarios\/hallende\/Familia%20Joy\/MIC302\/MIC302-AD-1-h.png' alt=''> <\/div>\n<div style='border-top: 5px solid #DF001D; padding: 15px; flex-grow: 1; display: flex; flex-direction: column;'>\n<h3 style='font-size: 20px; margin-top: 0; margin-bottom: 15px; color: inherit; opacity: 0.8;'>Caracter\u00edsticas F\u00edsicas y El\u00e9ctricas:<\/h3>\n<ul style='padding-left: 20px; margin: 0; font-size: 14px; color: inherit; flex-grow: 1; display: flex; flex-direction: column; justify-content: space-between;'>\n<li style='margin-bottom: 8px;'><strong style='color: inherit;'>Impedancia:<\/strong> 600 ohms<\/li>\n<li style='margin-bottom: 8px;'><strong style='color: inherit;'>Frecuencia:<\/strong> 200 ~ 10Khz<\/li>\n<li style='margin-bottom: 8px;'><strong style='color: inherit;'>Alimentaci\u00f3n:<\/strong> 9 ~14 Vcc<\/li>\n<li style='margin-bottom: 8px;'><strong style='color: inherit;'>Dimensiones:<\/strong> 45*45*19mm<\/li>\n<\/ul><\/div>\n<\/p><\/div>\n<\/p><\/div>\n<p> <!-- Card 3: Caracter\u00edsticas Destacadas --> <\/p>\n<div style='flex: 1 1 300px; min-width: 280px;'>\n<div style='border: 1px solid rgba(150&comma; 150&comma; 150&comma; 0.3); border-radius: 8px; overflow: hidden; display: flex; flex-direction: column; height: 100%;'>\n<div style='background-color: rgba(238&comma; 238&comma; 238&comma; 0.8); padding: 0;'> <img style='width: 100%; height: auto; border: none; border-radius: 0;' src='http:\/\/ftp3.syscom.mx\/usuarios\/hallende\/Familia%20Joy\/MIC302\/MIC302-AD-2-h.png' alt='...'> <\/div>\n<div style='border-top: 5px solid #DF001D; padding: 15px; flex-grow: 1; display: flex; flex-direction: column;'>\n<h3 style='font-size: 20px; margin-top: 0; margin-bottom: 15px; color: inherit; opacity: 0.8;'>Caracter\u00edsticas Destacadas:<\/h3>\n<ul style='padding-left: 20px; margin: 0; font-size: 14px; color: inherit; flex-grow: 1; display: flex; flex-direction: column; justify-content: space-between;'>\n<li style='margin-bottom: 8px;'><span style='display: block; color: inherit;'>Dise\u00f1ado para capturar el audio de un \u00e1rea espec\u00edfica funciona muy bien en oficinas&comma; cajas registradoras&comma; almacenes&comma; consultorios y cualquier otro lugar en donde sea importante capturar el audio.<\/span><\/li>\n<li style='margin-bottom: 8px;'><span style='display: block; color: inherit;'>Conecta el Micr\u00f3fono de alta definici\u00f3n con tecnolog\u00eda de cancelaci\u00f3n de ruido a tu grabador (Tu equipo debe de contar con canales de audio)<\/span><\/li>\n<\/ul><\/div>\n<\/p><\/div>\n<\/p><\/div>\n<\/p><\/div>\n<p> <!-- Separador final --> <\/p>\n<hr style='border: 0; border-top: 1px solid rgba(150&comma; 150&comma; 150&comma; 0.3); margin: 40px 0;'> <\/div>\n","protected":false},"excerpt":{"rendered":"<p>Micr\u00f3fono omnidireccional, tipo pelota de golf, con distancia de recepci\u00f3n de 10 &#8211; 100 m cuadrados<\/p>\n","protected":false},"featured_media":114811,"comment_status":"open","ping_status":"closed","template":"","meta":[],"product_brand":[],"product_cat":[2301],"product_tag":[417,507,2302],"class_list":{"0":"post-114812","1":"product","2":"type-product","3":"status-publish","4":"has-post-thumbnail","6":"product_cat-microfonos","7":"product_tag-accesorios-generales","8":"product_tag-epcom-titanium","9":"product_tag-microfonos","11":"first","12":"outofstock","13":"sale","14":"shipping-taxable","15":"purchasable","16":"product-type-simple"},"_links":{"self":[{"href":"https:\/\/soydeaqui.ddns.net\/pachuca\/index.php\/wp-json\/wp\/v2\/product\/114812","targetHints":{"allow":["GET"]}}],"collection":[{"href":"https:\/\/soydeaqui.ddns.net\/pachuca\/index.php\/wp-json\/wp\/v2\/product"}],"about":[{"href":"https:\/\/soydeaqui.ddns.net\/pachuca\/index.php\/wp-json\/wp\/v2\/types\/product"}],"replies":[{"embeddable":true,"href":"https:\/\/soydeaqui.ddns.net\/pachuca\/index.php\/wp-json\/wp\/v2\/comments?post=114812"}],"wp:featuredmedia":[{"embeddable":true,"href":"https:\/\/soydeaqui.ddns.net\/pachuca\/index.php\/wp-json\/wp\/v2\/media\/114811"}],"wp:attachment":[{"href":"https:\/\/soydeaqui.ddns.net\/pachuca\/index.php\/wp-json\/wp\/v2\/media?parent=114812"}],"wp:term":[{"taxonomy":"product_brand","embeddable":true,"href":"https:\/\/soydeaqui.ddns.net\/pachuca\/index.php\/wp-json\/wp\/v2\/product_brand?post=114812"},{"taxonomy":"product_cat","embeddable":true,"href":"https:\/\/soydeaqui.ddns.net\/pachuca\/index.php\/wp-json\/wp\/v2\/product_cat?post=114812"},{"taxonomy":"product_tag","embeddable":true,"href":"https:\/\/soydeaqui.ddns.net\/pachuca\/index.php\/wp-json\/wp\/v2\/product_tag?post=114812"}],"curies":[{"name":"wp","href":"https:\/\/api.w.org\/{rel}","templated":true}]}}