{"id":114788,"date":"2026-03-20T23:56:45","date_gmt":"2026-03-20T23:56:45","guid":{"rendered":"https:\/\/soydeaqui.ddns.net\/pachuca\/index.php\/producto\/microfono-omnidireccional-con-cancelacion-de-ruido-alta-fidelidad-para-interior-con-distancia-de-recepcion-de-50-120-m-cuadrados\/"},"modified":"2026-03-20T23:56:53","modified_gmt":"2026-03-20T23:56:53","slug":"microfono-omnidireccional-con-cancelacion-de-ruido-alta-fidelidad-para-interior-con-distancia-de-recepcion-de-50-120-m-cuadrados","status":"publish","type":"product","link":"https:\/\/soydeaqui.ddns.net\/pachuca\/index.php\/producto\/microfono-omnidireccional-con-cancelacion-de-ruido-alta-fidelidad-para-interior-con-distancia-de-recepcion-de-50-120-m-cuadrados\/","title":{"rendered":"Micr\u00f3fono omnidireccional con cancelaci\u00f3n de ruido, alta fidelidad, para interior, con distancia de recepci\u00f3n de 50 &#8211; 120 m cuadrados"},"content":{"rendered":"<div style='width: 100%; max-width: 1200px; margin: 0 auto; font-family: sans-serif; line-height: 1.6; color: inherit; background-color: transparent;'>\n<div style='width: 100%; text-align: center; margin-bottom: 30px;'>\n<h1 style='font-size: 28px; margin: 0 0 10px 0; color: inherit;'><strong>MIC104<\/strong><\/h1>\n<h3 style='font-size: 18px; margin: 0 0 20px 0; color: inherit;'>Micr\u00f3fono omnidireccional con cancelaci\u00f3n de ruido&comma; alta fidelidad&comma; para interior&comma; con distancia de recepci\u00f3n de 50 &#8211; 120 m cuadrados<\/h3>\n<p style='font-size: 15px; margin: 0 auto; max-width: 800px; color: inherit;'>Los micr\u00f3fonos de la serie MIC son de alta fidelidad con cancelaci\u00f3n de ruido. Con ajuste autom\u00e1tico de nivel de entrada. Se aplican en varios lugares para el control de audio oculto&comma; en monitoreo de audio tales como bancos&comma; escuelas&comma; prisiones&comma; hospitales&comma; mercados&comma; f\u00e1bricas y sistemas de reuni\u00f3n. Pueden incorporarse en la pared&comma; en el techo o en equipos de CCTV.<\/p>\n<\/p><\/div>\n<div style='display: flex; flex-wrap: wrap; gap: 30px; margin-bottom: 30px;'>\n<div style='flex: 1 1 300px; min-width: 280px;'>\n<div style='width: 100%; border: 1px solid rgba(150&comma;150&comma;150&comma;0.3); border-radius: 8px; overflow: hidden;'>\n<div style='background-color: rgba(238&comma; 238&comma; 238&comma; 0.6); padding: 15px; border-bottom: 1px solid rgba(150&comma;150&comma;150&comma;0.3);'> <img style='width: 100%; height: auto; border: 1px solid rgba(150&comma;150&comma;150&comma;0.3); border-radius: 8px;' src='http:\/\/ftp3.syscom.mx\/usuarios\/hallende\/Familia%20Joy\/MIC104\/MIC104-AD-1-h.png' alt=''> <\/div>\n<div style='padding: 15px;'>\n<h3 style='font-size: 20px; border-bottom: 2px solid currentColor; padding-bottom: 5px; margin-top: 0; color: inherit; opacity: 0.8;'>Caracter\u00edsticas Principales:<\/h3>\n<ul style='padding-left: 20px; font-size: 15px; color: inherit;'>\n<li style='margin-bottom: 5px;'>Instalaci\u00f3n sencilla<\/li>\n<li style='margin-bottom: 5px;'>Alta sensibilidad<\/li>\n<li style='margin-bottom: 5px;'>Circuito de protecci\u00f3n de polaridad en la alimentaci\u00f3n<\/li>\n<li style='margin-bottom: 5px;'>Conectores DC+RCA<\/li>\n<li style='margin-bottom: 5px;'>Cobertura: 50~120 m\u00b2<\/li>\n<\/ul>\n<p style='font-size: 14px; color: inherit;'><strong><span style='color: #e74c3c;'>Nota:<\/span><\/strong> Para obtener la mejor calidad de sonido&comma; se recomienda el uso de cables de audio de alta calidad como el modelo <a href='https:\/\/www.syscom.mx\/producto\/PRO-AUDIO-LINKEDPRO-BY-EPCOM-166947.html' target='_blank' rel='noopener' style='color: #e74c3c; text-decoration: underline;'>PRO-AUDIO.<\/a><\/p>\n<\/p><\/div>\n<\/p><\/div>\n<\/p><\/div>\n<div style='flex: 1 1 300px; min-width: 280px;'>\n<div style='width: 100%; border: 1px solid rgba(150&comma;150&comma;150&comma;0.3); border-radius: 8px; overflow: hidden;'>\n<div style='background-color: rgba(238&comma; 238&comma; 238&comma; 0.6); padding: 15px; border-bottom: 1px solid rgba(150&comma;150&comma;150&comma;0.3);'> <img style='width: 100%; height: auto; border: 1px solid rgba(150&comma;150&comma;150&comma;0.3); border-radius: 8px;' src='http:\/\/ftp3.syscom.mx\/usuarios\/hallende\/Familia%20Joy\/MIC104\/MIC104-h.png' alt=''> <\/div>\n<div style='padding: 15px;'>\n<h3 style='font-size: 20px; border-bottom: 2px solid currentColor; padding-bottom: 5px; margin-top: 0; color: inherit; opacity: 0.8;'>Caracter\u00edsticas F\u00edsicas y El\u00e9ctricas:<\/h3>\n<ul style='padding-left: 20px; font-size: 15px; color: inherit;'>\n<li style='margin-bottom: 5px;'>Impedancia: 600 ohms<\/li>\n<li style='margin-bottom: 5px;'>Frecuencia: 50 ~ 13 Khz<\/li>\n<li style='margin-bottom: 5px;'>Alimentaci\u00f3n: 6~14 Vcc<\/li>\n<li style='margin-bottom: 5px;'>Dimensiones: 7 * 39 mm<\/li>\n<\/ul><\/div>\n<\/p><\/div>\n<\/p><\/div>\n<div style='flex: 1 1 300px; min-width: 280px;'>\n<div style='width: 100%; border: 1px solid rgba(150&comma;150&comma;150&comma;0.3); border-radius: 8px; overflow: hidden;'>\n<div style='background-color: rgba(238&comma; 238&comma; 238&comma; 0.6); padding: 15px; border-bottom: 1px solid rgba(150&comma;150&comma;150&comma;0.3);'> <img style='width: 100%; height: auto; border: 1px solid rgba(150&comma;150&comma;150&comma;0.3); border-radius: 8px;' src='http:\/\/ftp3.syscom.mx\/usuarios\/hallende\/Familia%20Joy\/MIC104\/MIC104-AD-1-h.png' alt=''> <\/div>\n<div style='padding: 15px;'>\n<h3 style='font-size: 20px; border-bottom: 2px solid currentColor; padding-bottom: 5px; margin-top: 0; color: inherit; opacity: 0.8;'>Caracter\u00edsticas Destacadas:<\/h3>\n<ul style='padding-left: 20px; font-size: 15px; color: inherit;'>\n<li style='margin-bottom: 5px;'>Dise\u00f1ado para capturar el audio de un \u00e1rea espec\u00edfica funciona muy bien en oficinas&comma; cajas registradoras&comma; almacenes&comma; consultorios y cualquier otro lugar en donde sea importante capturar el audio.<\/li>\n<li style='margin-bottom: 5px;'>Conecta el Micr\u00f3fono de alta definici\u00f3n con tecnolog\u00eda de cancelaci\u00f3n de ruido a tu grabador (Tu equipo debe de contar con canales de audio)<\/li>\n<\/ul><\/div>\n<\/p><\/div>\n<\/p><\/div>\n<\/p><\/div>\n<\/p><\/div>\n","protected":false},"excerpt":{"rendered":"<p>Micr\u00f3fono omnidireccional con cancelaci\u00f3n de ruido, alta fidelidad, para interior, con distancia de recepci\u00f3n de 50 &#8211; 120 m cuadrados<\/p>\n","protected":false},"featured_media":114787,"comment_status":"open","ping_status":"closed","template":"","meta":[],"product_brand":[],"product_cat":[2301],"product_tag":[417,507,2302],"class_list":{"0":"post-114788","1":"product","2":"type-product","3":"status-publish","4":"has-post-thumbnail","6":"product_cat-microfonos","7":"product_tag-accesorios-generales","8":"product_tag-epcom-titanium","9":"product_tag-microfonos","11":"first","12":"instock","13":"sale","14":"shipping-taxable","15":"purchasable","16":"product-type-simple"},"_links":{"self":[{"href":"https:\/\/soydeaqui.ddns.net\/pachuca\/index.php\/wp-json\/wp\/v2\/product\/114788","targetHints":{"allow":["GET"]}}],"collection":[{"href":"https:\/\/soydeaqui.ddns.net\/pachuca\/index.php\/wp-json\/wp\/v2\/product"}],"about":[{"href":"https:\/\/soydeaqui.ddns.net\/pachuca\/index.php\/wp-json\/wp\/v2\/types\/product"}],"replies":[{"embeddable":true,"href":"https:\/\/soydeaqui.ddns.net\/pachuca\/index.php\/wp-json\/wp\/v2\/comments?post=114788"}],"wp:featuredmedia":[{"embeddable":true,"href":"https:\/\/soydeaqui.ddns.net\/pachuca\/index.php\/wp-json\/wp\/v2\/media\/114787"}],"wp:attachment":[{"href":"https:\/\/soydeaqui.ddns.net\/pachuca\/index.php\/wp-json\/wp\/v2\/media?parent=114788"}],"wp:term":[{"taxonomy":"product_brand","embeddable":true,"href":"https:\/\/soydeaqui.ddns.net\/pachuca\/index.php\/wp-json\/wp\/v2\/product_brand?post=114788"},{"taxonomy":"product_cat","embeddable":true,"href":"https:\/\/soydeaqui.ddns.net\/pachuca\/index.php\/wp-json\/wp\/v2\/product_cat?post=114788"},{"taxonomy":"product_tag","embeddable":true,"href":"https:\/\/soydeaqui.ddns.net\/pachuca\/index.php\/wp-json\/wp\/v2\/product_tag?post=114788"}],"curies":[{"name":"wp","href":"https:\/\/api.w.org\/{rel}","templated":true}]}}