{"id":114743,"date":"2026-03-20T23:54:10","date_gmt":"2026-03-20T23:54:10","guid":{"rendered":"https:\/\/soydeaqui.ddns.net\/pachuca\/index.php\/producto\/kit-de-transceptor-activo-de-4-canales-videopoder-en-un-solo-cable-utp-150-metros-en-4k-200-metros-en-5-mp-envia-36-vcc-y-recibe-12-vcc-todo-incluido-para-rack-compatible-con-camaras-hd-tvi\/"},"modified":"2026-03-20T23:54:33","modified_gmt":"2026-03-20T23:54:33","slug":"kit-de-transceptor-activo-de-4-canales-videopoder-en-un-solo-cable-utp-150-metros-en-4k-200-metros-en-5-mp-envia-36-vcc-y-recibe-12-vcc-todo-incluido-para-rack-compatible-con-camaras-hd-tvi","status":"publish","type":"product","link":"https:\/\/soydeaqui.ddns.net\/pachuca\/index.php\/producto\/kit-de-transceptor-activo-de-4-canales-videopoder-en-un-solo-cable-utp-150-metros-en-4k-200-metros-en-5-mp-envia-36-vcc-y-recibe-12-vcc-todo-incluido-para-rack-compatible-con-camaras-hd-tvi\/","title":{"rendered":"Kit de TRANSCEPTOR ACTIVO DE 4 CANALES \/ VIDEO+PODER en un solo Cable UTP \/ 150 metros en 4K, 200 metros en 5 MP\/ Env\u00eda 36 Vcc y Recibe 12 Vcc \/ TODO INCLUIDO PARA RACK \/ Compatible con c\u00e1maras HD-TVI\/CVI\/AHD\/CVBS \/ INSTALACI\u00d3N LIMPIA"},"content":{"rendered":"<div style='width: 100%; max-width: 1200px; margin: 0 auto; font-family: sans-serif; line-height: 1.6; color: inherit; background-color: transparent;'> <!-- Video Section --> <\/p>\n<div style='display: flex; flex-wrap: wrap; gap: 30px; margin-bottom: 30px;'>\n<div style='flex: 1 1 300px; min-width: 280px;'>\n<h3 style='font-size: 22px; border-bottom: 2px solid currentColor; padding-bottom: 5px; margin-top: 0; color: inherit; opacity: 0.8;'>CLICK EN EL VIDEO<\/h3>\n<div style='position: relative; padding-bottom: 56.25%; height: 0; overflow: hidden; margin-bottom: 30px;'>   <\/div>\n<\/p><\/div>\n<p> <!-- Description Section --> <\/p>\n<div style='flex: 1 1 300px; min-width: 280px;'>\n<h2 style='font-size: 24px; color: inherit; margin-top: 0; margin-bottom: 20px;'>Kit de TRANSCEPTOR ACTIVO DE 4 CANALES \/ VIDEO+PODER en un solo Cable UTP<\/h2>\n<p>El KIT-TT16PV-TURBOX es un transceptor de video Activo de 4 canales (Balun) que te permite enviar el video de tus c\u00e1maras an\u00e1logas y energ\u00eda por un mismo cable de red (UTP) Cat 5e \u00f3 6&comma; alcanzando distancias de 150 metros en 4K&comma; 200 metros en 5Mp y 250 metros en 1080P. Esto es posible ya que el equipo receptor genera y env\u00eda 36 Vcc a los transmisores y este regula el voltaje a 12 Vcc permitiendo con ello el env\u00edo a largas distancias.<\/p>\n<p>El equipo est\u00e1 dise\u00f1ado para que sea colocado en su SITE de Telecomunicaciones ya que cuenta con los accesorios para ser instalado en un Rack Standard&comma; permitiendo consolidar todo el cableado del sistema de CCTV en un solo punto teniendo como resultado una instalaci\u00f3n limpia&comma; ordenada&comma; sin cables a\u00f1adidos o sueltos.<\/p>\n<\/p><\/div>\n<\/p><\/div>\n<p> <!-- Features Sections --> <\/p>\n<div style='display: flex; flex-wrap: wrap; gap: 20px; margin-bottom: 30px;'> <!-- Main Features --> <\/p>\n<div style='flex: 1 1 300px; min-width: 280px;'>\n<div style='border: 1px solid rgba(150&comma; 150&comma; 150&comma; 0.4); border-radius: 8px; overflow: hidden; display: flex; flex-direction: column; height: 100%;'>\n<div style='padding: 15px; border-bottom: 1px solid rgba(150&comma; 150&comma; 150&comma; 0.2); font-weight: bold; font-size: 18px; color: inherit;'>Caracter\u00edsticas Principales<\/div>\n<div style='padding: 15px; color: inherit; flex-grow: 1;'>\n<ul style='padding-left: 20px; margin: 0; font-size: 14px; list-style-type: disc;'>\n<li style='margin-bottom: 5px;'>Kit de transceptor ACTIVO de 4 canales<\/li>\n<li style='margin-bottom: 5px;'><strong>Video y alimentaci\u00f3n de la c\u00e1mara por un cable de Red<\/strong><\/li>\n<li style='margin-bottom: 5px;'>150 metros en 4K&comma; 200 metros en 5Mp y 250 metros en 1080P.<\/li>\n<li style='margin-bottom: 5px;'>Salida de voltaje del receptor: 36Vcc<\/li>\n<li style='margin-bottom: 5px;'><strong>Salida de voltaje del transceptor: 12Vcc<\/strong><\/li>\n<li style='margin-bottom: 5px;'>El receptor env\u00eda 36Vcc de esta forma se garantiza que el voltaje llegue a 150 m en 4K utilizando cable 100% Cobre.<\/li>\n<li style='margin-bottom: 5px;'>El transmisor recibe los 36Vcc y regula a 12Vcc para alimentar la c\u00e1mara sin comprometer el funcionamiento.<\/li>\n<li style='margin-bottom: 5px;'>Consumo de corriente por canal 0.8 A<\/li>\n<li style='margin-bottom: 5px;'><strong>Soporta OSD (On Screen Display)<\/strong><\/li>\n<li style='margin-bottom: 5px;'>Conectores BNC y RJ45<\/li>\n<li style='margin-bottom: 5px;'><strong>Transmisi\u00f3n en tiempo real&comma; sin retrasos<\/strong><\/li>\n<\/ul><\/div>\n<div style='padding: 15px; border-top: 1px solid rgba(150&comma; 150&comma; 150&comma; 0.2);'> <img style='width: 100%; height: auto; border: 1px solid rgba(150&comma;150&comma;150&comma;0.3); border-radius: 8px;' src='https:\/\/ftp3.syscom.mx\/usuarios\/fotos\/BancoFotografiasSyscom\/EPCOMTITANIUM\/KITTT4PVTURBOX\/KITTT4PVTURBOX-AD-1-p.PNG' alt=''> <\/div>\n<\/p><\/div>\n<\/p><\/div>\n<p> <!-- Physical and Electrical Features --> <\/p>\n<div style='flex: 1 1 300px; min-width: 280px;'>\n<div style='border: 1px solid rgba(150&comma; 150&comma; 150&comma; 0.4); border-radius: 8px; overflow: hidden; display: flex; flex-direction: column; height: 100%;'>\n<div style='padding: 15px; border-bottom: 1px solid rgba(150&comma; 150&comma; 150&comma; 0.2); font-weight: bold; font-size: 18px; color: inherit;'>Caracter\u00edsticas F\u00edsicas y El\u00e9ctricas:<\/div>\n<div style='padding: 15px; color: inherit; flex-grow: 1;'>\n<ul style='padding-left: 20px; margin: 0; font-size: 14px; list-style-type: disc;'>\n<li style='margin-bottom: 5px;'><strong>Alimentaci\u00f3n 110-220 Vca; 50\/60 Hz<\/strong><\/li>\n<li style='margin-bottom: 5px;'><strong>Consumo de potencia: 150 W<\/strong><\/li>\n<li style='margin-bottom: 5px;'>Salida de voltaje del receptor: 36Vcc<\/li>\n<li style='margin-bottom: 5px;'>Salida de potencia por canal: 18.5 W<\/li>\n<li style='margin-bottom: 5px;'>Dimensiones del Receptor 351 mm (L) x 183 mm (W) x 44.5 mm (H) sin incluir montaje<\/li>\n<li style='margin-bottom: 5px;'>Dimensiones del transmisor (balum) 80 mm (L) x 30 mm (W) x 23 mm (H)<\/li>\n<li style='margin-bottom: 5px;'>Peso Neto 4.7 Kg.<\/li>\n<li style='margin-bottom: 5px;'>Color negro<\/li>\n<li style='margin-bottom: 5px;'><strong>1 A\u00f1o de Garant\u00eda por defectos de fabricaci\u00f3n<\/strong><\/li>\n<\/ul><\/div>\n<div style='padding: 15px; border-top: 1px solid rgba(150&comma; 150&comma; 150&comma; 0.2);'> <img style='width: 100%; height: auto; border: 1px solid rgba(150&comma;150&comma;150&comma;0.3); border-radius: 8px;' src='https:\/\/ftp3.syscom.mx\/usuarios\/fotos\/BancoFotografiasSyscom\/EPCOMTITANIUM\/KITTT4PVTURBOX\/KITTT4PVTURBOX-AD-3-p.PNG' alt=''> <\/div>\n<\/p><\/div>\n<\/p><\/div>\n<p> <!-- Included Features --> <\/p>\n<div style='flex: 1 1 300px; min-width: 280px;'>\n<div style='border: 1px solid rgba(150&comma; 150&comma; 150&comma; 0.4); border-radius: 8px; overflow: hidden; display: flex; flex-direction: column; height: 100%;'>\n<div style='padding: 15px; border-bottom: 1px solid rgba(150&comma; 150&comma; 150&comma; 0.2); font-weight: bold; font-size: 18px; color: inherit;'>Caracter\u00edsticas Destacadas:<\/div>\n<div style='padding: 15px; color: inherit; flex-grow: 1;'>\n<p style='margin-top: 0;'><span style='color: #0f1ca8;'><strong>El Kit incluye:<\/strong><\/span><\/p>\n<ul style='padding-left: 20px; margin: 0; font-size: 14px; list-style-type: square;'>\n<li style='margin-bottom: 5px;'><strong>1 Receptor activo de 4 canales<\/strong><\/li>\n<li style='margin-bottom: 5px;'><strong>4 transceptores de video \/ voltaje<\/strong><\/li>\n<li style='margin-bottom: 5px;'>4 cables BNC para LOOP<\/li>\n<li style='margin-bottom: 5px;'>Orejas para Rack y torniller\u00eda<\/li>\n<li style='margin-bottom: 5px;'>Cable de alimentaci\u00f3n<\/li>\n<\/ul>\n<p><span style='color: #0f1ca8;'><strong>Notas:<\/strong><\/span><\/p>\n<ul style='padding-left: 20px; margin: 0; font-size: 14px; list-style-type: square;'>\n<li style='margin-bottom: 5px;'><strong>Si llegar\u00e1 a conectar este equipo a un UPS&comma; aseg\u00farese que sea de onda senoidal pura.<\/strong><\/li>\n<li style='margin-bottom: 5px;'><strong>No soporta Coaxitron<\/strong><\/li>\n<li style='margin-bottom: 5px;'><strong>Certificaciones: CE&comma; FCC&comma; RoHS<\/strong><\/li>\n<li style='margin-bottom: 5px;'><strong>Para domos PTZ (Considere la distancia y el consumo de corriente)<\/strong><\/li>\n<li style='margin-bottom: 5px;'><a style='color: inherit; text-decoration: none; font-weight: bold;' href='https:\/\/www.syscom.mx\/producto\/TT4816PVTURBOTX-EPCOM-POWERLINE-202697.html' target='_blank' rel='noopener'>M\u00e1s informaci\u00f3n del producto<\/a><\/li>\n<li style='margin-bottom: 5px;'><a style='color: inherit; text-decoration: none; font-weight: bold;' href='https:\/\/ftp3.syscom.mx\/usuarios\/ftp\/2021\/01\/30\/c3121\/KIT-TT16PVTURBOX_Espan%CC%83ol%20.pdf' target='_blank' rel='noopener'>Ficha t\u00e9cnica<\/a><\/li>\n<\/ul><\/div>\n<div style='padding: 15px; border-top: 1px solid rgba(150&comma; 150&comma; 150&comma; 0.2);'> <img style='width: 100%; height: auto; border: 1px solid rgba(150&comma;150&comma;150&comma;0.3); border-radius: 8px;' src='https:\/\/ftp3.syscom.mx\/usuarios\/fotos\/BancoFotografiasSyscom\/EPCOMTITANIUM\/KITTT4PVTURBOX\/KITTT4PVTURBOX-p.PNG' alt=''> <\/div>\n<\/p><\/div>\n<\/p><\/div>\n<\/p><\/div>\n<p> <!-- Additional Image --> <\/p>\n<div style='margin: 30px 0;'> <img style='width: 100%; height: auto; border: 1px solid rgba(150&comma;150&comma;150&comma;0.3); border-radius: 8px;' src='https:\/\/ftp3.syscom.mx\/usuarios\/ccasares\/CCTVS\/DISTANCIA%20DE%20TRANSCEPTORES-3.jpg' alt=''> <\/div>\n<p> <!-- Separator --> <\/p>\n<hr style='border: 0; border-top: 1px solid rgba(150&comma; 150&comma; 150&comma; 0.3); margin: 30px 0;'> <\/div>\n","protected":false},"excerpt":{"rendered":"<p>Kit de TRANSCEPTOR ACTIVO DE 4 CANALES \/ VIDEO+PODER en un solo Cable UTP \/ 150 metros en 4K, 200 metros en 5 MP\/ Env\u00eda 36 Vcc y Recibe 12 Vcc \/ TODO INCLUIDO PARA RACK \/ Compatible con c\u00e1maras HD-TVI\/CVI\/AHD\/CVBS \/ INSTALACI\u00d3N LIMPIA<\/p>\n","protected":false},"featured_media":114742,"comment_status":"open","ping_status":"closed","template":"","meta":[],"product_brand":[],"product_cat":[2327],"product_tag":[417,507,2328],"class_list":{"0":"post-114743","1":"product","2":"type-product","3":"status-publish","4":"has-post-thumbnail","6":"product_cat-transceptores-de-video","7":"product_tag-accesorios-generales","8":"product_tag-epcom-titanium","9":"product_tag-transceptores-de-video","11":"first","12":"outofstock","13":"sale","14":"shipping-taxable","15":"purchasable","16":"product-type-simple"},"_links":{"self":[{"href":"https:\/\/soydeaqui.ddns.net\/pachuca\/index.php\/wp-json\/wp\/v2\/product\/114743","targetHints":{"allow":["GET"]}}],"collection":[{"href":"https:\/\/soydeaqui.ddns.net\/pachuca\/index.php\/wp-json\/wp\/v2\/product"}],"about":[{"href":"https:\/\/soydeaqui.ddns.net\/pachuca\/index.php\/wp-json\/wp\/v2\/types\/product"}],"replies":[{"embeddable":true,"href":"https:\/\/soydeaqui.ddns.net\/pachuca\/index.php\/wp-json\/wp\/v2\/comments?post=114743"}],"wp:featuredmedia":[{"embeddable":true,"href":"https:\/\/soydeaqui.ddns.net\/pachuca\/index.php\/wp-json\/wp\/v2\/media\/114742"}],"wp:attachment":[{"href":"https:\/\/soydeaqui.ddns.net\/pachuca\/index.php\/wp-json\/wp\/v2\/media?parent=114743"}],"wp:term":[{"taxonomy":"product_brand","embeddable":true,"href":"https:\/\/soydeaqui.ddns.net\/pachuca\/index.php\/wp-json\/wp\/v2\/product_brand?post=114743"},{"taxonomy":"product_cat","embeddable":true,"href":"https:\/\/soydeaqui.ddns.net\/pachuca\/index.php\/wp-json\/wp\/v2\/product_cat?post=114743"},{"taxonomy":"product_tag","embeddable":true,"href":"https:\/\/soydeaqui.ddns.net\/pachuca\/index.php\/wp-json\/wp\/v2\/product_tag?post=114743"}],"curies":[{"name":"wp","href":"https:\/\/api.w.org\/{rel}","templated":true}]}}