{"id":114734,"date":"2026-03-20T23:53:36","date_gmt":"2026-03-20T23:53:36","guid":{"rendered":"https:\/\/soydeaqui.ddns.net\/pachuca\/index.php\/producto\/kit-de-transceptor-activo-de-8-canales-videopoder-en-un-solo-cable-utp-150-metros-en-4k-200-metros-en-5-mp-envia-36-vcc-y-recibe-12-vcc-todo-incluido-para-rack-compatible-con-camaras-hd-tvi\/"},"modified":"2026-03-20T23:54:03","modified_gmt":"2026-03-20T23:54:03","slug":"kit-de-transceptor-activo-de-8-canales-videopoder-en-un-solo-cable-utp-150-metros-en-4k-200-metros-en-5-mp-envia-36-vcc-y-recibe-12-vcc-todo-incluido-para-rack-compatible-con-camaras-hd-tvi","status":"publish","type":"product","link":"https:\/\/soydeaqui.ddns.net\/pachuca\/index.php\/producto\/kit-de-transceptor-activo-de-8-canales-videopoder-en-un-solo-cable-utp-150-metros-en-4k-200-metros-en-5-mp-envia-36-vcc-y-recibe-12-vcc-todo-incluido-para-rack-compatible-con-camaras-hd-tvi\/","title":{"rendered":"Kit de TRANSCEPTOR ACTIVO DE 8 CANALES \/ VIDEO+PODER en un solo Cable UTP \/ 150 metros en 4K, 200 metros en 5 MP\/ Env\u00eda 36 Vcc y Recibe 12 Vcc \/ TODO INCLUIDO PARA RACK \/ Compatible con c\u00e1maras HD-TVI\/CVI\/AHD\/CVBS \/ INSTALACI\u00d3N LIMPIA"},"content":{"rendered":"<div style='width: 100%; max-width: 1200px; margin: 0 auto; font-family: sans-serif; line-height: 1.6; color: inherit; background-color: transparent;'> <!-- Video Section --> <\/p>\n<div style='width: 100%;'>\n<h3 style='text-align: center; color: inherit; opacity: 0.8;'><strong><span style='font-family: verdana&comma; geneva&comma; sans-serif;'>CLICK EN EL VIDEO<\/span><\/strong><\/h3>\n<div style='position: relative; padding-bottom: 56.25%; height: 0; overflow: hidden; margin-bottom: 30px;'>   <\/div>\n<\/p><\/div>\n<p> <!-- Main Description --> <\/p>\n<div style='margin-bottom: 30px;'>\n<h2 style='text-align: center; color: inherit; margin-top: 0;'>Kit de TRANSCEPTOR ACTIVO DE 8 CANALES \/ VIDEO+PODER en un solo Cable UTP<\/h2>\n<p style='font-size: medium; font-weight: 400; text-align: start; color: inherit;'>El KIT-TT8PV-TURBOX es un transceptor de video Activo de 8 canales (Balun) que te permite enviar el video de tus c\u00e1maras an\u00e1logas y energ\u00eda por un mismo cable de red (UTP) Cat 5e \u00f3 6&comma; alcanzando distancias de 150 metros en 4K&comma; 200 metros en 5Mp y 250 metros en 1080P. Esto es posible ya que el equipo receptor genera y env\u00eda 36 Vcc a los transmisores y este regula el voltaje a 12 Vcc permitiendo con ello \u00e9l env\u00edo a largas distancias.<\/p>\n<p style='font-size: medium; font-weight: 400; text-align: start; color: inherit;'>El equipo est\u00e1 dise\u00f1ado para que sea colocado en su SITE de Telecomunicaciones ya que cuenta con los accesorios para ser instalado en un Rack Standard&comma; permitiendo consolidar todo el cableado del sistema de CCTV en un solo punto teniendo como resultado una instalaci\u00f3n limpia&comma; ordenada&comma; sin cables a\u00f1adidos o sueltos.<\/p>\n<\/p><\/div>\n<p> <!-- Three Column Layout --> <\/p>\n<div style='display: flex; flex-wrap: wrap; gap: 30px;'> <!-- Column 1 --> <\/p>\n<div style='flex: 1 1 300px; min-width: 280px;'>\n<div style='background-color: #eee; border: 1px solid rgba(150&comma;150&comma;150&comma;0.3); border-radius: 8px; overflow: hidden;'> <img style='width: 100%; height: auto; border: 1px solid rgba(150&comma;150&comma;150&comma;0.3); border-radius: 8px;' src='https:\/\/ftp3.syscom.mx\/usuarios\/fotos\/BancoFotografiasSyscom\/EPCOMTITANIUM\/KITTT8PVTURBOX\/KITTT8PVTURBOX-AD-1-p.PNG' alt=''> <\/div>\n<div style='border-top: 5px solid #DF001D; padding: 15px; margin-top: 15px;'>\n<h3 style='font-size: 18px; margin-top: 0; margin-bottom: 15px; color: inherit;'>Caracter\u00edsticas Principales<\/h3>\n<ul style='padding-left: 20px; font-size: 14px; color: inherit;'>\n<li style='margin-bottom: 5px;'><span style='font-size: 12pt;'>Kit de transceptor ACTIVO de 8 canales<\/span><\/li>\n<li style='margin-bottom: 5px;'><span style='font-size: 12pt;'><strong>Video y alimentaci\u00f3n de la c\u00e1mara por un cable de Red<\/strong><\/span><\/li>\n<li style='margin-bottom: 5px;'><span style='font-size: 12pt;'>150 metros en 4K&comma; 200 metros en 5Mp y 250 metros en 1080P.<\/span><\/li>\n<li style='margin-bottom: 5px;'><span style='font-size: 12pt;'>Salida de voltaje del receptor: 36Vcc<\/span><\/li>\n<li style='margin-bottom: 5px;'><span style='font-size: 12pt;'><strong>Salida de voltaje del transceptor: 12Vcc<\/strong><\/span><\/li>\n<li style='margin-bottom: 5px;'><span style='font-size: 12pt;'>El receptor env\u00eda 36Vcc de esta forma se garantiza que el voltaje llegue a 150 m en 4K utilizando cable 100% Cobre.<\/span><\/li>\n<li style='margin-bottom: 5px;'><span style='font-size: 12pt;'>El transmisor recibe los 36Vcc y regula a 12Vcc para alimentar la c\u00e1mara sin comprometer el funcionamiento.<\/span><\/li>\n<li style='margin-bottom: 5px;'><span style='font-size: 12pt;'>Consumo de corriente por canal 0.8 A<\/span><\/li>\n<li style='margin-bottom: 5px;'><span style='font-size: 12pt;'><strong>Soporta OSD (On Screen Display)<\/strong><\/span><\/li>\n<li style='margin-bottom: 5px;'><span style='font-size: 12pt;'>Conectores BNC y RJ45<\/span><\/li>\n<li style='margin-bottom: 5px;'><span style='font-size: 12pt;'>Transmisi\u00f3n en tiempo real&comma; sin retrasos<\/span><\/li>\n<\/ul><\/div>\n<\/p><\/div>\n<p> <!-- Column 2 --> <\/p>\n<div style='flex: 1 1 300px; min-width: 280px;'>\n<div style='background-color: #eee; border: 1px solid rgba(150&comma;150&comma;150&comma;0.3); border-radius: 8px; overflow: hidden;'> <img style='width: 100%; height: auto; border: 1px solid rgba(150&comma;150&comma;150&comma;0.3); border-radius: 8px;' src='https:\/\/ftp3.syscom.mx\/usuarios\/fotos\/BancoFotografiasSyscom\/EPCOMTITANIUM\/KITTT8PVTURBOX\/KITTT8PVTURBOX-AD-2-p.PNG' alt=''> <\/div>\n<div style='border-top: 5px solid #DF001D; padding: 15px; margin-top: 15px;'>\n<h3 style='font-size: 18px; margin-top: 0; margin-bottom: 15px; color: inherit;'>Caracter\u00edsticas F\u00edsicas y El\u00e9ctricas:<\/h3>\n<ul style='padding-left: 20px; font-size: 14px; color: inherit;'>\n<li style='margin-bottom: 5px;'><span style='font-size: 12pt; font-family: 'times new roman'&comma; times&comma; serif;'>Alimentaci\u00f3n 110- 220 Vca; 50\/60 Hz<\/span><\/li>\n<li style='margin-bottom: 5px;'><span style='font-size: 12pt; font-family: 'times new roman'&comma; times&comma; serif;'>Consumo de potencia: 150 W<\/span><\/li>\n<li style='margin-bottom: 5px;'><span style='font-size: 12pt; font-family: 'times new roman'&comma; times&comma; serif;'>Salida de voltaje del receptor: 36Vcc<\/span><\/li>\n<li style='margin-bottom: 5px;'><span style='font-size: 12pt; font-family: 'times new roman'&comma; times&comma; serif;'>Salida de potencia por canal: 18.5 W<\/span><\/li>\n<li style='margin-bottom: 5px;'><span style='font-size: 12pt; font-family: 'times new roman'&comma; times&comma; serif;'>Dimensiones del Receptor 351 mm (L) x 183 mm (W) x 44.5 mm (H) sin incluir montaje<\/span><\/li>\n<li style='margin-bottom: 5px;'><span style='font-size: 12pt; font-family: 'times new roman'&comma; times&comma; serif;'>Dimensiones del Transmisor (balum) 80 mm (L) x 30 mm (W) x 23 mm (H)<\/span><\/li>\n<li style='margin-bottom: 5px;'><span style='font-size: 12pt; font-family: 'times new roman'&comma; times&comma; serif;'>Peso Neto 6.85 Kg.<\/span><\/li>\n<li style='margin-bottom: 5px;'><span style='font-size: 12pt; font-family: 'times new roman'&comma; times&comma; serif;'>Color negro<\/span><\/li>\n<li style='margin-bottom: 5px;'><span style='font-size: 12pt; font-family: 'times new roman'&comma; times&comma; serif;'>1 A\u00f1o de Garant\u00eda por defectos de fabricaci\u00f3n<\/span><\/li>\n<\/ul><\/div>\n<\/p><\/div>\n<p> <!-- Column 3 --> <\/p>\n<div style='flex: 1 1 300px; min-width: 280px;'>\n<div style='background-color: #eee; border: 1px solid rgba(150&comma;150&comma;150&comma;0.3); border-radius: 8px; overflow: hidden;'> <img style='width: 100%; height: auto; border: 1px solid rgba(150&comma;150&comma;150&comma;0.3); border-radius: 8px;' src='https:\/\/ftp3.syscom.mx\/usuarios\/fotos\/BancoFotografiasSyscom\/EPCOMTITANIUM\/KITTT8PVTURBOX\/KITTT8PVTURBOX-p.PNG' alt=''> <\/div>\n<div style='border-top: 5px solid #DF001D; padding: 15px; margin-top: 15px;'>\n<h3 style='font-size: 18px; margin-top: 0; margin-bottom: 15px; color: inherit;'>Caracter\u00edsticas Destacadas:<\/h3>\n<p style='font-size: medium; font-weight: 400; color: inherit;'><span style='color: #0f1ca8;'><strong>El Kit incluye: <\/strong><\/span><\/p>\n<ul style='padding-left: 20px; font-size: 14px; list-style-type: square; color: inherit;'>\n<li style='margin-bottom: 5px;'><strong>1 Receptor activo de 8 canales<\/strong><\/li>\n<li style='margin-bottom: 5px;'><strong>8 transceptores de video \/ voltaje<\/strong><\/li>\n<li style='margin-bottom: 5px;'>8 cables BNC para LOOP<\/li>\n<li style='margin-bottom: 5px;'>Orejas para Rack y torniller\u00eda<\/li>\n<li style='margin-bottom: 5px;'>Cable de alimentaci\u00f3n<\/li>\n<\/ul>\n<p style='font-size: medium; font-weight: 400; color: inherit;'><span style='color: #0f1ca8;'><strong>Notas: <\/strong><\/span><\/p>\n<ul style='padding-left: 20px; font-size: 14px; list-style-type: square; color: inherit;'>\n<li style='margin-bottom: 5px;'><strong>Si llegar\u00e1 a conectar este equipo a un UPS&comma; aseg\u00farese que sea de onda senoidal pura.<\/strong><\/li>\n<li style='margin-bottom: 5px;'><strong>No soporta Coaxitron<\/strong><\/li>\n<li style='margin-bottom: 5px;'><strong>Certificaciones: CE&comma; FCC&comma; RoHS<\/strong><\/li>\n<li style='margin-bottom: 5px;'><strong>Para domos PTZ (Considere la distancia y el consumo de corriente)<\/strong><\/li>\n<li style='margin-bottom: 5px;'><a style='color: #fc1e0a; text-decoration: none;' href='https:\/\/www.syscom.mx\/producto\/TT4816PVTURBOTX-EPCOM-POWERLINE-202697.html' target='_blank' rel='noopener'>Si requiere de transmisores compatibles para este Kit use el modelo TT4816PVTURBOTX click aqu\u00ed<\/a><\/li>\n<li style='margin-bottom: 5px;'><a style='color: #fc1e0a; text-decoration: none;' href='https:\/\/ftp3.syscom.mx\/usuarios\/ftp\/2021\/01\/30\/c3121\/KIT-TT16PVTURBOX_Espan%CC%83ol%20.pdf' target='_blank' rel='noopener'>M\u00e1s informaci\u00f3n del producto click aqu\u00ed<\/a><\/li>\n<\/ul><\/div>\n<\/p><\/div>\n<\/p><\/div>\n<p> <!-- Additional Image --> <\/p>\n<div style='margin-top: 30px;'> <img style='width: 100%; height: auto; border: 1px solid rgba(150&comma;150&comma;150&comma;0.3); border-radius: 8px;' src='http:\/\/ftp3.syscom.mx\/usuarios\/maguilar\/EpcomTitanium\/DISTANCIA-DE-TRANSCEPTORES-ES.jpg' alt=''> <\/div>\n<p> <!-- Final Note --> <\/p>\n<div style='margin-top: 30px; font-size: 14px; color: inherit;'> <strong>*Precio por Kit<\/strong> <\/div>\n<\/p><\/div>\n","protected":false},"excerpt":{"rendered":"<p>Kit de TRANSCEPTOR ACTIVO DE 8 CANALES \/ VIDEO+PODER en un solo Cable UTP \/ 150 metros en 4K, 200 metros en 5 MP\/ Env\u00eda 36 Vcc y Recibe 12 Vcc \/ TODO INCLUIDO PARA RACK \/ Compatible con c\u00e1maras HD-TVI\/CVI\/AHD\/CVBS \/ INSTALACI\u00d3N LIMPIA<\/p>\n","protected":false},"featured_media":114733,"comment_status":"open","ping_status":"closed","template":"","meta":[],"product_brand":[],"product_cat":[2327],"product_tag":[417,507,2328],"class_list":{"0":"post-114734","1":"product","2":"type-product","3":"status-publish","4":"has-post-thumbnail","6":"product_cat-transceptores-de-video","7":"product_tag-accesorios-generales","8":"product_tag-epcom-titanium","9":"product_tag-transceptores-de-video","11":"first","12":"instock","13":"sale","14":"shipping-taxable","15":"purchasable","16":"product-type-simple"},"_links":{"self":[{"href":"https:\/\/soydeaqui.ddns.net\/pachuca\/index.php\/wp-json\/wp\/v2\/product\/114734","targetHints":{"allow":["GET"]}}],"collection":[{"href":"https:\/\/soydeaqui.ddns.net\/pachuca\/index.php\/wp-json\/wp\/v2\/product"}],"about":[{"href":"https:\/\/soydeaqui.ddns.net\/pachuca\/index.php\/wp-json\/wp\/v2\/types\/product"}],"replies":[{"embeddable":true,"href":"https:\/\/soydeaqui.ddns.net\/pachuca\/index.php\/wp-json\/wp\/v2\/comments?post=114734"}],"wp:featuredmedia":[{"embeddable":true,"href":"https:\/\/soydeaqui.ddns.net\/pachuca\/index.php\/wp-json\/wp\/v2\/media\/114733"}],"wp:attachment":[{"href":"https:\/\/soydeaqui.ddns.net\/pachuca\/index.php\/wp-json\/wp\/v2\/media?parent=114734"}],"wp:term":[{"taxonomy":"product_brand","embeddable":true,"href":"https:\/\/soydeaqui.ddns.net\/pachuca\/index.php\/wp-json\/wp\/v2\/product_brand?post=114734"},{"taxonomy":"product_cat","embeddable":true,"href":"https:\/\/soydeaqui.ddns.net\/pachuca\/index.php\/wp-json\/wp\/v2\/product_cat?post=114734"},{"taxonomy":"product_tag","embeddable":true,"href":"https:\/\/soydeaqui.ddns.net\/pachuca\/index.php\/wp-json\/wp\/v2\/product_tag?post=114734"}],"curies":[{"name":"wp","href":"https:\/\/api.w.org\/{rel}","templated":true}]}}