{"id":114687,"date":"2026-03-20T23:50:58","date_gmt":"2026-03-20T23:50:58","guid":{"rendered":"https:\/\/soydeaqui.ddns.net\/pachuca\/index.php\/producto\/montaje-universal-de-pared-con-cuello-de-ganso-y-caja-de-conexiones-compatible-con-camaras-domo-y-bala\/"},"modified":"2026-03-20T23:51:14","modified_gmt":"2026-03-20T23:51:14","slug":"montaje-universal-de-pared-con-cuello-de-ganso-y-caja-de-conexiones-compatible-con-camaras-domo-y-bala","status":"publish","type":"product","link":"https:\/\/soydeaqui.ddns.net\/pachuca\/index.php\/producto\/montaje-universal-de-pared-con-cuello-de-ganso-y-caja-de-conexiones-compatible-con-camaras-domo-y-bala\/","title":{"rendered":"Montaje Universal de Pared con Cuello de Ganso y Caja de Conexiones \/ Compatible con C\u00e1maras Domo y Bala"},"content":{"rendered":"<div style='width: 100%; max-width: 1200px; margin: 0 auto; font-family: sans-serif; line-height: 1.6; color: inherit; background-color: transparent;'> <!-- Secci\u00f3n intro --> <\/p>\n<div style='margin-bottom: 30px;'>\n<div style='border-left: 5px solid #00008B; border-radius: 5px; padding: 15px; box-shadow: 2px 2px 10px rgba(0&comma;0&comma;139&comma;0.3);'>\n<p style='text-align: justify; font-size: 15px; margin: 0 0 15px 0; color: inherit;'> Montaje universal cuello de ganso para c\u00e1maras domo y bala&comma; incluye la caja de conexiones robusta para instalaci\u00f3n en exterior&comma; el dise\u00f1o del cuello evita que alg\u00fan l\u00edquido regrese a la caja de conexi\u00f3n. <\/p>\n<\/p><\/div>\n<\/p><\/div>\n<p> <!-- Secci\u00f3n de caracter\u00edsticas --> <\/p>\n<div style='display: flex; flex-wrap: wrap; gap: 30px; margin-bottom: 30px;'>\n<div style='flex: 1 1 300px; min-width: 280px;'>\n<div style='border-left: 5px solid #00008B; border-radius: 5px; padding: 15px; box-shadow: 2px 2px 10px rgba(0&comma;0&comma;139&comma;0.3);'> <strong style='font-size: 18px; color: inherit; display: block; margin-bottom: 10px;'>Caracter\u00edsticas principales:<\/strong> <\/p>\n<ul style='padding-left: 20px; font-size: 15px; color: inherit; list-style-type: disc;'>\n<li style='margin-bottom: 5px;'>Incluye empaque para asegurar un correcto contacto con la pared y evitar acceso de agua y polvo<\/li>\n<li style='margin-bottom: 5px;'>Compatibilidad con c\u00e1maras tipo domo y bala de 3 o 4 orificios de sujeci\u00f3n.<\/li>\n<\/ul>\n<div style='margin-top: 20px;'> <img style='width: 100%; height: auto; border: 1px solid rgba(150&comma;150&comma;150&comma;0.3); border-radius: 8px;' src='https:\/\/ftp3.syscom.mx\/usuarios\/jmolinar\/JonathanMolinar\/CajasDconexionYmontajes\/imagenes\/XGA160-BASE.PNG' alt=''> <\/div>\n<\/p><\/div>\n<\/p><\/div>\n<div style='flex: 1 1 300px; min-width: 280px;'>\n<div style='border-left: 5px solid #00008B; border-radius: 5px; padding: 15px; box-shadow: 2px 2px 10px rgba(0&comma;0&comma;139&comma;0.3);'> <strong style='font-size: 18px; color: inherit; display: block; margin-bottom: 10px;'>Caracter\u00edsticas F\u00edsicas<\/strong> <\/p>\n<ul style='padding-left: 20px; font-size: 15px; color: inherit; list-style-type: disc;'>\n<li style='margin-bottom: 5px;'><strong>Material:<\/strong> Aleaci\u00f3n de aluminio.<\/li>\n<li style='margin-bottom: 5px;'><strong>Color:<\/strong> Blanco<\/li>\n<li style='margin-bottom: 5px;'><strong>Instalaci\u00f3n:<\/strong> En pared<\/li>\n<li style='margin-bottom: 5px;'><strong>Aplicaci\u00f3n:<\/strong> Interior\/Exterior<\/li>\n<li style='margin-bottom: 5px;'><strong>Dimensiones del plato:<\/strong> \u03a6165mm.<\/li>\n<li style='margin-bottom: 5px;'><strong>Dimensiones de la caja de conexiones:<\/strong> 122 x 222 x 59 mm<\/li>\n<li style='margin-bottom: 5px;'><strong>Carga m\u00e1xima:<\/strong> 4.5KG.<\/li>\n<li style='margin-bottom: 5px;'><strong>Peso:<\/strong> 1.152 kg.<\/li>\n<\/ul><\/div>\n<\/p><\/div>\n<\/p><\/div>\n<p> <!-- Notas --> <\/p>\n<div style='margin-bottom: 30px;'>\n<div style='border-left: 5px solid #00008B; border-radius: 5px; padding: 15px; box-shadow: 2px 2px 10px rgba(0&comma;0&comma;139&comma;0.3);'> <strong style='color: #e74c3c; font-size: 18px; display: block; margin-bottom: 10px;'>Notas:<\/strong> <\/p>\n<ul style='padding-left: 20px; font-size: 15px; color: inherit; list-style-type: disc;'>\n<li style='margin-bottom: 5px;'>Si el producto se instalar\u00e1 en exteriores&comma; es fundamental asegurarse de que todas las uniones est\u00e9n correctamente selladas para prevenir posibles filtraciones de agua.<\/li>\n<li style='margin-bottom: 5px;'>La torniller\u00eda para la sujeci\u00f3n de la c\u00e1mara no est\u00e1 incluida por los diferentes tama\u00f1os que cada c\u00e1mara necesita.<\/li>\n<\/ul><\/div>\n<\/p><\/div>\n<p> <!-- Imagen final --> <\/p>\n<div style='margin-bottom: 30px;'> <img style='width: 100%; height: auto; border: 1px solid rgba(150&comma;150&comma;150&comma;0.3); border-radius: 8px;' src='https:\/\/ftp3.syscom.mx\/usuarios\/jsosa\/HIKVISION\/imagenes\/banners\/solution%20complete.png' alt=''> <\/div>\n<\/p><\/div>\n","protected":false},"excerpt":{"rendered":"<p>Montaje Universal de Pared con Cuello de Ganso y Caja de Conexiones \/ Compatible con C\u00e1maras Domo y Bala<\/p>\n","protected":false},"featured_media":114686,"comment_status":"open","ping_status":"closed","template":"","meta":[],"product_brand":[],"product_cat":[416],"product_tag":[417,418,939],"class_list":{"0":"post-114687","1":"product","2":"type-product","3":"status-publish","4":"has-post-thumbnail","6":"product_cat-montajes-y-brackets-para-camaras","7":"product_tag-accesorios-generales","8":"product_tag-montajes-y-brackets-para-camaras","9":"product_tag-syscom-video","11":"first","12":"instock","13":"sale","14":"shipping-taxable","15":"purchasable","16":"product-type-simple"},"_links":{"self":[{"href":"https:\/\/soydeaqui.ddns.net\/pachuca\/index.php\/wp-json\/wp\/v2\/product\/114687","targetHints":{"allow":["GET"]}}],"collection":[{"href":"https:\/\/soydeaqui.ddns.net\/pachuca\/index.php\/wp-json\/wp\/v2\/product"}],"about":[{"href":"https:\/\/soydeaqui.ddns.net\/pachuca\/index.php\/wp-json\/wp\/v2\/types\/product"}],"replies":[{"embeddable":true,"href":"https:\/\/soydeaqui.ddns.net\/pachuca\/index.php\/wp-json\/wp\/v2\/comments?post=114687"}],"wp:featuredmedia":[{"embeddable":true,"href":"https:\/\/soydeaqui.ddns.net\/pachuca\/index.php\/wp-json\/wp\/v2\/media\/114686"}],"wp:attachment":[{"href":"https:\/\/soydeaqui.ddns.net\/pachuca\/index.php\/wp-json\/wp\/v2\/media?parent=114687"}],"wp:term":[{"taxonomy":"product_brand","embeddable":true,"href":"https:\/\/soydeaqui.ddns.net\/pachuca\/index.php\/wp-json\/wp\/v2\/product_brand?post=114687"},{"taxonomy":"product_cat","embeddable":true,"href":"https:\/\/soydeaqui.ddns.net\/pachuca\/index.php\/wp-json\/wp\/v2\/product_cat?post=114687"},{"taxonomy":"product_tag","embeddable":true,"href":"https:\/\/soydeaqui.ddns.net\/pachuca\/index.php\/wp-json\/wp\/v2\/product_tag?post=114687"}],"curies":[{"name":"wp","href":"https:\/\/api.w.org\/{rel}","templated":true}]}}