{"id":114685,"date":"2026-03-20T23:50:52","date_gmt":"2026-03-20T23:50:52","guid":{"rendered":"https:\/\/soydeaqui.ddns.net\/pachuca\/index.php\/producto\/camara-ip-oculta-2mp-h-265-wisestream-wdr-120db\/"},"modified":"2026-03-20T23:50:54","modified_gmt":"2026-03-20T23:50:54","slug":"camara-ip-oculta-2mp-h-265-wisestream-wdr-120db","status":"publish","type":"product","link":"https:\/\/soydeaqui.ddns.net\/pachuca\/index.php\/producto\/camara-ip-oculta-2mp-h-265-wisestream-wdr-120db\/","title":{"rendered":"C\u00e1mara IP Oculta 2MP \/ H.265 &#038; WiseStream \/ WDR 120dB"},"content":{"rendered":"<p style='box-sizing: border-box; margin: 5px; font-size: 14px; padding: 0px; border: 0px; vertical-align: baseline; font-family: Arial&comma;;'><strong style='box-sizing: border-box; margin: 0px; padding: 0px; border: 0px; vertical-align: baseline;'>Caracter\u00edsticas de la c\u00e1mara:<\/strong><\/p>\n<ul style='box-sizing: border-box; font-size: 11.9px; padding: inherit; border: 0px; vertical-align: baseline; list-style: inherit; color: #010101; font-family: Arial&comma;; margin: inherit inherit inherit 30px;'>\n<li style='box-sizing: border-box; margin: 0px; padding: 0px; border: 0px; vertical-align: baseline;'>\n<p style='box-sizing: border-box; margin: 5px; padding: 0px; border: 0px; font-size: 14px; vertical-align: baseline; line-height: 18px; width: 410px;'>Compensaci\u00f3n de Luz<strong style='box-sizing: border-box;'>:<\/strong> WDR Real (<strong style='box-sizing: border-box;'>150dB<\/strong>)&comma; BLC&comma; HLC.<\/p>\n<\/li>\n<\/ul>\n<p style='box-sizing: border-box; margin: 5px; font-size: 14px; padding: 0px; border: 0px; vertical-align: baseline; font-family: Arial&comma;;'><strong style='box-sizing: border-box; margin: 0px; padding: 0px; border: 0px; vertical-align: baseline;'>Compresi\u00f3n de v\u00eddeo y resoluci\u00f3n m\u00e1xima:<\/strong><\/p>\n<ul style='box-sizing: border-box; font-size: 11.9px; padding: inherit; border: 0px; vertical-align: baseline; list-style: inherit; color: #010101; font-family: Arial&comma;; margin: inherit inherit inherit 30px;'>\n<li style='box-sizing: border-box; margin: 0px; padding: 0px; border: 0px; vertical-align: baseline;'>\n<p style='box-sizing: border-box; margin: 5px; padding: 0px; border: 0px; font-size: 14px; vertical-align: baseline; line-height: 18px; width: 410px;'>Compresi\u00f3n de Video: H.265 &#038; WiseStream \/ H.264+ \/ H.264 \/ MJPEG.<\/p>\n<\/li>\n<li style='box-sizing: border-box; margin: 5px; padding: 0px; border: 0px; font-size: 14px; vertical-align: baseline; line-height: 18px; width: 410px;'>Resolucion maxima: 1920 \u00d7 1080 (2MP).<\/li>\n<\/ul>\n<p style='box-sizing: border-box; margin: 5px; padding: 0px; border: 0px; vertical-align: baseline; font-size: 14px; font-family: Arial&comma;;'><strong style='box-sizing: border-box; margin: 0px; padding: 0px; border: 0px; vertical-align: baseline;'>Videoanal\u00edticos:<\/strong> <\/p>\n<ul>\n<li style='box-sizing: border-box; margin: 5px; font-size: 14px; padding: 0px; border: 0px; vertical-align: baseline; font-family: Arial&comma;;'>Mapas de Calor&comma; Conteo de Personas&comma; Auto Seguimiento Digital&comma; Manejo de Filas&comma; Detecci\u00f3n de Audio&comma; L\u00ednea Virtual&comma; Entrada \/ Salida&comma; Detecci\u00f3n de Nieble y Polvo&comma; Detecci\u00f3n de Desenfoque&comma; Manipulaci\u00f3n y Merodeo.<\/li>\n<\/ul>\n<p style='box-sizing: border-box; margin: 5px; font-size: 14px; padding: 0px; border: 0px; vertical-align: baseline; font-family: Arial&comma;;'><strong style='box-sizing: border-box; margin: 0px; padding: 0px; border: 0px; vertical-align: baseline;'>Funciones de red y almacenamiento:<\/strong><\/p>\n<ul style='box-sizing: border-box; font-size: 11.9px; padding: inherit; border: 0px; vertical-align: baseline; list-style: inherit; color: #010101; font-family: Arial&comma;; margin: inherit inherit inherit 30px;'>\n<li style='box-sizing: border-box; margin: 0px; padding: 0px; border: 0px; vertical-align: baseline;'>\n<p style='box-sizing: border-box; margin: 5px; padding: 0px; border: 0px; font-size: 14px; vertical-align: baseline; line-height: 18px; width: 410px;'>Almacenamiento: MicroSD de hasta 256GB.<\/p>\n<\/li>\n<li style='box-sizing: border-box; margin: 0px; padding: 0px; border: 0px; vertical-align: baseline;'>\n<p style='box-sizing: border-box; margin: 5px; padding: 0px; border: 0px; font-size: 14px; vertical-align: baseline; line-height: 18px; width: 410px;'>Soporta NAS.<\/p>\n<\/li>\n<li style='box-sizing: border-box; margin: 0px; padding: 0px; border: 0px; vertical-align: baseline;'>\n<p style='box-sizing: border-box; margin: 5px; padding: 0px; border: 0px; font-size: 14px; vertical-align: baseline; line-height: 18px; width: 410px;'>ONVIF: Profile S \/ G&comma; SUNAPI 2.0.<br style='box-sizing: border-box;' \/> <\/p>\n<\/li>\n<\/ul>\n<div style='box-sizing: border-box; font-size: 14px; margin: 5px; padding: 0px; border: 0px; vertical-align: baseline; font-family: Arial&comma;;'><strong style='box-sizing: border-box; margin: 0px; padding: 0px; border: 0px; vertical-align: baseline;'>Interfaces y Audio:<\/strong><\/div>\n<ul style='box-sizing: border-box; font-size: 11.9px; padding: inherit; border: 0px; vertical-align: baseline; list-style: inherit; color: #000000; font-family: Arial&comma;; margin: inherit inherit inherit 30px;'>\n<li style='box-sizing: border-box; margin: 0px; padding: 0px; border: 0px; vertical-align: baseline;'>\n<div style='box-sizing: border-box; margin: 5px; padding: 0px; border: 0px; font-size: 14px; vertical-align: baseline; color: #010101; line-height: 18px; width: 410px;'>Audio: 1 entrada y 1 salida.<\/div>\n<\/li>\n<li style='box-sizing: border-box; margin: 0px; padding: 0px; border: 0px; vertical-align: baseline;'>\n<div style='box-sizing: border-box; margin: 5px; padding: 0px; border: 0px; font-size: 14px; vertical-align: baseline; color: #010101; line-height: 18px; width: 410px;'>Red: 1 puerto RJ45 (10\/100 BASE-T).<\/div>\n<\/li>\n<li style='box-sizing: border-box; margin: 0px; padding: 0px; border: 0px; vertical-align: baseline;'>\n<div style='box-sizing: border-box; margin: 5px; padding: 0px; border: 0px; font-size: 14px; vertical-align: baseline; color: #010101; line-height: 18px; width: 410px;'>Alarma: 1 entrada y 1 salida.<\/div>\n<\/li>\n<\/ul>\n<div style='box-sizing: border-box; font-size: 14px; margin: 5px; padding: 0px; border: 0px; vertical-align: baseline; font-family: Arial&comma;;'><strong style='box-sizing: border-box; margin: 0px; padding: 0px; border: 0px; vertical-align: baseline;'>Caracteristicas fisicas y electricas:<\/strong><\/div>\n<ul style='box-sizing: border-box; font-size: 11.9px; padding: inherit; border: 0px; vertical-align: baseline; list-style: inherit; color: #010101; font-family: Arial&comma;; margin: inherit inherit inherit 30px;'>\n<li style='box-sizing: border-box; margin: 0px; padding: 0px; border: 0px; vertical-align: baseline;'>\n<div style='box-sizing: border-box; margin: 5px; padding: 0px; border: 0px; font-size: 14px; vertical-align: baseline; line-height: 18px; width: 410px;'>Temperatura de operaci\u00f3n: -10 a 55 \u00b0C&comma; Humedad Menor a 90%.<\/div>\n<\/li>\n<li style='box-sizing: border-box; margin: 0px; padding: 0px; border: 0px; vertical-align: baseline;'>\n<p style='box-sizing: border-box; margin: 5px; padding: 0px; border: 0px; font-size: 14px; vertical-align: baseline; line-height: 18px; width: 410px;'>Alimentaci\u00f3n: 12Vcc @ 6.5<span style='box-sizing: border-box;'>W<\/span> \/ PoE (802.3af) @ 6W.<\/p>\n<\/li>\n<li style='box-sizing: border-box; margin: 0px; padding: 0px; border: 0px; vertical-align: baseline;'>\n<p style='box-sizing: border-box; margin: 5px; padding: 0px; border: 0px; font-size: 14px; vertical-align: baseline; line-height: 18px; width: 410px;'>Uso en Interior<\/p>\n<\/li>\n<li style='box-sizing: border-box; margin: 0px; padding: 0px; border: 0px; vertical-align: baseline;'>\n<p style='box-sizing: border-box; margin: 5px; padding: 0px; border: 0px; font-size: 14px; vertical-align: baseline; line-height: 18px; width: 410px;'>Dimensiones: 131.1 \u00d7 28 x 86mm.<\/p>\n<\/li>\n<li style='box-sizing: border-box; margin: 0px; padding: 0px; border: 0px; vertical-align: baseline;'>\n<p style='box-sizing: border-box; margin: 5px; padding: 0px; border: 0px; font-size: 14px; vertical-align: baseline; line-height: 18px; width: 410px;'>Peso: 0.245 kg. <\/p>\n<\/li>\n<\/ul>\n<p style='box-sizing: border-box; margin: 5px; font-size: 14px; padding: 0px; border: 0px; vertical-align: baseline; font-family: Arial&comma;;'><strong style='color: #010101; font-family: Arial&comma;;'>NO incluye lente. <\/strong><span style='color: #010101; font-family: Arial&comma;;'>Los lentes compatibles son los siguientes: <a href='https:\/\/www.syscom.mx\/producto\/SLAT2480-SAMSUNG-WISENET-(HANWHA)-152004.html'>SLA-T2480<\/a>&comma; <\/span><span style='color: #010101; font-family: Arial&comma;;'><a href='https:\/\/www.syscom.mx\/producto\/SLAT2480V-SAMSUNG-WISENET-(HANWHA)-144883.html'>SLA-T2480V<\/a>&comma; <\/span><span style='color: #010101; font-family: Arial&comma;;'><a href='https:\/\/www.syscom.mx\/producto\/SLAT4680-SAMSUNG-WISENET-(HANWHA)-144875.html'>SLA-T4680<\/a> y <\/span><span style='color: #010101; font-family: Arial&comma;;'><a href='https:\/\/www.syscom.mx\/producto\/SLAT4680V-SAMSUNG-WISENET-(HANWHA)-144872.html'>SLA-T4680V<\/a>.<\/span><span style='color: #010101; font-family: Arial&comma;;'> <\/span><br style='color: #010101; font-family: Arial&comma;;' \/><br \/><img style='width: 220px; height: 290px;' src='https:\/\/ftp3.syscom.mx\/usuarios\/fotos\/XNB6001\/144681-slat-.png' alt='' \/><br style='color: #010101; font-family: Arial&comma;;' \/><br \/><strong style='box-sizing: border-box; margin: 0px; padding: 0px; border: 0px; vertical-align: baseline;'>Garantia: 3 a\u00f1os.<\/strong><\/p>\n","protected":false},"excerpt":{"rendered":"<p>C\u00e1mara IP Oculta 2MP \/ H.265 &#038; WiseStream \/ WDR 120dB<\/p>\n","protected":false},"featured_media":114684,"comment_status":"open","ping_status":"closed","template":"","meta":[],"product_brand":[],"product_cat":[2274],"product_tag":[122,1055,2275],"class_list":{"0":"post-114685","1":"product","2":"type-product","3":"status-publish","4":"has-post-thumbnail","6":"product_cat-ocultas-pinhole","7":"product_tag-camaras-ip-y-nvrs","8":"product_tag-hanwha-vision","9":"product_tag-ocultas-pinhole","11":"first","12":"outofstock","13":"sale","14":"shipping-taxable","15":"purchasable","16":"product-type-simple"},"_links":{"self":[{"href":"https:\/\/soydeaqui.ddns.net\/pachuca\/index.php\/wp-json\/wp\/v2\/product\/114685","targetHints":{"allow":["GET"]}}],"collection":[{"href":"https:\/\/soydeaqui.ddns.net\/pachuca\/index.php\/wp-json\/wp\/v2\/product"}],"about":[{"href":"https:\/\/soydeaqui.ddns.net\/pachuca\/index.php\/wp-json\/wp\/v2\/types\/product"}],"replies":[{"embeddable":true,"href":"https:\/\/soydeaqui.ddns.net\/pachuca\/index.php\/wp-json\/wp\/v2\/comments?post=114685"}],"wp:featuredmedia":[{"embeddable":true,"href":"https:\/\/soydeaqui.ddns.net\/pachuca\/index.php\/wp-json\/wp\/v2\/media\/114684"}],"wp:attachment":[{"href":"https:\/\/soydeaqui.ddns.net\/pachuca\/index.php\/wp-json\/wp\/v2\/media?parent=114685"}],"wp:term":[{"taxonomy":"product_brand","embeddable":true,"href":"https:\/\/soydeaqui.ddns.net\/pachuca\/index.php\/wp-json\/wp\/v2\/product_brand?post=114685"},{"taxonomy":"product_cat","embeddable":true,"href":"https:\/\/soydeaqui.ddns.net\/pachuca\/index.php\/wp-json\/wp\/v2\/product_cat?post=114685"},{"taxonomy":"product_tag","embeddable":true,"href":"https:\/\/soydeaqui.ddns.net\/pachuca\/index.php\/wp-json\/wp\/v2\/product_tag?post=114685"}],"curies":[{"name":"wp","href":"https:\/\/api.w.org\/{rel}","templated":true}]}}