{"id":114657,"date":"2026-03-20T23:49:15","date_gmt":"2026-03-20T23:49:15","guid":{"rendered":"https:\/\/soydeaqui.ddns.net\/pachuca\/index.php\/producto\/switch-conmutador-hdmi-de-5-entradas-a-1-salida-4k-60hz-hdmi-2-0-hdcp-2-0-hdmi-3d-soporta-audio-estandar-dsd-direct-stream-digital-y-hd-hbr-diferentes-modos-de-conmutacion-manual\/"},"modified":"2026-03-20T23:49:24","modified_gmt":"2026-03-20T23:49:24","slug":"switch-conmutador-hdmi-de-5-entradas-a-1-salida-4k-60hz-hdmi-2-0-hdcp-2-0-hdmi-3d-soporta-audio-estandar-dsd-direct-stream-digital-y-hd-hbr-diferentes-modos-de-conmutacion-manual","status":"publish","type":"product","link":"https:\/\/soydeaqui.ddns.net\/pachuca\/index.php\/producto\/switch-conmutador-hdmi-de-5-entradas-a-1-salida-4k-60hz-hdmi-2-0-hdcp-2-0-hdmi-3d-soporta-audio-estandar-dsd-direct-stream-digital-y-hd-hbr-diferentes-modos-de-conmutacion-manual\/","title":{"rendered":"Switch Conmutador HDMI de 5 entradas a 1 salida \/ 4K @ 60Hz \/ HDMI 2.0 \/ HDCP 2.0 \/ HDMI 3D \/ Soporta audio est\u00e1ndar, DSD (Direct Stream Digital) y HD (HBR) \/ Diferentes modos de conmutaci\u00f3n, Manual, Control Remoto y RS232."},"content":{"rendered":"<div style='width: 100%; max-width: 1200px; margin: 0 auto; font-family: sans-serif; line-height: 1.6; color: inherit; background-color: transparent;'>\n<div style='display: flex; flex-wrap: wrap; gap: 30px; margin-bottom: 30px;'>\n<div style='flex: 1 1 300px; min-width: 280px;'> <img style='width: 100%; height: auto; border: 1px solid rgba(150&comma;150&comma;150&comma;0.3); border-radius: 8px;' src='http:\/\/ftp3.syscom.mx\/usuarios\/hallende\/EPCOM%20Titanium\/TT-501-V2.0\/TT501V2.0.png' alt=''> <\/div>\n<div style='flex: 1 1 300px; min-width: 280px;'>\n<h2 style='font-size: 24px; margin-top: 0; color: inherit; opacity: 0.9;'>Switch Conmutador HDMI de 5 entradas a 1 salida<\/h2>\n<p>El TT501-V2.0 de Epcom TITANIUM consta de 5 entradas para se\u00f1ales HDMI. Est\u00e1 dise\u00f1ado para la conmutaci\u00f3n de se\u00f1ales de v\u00eddeo entre m\u00faltiples dispositivos fuente HDMI a un \u00fanico dispositivo de visualizaci\u00f3n. Los conmutadores admiten se\u00f1ales de v\u00eddeo a resoluciones de hasta 4K&comma; adem\u00e1s de tasas de datos hasta 18 Gbps&comma; 3D&comma; y formatos de audio sin p\u00e9rdidas. Mantiene una comunicaci\u00f3n continua con los dispositivos conectados y garantiza que las fuentes HDMI se enciendan adecuadamente y mantengan una salida de v\u00eddeo correcta. Adem\u00e1s&comma; los conmutadores proporcionan ecualizaci\u00f3n autom\u00e1tica del cable de entrada hasta 5 m (16 ft) y 10 m (32 ft) en el cable de salida. Ofrece opciones de control por panel frontal&comma; control IR y RS-232.<\/p>\n<p>La unidad cuenta con 5 entradas HDMI&comma; lo que hace que esta unidad sea ideal para la conexi\u00f3n simult\u00e1nea de varios dispositivos HDMI&comma; como HDTV&comma; decodificador&comma; etc&#8230;.<\/p>\n<\/p><\/div>\n<\/p><\/div>\n<div style='display: flex; flex-wrap: wrap; gap: 20px; margin-bottom: 30px;'>\n<div style='flex: 1 1 250px; border: 1px solid rgba(150&comma; 150&comma; 150&comma; 0.4); border-radius: 8px; overflow: hidden; display: flex; flex-direction: column;'>\n<div style='padding: 15px; border-bottom: 1px solid rgba(150&comma; 150&comma; 150&comma; 0.2); font-weight: bold; font-size: 18px; color: inherit;'>Caracter\u00edsticas Principales:<\/div>\n<div style='padding: 15px; color: inherit;'> <img style='width: 100%; height: auto; border: 1px solid rgba(150&comma;150&comma;150&comma;0.3); border-radius: 8px; margin-bottom: 15px;' src='http:\/\/ftp3.syscom.mx\/usuarios\/hallende\/EPCOM%20Titanium\/TT-501-V2.0\/TT501V2.0-FRENTE-h.png' alt=''> <\/p>\n<ul style='padding-left: 20px; margin: 0; font-size: 14px; list-style-type: disc;'>\n<li style='margin-bottom: 5px;'><strong>Se pueden conmutar hasta 5 entradas HDMI&comma; @ 1 Salida HDMI<\/strong><\/li>\n<li style='margin-bottom: 5px;'><strong>Admite resoluciones de hasta 4K @ 60Hz Ultra HD.<\/strong><\/li>\n<li style='margin-bottom: 5px;'>Cambie f\u00e1cilmente entre cualquiera de las 5 fuentes HDMI<\/li>\n<li style='margin-bottom: 5px;'><strong>Diferentes modos de conmutaci\u00f3n: a distancia (con control remoto)&comma; RS232 o manual (mediante bot\u00f3n del dispositivo)<\/strong><\/li>\n<li style='margin-bottom: 5px;'>Longitud del cable HDMI de entrada \u22645m Cable HDMI 2.0 (AWG26); \u226410m Cable HDMI 2.0 (AWG23)<\/li>\n<li style='margin-bottom: 5px;'>Longitud del cable HDMI de salida \u22645m Cable HDMI 2.0 (AWG26); \u226410m Cable HDMI 2.0 (AWG23)<\/li>\n<\/ul><\/div>\n<\/p><\/div>\n<div style='flex: 1 1 250px; border: 1px solid rgba(150&comma; 150&comma; 150&comma; 0.4); border-radius: 8px; overflow: hidden; display: flex; flex-direction: column;'>\n<div style='padding: 15px; border-bottom: 1px solid rgba(150&comma; 150&comma; 150&comma; 0.2); font-weight: bold; font-size: 18px; color: inherit;'>Caracter\u00edsticas F\u00edsicas y El\u00e9ctricas:<\/div>\n<div style='padding: 15px; color: inherit;'> <img style='width: 100%; height: auto; border: 1px solid rgba(150&comma;150&comma;150&comma;0.3); border-radius: 8px; margin-bottom: 15px;' src='http:\/\/ftp3.syscom.mx\/usuarios\/hallende\/EPCOM%20Titanium\/TT-501-V2.0\/TT501V2.0-h.png' alt=''> <\/p>\n<ul style='padding-left: 20px; margin: 0; font-size: 14px; list-style-type: disc;'>\n<li style='margin-bottom: 5px;'><span style='color: #0000FF;'>Alimentaci\u00f3n incluida de 5 Vcc&comma; 1 A.<\/span><\/li>\n<li style='margin-bottom: 5px;'>Potencia de consumo 5W<\/li>\n<li style='margin-bottom: 5px;'>Dimensiones: 218.0(L) x 78.8(W) x 20.55(H)mm<\/li>\n<li style='margin-bottom: 5px;'>Peso 240g<\/li>\n<li style='margin-bottom: 5px;'>Temperatura de operaci\u00f3n 0~60\u00b0C<\/li>\n<li style='margin-bottom: 5px;'>Temperatura de almacenamiento -20~70\u00b0C<\/li>\n<li style='margin-bottom: 5px;'>Color Negro<\/li>\n<li style='margin-bottom: 5px;'>Carcasa metalica para una mejor disipacion del calor.<\/li>\n<li style='margin-bottom: 5px;'><strong>1 A\u00f1o de Garant\u00eda por defectos de fabricaci\u00f3n<\/strong><\/li>\n<\/ul><\/div>\n<\/p><\/div>\n<div style='flex: 1 1 250px; border: 1px solid rgba(150&comma; 150&comma; 150&comma; 0.4); border-radius: 8px; overflow: hidden; display: flex; flex-direction: column;'>\n<div style='padding: 15px; border-bottom: 1px solid rgba(150&comma; 150&comma; 150&comma; 0.2); font-weight: bold; font-size: 18px; color: inherit;'>Caracter\u00edsticas Destacadas:<\/div>\n<div style='padding: 15px; color: inherit;'> <img style='width: 100%; height: auto; border: 1px solid rgba(150&comma;150&comma;150&comma;0.3); border-radius: 8px; margin-bottom: 15px;' src='http:\/\/ftp3.syscom.mx\/usuarios\/hallende\/EPCOM%20Titanium\/TT-501-V2.0\/TT501V2.0-LAT-IZQ-h.png' alt=''> <\/p>\n<ul style='padding-left: 20px; margin: 0; font-size: 14px; list-style-type: disc;'>\n<li style='margin-bottom: 5px;'>Soporta HDMI1.0&comma; HDMI1.4&comma;HDMI2.0<\/li>\n<li style='margin-bottom: 5px;'>Soporta HDCP 1.4&comma; HDCP 2.0<\/li>\n<li style='margin-bottom: 5px;'>Compatible con HDMI 3D.<\/li>\n<li style='margin-bottom: 5px;'>Plug and Play&comma; facil de usar<\/li>\n<li style='margin-bottom: 5px;'>Soporta mayor ancho de banda&comma; hasta 18 Gbps<\/li>\n<li style='margin-bottom: 5px;'>Soporta control IR y control RS232.<\/li>\n<li style='margin-bottom: 5px;'>Soporta formatos de audio DTS-HD\/Dolby-true HD\/LPCM7.1\/DTS\/Dolby-AC3\/DSD<\/li>\n<li style='margin-bottom: 5px;'>El control remoto&comma; no incluye la bater\u00eda&comma; el modelo sugerido es:<a style='color: #fc1e0a; text-decoration: none;' href='https:\/\/www.syscom.mx\/producto\/CR2025-EPCOM-POWERLINE-13901.html' target='_blank' rel='noopener'>CR2025;<\/a><\/li>\n<li style='margin-bottom: 5px;'>Descarga el software para control por RS232 dando click <a style='color: #fc1e0a; text-decoration: none;' href='https:\/\/ftp3.syscom.mx\/usuarios\/hallende\/EPCOM%20Titanium\/TT-501-V2.0\/Software%20de%20Configuracion%20RS232.zip' target='_blank' rel='noopener'>Aqu\u00ed<\/a><\/li>\n<li style='margin-bottom: 5px;'>Guia de configuracion por RS232 de click aqui<\/li>\n<\/ul><\/div>\n<\/p><\/div>\n<\/p><\/div>\n<div style='margin-bottom: 30px;'> <img style='width: 100%; height: auto; border: 1px solid rgba(150&comma;150&comma;150&comma;0.3); border-radius: 8px;' src='http:\/\/ftp3.syscom.mx\/usuarios\/hallende\/EPCOM%20Titanium\/TT-501-V2.0\/TT501-V2.0%20Poster%20Esp.%20New.jpg' alt=''> <\/div>\n<div style='position: relative; padding-bottom: 56.25%; height: 0; overflow: hidden; margin-bottom: 30px;'>   <\/div>\n<hr style='border: 0; border-top: 1px solid rgba(150&comma; 150&comma; 150&comma; 0.3); margin: 30px 0;'> <\/div>\n","protected":false},"excerpt":{"rendered":"<p>Switch Conmutador HDMI de 5 entradas a 1 salida \/ 4K @ 60Hz \/ HDMI 2.0 \/ HDCP 2.0 \/ HDMI 3D \/ Soporta audio est\u00e1ndar, DSD (Direct Stream Digital) y HD (HBR) \/ Diferentes modos de conmutaci\u00f3n, Manual, Control Remoto y RS232.<\/p>\n","protected":false},"featured_media":114656,"comment_status":"open","ping_status":"closed","template":"","meta":[],"product_brand":[],"product_cat":[2073,2074,2077,2075,2072,2076],"product_tag":[417,2079,2080,2083,507,2081,2078,2082],"class_list":{"0":"post-114657","1":"product","2":"type-product","3":"status-publish","4":"has-post-thumbnail","6":"product_cat-convertidores","7":"product_cat-divisores","8":"product_cat-dvi","9":"product_cat-hdmi","10":"product_cat-kits-extensores","11":"product_cat-vga","12":"product_tag-accesorios-generales","13":"product_tag-convertidores","14":"product_tag-divisores","15":"product_tag-dvi","16":"product_tag-epcom-titanium","17":"product_tag-hdmi","18":"product_tag-kits-extensores","19":"product_tag-vga","21":"first","22":"outofstock","23":"sale","24":"shipping-taxable","25":"purchasable","26":"product-type-simple"},"_links":{"self":[{"href":"https:\/\/soydeaqui.ddns.net\/pachuca\/index.php\/wp-json\/wp\/v2\/product\/114657","targetHints":{"allow":["GET"]}}],"collection":[{"href":"https:\/\/soydeaqui.ddns.net\/pachuca\/index.php\/wp-json\/wp\/v2\/product"}],"about":[{"href":"https:\/\/soydeaqui.ddns.net\/pachuca\/index.php\/wp-json\/wp\/v2\/types\/product"}],"replies":[{"embeddable":true,"href":"https:\/\/soydeaqui.ddns.net\/pachuca\/index.php\/wp-json\/wp\/v2\/comments?post=114657"}],"wp:featuredmedia":[{"embeddable":true,"href":"https:\/\/soydeaqui.ddns.net\/pachuca\/index.php\/wp-json\/wp\/v2\/media\/114656"}],"wp:attachment":[{"href":"https:\/\/soydeaqui.ddns.net\/pachuca\/index.php\/wp-json\/wp\/v2\/media?parent=114657"}],"wp:term":[{"taxonomy":"product_brand","embeddable":true,"href":"https:\/\/soydeaqui.ddns.net\/pachuca\/index.php\/wp-json\/wp\/v2\/product_brand?post=114657"},{"taxonomy":"product_cat","embeddable":true,"href":"https:\/\/soydeaqui.ddns.net\/pachuca\/index.php\/wp-json\/wp\/v2\/product_cat?post=114657"},{"taxonomy":"product_tag","embeddable":true,"href":"https:\/\/soydeaqui.ddns.net\/pachuca\/index.php\/wp-json\/wp\/v2\/product_tag?post=114657"}],"curies":[{"name":"wp","href":"https:\/\/api.w.org\/{rel}","templated":true}]}}