{"id":114643,"date":"2026-03-20T23:48:29","date_gmt":"2026-03-20T23:48:29","guid":{"rendered":"https:\/\/soydeaqui.ddns.net\/pachuca\/index.php\/producto\/fuente-de-poder-12-v-3-amp-regulados\/"},"modified":"2026-03-20T23:48:40","modified_gmt":"2026-03-20T23:48:40","slug":"fuente-de-poder-12-v-3-amp-regulados","status":"publish","type":"product","link":"https:\/\/soydeaqui.ddns.net\/pachuca\/index.php\/producto\/fuente-de-poder-12-v-3-amp-regulados\/","title":{"rendered":"Fuente de Poder 12 V \/ 3 Amp \/ Regulados"},"content":{"rendered":"<div style='width: 100%; max-width: 1200px; margin: 0 auto; font-family: sans-serif; line-height: 1.6; color: inherit; background-color: transparent;'>\n<div style='display: flex; flex-wrap: wrap; gap: 30px; margin-bottom: 30px;'>\n<div style='flex: 1 1 300px; min-width: 280px;'>\n<h1 style='font-size: 28px; text-align: center; margin: 0; color: inherit;'>P12DC3A<\/h1>\n<h3 style='font-size: 20px; text-align: center; margin: 15px 0; color: inherit;'>Fuente de poder de 12 Vcc regulado @ 3A<\/h3>\n<p style='text-align: center; margin: 15px 0; font-size: 14px; color: inherit;'> <strong>EPCOM POWER LINE marca l\u00edder en fuentes de poder con alta eficiencia en alimentaci\u00f3n para equipos de seguridad electr\u00f3nica por sus ventajas de aprobaciones&comma; certificaciones&comma; protecci\u00f3n contra sobretensiones&comma; y circuitos de protecci\u00f3n contra anti-interferencia&#8230;<\/strong> <\/p>\n<\/p><\/div>\n<\/p><\/div>\n<div style='display: flex; flex-wrap: wrap; gap: 20px; margin-bottom: 30px;'>\n<div style='flex: 1 1 300px;'>\n<div style='border: 1px solid rgba(150&comma; 150&comma; 150&comma; 0.4); border-radius: 8px; overflow: hidden; display: flex; flex-direction: column; height: 100%;'>\n<div style='padding: 15px; border-bottom: 1px solid rgba(150&comma; 150&comma; 150&comma; 0.2); font-weight: bold; font-size: 18px; color: inherit;'>Caracter\u00edsticas<\/div>\n<div style='padding: 15px; color: inherit; flex: 1 1 auto;'>\n<ul style='padding-left: 20px; margin: 0; font-size: 14px; list-style-type: disc; color: inherit;'>\n<li style='margin-bottom: 5px;'><strong>Voltaje de entrada<\/strong>: 100-240 Vca<\/li>\n<li style='margin-bottom: 5px;'><strong>Voltaje de salida:<\/strong> 12 Vcc +\/- 5%<\/li>\n<li style='margin-bottom: 5px;'><strong>Corriente de salida:<\/strong> 3 Amper<\/li>\n<li style='margin-bottom: 5px;'><strong>Temperatura de operaci\u00f3n:<\/strong> -20\u00b0C a 45\u00b0C<\/li>\n<li style='margin-bottom: 5px;'><strong>Dimensiones ( L x W x H ):<\/strong> 88 x 50 x 35 mm<\/li>\n<li style='margin-bottom: 5px;'><strong>Garant\u00eda de 3 a\u00f1os<\/strong><\/li>\n<\/ul><\/div>\n<\/p><\/div>\n<\/p><\/div>\n<div style='flex: 1 1 300px;'>\n<div style='border: 1px solid rgba(150&comma; 150&comma; 150&comma; 0.4); border-radius: 8px; overflow: hidden; display: flex; flex-direction: column; height: 100%;'>\n<div style='padding: 15px; border-bottom: 1px solid rgba(150&comma; 150&comma; 150&comma; 0.2); font-weight: bold; font-size: 18px; color: inherit;'>Modelos Relacionados<\/div>\n<div style='padding: 15px; color: inherit; flex: 1 1 auto;'>\n<ul style='padding-left: 20px; margin: 0; font-size: 14px; list-style-type: disc; color: inherit;'>\n<li style='margin-bottom: 5px;'>P5DC1A &#8230;&#8230;&#8230;&#8230;&#8230;5 Vcc @ 1 A<\/li>\n<li style='margin-bottom: 5px;'>P5DC2A&#8230;&#8230;&#8230;&#8230;&#8230;.5 Vcc @ 2 A<\/li>\n<li style='margin-bottom: 5px;'>P6DC1A&#8230;&#8230;&#8230;&#8230;&#8230;6 Vcc @ 1 A<\/li>\n<li style='margin-bottom: 5px;'>P9DC1A&#8230;&#8230;&#8230;&#8230;&#8230;9 Vcc @ 1 A<\/li>\n<li style='margin-bottom: 5px;'>P9DC3A&#8230;&#8230;&#8230;&#8230;&#8230;9 Vcc @ 3 A<\/li>\n<li style='margin-bottom: 5px;'>PLDC500&#8230;&#8230;&#8230;&#8230;.12 Vcc @ 0.5 A<\/li>\n<\/ul><\/div>\n<\/p><\/div>\n<\/p><\/div>\n<div style='flex: 1 1 300px;'>\n<div style='border: 1px solid rgba(150&comma; 150&comma; 150&comma; 0.4); border-radius: 8px; overflow: hidden; display: flex; flex-direction: column; height: 100%;'>\n<div style='padding: 15px; border-bottom: 1px solid rgba(150&comma; 150&comma; 150&comma; 0.2); font-weight: bold; font-size: 18px; color: inherit;'>Modelos Relacionados<\/div>\n<div style='padding: 15px; color: inherit; flex: 1 1 auto;'>\n<ul style='padding-left: 20px; margin: 0; font-size: 14px; list-style-type: disc; color: inherit;'>\n<li style='margin-bottom: 5px;'>PLDC100&#8230;&#8230;&#8230;&#8230;&#8230;.12 Vcc @ 1 A<\/li>\n<li style='margin-bottom: 5px;'>PSD1202D&#8230;&#8230;&#8230;&#8230;..12 Vcc @ 2 A<\/li>\n<li style='margin-bottom: 5px;'>PL12DC2AW&#8230;&#8230;&#8230;.12 Vcc @ 2 A Intemperie<\/li>\n<li style='margin-bottom: 5px;'>P12DC3A&#8230;&#8230;&#8230;&#8230;&#8230;.12 Vcc @ 3 A<\/li>\n<li style='margin-bottom: 5px;'>P24DC3A&#8230;&#8230;&#8230;&#8230;&#8230;.24 Vcc @ 1 A<\/li>\n<li style='margin-bottom: 5px;'>PL36V2A&#8230;&#8230;&#8230;&#8230;&#8230;.36 Vcc @ 1 A<\/li>\n<li style='margin-bottom: 5px;'>PLDC4830A&#8230;&#8230;&#8230;..48 Vcc @ 1 A<\/li>\n<li style='margin-bottom: 5px;'>PL53V3A&#8230;&#8230;&#8230;&#8230;&#8230;.53 Vcc @ 1 A<\/li>\n<\/ul><\/div>\n<\/p><\/div>\n<\/p><\/div>\n<\/p><\/div>\n<div style='display: flex; flex-wrap: wrap; gap: 20px; margin-top: 30px;'>\n<div style='flex: 1 1 300px; min-width: 280px;'> <img style='width: 100%; height: auto; border: 1px solid rgba(150&comma;150&comma;150&comma;0.3); border-radius: 8px;' src='https:\/\/ftp3.syscom.mx\/usuarios\/fotos\/BancoFotografiasSyscom\/EPCOMPOWERLINE\/P12DC3A\/P12DC3A-FRENTE-p.PNG' alt=''> <\/div>\n<div style='flex: 1 1 300px; min-width: 280px;'> <img style='width: 100%; height: auto; border: 1px solid rgba(150&comma;150&comma;150&comma;0.3); border-radius: 8px;' src='https:\/\/ftp3.syscom.mx\/usuarios\/fotos\/BancoFotografiasSyscom\/EPCOMPOWERLINE\/P12DC3A\/P12DC3A-p.PNG' alt=''> <\/div>\n<div style='flex: 1 1 300px; min-width: 280px;'> <img style='width: 100%; height: auto; border: 1px solid rgba(150&comma;150&comma;150&comma;0.3); border-radius: 8px;' src='https:\/\/ftp3.syscom.mx\/usuarios\/fotos\/BancoFotografiasSyscom\/EPCOMPOWERLINE\/P12DC3A\/P12DC3A-AD-1-p.PNG' alt=''> <\/div>\n<\/p><\/div>\n<\/p><\/div>\n","protected":false},"excerpt":{"rendered":"<p>Fuente de Poder 12 V \/ 3 Amp \/ Regulados<\/p>\n","protected":false},"featured_media":114642,"comment_status":"open","ping_status":"closed","template":"","meta":[],"product_brand":[],"product_cat":[1103],"product_tag":[142,454,457],"class_list":{"0":"post-114643","1":"product","2":"type-product","3":"status-publish","4":"has-post-thumbnail","6":"product_cat-fuentes-de-alimentacion-energia-videovigilancia","7":"product_tag-energia","8":"product_tag-epcom-powerline","9":"product_tag-fuentes-de-alimentacion","11":"first","12":"instock","13":"sale","14":"shipping-taxable","15":"purchasable","16":"product-type-simple"},"_links":{"self":[{"href":"https:\/\/soydeaqui.ddns.net\/pachuca\/index.php\/wp-json\/wp\/v2\/product\/114643","targetHints":{"allow":["GET"]}}],"collection":[{"href":"https:\/\/soydeaqui.ddns.net\/pachuca\/index.php\/wp-json\/wp\/v2\/product"}],"about":[{"href":"https:\/\/soydeaqui.ddns.net\/pachuca\/index.php\/wp-json\/wp\/v2\/types\/product"}],"replies":[{"embeddable":true,"href":"https:\/\/soydeaqui.ddns.net\/pachuca\/index.php\/wp-json\/wp\/v2\/comments?post=114643"}],"wp:featuredmedia":[{"embeddable":true,"href":"https:\/\/soydeaqui.ddns.net\/pachuca\/index.php\/wp-json\/wp\/v2\/media\/114642"}],"wp:attachment":[{"href":"https:\/\/soydeaqui.ddns.net\/pachuca\/index.php\/wp-json\/wp\/v2\/media?parent=114643"}],"wp:term":[{"taxonomy":"product_brand","embeddable":true,"href":"https:\/\/soydeaqui.ddns.net\/pachuca\/index.php\/wp-json\/wp\/v2\/product_brand?post=114643"},{"taxonomy":"product_cat","embeddable":true,"href":"https:\/\/soydeaqui.ddns.net\/pachuca\/index.php\/wp-json\/wp\/v2\/product_cat?post=114643"},{"taxonomy":"product_tag","embeddable":true,"href":"https:\/\/soydeaqui.ddns.net\/pachuca\/index.php\/wp-json\/wp\/v2\/product_tag?post=114643"}],"curies":[{"name":"wp","href":"https:\/\/api.w.org\/{rel}","templated":true}]}}