{"id":114621,"date":"2026-03-20T23:47:12","date_gmt":"2026-03-20T23:47:12","guid":{"rendered":"https:\/\/soydeaqui.ddns.net\/pachuca\/index.php\/producto\/fuente-de-poder-dual-altronix-de-12-vcc-9-3-amper-y-24-vcc-9-6-amper-con-16-salidas-con-capacidad-de-bateria-de-respaldo-requiere-bateria-para-aplicaciones-de-control-de-acceso-alarmas-cctv\/"},"modified":"2026-03-20T23:47:14","modified_gmt":"2026-03-20T23:47:14","slug":"fuente-de-poder-dual-altronix-de-12-vcc-9-3-amper-y-24-vcc-9-6-amper-con-16-salidas-con-capacidad-de-bateria-de-respaldo-requiere-bateria-para-aplicaciones-de-control-de-acceso-alarmas-cctv","status":"publish","type":"product","link":"https:\/\/soydeaqui.ddns.net\/pachuca\/index.php\/producto\/fuente-de-poder-dual-altronix-de-12-vcc-9-3-amper-y-24-vcc-9-6-amper-con-16-salidas-con-capacidad-de-bateria-de-respaldo-requiere-bateria-para-aplicaciones-de-control-de-acceso-alarmas-cctv\/","title":{"rendered":"Fuente de poder DUAL ALTRONIX de 12 Vcc @ 9.3 Amper, y 24 Vcc @ 9.6 Amper con 16 salidas, con capacidad de bater\u00eda de respaldo, requiere bater\u00eda, para aplicaciones de control de acceso, alarmas, CCTV, con voltaje de entrada en 120 Vca"},"content":{"rendered":"<div style='width: 100%; max-width: 1200px; margin: 0 auto; font-family: sans-serif; line-height: 1.6; color: inherit; background-color: transparent;'>\n<div style='display: flex; flex-wrap: wrap; gap: 30px; margin-bottom: 30px;'>\n<div style='flex: 1 1 300px; min-width: 280px;'>\n<h3 style='font-size: 22px; border-bottom: 2px solid currentColor; padding-bottom: 5px; margin-top: 0; color: inherit; opacity: 0.8;'>Descripci\u00f3n<\/h3>\n<p style='font-size: 15px; color: inherit;'>La fuente de poder doble Maximal75F distribuye y conmuta la energ\u00eda para acceder a sistemas de control y accesorios. Convierte una entrada de 120VAC 60Hz en diecis\u00e9is (16) salidas de fusibles protegidas de 12VDC y 24VDC independientemente controladas. Estas salidas de potencia a prueba de fallas \/ a prueba de fallas se pueden convertir a contactos &#8216;C&#8217; secos. Las salidas se activan mediante un receptor colector abierto o entrada de disparador seco normalmente abierto desde un sistema de control de acceso&comma; teclado&comma; bot\u00f3n pulsador&comma; REX PIR&comma; etc. Las unidades enrutar\u00e1n la alimentaci\u00f3n a una variedad de dispositivos de hardware de control de acceso&comma; incluidos: Mag Locks&comma; Huelgas el\u00e9ctricas&comma; portapiezas magn\u00e9ticos&comma; etc. La interfaz FACP habilita salidas de emergencia&comma; monitoreo de alarmas o puede usarse para activar otros dispositivos auxiliares. La funci\u00f3n de desconexi\u00f3n de la alarma contra incendios se puede seleccionar individualmente para una o todas las diecis\u00e9is (16) salidas. Todo el equipo de interconexi\u00f3n debe estar listado por UL.<\/p>\n<\/p><\/div>\n<\/p><\/div>\n<div style='display: flex; flex-wrap: wrap; gap: 20px; margin-bottom: 30px;'>\n<div style='flex: 1 1 250px; border: 1px solid rgba(150&comma; 150&comma; 150&comma; 0.4); border-radius: 8px; overflow: hidden; display: flex; flex-direction: column;'>\n<div style='padding: 15px; border-bottom: 1px solid rgba(150&comma; 150&comma; 150&comma; 0.2); font-weight: bold; font-size: 18px; color: inherit;'>Entrada<\/div>\n<div style='padding: 15px; color: inherit;'>\n<ul style='padding-left: 20px; margin: 0; font-size: 14px; list-style-type: disc;'>\n<li style='margin-bottom: 5px;'>120VAC 60Hz&comma; entrada 8.0A.<\/li>\n<\/ul><\/div>\n<\/p><\/div>\n<div style='flex: 1 1 250px; border: 1px solid rgba(150&comma; 150&comma; 150&comma; 0.4); border-radius: 8px; overflow: hidden; display: flex; flex-direction: column;'>\n<div style='padding: 15px; border-bottom: 1px solid rgba(150&comma; 150&comma; 150&comma; 0.2); font-weight: bold; font-size: 18px; color: inherit;'>Opciones de entrada de la fuente de alimentaci\u00f3n<\/div>\n<div style='padding: 15px; color: inherit;'>\n<ul style='padding-left: 20px; margin: 0; font-size: 14px; list-style-type: disc;'>\n<li style='margin-bottom: 5px;'>a) Dos (2) entradas de alimentaci\u00f3n comunes para ACM8 y alimentaci\u00f3n de bloqueo (instaladas de f\u00e1brica).<\/li>\n<li style='margin-bottom: 5px;'>b) Dos (2) entradas de alimentaci\u00f3n aisladas (se requiere una fuente de alimentaci\u00f3n externa)&comma; (la corriente est\u00e1 determinada por la fuente de alimentaci\u00f3n conectada&comma; que no debe exceder un m\u00e1ximo de 10 A en total).<\/li>\n<li style='margin-bottom: 5px;'>Diecis\u00e9is (16) entradas de activaci\u00f3n del sistema de control de acceso.<\/li>\n<\/ul><\/div>\n<\/p><\/div>\n<div style='flex: 1 1 250px; border: 1px solid rgba(150&comma; 150&comma; 150&comma; 0.4); border-radius: 8px; overflow: hidden; display: flex; flex-direction: column;'>\n<div style='padding: 15px; border-bottom: 1px solid rgba(150&comma; 150&comma; 150&comma; 0.2); font-weight: bold; font-size: 18px; color: inherit;'>Opciones de entrada<\/div>\n<div style='padding: 15px; color: inherit;'>\n<ul style='padding-left: 20px; margin: 0; font-size: 14px; list-style-type: disc;'>\n<li style='margin-bottom: 5px;'>a) Diecis\u00e9is (16) entradas normalmente abiertas (NO).<\/li>\n<li style='margin-bottom: 5px;'>b) Diecis\u00e9is (16) entradas de colector abierto.<\/li>\n<li style='margin-bottom: 5px;'>c) Cualquier combinaci\u00f3n de lo anterior.<\/li>\n<\/ul><\/div>\n<\/p><\/div>\n<div style='flex: 1 1 250px; border: 1px solid rgba(150&comma; 150&comma; 150&comma; 0.4); border-radius: 8px; overflow: hidden; display: flex; flex-direction: column;'>\n<div style='padding: 15px; border-bottom: 1px solid rgba(150&comma; 150&comma; 150&comma; 0.2); font-weight: bold; font-size: 18px; color: inherit;'>Salida<\/div>\n<div style='padding: 15px; color: inherit;'>\n<ul style='padding-left: 20px; margin: 0; font-size: 14px; list-style-type: disc;'>\n<li style='margin-bottom: 5px;'>Salidas de 12VDC y 24VDC.<\/li>\n<li style='margin-bottom: 5px;'>M\u00e1xima salida de corriente Opciones:<\/li>\n<li style='margin-bottom: 5px;'>A) 24VDC @ 9.6A m\u00e1s 12VDC @ 9.3A.<\/li>\n<li style='margin-bottom: 5px;'>Diecis\u00e9is (16) salidas controladas independientemente.<\/li>\n<\/ul><\/div>\n<\/p><\/div>\n<div style='flex: 1 1 250px; border: 1px solid rgba(150&comma; 150&comma; 150&comma; 0.4); border-radius: 8px; overflow: hidden; display: flex; flex-direction: column;'>\n<div style='padding: 15px; border-bottom: 1px solid rgba(150&comma; 150&comma; 150&comma; 0.2); font-weight: bold; font-size: 18px; color: inherit;'>Opciones de salida<\/div>\n<div style='padding: 15px; color: inherit;'>\n<ul style='padding-left: 20px; margin: 0; font-size: 14px; list-style-type: disc;'>\n<li style='margin-bottom: 5px;'>a) Diecis\u00e9is (16) salidas de potencia a prueba de fallas y \/ o a prueba de fallas.<\/li>\n<li style='margin-bottom: 5px;'>b) Diecis\u00e9is (16) forman salidas de rel\u00e9 con clasificaci\u00f3n &#8216;C&#8217; 5A.<\/li>\n<li style='margin-bottom: 5px;'>c) Cualquier combinaci\u00f3n de lo anterior.<\/li>\n<li style='margin-bottom: 5px;'>Diecis\u00e9is (16) salidas de potencia auxiliar (sin interruptor) (las salidas tienen una clasificaci\u00f3n de 2.5 A).<\/li>\n<li style='margin-bottom: 5px;'>Salidas filtradas y electr\u00f3nicamente reguladas (fuente de alimentaci\u00f3n incorporada).<\/li>\n<li style='margin-bottom: 5px;'>Protecci\u00f3n t\u00e9rmica y contra cortocircuitos con reinicio autom\u00e1tico.<\/li>\n<\/ul><\/div>\n<\/p><\/div>\n<div style='flex: 1 1 250px; border: 1px solid rgba(150&comma; 150&comma; 150&comma; 0.4); border-radius: 8px; overflow: hidden; display: flex; flex-direction: column;'>\n<div style='padding: 15px; border-bottom: 1px solid rgba(150&comma; 150&comma; 150&comma; 0.2); font-weight: bold; font-size: 18px; color: inherit;'>Clasificaci\u00f3n de fusibles<\/div>\n<div style='padding: 15px; color: inherit;'>\n<ul style='padding-left: 20px; margin: 0; font-size: 14px; list-style-type: disc;'>\n<li style='margin-bottom: 5px;'>Clasificaci\u00f3n de fusibles de entrada de la fuente de alimentaci\u00f3n:<\/li>\n<li style='margin-bottom: 5px;'>eFlow104NB &#8211; 6.3A \/ 250V.<\/li>\n<li style='margin-bottom: 5px;'>eFlow102NB &#8211; 5A \/ 250V.<\/li>\n<li style='margin-bottom: 5px;'>El fusible principal de las tarjetas ACM8 tiene una potencia nominal de 10 A. Las salidas con fusibles tienen una potencia nominal de 3&comma;5 A cada una.<\/li>\n<\/ul><\/div>\n<\/p><\/div>\n<div style='flex: 1 1 250px; border: 1px solid rgba(150&comma; 150&comma; 150&comma; 0.4); border-radius: 8px; overflow: hidden; display: flex; flex-direction: column;'>\n<div style='padding: 15px; border-bottom: 1px solid rgba(150&comma; 150&comma; 150&comma; 0.2); font-weight: bold; font-size: 18px; color: inherit;'>Supervisi\u00f3n<\/div>\n<div style='padding: 15px; color: inherit;'>\n<ul style='padding-left: 20px; margin: 0; font-size: 14px; list-style-type: disc;'>\n<li style='margin-bottom: 5px;'>Supervisi\u00f3n de fallas de CA (contactos de &#8216;C&#8217;).<\/li>\n<li style='margin-bottom: 5px;'>El disparador de notificaci\u00f3n se puede seleccionar durante 30 segundos (configurado de f\u00e1brica) o 2 horas.<\/li>\n<li style='margin-bottom: 5px;'>Fallo de bater\u00eda y supervisi\u00f3n de presencia (contactos &#8216;C&#8217;).<\/li>\n<li style='margin-bottom: 5px;'>Apagado de baja potencia. Apaga los terminales de salida de CC si el voltaje de la bater\u00eda cae por debajo del 71-73% para unidades de 12V y del 70-75% para unidades de 24V (dependiendo de la fuente de alimentaci\u00f3n). Evita la descarga profunda de la bater\u00eda.<\/li>\n<\/ul><\/div>\n<\/p><\/div>\n<div style='flex: 1 1 250px; border: 1px solid rgba(150&comma; 150&comma; 150&comma; 0.4); border-radius: 8px; overflow: hidden; display: flex; flex-direction: column;'>\n<div style='padding: 15px; border-bottom: 1px solid rgba(150&comma; 150&comma; 150&comma; 0.2); font-weight: bold; font-size: 18px; color: inherit;'>Caracter\u00edsticas<\/div>\n<div style='padding: 15px; color: inherit;'>\n<ul style='padding-left: 20px; margin: 0; font-size: 14px; list-style-type: disc;'>\n<li style='margin-bottom: 5px;'>La desconexi\u00f3n de la alarma contra incendios (enclavamiento o no enclavamiento) se puede seleccionar individualmente para una o todas las diecis\u00e9is (16) salidas.<\/li>\n<li style='margin-bottom: 5px;'>Opciones de entrada de desconexi\u00f3n de alarma de incendio:<\/li>\n<li style='margin-bottom: 5px;'>a) Entrada de contacto seco normalmente abierta (NO) o normalmente cerrada (NC).<\/li>\n<li style='margin-bottom: 5px;'>b) Entrada de inversi\u00f3n de polaridad del circuito de se\u00f1alizaci\u00f3n FACP.<\/li>\n<li style='margin-bottom: 5px;'>El rel\u00e9 de salida de alarma indica que se activa la entrada FACP (forma de contacto &#8216;C&#8217; con clasificaci\u00f3n @ 1A 28VDC).<\/li>\n<\/ul><\/div>\n<\/p><\/div>\n<div style='flex: 1 1 250px; border: 1px solid rgba(150&comma; 150&comma; 150&comma; 0.4); border-radius: 8px; overflow: hidden; display: flex; flex-direction: column;'>\n<div style='padding: 15px; border-bottom: 1px solid rgba(150&comma; 150&comma; 150&comma; 0.2); font-weight: bold; font-size: 18px; color: inherit;'>Bater\u00eda de reserva<\/div>\n<div style='padding: 15px; color: inherit;'>\n<ul style='padding-left: 20px; margin: 0; font-size: 14px; list-style-type: disc;'>\n<li style='margin-bottom: 5px;'>Cargador incorporado para bater\u00edas selladas de \u00e1cido de plomo o gel.<\/li>\n<li style='margin-bottom: 5px;'>Cambio autom\u00e1tico a la bater\u00eda en espera cuando falla la CA.<\/li>\n<li style='margin-bottom: 5px;'>Ca\u00edda de voltaje cero cuando la unidad cambia a la bater\u00eda de respaldo (condici\u00f3n de falla de CA).<\/li>\n<li style='margin-bottom: 5px;'>Con capacidad de bater\u00eda de respaldo.<\/li>\n<li style='margin-bottom: 5px;'>No se incluye bater\u00eda.<\/li>\n<li style='margin-bottom: 5px;'>Bater\u00edas sugeridas: PL4.512 \/ PL712 \/ PL912.<\/li>\n<\/ul><\/div>\n<\/p><\/div>\n<div style='flex: 1 1 250px; border: 1px solid rgba(150&comma; 150&comma; 150&comma; 0.4); border-radius: 8px; overflow: hidden; display: flex; flex-direction: column;'>\n<div style='padding: 15px; border-bottom: 1px solid rgba(150&comma; 150&comma; 150&comma; 0.2); font-weight: bold; font-size: 18px; color: inherit;'>Indicadores visuales<\/div>\n<div style='padding: 15px; color: inherit;'>\n<ul style='padding-left: 20px; margin: 0; font-size: 14px; list-style-type: disc;'>\n<li style='margin-bottom: 5px;'>Los LED rojos indican que las salidas se disparan (los rel\u00e9s est\u00e1n energizados).<\/li>\n<li style='margin-bottom: 5px;'>El LED verde indica que se desencadena la desconexi\u00f3n FACP.<\/li>\n<li style='margin-bottom: 5px;'>Indicadores LED de entrada de CA y salida de CC.<\/li>\n<\/ul><\/div>\n<\/p><\/div>\n<div style='flex: 1 1 250px; border: 1px solid rgba(150&comma; 150&comma; 150&comma; 0.4); border-radius: 8px; overflow: hidden; display: flex; flex-direction: column;'>\n<div style='padding: 15px; border-bottom: 1px solid rgba(150&comma; 150&comma; 150&comma; 0.2); font-weight: bold; font-size: 18px; color: inherit;'>Temperatura<\/div>\n<div style='padding: 15px; color: inherit;'>\n<ul style='padding-left: 20px; margin: 0; font-size: 14px; list-style-type: disc;'>\n<li style='margin-bottom: 5px;'>En funcionamiento: 0 \u00b0C a 49 \u00b0C (32 \u00b0F a 120 \u00b0F).<\/li>\n<li style='margin-bottom: 5px;'>Almacenamiento: -20 \u00b0C a 70 \u00b0C (-4 \u00b0F a 158 \u00b0F).<\/li>\n<li style='margin-bottom: 5px;'>Humedad relativa 85% +\/- 5%.<\/li>\n<li style='margin-bottom: 5px;'>BTU \/ Hr (aprox.): 177 BTU \/ Hr.<\/li>\n<li style='margin-bottom: 5px;'>Requisito VA de entrada de CA del sistema: 960VA.<\/li>\n<\/ul><\/div>\n<\/p><\/div>\n<\/p><\/div>\n<hr style='border: 0; border-top: 1px solid rgba(150&comma; 150&comma; 150&comma; 0.3); margin: 30px 0;'> <\/div>\n","protected":false},"excerpt":{"rendered":"<p>Fuente de poder DUAL ALTRONIX de 12 Vcc @ 9.3 Amper, y 24 Vcc @ 9.6 Amper con 16 salidas, con capacidad de bater\u00eda de respaldo, requiere bater\u00eda, para aplicaciones de control de acceso, alarmas, CCTV, con voltaje de entrada en 120 Vca<\/p>\n","protected":false},"featured_media":114620,"comment_status":"open","ping_status":"closed","template":"","meta":[],"product_brand":[],"product_cat":[2307],"product_tag":[495,142,2308],"class_list":{"0":"post-114621","1":"product","2":"type-product","3":"status-publish","4":"has-post-thumbnail","6":"product_cat-fuentes-de-alimentacion-con-respaldo","7":"product_tag-altronix","8":"product_tag-energia","9":"product_tag-fuentes-de-alimentacion-con-respaldo","11":"first","12":"outofstock","13":"sale","14":"shipping-taxable","15":"purchasable","16":"product-type-simple"},"_links":{"self":[{"href":"https:\/\/soydeaqui.ddns.net\/pachuca\/index.php\/wp-json\/wp\/v2\/product\/114621","targetHints":{"allow":["GET"]}}],"collection":[{"href":"https:\/\/soydeaqui.ddns.net\/pachuca\/index.php\/wp-json\/wp\/v2\/product"}],"about":[{"href":"https:\/\/soydeaqui.ddns.net\/pachuca\/index.php\/wp-json\/wp\/v2\/types\/product"}],"replies":[{"embeddable":true,"href":"https:\/\/soydeaqui.ddns.net\/pachuca\/index.php\/wp-json\/wp\/v2\/comments?post=114621"}],"wp:featuredmedia":[{"embeddable":true,"href":"https:\/\/soydeaqui.ddns.net\/pachuca\/index.php\/wp-json\/wp\/v2\/media\/114620"}],"wp:attachment":[{"href":"https:\/\/soydeaqui.ddns.net\/pachuca\/index.php\/wp-json\/wp\/v2\/media?parent=114621"}],"wp:term":[{"taxonomy":"product_brand","embeddable":true,"href":"https:\/\/soydeaqui.ddns.net\/pachuca\/index.php\/wp-json\/wp\/v2\/product_brand?post=114621"},{"taxonomy":"product_cat","embeddable":true,"href":"https:\/\/soydeaqui.ddns.net\/pachuca\/index.php\/wp-json\/wp\/v2\/product_cat?post=114621"},{"taxonomy":"product_tag","embeddable":true,"href":"https:\/\/soydeaqui.ddns.net\/pachuca\/index.php\/wp-json\/wp\/v2\/product_tag?post=114621"}],"curies":[{"name":"wp","href":"https:\/\/api.w.org\/{rel}","templated":true}]}}