{"id":114607,"date":"2026-03-20T23:46:26","date_gmt":"2026-03-20T23:46:26","guid":{"rendered":"https:\/\/soydeaqui.ddns.net\/pachuca\/index.php\/producto\/hilook-series-domo-ip-2-megapixel-30-mts-ir-exterior-ip67-antivandalica-ik10-dwdr-poe-lente-2-8-mm\/"},"modified":"2026-03-20T23:46:36","modified_gmt":"2026-03-20T23:46:36","slug":"hilook-series-domo-ip-2-megapixel-30-mts-ir-exterior-ip67-antivandalica-ik10-dwdr-poe-lente-2-8-mm","status":"publish","type":"product","link":"https:\/\/soydeaqui.ddns.net\/pachuca\/index.php\/producto\/hilook-series-domo-ip-2-megapixel-30-mts-ir-exterior-ip67-antivandalica-ik10-dwdr-poe-lente-2-8-mm\/","title":{"rendered":"HiLook Series \/ Domo IP 2 Megapixel \/ 30 mts IR \/ Exterior IP67 \/ Antivand\u00e1lica IK10 \/ dWDR \/ PoE \/ Lente 2.8 mm"},"content":{"rendered":"<div style='width: 100%; max-width: 1200px; margin: 0 auto; font-family: sans-serif; line-height: 1.6; color: inherit; background-color: transparent;'>\n<div style='width: 100%; max-width: 1200px; margin: 0 auto;'> <img style='width: 100%; height: auto; border: 1px solid rgba(150&comma;150&comma;150&comma;0.3); border-radius: 8px;' src='https:\/\/ftp3.syscom.mx\/usuarios\/fotos\/IPCB120\/143291-hilook.png' alt=''> <\/div>\n<div style='display: flex; flex-wrap: wrap; gap: 30px; margin-top: 30px;'>\n<div style='flex: 1 1 300px; min-width: 280px;'>\n<h3 style='font-size: 22px; border-bottom: 2px solid currentColor; padding-bottom: 5px; margin-top: 0; color: inherit; opacity: 0.8;'>Caracter\u00edsticas principales<\/h3>\n<ul style='padding-left: 20px; font-size: 15px; color: inherit;'>\n<li style='margin-bottom: 5px;'><strong>Resoluci\u00f3n m\u00e1xima:<\/strong> 1920 \u00d7 1080 (2 Megapixel)<\/li>\n<li style='margin-bottom: 5px;'><strong>Iluminaci\u00f3n m\u00ednima:<\/strong> color 0.01 Lux @ (F1.2&comma; AGC ON)<\/li>\n<li style='margin-bottom: 5px;'><strong>Iluminaci\u00f3n m\u00ednima:<\/strong> B\/N 0 Lux con IR<\/li>\n<li style='margin-bottom: 5px;'><strong>D\u00eda \/ Noche Real:<\/strong> (filtro ICR)<\/li>\n<li style='margin-bottom: 5px;'><strong>Distancia focal:<\/strong> 2.8 mm (gran angular)<\/li>\n<li style='margin-bottom: 5px;'><strong>Distancia de infrarrojo:<\/strong> 30 mts Smart IR<\/li>\n<li style='margin-bottom: 5px;'><strong>Funciones normales:<\/strong> dWDR \/ BLC \/ 3D-DNR<\/li>\n<li style='margin-bottom: 5px;'><strong>Compresi\u00f3n:<\/strong> H.264+ \/ H.264<\/li>\n<li style='margin-bottom: 5px;'><strong>Compatible con:<\/strong> Plataforma Hik-Connect<\/li>\n<\/ul><\/div>\n<div style='flex: 1 1 300px; min-width: 280px;'>\n<h3 style='font-size: 22px; border-bottom: 2px solid currentColor; padding-bottom: 5px; margin-top: 0; color: inherit; opacity: 0.8;'>Caracter\u00edsticas Generales<\/h3>\n<ul style='padding-left: 20px; font-size: 15px; color: inherit;'>\n<li style='margin-bottom: 5px;'><strong>Main Stream:<\/strong> 30fps @(1920 \u00d7 1080&comma; 1280 \u00d7 960&comma; 1280 \u00d7 720)<\/li>\n<li style='margin-bottom: 5px;'><strong>Sub Steam:<\/strong> 30fps @(704 \u00d7 480&comma; 640 \u00d7 480&comma; 352 \u00d7 240&comma; 320 \u00d7 240)<\/li>\n<li style='margin-bottom: 5px;'><strong>Usuarios simult\u00e1neos:<\/strong> Hasta 6<\/li>\n<\/ul><\/div>\n<div style='flex: 1 1 300px; min-width: 280px;'>\n<h3 style='font-size: 22px; border-bottom: 2px solid currentColor; padding-bottom: 5px; margin-top: 0; color: inherit; opacity: 0.8;'>E\/S y Conectividad<\/h3>\n<ul style='padding-left: 20px; font-size: 15px; color: inherit;'>\n<li style='margin-bottom: 5px;'><strong>Entradas de alarma:<\/strong> N\/A<\/li>\n<li style='margin-bottom: 5px;'><strong>Salidas de alarma:<\/strong> N\/A<\/li>\n<li style='margin-bottom: 5px;'><strong>Entradas de audio:<\/strong> N\/A<\/li>\n<li style='margin-bottom: 5px;'><strong>Salidas de audio:<\/strong> N\/A<\/li>\n<li style='margin-bottom: 5px;'><strong>Puerto de red:<\/strong> 1 (10\/100 Mbps)<\/li>\n<li style='margin-bottom: 5px;'><strong>Soporte:<\/strong> Onvif Profile S &#8211; G \/ ISAPI<\/li>\n<\/ul><\/div>\n<div style='flex: 1 1 300px; min-width: 280px;'>\n<h3 style='font-size: 22px; border-bottom: 2px solid currentColor; padding-bottom: 5px; margin-top: 0; color: inherit; opacity: 0.8;'>Caracter\u00edsticas F\u00edsicas y El\u00e9ctricas<\/h3>\n<ul style='padding-left: 20px; font-size: 15px; color: inherit;'>\n<li style='margin-bottom: 5px;'><strong>Alimentaci\u00f3n:<\/strong> 12 Vcc \/ 6 W \/ PoE (802.3 af)<\/li>\n<li style='margin-bottom: 5px;'><strong>Temperatura de operaci\u00f3n:<\/strong> -30\u00b0C a 60\u00b0C \/ Humedad al 95% m\u00e1ximo<\/li>\n<li style='margin-bottom: 5px;'><strong>Uso:<\/strong> Exterior \/ IP67 \/ IK10<\/li>\n<li style='margin-bottom: 5px;'><strong>Dimensiones:<\/strong> 111 \u00d7 82 mm<\/li>\n<li style='margin-bottom: 5px;'><strong>Material:<\/strong> Pl\u00e1stico<\/li>\n<li style='margin-bottom: 5px;'><strong>Peso:<\/strong> 500 grs<\/li>\n<li style='margin-bottom: 5px;'><strong>Garant\u00eda:<\/strong> 1 a\u00f1o<\/li>\n<\/ul><\/div>\n<\/p><\/div>\n<div style='width: 100%; max-width: 1200px; margin: 30px auto 0;'> <img style='width: 100%; height: auto; border: 1px solid rgba(150&comma;150&comma;150&comma;0.3); border-radius: 8px;' src='http:\/\/ftp3.syscom.mx\/usuarios\/emendoza\/elesbanmch\/HIKVISON\/IMAGENES\/banner_hilook.jpg' alt=''> <\/div>\n<\/p><\/div>\n","protected":false},"excerpt":{"rendered":"<p>HiLook Series \/ Domo IP 2 Megapixel \/ 30 mts IR \/ Exterior IP67 \/ Antivand\u00e1lica IK10 \/ dWDR \/ PoE \/ Lente 2.8 mm<\/p>\n","protected":false},"featured_media":114606,"comment_status":"open","ping_status":"closed","template":"","meta":[],"product_brand":[],"product_cat":[2056],"product_tag":[122,2057,54],"class_list":{"0":"post-114607","1":"product","2":"type-product","3":"status-publish","4":"has-post-thumbnail","6":"product_cat-domo-eyeball-turret","7":"product_tag-camaras-ip-y-nvrs","8":"product_tag-domo-eyeball-turret","9":"product_tag-hikvision","11":"first","12":"outofstock","13":"sale","14":"shipping-taxable","15":"purchasable","16":"product-type-simple"},"_links":{"self":[{"href":"https:\/\/soydeaqui.ddns.net\/pachuca\/index.php\/wp-json\/wp\/v2\/product\/114607","targetHints":{"allow":["GET"]}}],"collection":[{"href":"https:\/\/soydeaqui.ddns.net\/pachuca\/index.php\/wp-json\/wp\/v2\/product"}],"about":[{"href":"https:\/\/soydeaqui.ddns.net\/pachuca\/index.php\/wp-json\/wp\/v2\/types\/product"}],"replies":[{"embeddable":true,"href":"https:\/\/soydeaqui.ddns.net\/pachuca\/index.php\/wp-json\/wp\/v2\/comments?post=114607"}],"wp:featuredmedia":[{"embeddable":true,"href":"https:\/\/soydeaqui.ddns.net\/pachuca\/index.php\/wp-json\/wp\/v2\/media\/114606"}],"wp:attachment":[{"href":"https:\/\/soydeaqui.ddns.net\/pachuca\/index.php\/wp-json\/wp\/v2\/media?parent=114607"}],"wp:term":[{"taxonomy":"product_brand","embeddable":true,"href":"https:\/\/soydeaqui.ddns.net\/pachuca\/index.php\/wp-json\/wp\/v2\/product_brand?post=114607"},{"taxonomy":"product_cat","embeddable":true,"href":"https:\/\/soydeaqui.ddns.net\/pachuca\/index.php\/wp-json\/wp\/v2\/product_cat?post=114607"},{"taxonomy":"product_tag","embeddable":true,"href":"https:\/\/soydeaqui.ddns.net\/pachuca\/index.php\/wp-json\/wp\/v2\/product_tag?post=114607"}],"curies":[{"name":"wp","href":"https:\/\/api.w.org\/{rel}","templated":true}]}}