{"id":114594,"date":"2026-03-20T23:45:43","date_gmt":"2026-03-20T23:45:43","guid":{"rendered":"https:\/\/soydeaqui.ddns.net\/pachuca\/index.php\/producto\/fuente-de-poder-profesional-para-domos-ptz-de-24-vca-7a-exterior-voltaje-de-entrada-de-127-vca\/"},"modified":"2026-03-20T23:45:54","modified_gmt":"2026-03-20T23:45:54","slug":"fuente-de-poder-profesional-para-domos-ptz-de-24-vca-7a-exterior-voltaje-de-entrada-de-127-vca","status":"publish","type":"product","link":"https:\/\/soydeaqui.ddns.net\/pachuca\/index.php\/producto\/fuente-de-poder-profesional-para-domos-ptz-de-24-vca-7a-exterior-voltaje-de-entrada-de-127-vca\/","title":{"rendered":"Fuente de Poder Profesional para Domos PTZ de 24 Vca@ 7A \/ Exterior \/ Voltaje de Entrada de 127 Vca."},"content":{"rendered":"<div style='width: 100%; max-width: 1200px; margin: 0 auto; font-family: sans-serif; line-height: 1.6; color: inherit; background-color: transparent;'>\n<div style='display: flex; flex-wrap: wrap; gap: 30px; margin-bottom: 30px;'>\n<div style='flex: 1 1 300px; min-width: 280px;'>\n<h3 style='font-size: 22px; border-bottom: 2px solid currentColor; padding-bottom: 5px; margin-top: 0; color: inherit; opacity: 0.8;'>Caracter\u00edsticas<\/h3>\n<ul style='padding-left: 20px; font-size: 15px; color: inherit;'>\n<li style='margin-bottom: 5px;'><strong>Voltaje de entrada:<\/strong> 127 Vac<\/li>\n<li style='margin-bottom: 5px;'><strong>Frecuencia:<\/strong> 60Hz<\/li>\n<li style='margin-bottom: 5px;'><strong>Protecci\u00f3n de entrada:<\/strong> Conmutaci\u00f3n frontal + Fusible<\/li>\n<li style='margin-bottom: 5px;'><strong>Potencia de salida:<\/strong> 24 Vca +\/- 5% @ 7Amp<\/li>\n<li style='margin-bottom: 5px;'><strong>Potencia total:<\/strong> 170W<\/li>\n<li style='margin-bottom: 5px;'><strong>Tipo de Fusible:<\/strong> Fusible electr\u00f3nico de 1 canal<\/li>\n<li style='margin-bottom: 5px;'><strong>Rango de el fusible:<\/strong> 7.5A<\/li>\n<li style='margin-bottom: 5px;'><strong>Peso:<\/strong> 4 KG<\/li>\n<li style='margin-bottom: 5px;'><strong>Dimensiones:<\/strong> 250 x 210 x90 (mm)<\/li>\n<li style='margin-bottom: 5px;'><strong>Certificaci\u00f3n:<\/strong> CE&comma; FCC<\/li>\n<\/ul><\/div>\n<\/p><\/div>\n<div style='display: flex; flex-wrap: wrap; gap: 30px; margin-bottom: 30px;'>\n<div style='flex: 1 1 300px; min-width: 280px;'>\n<h3 style='font-size: 22px; border-bottom: 2px solid currentColor; padding-bottom: 5px; margin-top: 0; color: inherit; opacity: 0.8;'>Protecci\u00f3n<\/h3>\n<ul style='padding-left: 20px; font-size: 15px; color: inherit;'>\n<li style='margin-bottom: 5px;'><strong>Resistente a la intemperie:<\/strong> IP 65<\/li>\n<li style='margin-bottom: 5px;'><strong>Protecci\u00f3n electr\u00f3nica de fusibles:<\/strong> Clasificaci\u00f3n 7.5A<\/li>\n<li style='margin-bottom: 5px;'><strong>Protecci\u00f3n contra cortocircuitos:<\/strong> Cuando se produce una condici\u00f3n breve&comma; el fusible PTC independiente abrir\u00e1 el circuito&comma; cuando se elimine la condici\u00f3n&comma; el fusible PTC autom\u00e1ticamente volver\u00e1 a cerrarse<\/li>\n<li style='margin-bottom: 5px;'><strong>Protecci\u00f3n de alta tensi\u00f3n:<\/strong> Cuando se produce un alto voltaje&comma; la protecci\u00f3n contra sobretensiones se activar\u00e1 para proteger el dispositivo conectado<\/li>\n<li style='margin-bottom: 5px;'><strong>Protecci\u00f3n contra sobrecorriente:<\/strong> Cuando ocurre sobrecorriente&comma; la fuente de alimentaci\u00f3n cambiar\u00e1 autom\u00e1ticamente al estado de autoprotecci\u00f3n&comma; cuando se elimine la condici\u00f3n&comma; luego volver\u00e1 a la normalidad<\/li>\n<\/ul><\/div>\n<\/p><\/div>\n<hr style='border: 0; border-top: 1px solid rgba(150&comma; 150&comma; 150&comma; 0.3); margin: 30px 0;'> <\/div>\n","protected":false},"excerpt":{"rendered":"<p>Fuente de Poder Profesional para Domos PTZ de 24 Vca@ 7A \/ Exterior \/ Voltaje de Entrada de 127 Vca.<\/p>\n","protected":false},"featured_media":114593,"comment_status":"open","ping_status":"closed","template":"","meta":[],"product_brand":[],"product_cat":[1103],"product_tag":[142,454,457],"class_list":{"0":"post-114594","1":"product","2":"type-product","3":"status-publish","4":"has-post-thumbnail","6":"product_cat-fuentes-de-alimentacion-energia-videovigilancia","7":"product_tag-energia","8":"product_tag-epcom-powerline","9":"product_tag-fuentes-de-alimentacion","11":"first","12":"instock","13":"sale","14":"shipping-taxable","15":"purchasable","16":"product-type-simple"},"_links":{"self":[{"href":"https:\/\/soydeaqui.ddns.net\/pachuca\/index.php\/wp-json\/wp\/v2\/product\/114594","targetHints":{"allow":["GET"]}}],"collection":[{"href":"https:\/\/soydeaqui.ddns.net\/pachuca\/index.php\/wp-json\/wp\/v2\/product"}],"about":[{"href":"https:\/\/soydeaqui.ddns.net\/pachuca\/index.php\/wp-json\/wp\/v2\/types\/product"}],"replies":[{"embeddable":true,"href":"https:\/\/soydeaqui.ddns.net\/pachuca\/index.php\/wp-json\/wp\/v2\/comments?post=114594"}],"wp:featuredmedia":[{"embeddable":true,"href":"https:\/\/soydeaqui.ddns.net\/pachuca\/index.php\/wp-json\/wp\/v2\/media\/114593"}],"wp:attachment":[{"href":"https:\/\/soydeaqui.ddns.net\/pachuca\/index.php\/wp-json\/wp\/v2\/media?parent=114594"}],"wp:term":[{"taxonomy":"product_brand","embeddable":true,"href":"https:\/\/soydeaqui.ddns.net\/pachuca\/index.php\/wp-json\/wp\/v2\/product_brand?post=114594"},{"taxonomy":"product_cat","embeddable":true,"href":"https:\/\/soydeaqui.ddns.net\/pachuca\/index.php\/wp-json\/wp\/v2\/product_cat?post=114594"},{"taxonomy":"product_tag","embeddable":true,"href":"https:\/\/soydeaqui.ddns.net\/pachuca\/index.php\/wp-json\/wp\/v2\/product_tag?post=114594"}],"curies":[{"name":"wp","href":"https:\/\/api.w.org\/{rel}","templated":true}]}}