{"id":114581,"date":"2026-03-20T23:45:02","date_gmt":"2026-03-20T23:45:02","guid":{"rendered":"https:\/\/soydeaqui.ddns.net\/pachuca\/index.php\/producto\/poste-seccionado-de-3-metros-especializado-para-la-instalacion-de-videovigilancia-incluye-base-de-cimentacion-y-brazo-para-camara-ptz-color-negro\/"},"modified":"2026-03-20T23:45:07","modified_gmt":"2026-03-20T23:45:07","slug":"poste-seccionado-de-3-metros-especializado-para-la-instalacion-de-videovigilancia-incluye-base-de-cimentacion-y-brazo-para-camara-ptz-color-negro","status":"publish","type":"product","link":"https:\/\/soydeaqui.ddns.net\/pachuca\/index.php\/producto\/poste-seccionado-de-3-metros-especializado-para-la-instalacion-de-videovigilancia-incluye-base-de-cimentacion-y-brazo-para-camara-ptz-color-negro\/","title":{"rendered":"Poste Seccionado de 3 Metros \/ Especializado para la Instalaci\u00f3n de Videovigilancia \/ Incluye Base de Cimentaci\u00f3n y Brazo para C\u00e1mara PTZ \/ Color Negro"},"content":{"rendered":"<div style='width: 100%; max-width: 1200px; margin: 0 auto; font-family: sans-serif; line-height: 1.6; color: inherit; background-color: transparent;'>\n<div style='margin-bottom: 30px;'>\n<p style='font-weight: bold; margin: 0; color: inherit;'>Poste para instalaci\u00f3n profesional de c\u00e1maras&comma; el poste es seccionado para hacer m\u00e1s sencillo el transporte al sitio de instalaci\u00f3n&comma; as\u00ed como f\u00e1cil dicha instalaci\u00f3n. Soporte para c\u00e1maras PTZ compatible con todos los modelos de Hikvision o Epcom con montaje G 1-1\/2. Soporte para housing serie XGA9011. Sellos para evitar el ingreso de agua. Color negro.<\/p>\n<\/p><\/div>\n<div style='margin-bottom: 30px;'>\n<h3 style='font-size: 20px; border-bottom: 2px solid currentColor; padding-bottom: 5px; margin-top: 0; margin-bottom: 15px; color: inherit; opacity: 0.8;'>Caracter\u00edsticas<\/h3>\n<ul style='padding-left: 20px; margin: 0; font-size: 15px; color: inherit;'>\n<li style='margin-bottom: 5px;'>Altura total <strong style='color: inherit;'>3 m<\/strong>.<\/li>\n<li style='margin-bottom: 5px;'>Tres secciones de poste&comma; cada uno de 1 m.<\/li>\n<li style='margin-bottom: 5px;'>Secciones 1-2 superiores con un di\u00e1metro en secci\u00f3n 75mm y un espesor de pared de 2mm.<\/li>\n<li style='margin-bottom: 5px;'>Tercera secci\u00f3n (base) con un di\u00e1metro de 114 mm un espesor de pared de 2 mm.<\/li>\n<li style='margin-bottom: 5px;'>Cada secci\u00f3n del poste est\u00e1 equipada con un anillo a prueba de agua y con tuerca de ajuste.<\/li>\n<li style='margin-bottom: 5px;'>Puerto de acceso a poste: Tapa de conexiones inferior de 120mm * 86mm con una tapa 156mm * 86mm de largo.<\/li>\n<li style='margin-bottom: 5px;'>Soporte de c\u00e1mara PTZ: longitud 300mm&comma; altura 200mm&comma; di\u00e1metro 48.5mm&comma; espesor de pared 2mm.<\/li>\n<li style='margin-bottom: 5px;'>Soporte de la c\u00e1mara: Se forma un orificio de 18 mm de di\u00e1metro en la parte inferior a 300 mm de largo del soporte&comma; donde una base transversal cuadrada de 100 x 120 mm est\u00e1 soldada para fijar el gabinete.<\/li>\n<li style='margin-bottom: 5px;'>Base: Disco de 330 mm di\u00e1metro&comma; 12mm de ancho&comma; 4 agujeros de 22mm.<\/li>\n<li style='margin-bottom: 5px;'>Pararrayos: Parte superior del soporte con un di\u00e1metro de 8mm&comma; altura de 300mm.<\/li>\n<li style='margin-bottom: 5px;'>Material: Acero rolado en fr\u00edo.<\/li>\n<\/ul><\/div>\n<div style='margin-bottom: 30px;'>\n<h3 style='font-size: 20px; border-bottom: 2px solid currentColor; padding-bottom: 5px; margin-top: 0; margin-bottom: 15px; color: inherit; opacity: 0.8;'>Sistema de Tierra F\u00edsica Recomendada (No incluido)<\/h3>\n<p style='margin: 0 0 15px; color: inherit;'>Kit de puesta a tierra LinkedPro&comma; para protecci\u00f3n de hasta 30 A.<\/p>\n<div style='display: flex; flex-wrap: wrap; gap: 15px; margin-bottom: 20px;'>\n<div style='flex: 1 1 100px; min-width: 100px; font-size: 14px; color: inherit;'><strong style='color: inherit;'>Cantidad:<\/strong> 1<\/div>\n<div style='flex: 1 1 150px; min-width: 150px; font-size: 14px; color: inherit;'><strong style='color: inherit;'>Modelo:<\/strong> <span style='color: #005cb9;'>LP-GROUND30A-KIT<\/span><\/div>\n<div style='flex: 3 1 200px; min-width: 200px; font-size: 14px; color: inherit;'>Kit de puesta a tierra LinkedPro&comma; para protecci\u00f3n de hasta 30 A.<\/div>\n<\/p><\/div>\n<p style='margin: 15px 0; color: inherit;'>* Se recomienda el uso de cable de cobre forrado cal. 4 AWG (<span style='color: #005cb9;'>SLY-287-GRN<\/span>) para aterrizaje del electrodo hasta la barra. Para equipos se puede utilizar cal. 6 AWG (<span style='color: #005cb9;'>SLY-291-GRN<\/span>).<\/p>\n<\/p><\/div>\n<div style='margin-bottom: 30px;'>\n<h3 style='font-size: 20px; border-bottom: 2px solid currentColor; padding-bottom: 5px; margin-top: 0; margin-bottom: 15px; color: inherit; opacity: 0.8;'>Sistema de Pararrayos B\u00e1sico Recomendado (No incluido)<\/h3>\n<div style='display: flex; flex-wrap: wrap; gap: 15px; margin-bottom: 15px;' class='pararrayos-item'>\n<div style='flex: 1 1 100px; min-width: 100px; font-size: 14px; color: inherit;'><strong style='color: inherit;'>Cantidad:<\/strong> 1<\/div>\n<div style='flex: 1 1 150px; min-width: 150px; font-size: 14px; color: inherit;'><strong style='color: inherit;'>Modelo:<\/strong> <span style='color: #005cb9;'>LP-DIPOLO-ALU<\/span><\/div>\n<div style='flex: 3 1 200px; min-width: 200px; font-size: 14px; color: inherit;'>Punta Pararrayo con M\u00e1stil de Aluminio<\/div>\n<\/p><\/div>\n<div style='display: flex; flex-wrap: wrap; gap: 15px; margin-bottom: 15px;' class='pararrayos-item'>\n<div style='flex: 1 1 100px; min-width: 100px; font-size: 14px; color: inherit;'><strong style='color: inherit;'>Cantidad:<\/strong> 1<\/div>\n<div style='flex: 1 1 150px; min-width: 150px; font-size: 14px; color: inherit;'><strong style='color: inherit;'>Modelo:<\/strong> <span style='color: #005cb9;'>LP-GROUND-30A<\/span><\/div>\n<div style='flex: 3 1 200px; min-width: 200px; font-size: 14px; color: inherit;'>Electrodo de 30Amp. Con un saco de compuesto mejorador de terreno.<\/div>\n<\/p><\/div>\n<div style='display: flex; flex-wrap: wrap; gap: 15px; margin-bottom: 15px;' class='pararrayos-item'>\n<div style='flex: 1 1 100px; min-width: 100px; font-size: 14px; color: inherit;'><strong style='color: inherit;'>Cantidad:<\/strong> 1<\/div>\n<div style='flex: 1 1 150px; min-width: 150px; font-size: 14px; color: inherit;'><strong style='color: inherit;'>Modelo:<\/strong> <span style='color: #005cb9;'>LP-REGISTRO-7<\/span><\/div>\n<div style='flex: 3 1 200px; min-width: 200px; font-size: 14px; color: inherit;'>Registro pl\u00e1stico chico.<\/div>\n<\/p><\/div>\n<div style='display: flex; flex-wrap: wrap; gap: 15px; margin-bottom: 15px;' class='pararrayos-item'>\n<div style='flex: 1 1 100px; min-width: 100px; font-size: 14px; color: inherit;'><strong style='color: inherit;'>Cantidad:<\/strong> 3<\/div>\n<div style='flex: 1 1 150px; min-width: 150px; font-size: 14px; color: inherit;'><strong style='color: inherit;'>Modelo:<\/strong> <span style='color: #005cb9;'>LP-CB-20<\/span><\/div>\n<div style='flex: 3 1 200px; min-width: 200px; font-size: 14px; color: inherit;'>Conector de Ojo.<\/div>\n<\/p><\/div>\n<div style='display: flex; flex-wrap: wrap; gap: 15px; margin-bottom: 20px;' class='pararrayos-item'>\n<div style='flex: 1 1 100px; min-width: 100px; font-size: 14px; color: inherit;'><strong style='color: inherit;'>Cantidad:<\/strong> 2<\/div>\n<div style='flex: 1 1 150px; min-width: 150px; font-size: 14px; color: inherit;'><strong style='color: inherit;'>Modelo:<\/strong> <span style='color: #005cb9;'>LP-CV-20<\/span><\/div>\n<div style='flex: 3 1 200px; min-width: 200px; font-size: 14px; color: inherit;'>Conector para Varilla.<\/div>\n<\/p><\/div>\n<p style='margin: 0 0 15px; color: inherit;'>*La punta tipo dipolo ofrece un cono de protecci\u00f3n de 72\u00b0 debajo del serpent\u00edn. Se recomienda para zonas de baja incidencia de rayos.<\/p>\n<p style='margin: 0; color: inherit;'>*Se recomienda cable de cobre calibre 1\/0 para realizar la integraci\u00f3n (<span style='color: #005cb9;'>SLY-343-BLK<\/span>)<\/p>\n<\/p><\/div>\n<div style='margin-bottom: 30px;'>\n<p style='font-weight: bold; margin: 0; color: inherit;'>Contemplar para el env\u00edo el peso neto del producto (Poste&comma; accesorios y huacal de madera): 53.5 Kg<\/p>\n<\/p><\/div>\n<div style='margin-bottom: 30px;'> <img style='width: 100%; height: auto; border: 1px solid rgba(150&comma;150&comma;150&comma;0.3); border-radius: 8px;' src='https:\/\/ftp3.syscom.mx\/usuarios\/jmolinar\/JonathanMolinar\/CajasDconexionYmontajes\/imagenes\/PiecesXGAPOLE-esp.jpg' alt=''> <\/div>\n<\/p><\/div>\n","protected":false},"excerpt":{"rendered":"<p>Poste Seccionado de 3 Metros \/ Especializado para la Instalaci\u00f3n de Videovigilancia \/ Incluye Base de Cimentaci\u00f3n y Brazo para C\u00e1mara PTZ \/ Color Negro<\/p>\n","protected":false},"featured_media":114580,"comment_status":"open","ping_status":"closed","template":"","meta":[],"product_brand":[],"product_cat":[416],"product_tag":[417,418,939],"class_list":{"0":"post-114581","1":"product","2":"type-product","3":"status-publish","4":"has-post-thumbnail","6":"product_cat-montajes-y-brackets-para-camaras","7":"product_tag-accesorios-generales","8":"product_tag-montajes-y-brackets-para-camaras","9":"product_tag-syscom-video","11":"first","12":"instock","13":"sale","14":"shipping-taxable","15":"purchasable","16":"product-type-simple"},"_links":{"self":[{"href":"https:\/\/soydeaqui.ddns.net\/pachuca\/index.php\/wp-json\/wp\/v2\/product\/114581","targetHints":{"allow":["GET"]}}],"collection":[{"href":"https:\/\/soydeaqui.ddns.net\/pachuca\/index.php\/wp-json\/wp\/v2\/product"}],"about":[{"href":"https:\/\/soydeaqui.ddns.net\/pachuca\/index.php\/wp-json\/wp\/v2\/types\/product"}],"replies":[{"embeddable":true,"href":"https:\/\/soydeaqui.ddns.net\/pachuca\/index.php\/wp-json\/wp\/v2\/comments?post=114581"}],"wp:featuredmedia":[{"embeddable":true,"href":"https:\/\/soydeaqui.ddns.net\/pachuca\/index.php\/wp-json\/wp\/v2\/media\/114580"}],"wp:attachment":[{"href":"https:\/\/soydeaqui.ddns.net\/pachuca\/index.php\/wp-json\/wp\/v2\/media?parent=114581"}],"wp:term":[{"taxonomy":"product_brand","embeddable":true,"href":"https:\/\/soydeaqui.ddns.net\/pachuca\/index.php\/wp-json\/wp\/v2\/product_brand?post=114581"},{"taxonomy":"product_cat","embeddable":true,"href":"https:\/\/soydeaqui.ddns.net\/pachuca\/index.php\/wp-json\/wp\/v2\/product_cat?post=114581"},{"taxonomy":"product_tag","embeddable":true,"href":"https:\/\/soydeaqui.ddns.net\/pachuca\/index.php\/wp-json\/wp\/v2\/product_tag?post=114581"}],"curies":[{"name":"wp","href":"https:\/\/api.w.org\/{rel}","templated":true}]}}