{"id":114548,"date":"2026-03-20T23:43:08","date_gmt":"2026-03-20T23:43:08","guid":{"rendered":"https:\/\/soydeaqui.ddns.net\/pachuca\/index.php\/producto\/kit-de-transceptores-baluns-para-exterior-turbohd-hasta-4k-hd-tvi-hd-cvi-ahd-cvbs-coaxitron-audio-por-coaxitron-menu-osd-conectores-100-cobre-con-cable-rf-blindado-distancia-de-has\/"},"modified":"2026-03-20T23:43:33","modified_gmt":"2026-03-20T23:43:33","slug":"kit-de-transceptores-baluns-para-exterior-turbohd-hasta-4k-hd-tvi-hd-cvi-ahd-cvbs-coaxitron-audio-por-coaxitron-menu-osd-conectores-100-cobre-con-cable-rf-blindado-distancia-de-has","status":"publish","type":"product","link":"https:\/\/soydeaqui.ddns.net\/pachuca\/index.php\/producto\/kit-de-transceptores-baluns-para-exterior-turbohd-hasta-4k-hd-tvi-hd-cvi-ahd-cvbs-coaxitron-audio-por-coaxitron-menu-osd-conectores-100-cobre-con-cable-rf-blindado-distancia-de-has\/","title":{"rendered":"Kit de Transceptores (Baluns) para EXTERIOR TurboHD Hasta 4K HD-TVI \/ HD-CVI \/ AHD \/ CVBS \/ COAXITRON \/ AUDIO POR COAXITRON  \/ Menu OSD \/ CONECTORES 100% COBRE \/ Con Cable RF Blindado. Distancia de hasta 200 m en 4K. Calidad PREMIUM"},"content":{"rendered":"<div style='width: 100%; max-width: 1200px; margin: 0 auto; font-family: sans-serif; line-height: 1.6; color: inherit; background-color: transparent;'> <!-- Aviso --> <\/p>\n<div style='text-align: center; margin: 20px 0;'>\n<h1 style='font-size: 24px; color: inherit; margin: 5px 0;'>TT-101-F-TURBO-EXT<\/h1>\n<h3 style='font-size: 18px; color: inherit; margin: 5px 0;'>Kit de Transceptores<\/h3>\n<p style='margin: 10px 70px 50px 70px; font-size: 14px; color: inherit;'> AVISO: <a href='http:\/\/soporte.syscom.mx\/es\/articles\/1557058-instalacion-correcta-de-transceptores-para-exterior-tt101fturboext' target='_blank' rel='noopener' style='color: inherit; text-decoration: underline;'>Aseg\u00farese utilizar cinta en los conectores<\/a> <\/p>\n<p style='margin: 10px 70px 50px 70px; font-size: 14px; color: inherit;'> BNC Conectores 100% Cobre &#8211; Competidores utilizan Aleaci\u00f3n de Zinc. Los conectores de Cobre ofrecen mayor conductividad&comma; mejor desempe\u00f1o en altas frecuencias (Video HD y largas distancias) y mucho menor atenuaci\u00f3n <\/p>\n<\/p><\/div>\n<p> <!-- Secci\u00f3n de caracter\u00edsticas con cards --> <\/p>\n<div style='display: flex; flex-wrap: wrap; gap: 30px; margin-bottom: 30px;'> <!-- Caracter\u00edsticas --> <\/p>\n<div style='flex: 1 1 300px; min-width: 280px;'>\n<div style='border: 1px solid rgba(150&comma; 150&comma; 150&comma; 0.3); border-radius: 8px; overflow: hidden;'>\n<div style='padding: 15px; border-bottom: 1px solid rgba(150&comma; 150&comma; 150&comma; 0.2); background-color: #eee; color: inherit;'> <img style='width: 100%; height: auto; border: 1px solid rgba(150&comma;150&comma;150&comma;0.3); border-radius: 8px;' src='http:\/\/ftp3.syscom.mx\/usuarios\/hallende\/FolkTitanium\/TT-101-F-TURBO-EXT\/TT101FTURBOEXT.png' alt=''> <\/div>\n<div style='padding: 15px;'>\n<h3 style='font-size: 20px; border-bottom: 2px solid #DF001D; padding-bottom: 5px; margin-top: 0; color: inherit;'>Caracter\u00edsticas<\/h3>\n<ul style='padding-left: 20px; font-size: 14px; color: inherit;'>\n<li style='margin-bottom: 5px;'>Cable Blindado RF Real<\/li>\n<li style='margin-bottom: 5px;'>El cable RF blindado ofrece mayor inmunidad a ruido<\/li>\n<li style='margin-bottom: 5px;'>Kit de transceptores pasivos TURBOHD<\/li>\n<li style='margin-bottom: 5px;'>Transmisi\u00f3n en tiempo real por cable UTP cat 5e\/6<\/li>\n<li style='margin-bottom: 5px;'>No requieren alimentaci\u00f3n<\/li>\n<li style='margin-bottom: 5px;'>Formatos de video compatibles NTSC&comma; PAL&comma; SECAM<\/li>\n<li style='margin-bottom: 5px;'>Compatibles con c\u00e1maras an\u00e1logas \/ TurboHD (TVI)<\/li>\n<li style='margin-bottom: 5px;'>Protecci\u00f3n interconstruida contra sobretensi\u00f3n<\/li>\n<li style='margin-bottom: 5px;'>Dise\u00f1o de filtro de onda anti-est\u00e1tico<\/li>\n<li style='margin-bottom: 5px;'>Inmunidad al ruido de 60 dB<\/li>\n<\/ul><\/div>\n<\/p><\/div>\n<\/p><\/div>\n<p> <!-- Especificaciones F\u00edsicas --> <\/p>\n<div style='flex: 1 1 300px; min-width: 280px;'>\n<div style='border: 1px solid rgba(150&comma; 150&comma; 150&comma; 0.3); border-radius: 8px; overflow: hidden;'>\n<div style='padding: 15px; border-bottom: 1px solid rgba(150&comma; 150&comma; 150&comma; 0.2); background-color: #eee; color: inherit;'> <img style='width: 100%; height: auto; border: 1px solid rgba(150&comma;150&comma;150&comma;0.3); border-radius: 8px;' src='http:\/\/ftp3.syscom.mx\/usuarios\/hallende\/FolkTitanium\/TT-101-F-TURBO-EXT\/TT101FTURBOEXT.png' alt=''> <\/div>\n<div style='padding: 15px;'>\n<h3 style='font-size: 20px; border-bottom: 2px solid #DF001D; padding-bottom: 5px; margin-top: 0; color: inherit;'>Especificaciones F\u00edsicas<\/h3>\n<ul style='padding-left: 20px; font-size: 14px; color: inherit;'>\n<li style='margin-bottom: 5px;'>Conectores macho en BNC<\/li>\n<li style='margin-bottom: 5px;'>Terminales tipo pin para cable UTP<\/li>\n<li style='margin-bottom: 5px;'>Impedancia 75 ohms<\/li>\n<li style='margin-bottom: 5px;'>Color: Negro<\/li>\n<li style='margin-bottom: 5px;'>Temperatura de operaci\u00f3n: -20\u00b0C a 70\u00b0C<\/li>\n<li style='margin-bottom: 5px;'>Dimensiones (L x W x H): 35.1 x 16.7 x 18.7 mm<\/li>\n<li style='margin-bottom: 5px;'>Peso: 40 gramos<\/li>\n<\/ul><\/div>\n<\/p><\/div>\n<\/p><\/div>\n<p> <!-- Aplicaciones --> <\/p>\n<div style='flex: 1 1 300px; min-width: 280px;'>\n<div style='border: 1px solid rgba(150&comma; 150&comma; 150&comma; 0.3); border-radius: 8px; overflow: hidden;'>\n<div style='padding: 15px; border-bottom: 1px solid rgba(150&comma; 150&comma; 150&comma; 0.2); background-color: #eee; color: inherit;'> <img style='width: 100%; height: auto; border: 1px solid rgba(150&comma;150&comma;150&comma;0.3); border-radius: 8px;' src='http:\/\/ftp3.syscom.mx\/usuarios\/hallende\/FolkTitanium\/TT-101-F-TURBO-EXT\/TT101FTURBOEXT.png' alt=''> <\/div>\n<div style='padding: 15px;'>\n<h3 style='font-size: 20px; border-bottom: 2px solid #DF001D; padding-bottom: 5px; margin-top: 0; color: inherit;'>Aplicaciones<\/h3>\n<ul style='padding-left: 20px; font-size: 14px; color: inherit;'>\n<li style='margin-bottom: 5px;'>Sistemas de monitoreo y grabaci\u00f3n de CCTV<\/li>\n<li style='margin-bottom: 5px;'>Transmisi\u00f3n de 200 metros HD-TVI 5MP<\/li>\n<li style='margin-bottom: 5px;'>Transmisi\u00f3n de 150 metros HD en 4K<\/li>\n<\/ul><\/div>\n<\/p><\/div>\n<\/p><\/div>\n<\/p><\/div>\n<p> <!-- Imagen final --> <\/p>\n<div style='margin: 30px 0;'> <img style='width: 100%; height: auto; border: 1px solid rgba(150&comma;150&comma;150&comma;0.3); border-radius: 8px;' src='http:\/\/ftp3.syscom.mx\/usuarios\/maguilar\/EpcomTitanium\/DISTANCIA-DE-TRANSCEPTORES-ES.jpg' alt=''> <\/div>\n<p> <!-- Precio --> <\/p>\n<div style='margin-top: 30px; font-size: 14px; color: inherit;'>\n<p><strong>*Precio por Kit<\/strong><\/p>\n<\/p><\/div>\n<\/p><\/div>\n","protected":false},"excerpt":{"rendered":"<p>Kit de Transceptores (Baluns) para EXTERIOR TurboHD Hasta 4K HD-TVI \/ HD-CVI \/ AHD \/ CVBS \/ COAXITRON \/ AUDIO POR COAXITRON  \/ Menu OSD \/ CONECTORES 100% COBRE \/ Con Cable RF Blindado. Distancia de hasta 200 m en 4K. Calidad PREMIUM<\/p>\n","protected":false},"featured_media":114547,"comment_status":"open","ping_status":"closed","template":"","meta":[],"product_brand":[],"product_cat":[2327],"product_tag":[417,507,2328],"class_list":{"0":"post-114548","1":"product","2":"type-product","3":"status-publish","4":"has-post-thumbnail","6":"product_cat-transceptores-de-video","7":"product_tag-accesorios-generales","8":"product_tag-epcom-titanium","9":"product_tag-transceptores-de-video","11":"first","12":"instock","13":"sale","14":"shipping-taxable","15":"purchasable","16":"product-type-simple"},"_links":{"self":[{"href":"https:\/\/soydeaqui.ddns.net\/pachuca\/index.php\/wp-json\/wp\/v2\/product\/114548","targetHints":{"allow":["GET"]}}],"collection":[{"href":"https:\/\/soydeaqui.ddns.net\/pachuca\/index.php\/wp-json\/wp\/v2\/product"}],"about":[{"href":"https:\/\/soydeaqui.ddns.net\/pachuca\/index.php\/wp-json\/wp\/v2\/types\/product"}],"replies":[{"embeddable":true,"href":"https:\/\/soydeaqui.ddns.net\/pachuca\/index.php\/wp-json\/wp\/v2\/comments?post=114548"}],"wp:featuredmedia":[{"embeddable":true,"href":"https:\/\/soydeaqui.ddns.net\/pachuca\/index.php\/wp-json\/wp\/v2\/media\/114547"}],"wp:attachment":[{"href":"https:\/\/soydeaqui.ddns.net\/pachuca\/index.php\/wp-json\/wp\/v2\/media?parent=114548"}],"wp:term":[{"taxonomy":"product_brand","embeddable":true,"href":"https:\/\/soydeaqui.ddns.net\/pachuca\/index.php\/wp-json\/wp\/v2\/product_brand?post=114548"},{"taxonomy":"product_cat","embeddable":true,"href":"https:\/\/soydeaqui.ddns.net\/pachuca\/index.php\/wp-json\/wp\/v2\/product_cat?post=114548"},{"taxonomy":"product_tag","embeddable":true,"href":"https:\/\/soydeaqui.ddns.net\/pachuca\/index.php\/wp-json\/wp\/v2\/product_tag?post=114548"}],"curies":[{"name":"wp","href":"https:\/\/api.w.org\/{rel}","templated":true}]}}