{"id":114528,"date":"2026-03-20T23:41:56","date_gmt":"2026-03-20T23:41:56","guid":{"rendered":"https:\/\/soydeaqui.ddns.net\/pachuca\/index.php\/producto\/switch-poe-100-metros-poe-8-puertos-802-3af-at-132-5-w-10-100mbps-1-puerto-uplink\/"},"modified":"2026-03-20T23:42:03","modified_gmt":"2026-03-20T23:42:03","slug":"switch-poe-100-metros-poe-8-puertos-802-3af-at-132-5-w-10-100mbps-1-puerto-uplink","status":"publish","type":"product","link":"https:\/\/soydeaqui.ddns.net\/pachuca\/index.php\/producto\/switch-poe-100-metros-poe-8-puertos-802-3af-at-132-5-w-10-100mbps-1-puerto-uplink\/","title":{"rendered":"Switch PoE \/ 100 Metros PoE \/ 8 puertos 802.3af\/at ( 132.5 W ) 10\/100Mbps + 1 puerto Uplink"},"content":{"rendered":"<div style='width: 100%; max-width: 1200px; margin: 0 auto; font-family: sans-serif; line-height: 1.6; color: inherit; background-color: transparent;'> <!-- Secci\u00f3n de contenido con flex\/grid --> <\/p>\n<div style='display: flex; flex-wrap: wrap; gap: 30px; margin-bottom: 30px;'>\n<div style='flex: 1 1 300px; min-width: 280px;'>\n<h3 style='font-size: 22px; border-bottom: 2px solid currentColor; padding-bottom: 5px; margin-top: 0; color: inherit; opacity: 0.8;'>Descripci\u00f3n<\/h3>\n<p style='font-size: 15px; color: inherit; margin-bottom: 15px;'>Los switches EPCOM POWER LINE han sido dise\u00f1ados para video vigilancia y sistemas de cableado estructurado. De 4 y 8 puertos Ethernet de 100Mbps y 1 puerto de enlace ascendente de 100Mbps&comma; soportan la funci\u00f3n VLAN&comma; puede prevenir eficazmente todo el sistema de tormentas de transmisi\u00f3n para que la transferencia de datos sea m\u00e1s segura.<\/p>\n<\/p><\/div>\n<\/p><\/div>\n<p> <!-- Secci\u00f3n de aplicaciones --> <\/p>\n<div style='display: flex; flex-wrap: wrap; gap: 30px; margin-bottom: 30px;'>\n<div style='flex: 1 1 300px; min-width: 280px;'>\n<h3 style='font-size: 22px; border-bottom: 2px solid currentColor; padding-bottom: 5px; margin-top: 0; color: inherit; opacity: 0.8;'>Aplicaciones<\/h3>\n<ul style='padding-left: 20px; font-size: 15px; color: inherit;'>\n<li style='margin-bottom: 5px;'>Sistema de monitoreo de seguridad<\/li>\n<li style='margin-bottom: 5px;'>Sistema de ense\u00f1anza de redes multimedia<\/li>\n<li style='margin-bottom: 5px;'>Sistema de visualizaci\u00f3n de monitorizaci\u00f3n m\u00e9dica<\/li>\n<li style='margin-bottom: 5px;'>Sistema de control de automatizaci\u00f3n industrial<\/li>\n<li style='margin-bottom: 5px;'>Sistema bancario&comma; de valores e informaci\u00f3n financiera<\/li>\n<li style='margin-bottom: 5px;'>Monitoreo remoto del servidor de red<\/li>\n<li style='margin-bottom: 5px;'>Seguridad de tiendas departamentales<\/li>\n<li style='margin-bottom: 5px;'>Seguridad en casinos<\/li>\n<li style='margin-bottom: 5px;'>Hospitales&comma; Aeropuertos y bancos<\/li>\n<li style='margin-bottom: 5px;'>Campus escolares<\/li>\n<\/ul><\/div>\n<\/p><\/div>\n<p> <!-- Secci\u00f3n de especificaciones --> <\/p>\n<div style='display: flex; flex-wrap: wrap; gap: 20px; margin-bottom: 30px;'>\n<div style='flex: 1 1 250px; border: 1px solid rgba(150&comma; 150&comma; 150&comma; 0.4); border-radius: 8px; overflow: hidden; display: flex; flex-direction: column;'>\n<div style='padding: 15px; border-bottom: 1px solid rgba(150&comma; 150&comma; 150&comma; 0.2); font-weight: bold; font-size: 18px; color: inherit;'>Especificaciones<\/div>\n<div style='padding: 15px; color: inherit;'>\n<ul style='padding-left: 20px; margin: 0; font-size: 14px; list-style-type: disc;'>\n<li style='margin-bottom: 5px;'><strong>Puertos:<\/strong> 8 puertos de 10\/100 Mbps + 1 puerto Up-link<\/li>\n<li style='margin-bottom: 5px;'><strong>Soporte:<\/strong> M\u00e9todo End-Span<\/li>\n<li style='margin-bottom: 5px;'><strong>Dimensiones:<\/strong> 211 x 118 x 35 mm<\/li>\n<li style='margin-bottom: 5px;'><strong>Peso:<\/strong> 612 g<\/li>\n<\/ul><\/div>\n<\/p><\/div>\n<\/p><\/div>\n<p> <!-- Nota --> <\/p>\n<div style='margin-top: 20px;'>\n<p style='font-size: 14px; color: inherit; background-color: rgba(255&comma; 255&comma; 255&comma; 0.05); padding: 15px; border-left: 3px solid currentColor; margin: 0;'> <strong>Nota:<\/strong> Compatible con nuestras marcas en c\u00e1maras y domos IP&comma; para otras marcas&comma; consultar al departamento de ingenier\u00eda Seguridad. <\/p>\n<\/p><\/div>\n<p> <!-- Separador --> <\/p>\n<hr style='border: 0; border-top: 1px solid rgba(150&comma; 150&comma; 150&comma; 0.3); margin: 30px 0;'> <\/div>\n","protected":false},"excerpt":{"rendered":"<p>Switch PoE \/ 100 Metros PoE \/ 8 puertos 802.3af\/at ( 132.5 W ) 10\/100Mbps + 1 puerto Uplink<\/p>\n","protected":false},"featured_media":114527,"comment_status":"open","ping_status":"closed","template":"","meta":[],"product_brand":[],"product_cat":[1970],"product_tag":[507,664,1971],"class_list":{"0":"post-114528","1":"product","2":"type-product","3":"status-publish","4":"has-post-thumbnail","6":"product_cat-switches","7":"product_tag-epcom-titanium","8":"product_tag-networking","9":"product_tag-switches","11":"first","12":"outofstock","13":"sale","14":"shipping-taxable","15":"purchasable","16":"product-type-simple"},"_links":{"self":[{"href":"https:\/\/soydeaqui.ddns.net\/pachuca\/index.php\/wp-json\/wp\/v2\/product\/114528","targetHints":{"allow":["GET"]}}],"collection":[{"href":"https:\/\/soydeaqui.ddns.net\/pachuca\/index.php\/wp-json\/wp\/v2\/product"}],"about":[{"href":"https:\/\/soydeaqui.ddns.net\/pachuca\/index.php\/wp-json\/wp\/v2\/types\/product"}],"replies":[{"embeddable":true,"href":"https:\/\/soydeaqui.ddns.net\/pachuca\/index.php\/wp-json\/wp\/v2\/comments?post=114528"}],"wp:featuredmedia":[{"embeddable":true,"href":"https:\/\/soydeaqui.ddns.net\/pachuca\/index.php\/wp-json\/wp\/v2\/media\/114527"}],"wp:attachment":[{"href":"https:\/\/soydeaqui.ddns.net\/pachuca\/index.php\/wp-json\/wp\/v2\/media?parent=114528"}],"wp:term":[{"taxonomy":"product_brand","embeddable":true,"href":"https:\/\/soydeaqui.ddns.net\/pachuca\/index.php\/wp-json\/wp\/v2\/product_brand?post=114528"},{"taxonomy":"product_cat","embeddable":true,"href":"https:\/\/soydeaqui.ddns.net\/pachuca\/index.php\/wp-json\/wp\/v2\/product_cat?post=114528"},{"taxonomy":"product_tag","embeddable":true,"href":"https:\/\/soydeaqui.ddns.net\/pachuca\/index.php\/wp-json\/wp\/v2\/product_tag?post=114528"}],"curies":[{"name":"wp","href":"https:\/\/api.w.org\/{rel}","templated":true}]}}