{"id":114519,"date":"2026-03-20T23:41:22","date_gmt":"2026-03-20T23:41:22","guid":{"rendered":"https:\/\/soydeaqui.ddns.net\/pachuca\/index.php\/producto\/iluminador-ir-alta-potencia-cobertura-90-14-metros-de-iluminacion-real\/"},"modified":"2026-03-20T23:41:41","modified_gmt":"2026-03-20T23:41:41","slug":"iluminador-ir-alta-potencia-cobertura-90-14-metros-de-iluminacion-real","status":"publish","type":"product","link":"https:\/\/soydeaqui.ddns.net\/pachuca\/index.php\/producto\/iluminador-ir-alta-potencia-cobertura-90-14-metros-de-iluminacion-real\/","title":{"rendered":"Iluminador IR ALTA POTENCIA \/ Cobertura 90&deg; \/ 14 Metros de Iluminaci\u00f3n Real"},"content":{"rendered":"<div style='width: 100%; max-width: 1200px; margin: 0 auto; font-family: sans-serif; line-height: 1.6; color: inherit; background-color: transparent;'>\n<div style='display: flex; flex-wrap: wrap; gap: 30px; margin-bottom: 30px;'>\n<div style='flex: 1 1 300px; min-width: 280px;'> <img style='width: 100%; height: auto; border: 1px solid rgba(150&comma;150&comma;150&comma;0.3); border-radius: 8px; margin-bottom: 15px;' src='https:\/\/ftp3.syscom.mx\/usuarios\/anavarrete\/Iluminadores\/Hyperluxbanner.jpg' alt=''> <img style='width: 100%; height: auto; border: 1px solid rgba(150&comma;150&comma;150&comma;0.3); border-radius: 8px; margin-bottom: 15px;' src='https:\/\/ftp3.syscom.mx\/usuarios\/anavarrete\/Iluminadores\/Banner%20Hyperlux-2.jpg' alt=''> <\/div>\n<\/p><\/div>\n<div style='display: flex; flex-wrap: wrap; gap: 30px; margin-bottom: 30px;'>\n<div style='flex: 1 1 300px; min-width: 280px;'>\n<h3 style='font-size: 22px; border-bottom: 2px solid currentColor; padding-bottom: 5px; margin-top: 0; color: inherit; opacity: 0.8;'>Caracter\u00edsticas<\/h3>\n<ul style='padding-left: 20px; font-size: 15px; color: inherit;'>\n<li style='margin-bottom: 5px;'><strong>\u00c1ngulo de iluminaci\u00f3n:<\/strong> 90\u00ba<\/li>\n<li style='margin-bottom: 5px;'><strong>Rango m\u00e1ximo de iluminaci\u00f3n:<\/strong> 14 m.<\/li>\n<li style='margin-bottom: 5px;'><strong>Protecci\u00f3n:<\/strong> IP66<\/li>\n<li style='margin-bottom: 5px;'><strong>Longitud de onda:<\/strong> 850 nm<\/li>\n<li style='margin-bottom: 5px;'><strong>Montable:<\/strong> En pared<\/li>\n<\/ul><\/div>\n<div style='flex: 1 1 300px; min-width: 280px;'>\n<h3 style='font-size: 22px; border-bottom: 2px solid currentColor; padding-bottom: 5px; margin-top: 0; color: inherit; opacity: 0.8;'>Caracter\u00edsticas f\u00edsicas y el\u00e9ctricas<\/h3>\n<ul style='padding-left: 20px; font-size: 15px; color: inherit;'>\n<li style='margin-bottom: 5px;'><strong>Alimentaci\u00f3n:<\/strong> AC 110-220V<\/li>\n<li style='margin-bottom: 5px;'><strong>Peso:<\/strong> 0.7Kg<\/li>\n<li style='margin-bottom: 5px;'><strong>Dimensiones:<\/strong> 125 x 137 x 77 mm<\/li>\n<\/ul><\/div>\n<\/p><\/div>\n<div style='display: flex; flex-wrap: wrap; gap: 20px; margin-bottom: 30px;'>\n<div style='flex: 1 1 49%; min-width: 300px;'>\n<div style='position: relative; padding-bottom: 56.25%; height: 0; overflow: hidden; margin-bottom: 30px;'>   <\/div>\n<\/p><\/div>\n<div style='flex: 1 1 49%; min-width: 300px;'>\n<div style='position: relative; padding-bottom: 56.25%; height: 0; overflow: hidden; margin-bottom: 30px;'>   <\/div>\n<\/p><\/div>\n<\/p><\/div>\n<\/p><\/div>\n","protected":false},"excerpt":{"rendered":"<p>Iluminador IR ALTA POTENCIA \/ Cobertura 90&deg; \/ 14 Metros de Iluminaci\u00f3n Real<\/p>\n","protected":false},"featured_media":114518,"comment_status":"open","ping_status":"closed","template":"","meta":[],"product_brand":[],"product_cat":[2318],"product_tag":[417,2320,2319],"class_list":{"0":"post-114519","1":"product","2":"type-product","3":"status-publish","4":"has-post-thumbnail","6":"product_cat-iluminadores-ir-y-de-luz-blanca","7":"product_tag-accesorios-generales","8":"product_tag-hyperlux","9":"product_tag-iluminadores-ir-y-de-luz-blanca","11":"first","12":"outofstock","13":"sale","14":"shipping-taxable","15":"purchasable","16":"product-type-simple"},"_links":{"self":[{"href":"https:\/\/soydeaqui.ddns.net\/pachuca\/index.php\/wp-json\/wp\/v2\/product\/114519","targetHints":{"allow":["GET"]}}],"collection":[{"href":"https:\/\/soydeaqui.ddns.net\/pachuca\/index.php\/wp-json\/wp\/v2\/product"}],"about":[{"href":"https:\/\/soydeaqui.ddns.net\/pachuca\/index.php\/wp-json\/wp\/v2\/types\/product"}],"replies":[{"embeddable":true,"href":"https:\/\/soydeaqui.ddns.net\/pachuca\/index.php\/wp-json\/wp\/v2\/comments?post=114519"}],"wp:featuredmedia":[{"embeddable":true,"href":"https:\/\/soydeaqui.ddns.net\/pachuca\/index.php\/wp-json\/wp\/v2\/media\/114518"}],"wp:attachment":[{"href":"https:\/\/soydeaqui.ddns.net\/pachuca\/index.php\/wp-json\/wp\/v2\/media?parent=114519"}],"wp:term":[{"taxonomy":"product_brand","embeddable":true,"href":"https:\/\/soydeaqui.ddns.net\/pachuca\/index.php\/wp-json\/wp\/v2\/product_brand?post=114519"},{"taxonomy":"product_cat","embeddable":true,"href":"https:\/\/soydeaqui.ddns.net\/pachuca\/index.php\/wp-json\/wp\/v2\/product_cat?post=114519"},{"taxonomy":"product_tag","embeddable":true,"href":"https:\/\/soydeaqui.ddns.net\/pachuca\/index.php\/wp-json\/wp\/v2\/product_tag?post=114519"}],"curies":[{"name":"wp","href":"https:\/\/api.w.org\/{rel}","templated":true}]}}