{"id":114494,"date":"2026-03-20T23:40:02","date_gmt":"2026-03-20T23:40:02","guid":{"rendered":"https:\/\/soydeaqui.ddns.net\/pachuca\/index.php\/producto\/fisheye-6-megapixel-wdr-120db-ir-15m-ptz-digital-8x-video-analiticos-avanzados-proteccion-para-exterior-ip66-ik10-entrada-y-salida-de-audio-y-alarma\/"},"modified":"2026-03-20T23:40:08","modified_gmt":"2026-03-20T23:40:08","slug":"fisheye-6-megapixel-wdr-120db-ir-15m-ptz-digital-8x-video-analiticos-avanzados-proteccion-para-exterior-ip66-ik10-entrada-y-salida-de-audio-y-alarma","status":"publish","type":"product","link":"https:\/\/soydeaqui.ddns.net\/pachuca\/index.php\/producto\/fisheye-6-megapixel-wdr-120db-ir-15m-ptz-digital-8x-video-analiticos-avanzados-proteccion-para-exterior-ip66-ik10-entrada-y-salida-de-audio-y-alarma\/","title":{"rendered":"Fisheye 6 Megapixel \/ WDR 120dB \/ IR 15m \/ PTZ Digital 8X \/ Video Anal\u00edticos Avanzados \/ Proteccion para exterior IP66 \/ IK10 \/ Entrada y Salida de Audio y Alarma"},"content":{"rendered":"<div style='width: 100%; max-width: 1200px; margin: 0 auto; font-family: sans-serif; line-height: 1.6; color: inherit; background-color: transparent;'>\n<div style='display: flex; flex-wrap: wrap; gap: 30px; margin-bottom: 30px;'>\n<div style='flex: 1 1 300px; min-width: 280px;'>\n<h3 style='font-size: 22px; border-bottom: 2px solid currentColor; padding-bottom: 5px; margin-top: 0; color: inherit; opacity: 0.8;'>Caracter\u00edsticas de la c\u00e1mara<\/h3>\n<ul style='padding-left: 20px; font-size: 15px; color: inherit;'>\n<li style='margin-bottom: 5px;'>Sensor de imagen: 1\/1.8&#8242; 6M CMOS<\/li>\n<li style='margin-bottom: 5px;'>Iluminaci\u00f3n m\u00ednima: Color: 0.1 Lux (F1.6)&comma; B\/N: 0 Lux (IR LED Encendido)<\/li>\n<li style='margin-bottom: 5px;'>Velocidad del shutter: 2 ~ 1\/12&comma;000s<\/li>\n<li style='margin-bottom: 5px;'>D\u00eda \/ Noche real con filtro ICR<\/li>\n<li style='margin-bottom: 5px;'>Lente fijo: 1.6mm<\/li>\n<li style='margin-bottom: 5px;'>Distancia de IR: 15 m<\/li>\n<li style='margin-bottom: 5px;'>Funciones: WDR real (120dB) HLC&comma; BLC<\/li>\n<\/ul><\/div>\n<div style='flex: 1 1 300px; min-width: 280px;'>\n<h3 style='font-size: 22px; border-bottom: 2px solid currentColor; padding-bottom: 5px; margin-top: 0; color: inherit; opacity: 0.8;'>Video anal\u00edticos avanzados<\/h3>\n<ul style='padding-left: 20px; font-size: 15px; color: inherit;'>\n<li style='margin-bottom: 5px;'>Conteo de Personas&comma; Detecci\u00f3n de Direcci\u00f3n&comma; L\u00ednea Virtual&comma; Entrada\/Salida&comma; Aparici\u00f3n \/ Desaparici\u00f3n de Objetos&comma; Detecci\u00f3n de Audio&comma; Clasificaci\u00f3n de Audio&comma; Conteo de Personas&comma; Mapas de calor&comma; Administraci\u00f3n de Filas<\/li>\n<\/ul><\/div>\n<div style='flex: 1 1 300px; min-width: 280px;'>\n<h3 style='font-size: 22px; border-bottom: 2px solid currentColor; padding-bottom: 5px; margin-top: 0; color: inherit; opacity: 0.8;'>Compresi\u00f3n de video y resoluci\u00f3n m\u00e1xima<\/h3>\n<ul style='padding-left: 20px; font-size: 15px; color: inherit;'>\n<li style='margin-bottom: 5px;'>Compresi\u00f3n: H.265 \/ H.264 \/ MJPEG<\/li>\n<li style='margin-bottom: 5px;'>Resoluci\u00f3n m\u00e1xima: 3096 x 2094 (6MP)<\/li>\n<\/ul><\/div>\n<div style='flex: 1 1 300px; min-width: 280px;'>\n<h3 style='font-size: 22px; border-bottom: 2px solid currentColor; padding-bottom: 5px; margin-top: 0; color: inherit; opacity: 0.8;'>M\u00faltiples vistas<\/h3>\n<ul style='padding-left: 20px; font-size: 15px; color: inherit;'>\n<li style='margin-bottom: 5px;'>Fisheye&comma; Panorama Individual&comma; Panorama Doble&comma; Fisheye + 4 PTZ Vista Cu\u00e1druple&comma; Fisheye + 8PTZ<\/li>\n<\/ul><\/div>\n<div style='flex: 1 1 300px; min-width: 280px;'>\n<h3 style='font-size: 22px; border-bottom: 2px solid currentColor; padding-bottom: 5px; margin-top: 0; color: inherit; opacity: 0.8;'>Funciones de red y almacenamiento<\/h3>\n<ul style='padding-left: 20px; font-size: 15px; color: inherit;'>\n<li style='margin-bottom: 5px;'>Almacenamiento: Soporta 2 microSD de hasta 256GB (512GB max.)<\/li>\n<li style='margin-bottom: 5px;'>Soporta NAS<\/li>\n<li style='margin-bottom: 5px;'>ONVIF: Profile S&comma; Profile G&comma; SUNAPI<\/li>\n<\/ul><\/div>\n<div style='flex: 1 1 300px; min-width: 280px;'>\n<h3 style='font-size: 22px; border-bottom: 2px solid currentColor; padding-bottom: 5px; margin-top: 0; color: inherit; opacity: 0.8;'>Interfaces y Audio<\/h3>\n<ul style='padding-left: 20px; font-size: 15px; color: inherit;'>\n<li style='margin-bottom: 5px;'>Audio: 1 entrada y 1 salida<\/li>\n<li style='margin-bottom: 5px;'>Red: 1 puerto RJ45 10 \/ 100 Mbps<\/li>\n<li style='margin-bottom: 5px;'>Alarma: 1 entrada y 1 salida<\/li>\n<li style='margin-bottom: 5px;'>Micr\u00f3fono interconstruido<\/li>\n<li style='margin-bottom: 5px;'>Cuenta con salida de video BNC: 75 \u03a9\/BNC<\/li>\n<\/ul><\/div>\n<div style='flex: 1 1 300px; min-width: 280px;'>\n<h3 style='font-size: 22px; border-bottom: 2px solid currentColor; padding-bottom: 5px; margin-top: 0; color: inherit; opacity: 0.8;'>Caracter\u00edsticas f\u00edsicas y el\u00e9ctricas<\/h3>\n<ul style='padding-left: 20px; font-size: 15px; color: inherit;'>\n<li style='margin-bottom: 5px;'>Temperatura de operaci\u00f3n: -40 a 55 \u00b0C&comma; humedad menos de 90%<\/li>\n<li style='margin-bottom: 5px;'>Alimentaci\u00f3n: 12Vcc \/ PoE (802.3af) \/ 12W<\/li>\n<li style='margin-bottom: 5px;'>Protecci\u00f3n: Interior\/Exterior&comma; IP66&comma; IK10<\/li>\n<li style='margin-bottom: 5px;'>Dimensiones: 146 \u00d7 65.8mm<\/li>\n<li style='margin-bottom: 5px;'>Peso: 785gr<\/li>\n<\/ul><\/div>\n<div style='flex: 1 1 300px; min-width: 280px;'>\n<h3 style='font-size: 22px; border-bottom: 2px solid currentColor; padding-bottom: 5px; margin-top: 0; color: inherit; opacity: 0.8;'>Garant\u00eda<\/h3>\n<ul style='padding-left: 20px; font-size: 15px; color: inherit;'>\n<li style='margin-bottom: 5px;'>3 a\u00f1os<\/li>\n<\/ul><\/div>\n<\/p><\/div>\n<p> <!-- Secci\u00f3n de videos --> <\/p>\n<div style='display: flex; flex-wrap: wrap; gap: 20px; margin-bottom: 30px;'>\n<div style='flex: 1 1 400px; min-width: 300px;'>\n<div style='position: relative; padding-bottom: 56.25%; height: 0; overflow: hidden;'>   <\/div>\n<\/p><\/div>\n<div style='flex: 1 1 400px; min-width: 300px;'>\n<div style='position: relative; padding-bottom: 56.25%; height: 0; overflow: hidden;'>   <\/div>\n<\/p><\/div>\n<div style='flex: 1 1 400px; min-width: 300px;'>\n<div style='position: relative; padding-bottom: 56.25%; height: 0; overflow: hidden;'>   <\/div>\n<\/p><\/div>\n<div style='flex: 1 1 400px; min-width: 300px;'>\n<div style='position: relative; padding-bottom: 56.25%; height: 0; overflow: hidden;'>   <\/div>\n<\/p><\/div>\n<\/p><\/div>\n<p> <!-- Separador --> <\/p>\n<hr style='border: 0; border-top: 1px solid rgba(150&comma; 150&comma; 150&comma; 0.3); margin: 30px 0;'> <\/div>\n","protected":false},"excerpt":{"rendered":"<p>Fisheye 6 Megapixel \/ WDR 120dB \/ IR 15m \/ PTZ Digital 8X \/ Video Anal\u00edticos Avanzados \/ Proteccion para exterior IP66 \/ IK10 \/ Entrada y Salida de Audio y Alarma<\/p>\n","protected":false},"featured_media":114493,"comment_status":"open","ping_status":"closed","template":"","meta":[],"product_brand":[],"product_cat":[2248],"product_tag":[122,2249,1055],"class_list":{"0":"post-114494","1":"product","2":"type-product","3":"status-publish","4":"has-post-thumbnail","6":"product_cat-fisheye-y-hemisfericas","7":"product_tag-camaras-ip-y-nvrs","8":"product_tag-fisheye-y-hemisfericas","9":"product_tag-hanwha-vision","11":"first","12":"outofstock","13":"sale","14":"shipping-taxable","15":"purchasable","16":"product-type-simple"},"_links":{"self":[{"href":"https:\/\/soydeaqui.ddns.net\/pachuca\/index.php\/wp-json\/wp\/v2\/product\/114494","targetHints":{"allow":["GET"]}}],"collection":[{"href":"https:\/\/soydeaqui.ddns.net\/pachuca\/index.php\/wp-json\/wp\/v2\/product"}],"about":[{"href":"https:\/\/soydeaqui.ddns.net\/pachuca\/index.php\/wp-json\/wp\/v2\/types\/product"}],"replies":[{"embeddable":true,"href":"https:\/\/soydeaqui.ddns.net\/pachuca\/index.php\/wp-json\/wp\/v2\/comments?post=114494"}],"wp:featuredmedia":[{"embeddable":true,"href":"https:\/\/soydeaqui.ddns.net\/pachuca\/index.php\/wp-json\/wp\/v2\/media\/114493"}],"wp:attachment":[{"href":"https:\/\/soydeaqui.ddns.net\/pachuca\/index.php\/wp-json\/wp\/v2\/media?parent=114494"}],"wp:term":[{"taxonomy":"product_brand","embeddable":true,"href":"https:\/\/soydeaqui.ddns.net\/pachuca\/index.php\/wp-json\/wp\/v2\/product_brand?post=114494"},{"taxonomy":"product_cat","embeddable":true,"href":"https:\/\/soydeaqui.ddns.net\/pachuca\/index.php\/wp-json\/wp\/v2\/product_cat?post=114494"},{"taxonomy":"product_tag","embeddable":true,"href":"https:\/\/soydeaqui.ddns.net\/pachuca\/index.php\/wp-json\/wp\/v2\/product_tag?post=114494"}],"curies":[{"name":"wp","href":"https:\/\/api.w.org\/{rel}","templated":true}]}}