{"id":114492,"date":"2026-03-20T23:39:56","date_gmt":"2026-03-20T23:39:56","guid":{"rendered":"https:\/\/soydeaqui.ddns.net\/pachuca\/index.php\/producto\/camara-ip-bala-antivandalica-2-megapixel-extralux-lente-motorizado-4-1-16-4mm-ir-70m-wdr-150db-ip67-h-265-wisestream\/"},"modified":"2026-03-20T23:39:59","modified_gmt":"2026-03-20T23:39:59","slug":"camara-ip-bala-antivandalica-2-megapixel-extralux-lente-motorizado-4-1-16-4mm-ir-70m-wdr-150db-ip67-h-265-wisestream","status":"publish","type":"product","link":"https:\/\/soydeaqui.ddns.net\/pachuca\/index.php\/producto\/camara-ip-bala-antivandalica-2-megapixel-extralux-lente-motorizado-4-1-16-4mm-ir-70m-wdr-150db-ip67-h-265-wisestream\/","title":{"rendered":"C\u00e1mara IP Bala Antivand\u00e1lica 2 Megap\u00edxel \/ extraLUX \/ Lente Motorizado 4.1 &#8211; 16.4mm \/ IR 70M \/ WDR 150db \/ IP67 \/ H.265 &#038; WiseStream"},"content":{"rendered":"<div style='width: 100%; max-width: 1200px; margin: 0 auto; font-family: sans-serif; line-height: 1.6; color: inherit; background-color: transparent;'> <!-- Secci\u00f3n de caracter\u00edsticas --> <\/p>\n<div style='display: flex; flex-wrap: wrap; gap: 30px; margin-bottom: 30px;'>\n<div style='flex: 1 1 300px; min-width: 280px;'>\n<h3 style='font-size: 22px; border-bottom: 2px solid currentColor; padding-bottom: 5px; margin-top: 0; color: inherit; opacity: 0.8;'>Caracter\u00edsticas Principales<\/h3>\n<ul style='padding-left: 20px; font-size: 15px; color: inherit;'>\n<li style='margin-bottom: 5px;'>2MP (1920 x 1080)<\/li>\n<li style='margin-bottom: 5px;'>CMOS 1\/2&#8242;<\/li>\n<li style='margin-bottom: 5px;'> <strong>Iluminaci\u00f3n M\u00ednima:<\/strong>\n<ul style='padding-left: 20px; margin-top: 5px; margin-bottom: 5px;'>\n<li style='margin-bottom: 5px;'><strong>Color:<\/strong> 0.004 Lux<\/li>\n<li style='margin-bottom: 5px;'><strong>B\/W:<\/strong> 0 Lux (IR encendido)<\/li>\n<\/ul>\n<\/li>\n<li style='margin-bottom: 5px;'><strong>Compensaci\u00f3n de Luz:<\/strong> WDR 150dB&comma; BLC&comma; HLC<\/li>\n<li style='margin-bottom: 5px;'><strong>Compresi\u00f3n:<\/strong> H.265 &#038; WiseStream&comma; H.264&comma; MJPEG<\/li>\n<\/ul><\/div>\n<div style='flex: 1 1 300px; min-width: 280px;'>\n<h3 style='font-size: 22px; border-bottom: 2px solid currentColor; padding-bottom: 5px; margin-top: 0; color: inherit; opacity: 0.8;'>Caracter\u00edsticas de Red y Almacenamiento<\/h3>\n<ul style='padding-left: 20px; font-size: 15px; color: inherit;'>\n<li style='margin-bottom: 5px;'>ONVIF: Perfil S&comma; Perfil G y SUNAPI<\/li>\n<li style='margin-bottom: 5px;'>Soporta NAS<\/li>\n<\/ul><\/div>\n<div style='flex: 1 1 300px; min-width: 280px;'>\n<h3 style='font-size: 22px; border-bottom: 2px solid currentColor; padding-bottom: 5px; margin-top: 0; color: inherit; opacity: 0.8;'>Video anal\u00edticos<\/h3>\n<ul style='padding-left: 20px; font-size: 15px; color: inherit;'>\n<li style='margin-bottom: 5px;'>Manipulaci\u00f3n&comma; merodeo&comma; detecci\u00f3n direccional&comma; detecci\u00f3n de desenfoque&comma; detecci\u00f3n de empa\u00f1amiento&comma; l\u00ednea virtual&comma; entrada y salida&comma; (des)aparici\u00f3n&comma; detecci\u00f3n de audio&comma; detecci\u00f3n facial&comma; detecci\u00f3n de movimiento&comma; seguimiento autom\u00e1tico digital&comma; clasificaci\u00f3n de sonidos<\/li>\n<\/ul><\/div>\n<div style='flex: 1 1 300px; min-width: 280px;'>\n<h3 style='font-size: 22px; border-bottom: 2px solid currentColor; padding-bottom: 5px; margin-top: 0; color: inherit; opacity: 0.8;'>Interfaces<\/h3>\n<ul style='padding-left: 20px; font-size: 15px; color: inherit;'>\n<li style='margin-bottom: 5px;'><strong>Red:<\/strong> RJ45 10 \/ 100 Mbps<\/li>\n<li style='margin-bottom: 5px;'><strong>Almacenamiento:<\/strong> 2 tarjetas Micro SD\/SDHC\/SDXC de hasta 256GB cada una (No incluidas)<\/li>\n<li style='margin-bottom: 5px;'><strong>Entrada y Salida:<\/strong> Alarma \/ Audio<\/li>\n<\/ul><\/div>\n<div style='flex: 1 1 300px; min-width: 280px;'>\n<h3 style='font-size: 22px; border-bottom: 2px solid currentColor; padding-bottom: 5px; margin-top: 0; color: inherit; opacity: 0.8;'>Caracter\u00edsticas F\u00edsicas y El\u00e9ctricas<\/h3>\n<ul style='padding-left: 20px; font-size: 15px; color: inherit;'>\n<li style='margin-bottom: 5px;'><strong>Temperatura en Operaci\u00f3n:<\/strong> -40 a 55\u00baC<\/li>\n<li style='margin-bottom: 5px;'><strong>Fuente de Alimentaci\u00f3n:<\/strong> PoE (802.3af) \/ 24VAC \/ 12 VDC \/ M\u00e1x. 14.5W<\/li>\n<li style='margin-bottom: 5px;'><strong>Protecci\u00f3n:<\/strong> IK10&comma; IP67<\/li>\n<li style='margin-bottom: 5px;'><strong>Dimensiones:<\/strong> \u00d891.0 x 388.6 mm<\/li>\n<li style='margin-bottom: 5px;'><strong>Peso:<\/strong> 2.35 Kg<\/li>\n<\/ul><\/div>\n<div style='flex: 1 1 300px; min-width: 280px;'>\n<h3 style='font-size: 22px; border-bottom: 2px solid currentColor; padding-bottom: 5px; margin-top: 0; color: inherit; opacity: 0.8;'>Garant\u00eda<\/h3>\n<ul style='padding-left: 20px; font-size: 15px; color: inherit;'>\n<li style='margin-bottom: 5px;'>3 a\u00f1os<\/li>\n<\/ul><\/div>\n<\/p><\/div>\n<p> <!-- Separador --> <\/p>\n<hr style='border: 0; border-top: 1px solid rgba(150&comma; 150&comma; 150&comma; 0.3); margin: 30px 0;'> <\/div>\n","protected":false},"excerpt":{"rendered":"<p>C\u00e1mara IP Bala Antivand\u00e1lica 2 Megap\u00edxel \/ extraLUX \/ Lente Motorizado 4.1 &#8211; 16.4mm \/ IR 70M \/ WDR 150db \/ IP67 \/ H.265 &#038; WiseStream<\/p>\n","protected":false},"featured_media":114491,"comment_status":"open","ping_status":"closed","template":"","meta":[],"product_brand":[],"product_cat":[2323],"product_tag":[122,1055,2324],"class_list":{"0":"post-114492","1":"product","2":"type-product","3":"status-publish","4":"has-post-thumbnail","6":"product_cat-lente-motorizado","7":"product_tag-camaras-ip-y-nvrs","8":"product_tag-hanwha-vision","9":"product_tag-lente-motorizado","11":"first","12":"outofstock","13":"sale","14":"shipping-taxable","15":"purchasable","16":"product-type-simple"},"_links":{"self":[{"href":"https:\/\/soydeaqui.ddns.net\/pachuca\/index.php\/wp-json\/wp\/v2\/product\/114492","targetHints":{"allow":["GET"]}}],"collection":[{"href":"https:\/\/soydeaqui.ddns.net\/pachuca\/index.php\/wp-json\/wp\/v2\/product"}],"about":[{"href":"https:\/\/soydeaqui.ddns.net\/pachuca\/index.php\/wp-json\/wp\/v2\/types\/product"}],"replies":[{"embeddable":true,"href":"https:\/\/soydeaqui.ddns.net\/pachuca\/index.php\/wp-json\/wp\/v2\/comments?post=114492"}],"wp:featuredmedia":[{"embeddable":true,"href":"https:\/\/soydeaqui.ddns.net\/pachuca\/index.php\/wp-json\/wp\/v2\/media\/114491"}],"wp:attachment":[{"href":"https:\/\/soydeaqui.ddns.net\/pachuca\/index.php\/wp-json\/wp\/v2\/media?parent=114492"}],"wp:term":[{"taxonomy":"product_brand","embeddable":true,"href":"https:\/\/soydeaqui.ddns.net\/pachuca\/index.php\/wp-json\/wp\/v2\/product_brand?post=114492"},{"taxonomy":"product_cat","embeddable":true,"href":"https:\/\/soydeaqui.ddns.net\/pachuca\/index.php\/wp-json\/wp\/v2\/product_cat?post=114492"},{"taxonomy":"product_tag","embeddable":true,"href":"https:\/\/soydeaqui.ddns.net\/pachuca\/index.php\/wp-json\/wp\/v2\/product_tag?post=114492"}],"curies":[{"name":"wp","href":"https:\/\/api.w.org\/{rel}","templated":true}]}}