{"id":114489,"date":"2026-03-20T23:39:47","date_gmt":"2026-03-20T23:39:47","guid":{"rendered":"https:\/\/soydeaqui.ddns.net\/pachuca\/index.php\/producto\/camara-ip-profesional-2mp-extralux-wdr-150db-hlc-h-265-wisestream\/"},"modified":"2026-03-20T23:39:53","modified_gmt":"2026-03-20T23:39:53","slug":"camara-ip-profesional-2mp-extralux-wdr-150db-hlc-h-265-wisestream","status":"publish","type":"product","link":"https:\/\/soydeaqui.ddns.net\/pachuca\/index.php\/producto\/camara-ip-profesional-2mp-extralux-wdr-150db-hlc-h-265-wisestream\/","title":{"rendered":"C\u00e1mara IP Profesional 2MP \/ extraLUX \/ WDR 150dB \/ HLC \/ H.265 &#038; WiseStream"},"content":{"rendered":"<div style='width: 100%; max-width: 1200px; margin: 0 auto; font-family: sans-serif; line-height: 1.6; color: inherit; background-color: transparent;'> <!-- Secci\u00f3n de caracter\u00edsticas --> <\/p>\n<div style='display: flex; flex-wrap: wrap; gap: 30px; margin-bottom: 30px;'>\n<div style='flex: 1 1 300px; min-width: 280px;'>\n<h3 style='font-size: 22px; border-bottom: 2px solid currentColor; padding-bottom: 5px; margin-top: 0; color: inherit; opacity: 0.8;'>Caracter\u00edsticas de la c\u00e1mara<\/h3>\n<ul style='padding-left: 20px; font-size: 15px; color: inherit;'>\n<li style='margin-bottom: 5px;'>2MP (1920 x 1080)<\/li>\n<li style='margin-bottom: 5px;'><strong>No incluye Lente&comma; la selecci\u00f3n del lente depender\u00e1 del \u00e1rea y la distancia a cubrir.<\/strong><\/li>\n<li style='margin-bottom: 5px;'>CMOS 1\/2&#8242;<\/li>\n<li style='margin-bottom: 5px;'><strong>Iluminaci\u00f3n M\u00ednima:<\/strong>\n<ul style='padding-left: 20px; margin-top: 5px; margin-bottom: 5px; color: inherit;'>\n<li style='margin-bottom: 5px;'><strong>Color:<\/strong> 0.006 Lux<\/li>\n<li style='margin-bottom: 5px;'><strong>B\/N:<\/strong> 0.0006 Lux<\/li>\n<\/ul>\n<\/li>\n<li style='margin-bottom: 5px;'>Compensaci\u00f3n de Luz: WDR 150dB&comma; BLC&comma; HLC<\/li>\n<li style='margin-bottom: 5px;'>Compresi\u00f3n: H.265 &#038; WiseStream&comma; H.264&comma; MJPEG<\/li>\n<\/ul><\/div>\n<\/p><\/div>\n<p> <!-- Secci\u00f3n de red y almacenamiento --> <\/p>\n<div style='display: flex; flex-wrap: wrap; gap: 30px; margin-bottom: 30px;'>\n<div style='flex: 1 1 300px; min-width: 280px;'>\n<h3 style='font-size: 22px; border-bottom: 2px solid currentColor; padding-bottom: 5px; margin-top: 0; color: inherit; opacity: 0.8;'>Funciones de Red y Almacenamiento<\/h3>\n<ul style='padding-left: 20px; font-size: 15px; color: inherit;'>\n<li style='margin-bottom: 5px;'>ONVIF: Profile S&comma; Profile G y SUNAPI<\/li>\n<li style='margin-bottom: 5px;'>Soporta NAS<\/li>\n<\/ul><\/div>\n<\/p><\/div>\n<p> <!-- Secci\u00f3n de interfaces --> <\/p>\n<div style='display: flex; flex-wrap: wrap; gap: 30px; margin-bottom: 30px;'>\n<div style='flex: 1 1 300px; min-width: 280px;'>\n<h3 style='font-size: 22px; border-bottom: 2px solid currentColor; padding-bottom: 5px; margin-top: 0; color: inherit; opacity: 0.8;'>Interfaces<\/h3>\n<ul style='padding-left: 20px; font-size: 15px; color: inherit;'>\n<li style='margin-bottom: 5px;'>Red: RJ45 10 \/ 100 Mbps<\/li>\n<li style='margin-bottom: 5px;'>Tarjeta de memoria: 2 tarjetas Micro SD\/SDHC\/SDXC de hasta 256GB (No incluidas)<\/li>\n<li style='margin-bottom: 5px;'>Entrada y Salida de Audio y Alarma<\/li>\n<\/ul><\/div>\n<\/p><\/div>\n<p> <!-- Secci\u00f3n de caracter\u00edsticas f\u00edsicas y el\u00e9ctricas --> <\/p>\n<div style='display: flex; flex-wrap: wrap; gap: 30px; margin-bottom: 30px;'>\n<div style='flex: 1 1 300px; min-width: 280px;'>\n<h3 style='font-size: 22px; border-bottom: 2px solid currentColor; padding-bottom: 5px; margin-top: 0; color: inherit; opacity: 0.8;'>Caracter\u00edsticas f\u00edsicas y el\u00e9ctricas<\/h3>\n<ul style='padding-left: 20px; font-size: 15px; color: inherit;'>\n<li style='margin-bottom: 5px;'>Temperatura de Operaci\u00f3n: -10 a 55\u00baC<\/li>\n<li style='margin-bottom: 5px;'>Alimentaci\u00f3n: PoE (802.3af) \/ 24VCA \/ 12 Vcc \/ M\u00e1x. 9W<\/li>\n<li style='margin-bottom: 5px;'>Dimensiones: 73.1 x 66.6 x 147.8 mm<\/li>\n<li style='margin-bottom: 5px;'>Peso: 420g<\/li>\n<\/ul><\/div>\n<\/p><\/div>\n<p> <!-- Notas --> <\/p>\n<div style='margin-bottom: 30px;'>\n<div style='padding: 15px; border: 1px solid rgba(150&comma; 150&comma; 150&comma; 0.4); border-radius: 8px; font-size: 15px; color: inherit;'> <strong>NOTA:<\/strong> No incluye lente. <\/div>\n<\/p><\/div>\n<p> <!-- Garant\u00eda --> <\/p>\n<div style='margin-bottom: 30px;'>\n<div style='padding: 15px; border: 1px solid rgba(150&comma; 150&comma; 150&comma; 0.4); border-radius: 8px; font-size: 15px; color: inherit;'> <strong>Garant\u00eda:<\/strong> 3 a\u00f1os. <\/div>\n<\/p><\/div>\n<\/p><\/div>\n","protected":false},"excerpt":{"rendered":"<p>C\u00e1mara IP Profesional 2MP \/ extraLUX \/ WDR 150dB \/ HLC \/ H.265 &#038; WiseStream<\/p>\n","protected":false},"featured_media":114488,"comment_status":"open","ping_status":"closed","template":"","meta":[],"product_brand":[],"product_cat":[2341],"product_tag":[122,1055,2342],"class_list":{"0":"post-114489","1":"product","2":"type-product","3":"status-publish","4":"has-post-thumbnail","6":"product_cat-profesionales-caja","7":"product_tag-camaras-ip-y-nvrs","8":"product_tag-hanwha-vision","9":"product_tag-profesionales-caja","11":"first","12":"outofstock","13":"sale","14":"shipping-taxable","15":"purchasable","16":"product-type-simple"},"_links":{"self":[{"href":"https:\/\/soydeaqui.ddns.net\/pachuca\/index.php\/wp-json\/wp\/v2\/product\/114489","targetHints":{"allow":["GET"]}}],"collection":[{"href":"https:\/\/soydeaqui.ddns.net\/pachuca\/index.php\/wp-json\/wp\/v2\/product"}],"about":[{"href":"https:\/\/soydeaqui.ddns.net\/pachuca\/index.php\/wp-json\/wp\/v2\/types\/product"}],"replies":[{"embeddable":true,"href":"https:\/\/soydeaqui.ddns.net\/pachuca\/index.php\/wp-json\/wp\/v2\/comments?post=114489"}],"wp:featuredmedia":[{"embeddable":true,"href":"https:\/\/soydeaqui.ddns.net\/pachuca\/index.php\/wp-json\/wp\/v2\/media\/114488"}],"wp:attachment":[{"href":"https:\/\/soydeaqui.ddns.net\/pachuca\/index.php\/wp-json\/wp\/v2\/media?parent=114489"}],"wp:term":[{"taxonomy":"product_brand","embeddable":true,"href":"https:\/\/soydeaqui.ddns.net\/pachuca\/index.php\/wp-json\/wp\/v2\/product_brand?post=114489"},{"taxonomy":"product_cat","embeddable":true,"href":"https:\/\/soydeaqui.ddns.net\/pachuca\/index.php\/wp-json\/wp\/v2\/product_cat?post=114489"},{"taxonomy":"product_tag","embeddable":true,"href":"https:\/\/soydeaqui.ddns.net\/pachuca\/index.php\/wp-json\/wp\/v2\/product_tag?post=114489"}],"curies":[{"name":"wp","href":"https:\/\/api.w.org\/{rel}","templated":true}]}}