{"id":114478,"date":"2026-03-20T23:39:13","date_gmt":"2026-03-20T23:39:13","guid":{"rendered":"https:\/\/soydeaqui.ddns.net\/pachuca\/index.php\/producto\/bobina-de-cable-de-305-metros-1000-pies-cat5e-aleacin-de-cobre-y-aluminio-cca-color-negro-uso-interior\/"},"modified":"2026-03-20T23:39:25","modified_gmt":"2026-03-20T23:39:25","slug":"bobina-de-cable-de-305-metros-1000-pies-cat5e-aleacin-de-cobre-y-aluminio-cca-color-negro-uso-interior","status":"publish","type":"product","link":"https:\/\/soydeaqui.ddns.net\/pachuca\/index.php\/producto\/bobina-de-cable-de-305-metros-1000-pies-cat5e-aleacin-de-cobre-y-aluminio-cca-color-negro-uso-interior\/","title":{"rendered":"Bobina de Cable de 305 Metros (1000 Pies) Cat5e, Aleaci?n de Cobre y Aluminio (CCA), Color Negro, Uso Interior"},"content":{"rendered":"<div style='width: 100%; max-width: 1200px; margin: 0 auto; font-family: sans-serif; line-height: 1.6; color: inherit; background-color: transparent;'>\n<div style='width: 100%; text-align: center; margin: 20px 0;'> <img style='width: 378px; height: 92px; border: 1px solid rgba(150&comma;150&comma;150&comma;0.3); border-radius: 8px; display: block; margin: 0 auto;' src='https:\/\/ftp3.syscom.mx\/usuarios\/orobles\/LinkedPro\/linkedpro_banner.jpg' alt='Banner de LinkedPro' \/> <\/div>\n<p style='font-size: 16px; color: inherit; text-align: center; margin-bottom: 30px;'><strong>Cable de alto rendimiento&comma; dise\u00f1ado para integradores de seguridad profesionales.<\/strong><\/p>\n<div style='display: flex; flex-wrap: wrap; gap: 30px; margin-bottom: 30px;'>\n<div style='flex: 1 1 300px; min-width: 280px;'>\n<h3 style='font-size: 22px; border-bottom: 2px solid currentColor; padding-bottom: 5px; margin-top: 0; color: inherit; opacity: 0.8;'>Caracter\u00edsticas<\/h3>\n<ul style='padding-left: 20px; font-size: 15px; color: inherit;'>\n<li>CCTV IP Megapixel<\/li>\n<li>Instalaciones de video an\u00e1logo<\/li>\n<li>Redes locales de alta velocidad<\/li>\n<li>Redes inal\u00e1mbricas<\/li>\n<\/ul><\/div>\n<div style='flex: 1 1 300px; min-width: 280px;'>\n<h3 style='font-size: 22px; border-bottom: 2px solid currentColor; padding-bottom: 5px; margin-top: 0; color: inherit; opacity: 0.8;'>Caracter\u00edsticas f\u00edsicas y el\u00e9ctricas<\/h3>\n<ul style='padding-left: 20px; font-size: 15px; color: inherit;'>\n<li><strong>Conductor:<\/strong> CCA (Revestido de cobre\/aluminio)<\/li>\n<li><strong>Aplicaci\u00f3n:<\/strong> Interior<\/li>\n<li><strong>Color Exterior:<\/strong> Negro<\/li>\n<li><strong>Calibre:<\/strong> 24<\/li>\n<li><strong>Tipo:<\/strong> UTP5 (4 pares)<\/li>\n<li><strong>Aislamiento:<\/strong> PVC<\/li>\n<li><strong>Blindaje:<\/strong> Sin blindaje<\/li>\n<li><strong>Di\u00e1metro:<\/strong> 5.1 mm<\/li>\n<li><strong>Frecuencia:<\/strong> 100MHz<\/li>\n<\/ul><\/div>\n<div style='flex: 1 1 300px; min-width: 280px;'>\n<h3 style='font-size: 22px; border-bottom: 2px solid currentColor; padding-bottom: 5px; margin-top: 0; color: inherit; opacity: 0.8;'>Est\u00e1ndares y certificaciones<\/h3>\n<ul style='padding-left: 20px; font-size: 15px; color: inherit;'>\n<li>CMX<\/li>\n<li>ANSI\/TIA<\/li>\n<li>ISO\/IEC<\/li>\n<\/ul><\/div>\n<\/p><\/div>\n<div style='margin: 30px 0; text-align: center;'>\n<p style='font-size: 16px; color: inherit; margin-bottom: 15px;'><strong>* Precio por carrete de 305 mts.<\/strong><\/p>\n<p> <img style='width: 100%; height: auto; border: 1px solid rgba(150&comma;150&comma;150&comma;0.3); border-radius: 8px; margin: 20px 0;' src='https:\/\/ftp3.syscom.mx\/usuarios\/ccasares\/CCTV\/Guia%20rapida%20de%20seleccion%20de%20cable.jpg' alt='Gu\u00eda r\u00e1pida de selecci\u00f3n de cable' \/> <\/p>\n<div style='position: relative; padding-bottom: 56.25%; height: 0; overflow: hidden; margin: 20px 0;'>   <\/div>\n<div style='position: relative; padding-bottom: 56.25%; height: 0; overflow: hidden; margin: 20px 0;'>   <\/div>\n<\/p><\/div>\n<hr style='border: 0; border-top: 1px solid rgba(150&comma; 150&comma; 150&comma; 0.3); margin: 30px 0;'> <\/div>\n","protected":false},"excerpt":{"rendered":"<p>Bobina de Cable de 305 Metros (1000 Pies) Cat5e, Aleaci?n de Cobre y Aluminio (CCA), Color Negro, Uso Interior<\/p>\n","protected":false},"featured_media":114477,"comment_status":"open","ping_status":"closed","template":"","meta":[],"product_brand":[],"product_cat":[619],"product_tag":[488,620,435],"class_list":{"0":"post-114478","1":"product","2":"type-product","3":"status-publish","4":"has-post-thumbnail","6":"product_cat-categoria-5e","7":"product_tag-cables-y-conectores","8":"product_tag-categoria-5e","9":"product_tag-linkedpro-by-epcom","11":"first","12":"instock","13":"sale","14":"shipping-taxable","15":"purchasable","16":"product-type-simple"},"_links":{"self":[{"href":"https:\/\/soydeaqui.ddns.net\/pachuca\/index.php\/wp-json\/wp\/v2\/product\/114478","targetHints":{"allow":["GET"]}}],"collection":[{"href":"https:\/\/soydeaqui.ddns.net\/pachuca\/index.php\/wp-json\/wp\/v2\/product"}],"about":[{"href":"https:\/\/soydeaqui.ddns.net\/pachuca\/index.php\/wp-json\/wp\/v2\/types\/product"}],"replies":[{"embeddable":true,"href":"https:\/\/soydeaqui.ddns.net\/pachuca\/index.php\/wp-json\/wp\/v2\/comments?post=114478"}],"wp:featuredmedia":[{"embeddable":true,"href":"https:\/\/soydeaqui.ddns.net\/pachuca\/index.php\/wp-json\/wp\/v2\/media\/114477"}],"wp:attachment":[{"href":"https:\/\/soydeaqui.ddns.net\/pachuca\/index.php\/wp-json\/wp\/v2\/media?parent=114478"}],"wp:term":[{"taxonomy":"product_brand","embeddable":true,"href":"https:\/\/soydeaqui.ddns.net\/pachuca\/index.php\/wp-json\/wp\/v2\/product_brand?post=114478"},{"taxonomy":"product_cat","embeddable":true,"href":"https:\/\/soydeaqui.ddns.net\/pachuca\/index.php\/wp-json\/wp\/v2\/product_cat?post=114478"},{"taxonomy":"product_tag","embeddable":true,"href":"https:\/\/soydeaqui.ddns.net\/pachuca\/index.php\/wp-json\/wp\/v2\/product_tag?post=114478"}],"curies":[{"name":"wp","href":"https:\/\/api.w.org\/{rel}","templated":true}]}}