{"id":114463,"date":"2026-03-20T23:38:16","date_gmt":"2026-03-20T23:38:16","guid":{"rendered":"https:\/\/soydeaqui.ddns.net\/pachuca\/index.php\/producto\/conector-bnc-macho-en-75-ohm-de-compresin-axial-para-cable-coaxial-rg-59-u-nquel-oro-politetrafluoroetileno\/"},"modified":"2026-03-20T23:38:33","modified_gmt":"2026-03-20T23:38:33","slug":"conector-bnc-macho-en-75-ohm-de-compresin-axial-para-cable-coaxial-rg-59-u-nquel-oro-politetrafluoroetileno","status":"publish","type":"product","link":"https:\/\/soydeaqui.ddns.net\/pachuca\/index.php\/producto\/conector-bnc-macho-en-75-ohm-de-compresin-axial-para-cable-coaxial-rg-59-u-nquel-oro-politetrafluoroetileno\/","title":{"rendered":"Conector BNC Macho en 75 Ohm, de Compresi?n Axial para Cable Coaxial RG-59\/U, N?quel\/ Oro\/ Politetrafluoroetileno."},"content":{"rendered":"<div style='width: 100%; max-width: 1200px; margin: 0 auto; font-family: sans-serif; line-height: 1.6; color: inherit; background-color: transparent;'>\n<div style='display: flex; flex-wrap: wrap; gap: 30px; margin-bottom: 30px;'>\n<div style='flex: 1 1 300px; min-width: 280px;'>\n<h3 style='font-size: 22px; border-bottom: 2px solid currentColor; padding-bottom: 5px; margin-top: 0; color: inherit; opacity: 0.8;'>Nueva gama de conectores BNC para cable RG-59 en iterconexiones para c\u00e1maras&comma; monitores y DVR<\/h3>\n<\/p><\/div>\n<\/p><\/div>\n<div style='display: flex; flex-wrap: wrap; gap: 30px; margin-bottom: 30px;'>\n<div style='flex: 1 1 300px; min-width: 280px;'>\n<h3 style='font-size: 22px; border-bottom: 2px solid currentColor; padding-bottom: 5px; margin-top: 0; color: inherit; opacity: 0.8;'>Caracter\u00edsticas<\/h3>\n<ul style='padding-left: 20px; font-size: 15px; color: inherit;'>\n<li style='margin-bottom: 5px;'>Conector BNC Macho de Compresi\u00f3n para Cable Coaxial RG-59\/U.<\/li>\n<li style='margin-bottom: 5px;'>Impedancia: 75 Ohm.<\/li>\n<li style='margin-bottom: 5px;'>Tipo de Conector: BNC Macho.<\/li>\n<li style='margin-bottom: 5px;'>Modo de Ensamble : Compresi\u00f3n Axial.<\/li>\n<li style='margin-bottom: 5px;'>Construcci\u00f3n : N\u00edquel&comma; Oro&comma; Tefl\u00f3n.<\/li>\n<li style='margin-bottom: 5px;'>Dimensiones: 14.5 mm de di\u00e1metro&comma; 42 mm de longitud.<\/li>\n<li style='margin-bottom: 5px;'><strong>Herramienta de instalaci\u00f3n:<\/strong> <a style='color: #3598db; text-decoration: none;' href='https:\/\/www.syscom.mx\/principal\/searchcont?route=TT-14-2012-EPCOM-TITANIUM-156059&#038;autodetect=compresion' target='_blank' rel='noopener'>TT-14-2012<\/a><\/li>\n<\/ul><\/div>\n<\/p><\/div>\n<hr style='border: 0; border-top: 1px solid rgba(150&comma; 150&comma; 150&comma; 0.3); margin: 30px 0;'>\n<div style='display: flex; flex-wrap: wrap; gap: 30px; margin-bottom: 30px;'>\n<div style='flex: 1 1 300px; min-width: 280px;'>   <\/div>\n<\/p><\/div>\n<div style='display: flex; flex-wrap: wrap; gap: 30px; margin-bottom: 30px;'>\n<div style='flex: 1 1 300px; min-width: 280px;'>\n<div style='position: relative; padding-bottom: 56.25%; height: 0; overflow: hidden; margin-bottom: 30px;'>   <\/div>\n<\/p><\/div>\n<\/p><\/div>\n<\/p><\/div>\n","protected":false},"excerpt":{"rendered":"<p>Conector BNC Macho en 75 Ohm, de Compresi?n Axial para Cable Coaxial RG-59\/U, N?quel\/ Oro\/ Politetrafluoroetileno.<\/p>\n","protected":false},"featured_media":114462,"comment_status":"open","ping_status":"closed","template":"","meta":[],"product_brand":[],"product_cat":[2355],"product_tag":[2356,488,507],"class_list":{"0":"post-114463","1":"product","2":"type-product","3":"status-publish","4":"has-post-thumbnail","6":"product_cat-cable-coaxial-y-conectores","7":"product_tag-cable-coaxial-y-conectores","8":"product_tag-cables-y-conectores","9":"product_tag-epcom-titanium","11":"first","12":"instock","13":"sale","14":"shipping-taxable","15":"purchasable","16":"product-type-simple"},"_links":{"self":[{"href":"https:\/\/soydeaqui.ddns.net\/pachuca\/index.php\/wp-json\/wp\/v2\/product\/114463","targetHints":{"allow":["GET"]}}],"collection":[{"href":"https:\/\/soydeaqui.ddns.net\/pachuca\/index.php\/wp-json\/wp\/v2\/product"}],"about":[{"href":"https:\/\/soydeaqui.ddns.net\/pachuca\/index.php\/wp-json\/wp\/v2\/types\/product"}],"replies":[{"embeddable":true,"href":"https:\/\/soydeaqui.ddns.net\/pachuca\/index.php\/wp-json\/wp\/v2\/comments?post=114463"}],"wp:featuredmedia":[{"embeddable":true,"href":"https:\/\/soydeaqui.ddns.net\/pachuca\/index.php\/wp-json\/wp\/v2\/media\/114462"}],"wp:attachment":[{"href":"https:\/\/soydeaqui.ddns.net\/pachuca\/index.php\/wp-json\/wp\/v2\/media?parent=114463"}],"wp:term":[{"taxonomy":"product_brand","embeddable":true,"href":"https:\/\/soydeaqui.ddns.net\/pachuca\/index.php\/wp-json\/wp\/v2\/product_brand?post=114463"},{"taxonomy":"product_cat","embeddable":true,"href":"https:\/\/soydeaqui.ddns.net\/pachuca\/index.php\/wp-json\/wp\/v2\/product_cat?post=114463"},{"taxonomy":"product_tag","embeddable":true,"href":"https:\/\/soydeaqui.ddns.net\/pachuca\/index.php\/wp-json\/wp\/v2\/product_tag?post=114463"}],"curies":[{"name":"wp","href":"https:\/\/api.w.org\/{rel}","templated":true}]}}